{"id":564,"date":"2026-02-03T02:01:27","date_gmt":"2026-02-03T02:01:27","guid":{"rendered":"https:\/\/www.fenxifiber.com\/?post_type=product&#038;p=564"},"modified":"2026-02-04T01:17:22","modified_gmt":"2026-02-04T01:17:22","slug":"mpo-sc-sm-8core","status":"publish","type":"product","link":"https:\/\/www.fenxifiber.com\/pt\/product\/mpo-sc-sm-8core\/","title":{"rendered":"MPO-SC-SM-8Core - Cabo de fibra de modo \u00fanico MPO para SC Fan-Out"},"content":{"rendered":"<h3 data-start=\"704\" data-end=\"743\"><strong data-start=\"708\" data-end=\"743\">Por que os engenheiros escolhem esse cabo<\/strong><\/h3>\n<p data-start=\"745\" data-end=\"854\">Esse cabo \u00e9 feito para ambientes onde <strong data-start=\"787\" data-end=\"840\">dist\u00e2ncia, confiabilidade e gerenciamento de fibra limpa<\/strong> s\u00e3o fundamentais:<\/p>\n<ul data-start=\"856\" data-end=\"1361\">\n<li data-start=\"856\" data-end=\"1021\">\n<p data-start=\"858\" data-end=\"1021\"><strong data-start=\"858\" data-end=\"890\">Desempenho real de modo \u00fanico<\/strong><br data-start=\"890\" data-end=\"893\" \/>Projetado para <strong data-start=\"908\" data-end=\"931\">1310 nm e 1550 nm<\/strong> comprimentos de onda, suportando links de curtos percursos de data-hall a extens\u00f5es de telecomunica\u00e7\u00f5es de v\u00e1rios quil\u00f4metros.<\/p>\n<\/li>\n<li data-start=\"1023\" data-end=\"1122\">\n<p data-start=\"1025\" data-end=\"1122\"><strong data-start=\"1025\" data-end=\"1051\">Entrada MPO de alta densidade<\/strong><br data-start=\"1051\" data-end=\"1054\" \/>Reduz o congestionamento da fibra e permite mais links em menos espa\u00e7o no rack.<\/p>\n<\/li>\n<li data-start=\"1124\" data-end=\"1242\">\n<p data-start=\"1126\" data-end=\"1242\"><strong data-start=\"1126\" data-end=\"1152\">Conectividade SC direta<\/strong><br data-start=\"1152\" data-end=\"1155\" \/>Ideal para racks de telecomunica\u00e7\u00f5es, ODFs e equipamentos antigos que ainda dependem de interfaces SC.<\/p>\n<\/li>\n<li data-start=\"1244\" data-end=\"1361\">\n<p data-start=\"1246\" data-end=\"1361\"><strong data-start=\"1246\" data-end=\"1286\">Termina\u00e7\u00e3o de baixa perda testada em f\u00e1brica<\/strong><br data-start=\"1286\" data-end=\"1289\" \/>Garante or\u00e7amentos \u00f3pticos est\u00e1veis para transceptores monomodo exigentes.<\/p>\n<\/li>\n<\/ul>\n<hr data-start=\"1363\" data-end=\"1366\" \/>\n<h3 data-start=\"1368\" data-end=\"1394\"><strong data-start=\"1372\" data-end=\"1394\">Vis\u00e3o geral t\u00e9cnica<\/strong><\/h3>\n<div class=\"TyagGW_tableContainer\">\n<div class=\"group TyagGW_tableWrapper flex flex-col-reverse w-fit\" tabindex=\"-1\">\n<table class=\"w-fit min-w-(--thread-content-width)\" data-start=\"1396\" data-end=\"1830\">\n<thead data-start=\"1396\" data-end=\"1427\">\n<tr data-start=\"1396\" data-end=\"1427\">\n<th class=\"\" data-start=\"1396\" data-end=\"1408\" data-col-size=\"sm\">Par\u00e2metro<\/th>\n<th class=\"\" data-start=\"1408\" data-end=\"1427\" data-col-size=\"sm\">MPO-SC-SM-8Core<\/th>\n<\/tr>\n<\/thead>\n<tbody data-start=\"1456\" data-end=\"1830\">\n<tr data-start=\"1456\" data-end=\"1499\">\n<td data-start=\"1456\" data-end=\"1469\" data-col-size=\"sm\">Tipo de fibra<\/td>\n<td data-start=\"1469\" data-end=\"1499\" data-col-size=\"sm\">OS2 monomodo (9\/125 \u00b5m)<\/td>\n<\/tr>\n<tr data-start=\"1500\" data-end=\"1519\">\n<td data-start=\"1500\" data-end=\"1514\" data-col-size=\"sm\">Contagem de fibras<\/td>\n<td data-col-size=\"sm\" data-start=\"1514\" data-end=\"1519\">8<\/td>\n<\/tr>\n<tr data-start=\"1520\" data-end=\"1557\">\n<td data-start=\"1520\" data-end=\"1534\" data-col-size=\"sm\">Conector A<\/td>\n<td data-start=\"1534\" data-end=\"1557\" data-col-size=\"sm\">MPO \/ MTP (8 fibras)<\/td>\n<\/tr>\n<tr data-start=\"1558\" data-end=\"1593\">\n<td data-start=\"1558\" data-end=\"1572\" data-col-size=\"sm\">Conector B<\/td>\n<td data-start=\"1572\" data-end=\"1593\" data-col-size=\"sm\">8 \u00d7 conectores SC<\/td>\n<\/tr>\n<tr data-start=\"1594\" data-end=\"1638\">\n<td data-start=\"1594\" data-end=\"1617\" data-col-size=\"sm\">Comprimento de onda operacional<\/td>\n<td data-col-size=\"sm\" data-start=\"1617\" data-end=\"1638\">1310 nm \/ 1550 nm<\/td>\n<\/tr>\n<tr data-start=\"1639\" data-end=\"1695\">\n<td data-start=\"1639\" data-end=\"1664\" data-col-size=\"sm\">Perda de inser\u00e7\u00e3o t\u00edpica<\/td>\n<td data-col-size=\"sm\" data-start=\"1664\" data-end=\"1695\">MPO \u2264 0,35 dB, SC \u2264 0,30 dB<\/td>\n<\/tr>\n<tr data-start=\"1696\" data-end=\"1721\">\n<td data-start=\"1696\" data-end=\"1710\" data-col-size=\"sm\">Perda de retorno<\/td>\n<td data-col-size=\"sm\" data-start=\"1710\" data-end=\"1721\">\u2265 50 dB<\/td>\n<\/tr>\n<tr data-start=\"1722\" data-end=\"1746\">\n<td data-start=\"1722\" data-end=\"1731\" data-col-size=\"sm\">Jaqueta<\/td>\n<td data-col-size=\"sm\" data-start=\"1731\" data-end=\"1746\">LSZH ou PVC<\/td>\n<\/tr>\n<tr data-start=\"1747\" data-end=\"1791\">\n<td data-start=\"1747\" data-end=\"1771\" data-col-size=\"sm\">Temperatura operacional<\/td>\n<td data-col-size=\"sm\" data-start=\"1771\" data-end=\"1791\">-10 \u00b0C a +70 \u00b0C<\/td>\n<\/tr>\n<tr data-start=\"1792\" data-end=\"1830\">\n<td data-start=\"1792\" data-end=\"1805\" data-col-size=\"sm\">Conformidade<\/td>\n<td data-col-size=\"sm\" data-start=\"1805\" data-end=\"1830\">IEC, TIA, RoHS, REACH<\/td>\n<\/tr>\n<\/tbody>\n<\/table>\n<\/div>\n<\/div>\n<hr data-start=\"1832\" data-end=\"1835\" \/>\n<h3 data-start=\"1837\" data-end=\"1869\"><strong data-start=\"1841\" data-end=\"1869\">Onde \u00e9 comumente usado<\/strong><\/h3>\n<ul data-start=\"1871\" data-end=\"2083\">\n<li data-start=\"1871\" data-end=\"1922\">\n<p data-start=\"1873\" data-end=\"1922\"><strong data-start=\"1873\" data-end=\"1920\">Escrit\u00f3rios centrais de telecomunica\u00e7\u00f5es e redes de acesso<\/strong><\/p>\n<\/li>\n<li data-start=\"1923\" data-end=\"1961\">\n<p data-start=\"1925\" data-end=\"1961\"><strong data-start=\"1925\" data-end=\"1959\">Interconex\u00e3o de data center (DCI)<\/strong><\/p>\n<\/li>\n<li data-start=\"1962\" data-end=\"2013\">\n<p data-start=\"1964\" data-end=\"2013\"><strong data-start=\"1964\" data-end=\"2011\">Backbone MPO monomodo para patch panels SC<\/strong><\/p>\n<\/li>\n<li data-start=\"2014\" data-end=\"2051\">\n<p data-start=\"2016\" data-end=\"2051\"><strong data-start=\"2016\" data-end=\"2049\">Sistemas Fibre Channel e SAN<\/strong><\/p>\n<\/li>\n<li data-start=\"2052\" data-end=\"2083\">\n<p data-start=\"2054\" data-end=\"2083\"><strong data-start=\"2054\" data-end=\"2083\">Redes de campus e metr\u00f4<\/strong><\/p>\n<\/li>\n<\/ul>\n<hr data-start=\"2085\" data-end=\"2088\" \/>\n<h3 data-start=\"2090\" data-end=\"2139\"><strong data-start=\"2094\" data-end=\"2139\">Por que o MPO-SC-SM-8Core \u00e9 um investimento inteligente<\/strong><\/h3>\n<p data-start=\"2141\" data-end=\"2461\">\u00c0 medida que as redes migram para velocidades mais altas e dist\u00e2ncias mais longas, <strong data-start=\"2200\" data-end=\"2267\">a fibra monomodo se torna a espinha dorsal da infraestrutura moderna<\/strong>. O <strong data-start=\"2273\" data-end=\"2292\">MPO-SC-SM-8Core<\/strong> permite que voc\u00ea tire proveito de <strong data-start=\"2320\" data-end=\"2348\">cabeamento MPO de alta densidade<\/strong> mantendo a compatibilidade com <strong data-start=\"2386\" data-end=\"2410\">portas SC amplamente utilizadas<\/strong>, O que o torna ideal tanto para novas constru\u00e7\u00f5es quanto para atualiza\u00e7\u00f5es.<\/p>\n<hr data-start=\"2463\" data-end=\"2466\" \/>\n<h2 data-start=\"2468\" data-end=\"2485\"><strong data-start=\"2471\" data-end=\"2485\">Perguntas e respostas de especialistas<\/strong><\/h2>\n<p data-start=\"2487\" data-end=\"2670\"><strong data-start=\"2487\" data-end=\"2542\">Q1: Esse cabo \u00e9 adequado para links de longa dist\u00e2ncia?<\/strong><br data-start=\"2542\" data-end=\"2545\" \/>Sim. Como um cabo monomodo OS2, ele suporta dist\u00e2ncias de v\u00e1rios quil\u00f4metros ou mais, dependendo dos transceptores usados.<\/p>\n<p data-start=\"2672\" data-end=\"2816\"><strong data-start=\"2672\" data-end=\"2705\">P2: Por que usar SC em vez de LC?<\/strong><br data-start=\"2705\" data-end=\"2708\" \/>Os conectores SC s\u00e3o amplamente usados em redes de telecomunica\u00e7\u00f5es e legadas e oferecem uma interface robusta e f\u00e1cil de manusear.<\/p>\n<p data-start=\"2818\" data-end=\"2979\"><strong data-start=\"2818\" data-end=\"2874\">P3: Esse cabo pode ser usado com \u00f3ptica de 100G ou 400G?<\/strong><br data-start=\"2874\" data-end=\"2877\" \/>Sim. Quando usado com \u00f3ptica paralela de modo \u00fanico, como <strong data-start=\"2933\" data-end=\"2948\">PSM4 ou DR4<\/strong>, Ele suporta links de alta velocidade.<\/p>\n<p data-start=\"2981\" data-end=\"3143\"><strong data-start=\"2981\" data-end=\"3037\">P4: A polaridade e o polimento do conector podem ser personalizados?<\/strong><br data-start=\"3037\" data-end=\"3040\" \/>Sim. A polaridade MPO (Tipo A\/B\/C) e o polimento SC (UPC ou APC) podem ser selecionados para corresponder ao seu projeto de rede.<\/p>","protected":false},"excerpt":{"rendered":"<p data-start=\"69\" data-end=\"451\">O <strong data-start=\"73\" data-end=\"92\">MPO-SC-SM-8Core<\/strong> \u00e9 um sistema compacto e de alta precis\u00e3o <strong data-start=\"122\" data-end=\"158\">cabo de separa\u00e7\u00e3o de fibra monomodo<\/strong> projetado para conectar os modernos <strong data-start=\"186\" data-end=\"210\">Sistemas de backbone MPO<\/strong> com equipamentos e patch panels que usam <strong data-start=\"252\" data-end=\"269\">Conectores SC<\/strong>. Constru\u00eddo com <strong data-start=\"282\" data-end=\"316\">Fibra monomodo OS2 9\/125 \u00b5m<\/strong>, ele suporta <strong data-start=\"330\" data-end=\"370\">transmiss\u00e3o de longa dist\u00e2ncia e baixa perda<\/strong> para telecomunica\u00e7\u00f5es, interconex\u00e3o de data center (DCI) e redes corporativas de alta velocidade.<\/p>\n<p data-start=\"453\" data-end=\"697\">Em vez de usar oito fibras separadas, uma <strong data-start=\"499\" data-end=\"524\">Interface MPO de 8 fibras<\/strong> transporta todos os canais por meio de uma \u00fanica conex\u00e3o de alta densidade e os distribui de forma limpa em <strong data-start=\"618\" data-end=\"643\">8 portas SC individuais<\/strong>, simplificando o cabeamento e melhorando a organiza\u00e7\u00e3o do rack.<\/p>","protected":false},"featured_media":565,"comment_status":"open","ping_status":"closed","template":"","meta":[],"product_brand":[],"product_cat":[42],"product_tag":[],"class_list":{"0":"post-564","1":"product","2":"type-product","3":"status-publish","4":"has-post-thumbnail","6":"product_cat-mpo-mtp-fiber-optic-patch-cord","8":"first","9":"instock","10":"shipping-taxable","11":"product-type-simple"},"_links":{"self":[{"href":"https:\/\/www.fenxifiber.com\/pt\/wp-json\/wp\/v2\/product\/564","targetHints":{"allow":["GET"]}}],"collection":[{"href":"https:\/\/www.fenxifiber.com\/pt\/wp-json\/wp\/v2\/product"}],"about":[{"href":"https:\/\/www.fenxifiber.com\/pt\/wp-json\/wp\/v2\/types\/product"}],"replies":[{"embeddable":true,"href":"https:\/\/www.fenxifiber.com\/pt\/wp-json\/wp\/v2\/comments?post=564"}],"wp:featuredmedia":[{"embeddable":true,"href":"https:\/\/www.fenxifiber.com\/pt\/wp-json\/wp\/v2\/media\/565"}],"wp:attachment":[{"href":"https:\/\/www.fenxifiber.com\/pt\/wp-json\/wp\/v2\/media?parent=564"}],"wp:term":[{"taxonomy":"product_brand","embeddable":true,"href":"https:\/\/www.fenxifiber.com\/pt\/wp-json\/wp\/v2\/product_brand?post=564"},{"taxonomy":"product_cat","embeddable":true,"href":"https:\/\/www.fenxifiber.com\/pt\/wp-json\/wp\/v2\/product_cat?post=564"},{"taxonomy":"product_tag","embeddable":true,"href":"https:\/\/www.fenxifiber.com\/pt\/wp-json\/wp\/v2\/product_tag?post=564"}],"curies":[{"name":"wp","href":"https:\/\/api.w.org\/{rel}","templated":true}]}}