{"id":566,"date":"2026-02-03T02:02:50","date_gmt":"2026-02-03T02:02:50","guid":{"rendered":"https:\/\/www.fenxifiber.com\/?post_type=product&#038;p=566"},"modified":"2026-02-04T01:18:10","modified_gmt":"2026-02-04T01:18:10","slug":"mpo-lc-sm-8core","status":"publish","type":"product","link":"https:\/\/www.fenxifiber.com\/pt\/product\/mpo-lc-sm-8core\/","title":{"rendered":"MPO-LC-SM-8Core - Cabo breakout MPO para LC monomodo compacto"},"content":{"rendered":"<h3 data-start=\"632\" data-end=\"678\"><strong data-start=\"636\" data-end=\"678\">O que esse cabo traz para sua rede<\/strong><\/h3>\n<ul data-start=\"680\" data-end=\"1307\">\n<li data-start=\"680\" data-end=\"858\">\n<p data-start=\"682\" data-end=\"858\"><strong data-start=\"682\" data-end=\"720\">Desempenho de modo \u00fanico de longo alcance<\/strong><br data-start=\"720\" data-end=\"723\" \/>Otimizado para <strong data-start=\"739\" data-end=\"762\">1310 nm e 1550 nm<\/strong> comprimentos de onda, permitindo links de patches curtos at\u00e9 <strong data-start=\"826\" data-end=\"857\">conex\u00f5es em escala de quil\u00f4metros<\/strong>.<\/p>\n<\/li>\n<li data-start=\"860\" data-end=\"1002\">\n<p data-start=\"862\" data-end=\"1002\"><strong data-start=\"862\" data-end=\"898\">Design de alta densidade e pouca obstru\u00e7\u00e3o<\/strong><br data-start=\"898\" data-end=\"901\" \/>A tecnologia MPO reduz drasticamente o volume do cabo em compara\u00e7\u00e3o com a utiliza\u00e7\u00e3o de oito patch cords LC separados.<\/p>\n<\/li>\n<li data-start=\"1004\" data-end=\"1162\">\n<p data-start=\"1006\" data-end=\"1162\"><strong data-start=\"1006\" data-end=\"1040\">Perfeito para \u00f3pticas de 100G e 400G<\/strong><br data-start=\"1040\" data-end=\"1043\" \/>Totalmente compat\u00edvel com <strong data-start=\"1067\" data-end=\"1107\">PSM4, DR4 e transceptores de breakout<\/strong>, o que o torna ideal para arquiteturas leaf-spine e DCI.<\/p>\n<\/li>\n<li data-start=\"1164\" data-end=\"1307\">\n<p data-start=\"1166\" data-end=\"1307\"><strong data-start=\"1166\" data-end=\"1198\">Precis\u00e3o terminada em f\u00e1brica<\/strong><br data-start=\"1198\" data-end=\"1201\" \/>Cada conector \u00e9 polido, alinhado e testado para garantir or\u00e7amentos \u00f3pticos est\u00e1veis e baixa perda de inser\u00e7\u00e3o.<\/p>\n<\/li>\n<\/ul>\n<hr data-start=\"1309\" data-end=\"1312\" \/>\n<h3 data-start=\"1314\" data-end=\"1340\"><strong data-start=\"1318\" data-end=\"1340\">Principais dados t\u00e9cnicos<\/strong><\/h3>\n<div class=\"TyagGW_tableContainer\">\n<div class=\"group TyagGW_tableWrapper flex flex-col-reverse w-fit\" tabindex=\"-1\">\n<table class=\"w-fit min-w-(--thread-content-width)\" data-start=\"1342\" data-end=\"1757\">\n<thead data-start=\"1342\" data-end=\"1366\">\n<tr data-start=\"1342\" data-end=\"1366\">\n<th class=\"\" data-start=\"1342\" data-end=\"1349\" data-col-size=\"sm\">Item<\/th>\n<th class=\"\" data-start=\"1349\" data-end=\"1366\" data-col-size=\"sm\">Especifica\u00e7\u00e3o<\/th>\n<\/tr>\n<\/thead>\n<tbody data-start=\"1393\" data-end=\"1757\">\n<tr data-start=\"1393\" data-end=\"1436\">\n<td data-start=\"1393\" data-end=\"1406\" data-col-size=\"sm\">Tipo de fibra<\/td>\n<td data-start=\"1406\" data-end=\"1436\" data-col-size=\"sm\">OS2 monomodo (9\/125 \u00b5m)<\/td>\n<\/tr>\n<tr data-start=\"1437\" data-end=\"1456\">\n<td data-start=\"1437\" data-end=\"1451\" data-col-size=\"sm\">Contagem de fibras<\/td>\n<td data-start=\"1451\" data-end=\"1456\" data-col-size=\"sm\">8<\/td>\n<\/tr>\n<tr data-start=\"1457\" data-end=\"1494\">\n<td data-start=\"1457\" data-end=\"1473\" data-col-size=\"sm\">Conector MPO<\/td>\n<td data-start=\"1473\" data-end=\"1494\" data-col-size=\"sm\">MPO \/ MTP de 8 fibras<\/td>\n<\/tr>\n<tr data-start=\"1495\" data-end=\"1521\">\n<td data-start=\"1495\" data-end=\"1511\" data-col-size=\"sm\">Conectores LC<\/td>\n<td data-start=\"1511\" data-end=\"1521\" data-col-size=\"sm\">8 \u00d7 LC<\/td>\n<\/tr>\n<tr data-start=\"1522\" data-end=\"1567\">\n<td data-start=\"1522\" data-end=\"1546\" data-col-size=\"sm\">Comprimentos de onda operacionais<\/td>\n<td data-start=\"1546\" data-end=\"1567\" data-col-size=\"sm\">1310 nm \/ 1550 nm<\/td>\n<\/tr>\n<tr data-start=\"1568\" data-end=\"1616\">\n<td data-start=\"1568\" data-end=\"1585\" data-col-size=\"sm\">Perda de inser\u00e7\u00e3o<\/td>\n<td data-start=\"1585\" data-end=\"1616\" data-col-size=\"sm\">MPO \u2264 0,35 dB, LC \u2264 0,30 dB<\/td>\n<\/tr>\n<tr data-start=\"1617\" data-end=\"1642\">\n<td data-start=\"1617\" data-end=\"1631\" data-col-size=\"sm\">Perda de retorno<\/td>\n<td data-start=\"1631\" data-end=\"1642\" data-col-size=\"sm\">\u2265 50 dB<\/td>\n<\/tr>\n<tr data-start=\"1643\" data-end=\"1673\">\n<td data-start=\"1643\" data-end=\"1658\" data-col-size=\"sm\">Capa do cabo<\/td>\n<td data-start=\"1658\" data-end=\"1673\" data-col-size=\"sm\">LSZH ou PVC<\/td>\n<\/tr>\n<tr data-start=\"1674\" data-end=\"1718\">\n<td data-start=\"1674\" data-end=\"1698\" data-col-size=\"sm\">Temperatura operacional<\/td>\n<td data-start=\"1698\" data-end=\"1718\" data-col-size=\"sm\">-10 \u00b0C a +70 \u00b0C<\/td>\n<\/tr>\n<tr data-start=\"1719\" data-end=\"1757\">\n<td data-start=\"1719\" data-end=\"1732\" data-col-size=\"sm\">Conformidade<\/td>\n<td data-start=\"1732\" data-end=\"1757\" data-col-size=\"sm\">IEC, TIA, RoHS, REACH<\/td>\n<\/tr>\n<\/tbody>\n<\/table>\n<\/div>\n<\/div>\n<hr data-start=\"1759\" data-end=\"1762\" \/>\n<h3 data-start=\"1764\" data-end=\"1801\"><strong data-start=\"1768\" data-end=\"1801\">Onde o MPO-LC-SM-8Core \u00e9 usado<\/strong><\/h3>\n<p data-start=\"1803\" data-end=\"1836\">Esse cabo \u00e9 amplamente utilizado em:<\/p>\n<ul data-start=\"1838\" data-end=\"2047\">\n<li data-start=\"1838\" data-end=\"1882\">\n<p data-start=\"1840\" data-end=\"1882\"><strong data-start=\"1840\" data-end=\"1880\">Arquiteturas de data center Leaf-spine<\/strong><\/p>\n<\/li>\n<li data-start=\"1883\" data-end=\"1921\">\n<p data-start=\"1885\" data-end=\"1921\"><strong data-start=\"1885\" data-end=\"1919\">Interconex\u00e3o de data center (DCI)<\/strong><\/p>\n<\/li>\n<li data-start=\"1922\" data-end=\"1956\">\n<p data-start=\"1924\" data-end=\"1956\"><strong data-start=\"1924\" data-end=\"1954\">Redes de telecomunica\u00e7\u00f5es e metropolitanas<\/strong><\/p>\n<\/li>\n<li data-start=\"1957\" data-end=\"2000\">\n<p data-start=\"1959\" data-end=\"2000\"><strong data-start=\"1959\" data-end=\"1998\">Implanta\u00e7\u00f5es de switch monomodo 400G<\/strong><\/p>\n<\/li>\n<li data-start=\"2001\" data-end=\"2047\">\n<p data-start=\"2003\" data-end=\"2047\"><strong data-start=\"2003\" data-end=\"2047\">Quadros de distribui\u00e7\u00e3o \u00f3ptica de alta densidade<\/strong><\/p>\n<\/li>\n<\/ul>\n<hr data-start=\"2456\" data-end=\"2459\" \/>\n<h2 data-start=\"2461\" data-end=\"2484\"><strong data-start=\"2464\" data-end=\"2484\">Perguntas e respostas profissionais<\/strong><\/h2>\n<p data-start=\"2486\" data-end=\"2653\"><strong data-start=\"2486\" data-end=\"2548\">Q1: Esse cabo \u00e9 adequado para transmiss\u00e3o de longa dist\u00e2ncia?<\/strong><br data-start=\"2548\" data-end=\"2551\" \/>Sim. A fibra monomodo OS2 suporta dist\u00e2ncias de <strong data-start=\"2600\" data-end=\"2622\">v\u00e1rios quil\u00f4metros<\/strong>, dependendo do transceptor.<\/p>\n<p data-start=\"2655\" data-end=\"2777\"><strong data-start=\"2655\" data-end=\"2696\">P2: Ele pode ser usado com m\u00f3dulos de 400G?<\/strong><br data-start=\"2696\" data-end=\"2699\" \/>Sim. Funciona com <strong data-start=\"2718\" data-end=\"2739\">400G DR4 e PSM4<\/strong> \u00f3ptica usando conex\u00f5es de breakout LC.<\/p>\n<p data-start=\"2779\" data-end=\"2966\"><strong data-start=\"2779\" data-end=\"2844\">P3: Qual \u00e9 a vantagem de MPO para LC em vez de MPO para MPO?<\/strong><br data-start=\"2844\" data-end=\"2847\" \/>O MPO-LC permite que voc\u00ea se conecte diretamente a <strong data-start=\"2888\" data-end=\"2933\">transceptores e pain\u00e9is padr\u00e3o baseados em LC<\/strong> sem cabos de convers\u00e3o adicionais.<\/p>\n<p data-start=\"2968\" data-end=\"3089\"><strong data-start=\"2968\" data-end=\"3003\">P4: A polaridade pode ser personalizada?<\/strong><br data-start=\"3003\" data-end=\"3006\" \/>Sim. Os tipos de polaridade MPO (A, B ou C) podem ser especificados para corresponder ao seu projeto de rede.<\/p>","protected":false},"excerpt":{"rendered":"<p data-start=\"72\" data-end=\"389\">O <strong data-start=\"76\" data-end=\"95\">MPO-LC-SM-8Core<\/strong> \u00e9 um produto de alta densidade <strong data-start=\"114\" data-end=\"153\">solu\u00e7\u00e3o de breakout de fibra monomodo<\/strong> projetados para data centers modernos, backbones de telecomunica\u00e7\u00f5es e interconex\u00f5es de nuvem. Criado com <strong data-start=\"245\" data-end=\"267\">Fibra OS2 9\/125 \u00b5m<\/strong>, O sistema de transmiss\u00e3o de longa dist\u00e2ncia, com atenua\u00e7\u00e3o ultrabaixa, mant\u00e9m um formato compacto e compat\u00edvel com o rack.<\/p>\n<p data-start=\"391\" data-end=\"625\">Um <strong data-start=\"395\" data-end=\"420\">Conector MPO de 8 fibras<\/strong> no lado do porta-malas, que se expande para <strong data-start=\"453\" data-end=\"487\">oito conectores LC individuais<\/strong>, oferecendo compatibilidade direta com <strong data-start=\"526\" data-end=\"574\">\u00d3tica de modo \u00fanico QSFP-DD, QSFP28 e SFP+<\/strong> sem a necessidade de hardware de breakout adicional.<\/p>","protected":false},"featured_media":567,"comment_status":"open","ping_status":"closed","template":"","meta":[],"product_brand":[],"product_cat":[42],"product_tag":[],"class_list":{"0":"post-566","1":"product","2":"type-product","3":"status-publish","4":"has-post-thumbnail","6":"product_cat-mpo-mtp-fiber-optic-patch-cord","8":"first","9":"instock","10":"shipping-taxable","11":"product-type-simple"},"_links":{"self":[{"href":"https:\/\/www.fenxifiber.com\/pt\/wp-json\/wp\/v2\/product\/566","targetHints":{"allow":["GET"]}}],"collection":[{"href":"https:\/\/www.fenxifiber.com\/pt\/wp-json\/wp\/v2\/product"}],"about":[{"href":"https:\/\/www.fenxifiber.com\/pt\/wp-json\/wp\/v2\/types\/product"}],"replies":[{"embeddable":true,"href":"https:\/\/www.fenxifiber.com\/pt\/wp-json\/wp\/v2\/comments?post=566"}],"wp:featuredmedia":[{"embeddable":true,"href":"https:\/\/www.fenxifiber.com\/pt\/wp-json\/wp\/v2\/media\/567"}],"wp:attachment":[{"href":"https:\/\/www.fenxifiber.com\/pt\/wp-json\/wp\/v2\/media?parent=566"}],"wp:term":[{"taxonomy":"product_brand","embeddable":true,"href":"https:\/\/www.fenxifiber.com\/pt\/wp-json\/wp\/v2\/product_brand?post=566"},{"taxonomy":"product_cat","embeddable":true,"href":"https:\/\/www.fenxifiber.com\/pt\/wp-json\/wp\/v2\/product_cat?post=566"},{"taxonomy":"product_tag","embeddable":true,"href":"https:\/\/www.fenxifiber.com\/pt\/wp-json\/wp\/v2\/product_tag?post=566"}],"curies":[{"name":"wp","href":"https:\/\/api.w.org\/{rel}","templated":true}]}}