{"id":568,"date":"2026-02-03T02:04:37","date_gmt":"2026-02-03T02:04:37","guid":{"rendered":"https:\/\/www.fenxifiber.com\/?post_type=product&#038;p=568"},"modified":"2026-02-04T01:18:57","modified_gmt":"2026-02-04T01:18:57","slug":"mpo-lc-3m-12core","status":"publish","type":"product","link":"https:\/\/www.fenxifiber.com\/pt\/product\/mpo-lc-3m-12core\/","title":{"rendered":"MPO-LC-3M-12Core - Cabo de curto alcance MPO para LC Fan-Out"},"content":{"rendered":"<h3 data-start=\"620\" data-end=\"656\"><strong data-start=\"624\" data-end=\"656\">Para que esse cabo foi criado<\/strong><\/h3>\n<p data-start=\"658\" data-end=\"776\">O MPO-LC-3M-12Core n\u00e3o se trata apenas de contagem de fibras - trata-se de <strong data-start=\"722\" data-end=\"751\">roteamento \u00f3ptico eficiente<\/strong> em ambientes lotados:<\/p>\n<ul data-start=\"778\" data-end=\"1262\">\n<li data-start=\"778\" data-end=\"929\">\n<p data-start=\"780\" data-end=\"929\"><strong data-start=\"780\" data-end=\"808\">Comprimento otimizado de 3 metros<\/strong><br data-start=\"808\" data-end=\"811\" \/>Longo o suficiente para conex\u00f5es de rack a rack ou de prateleira a switch, curto o suficiente para evitar folga no cabo e bloqueio do fluxo de ar.<\/p>\n<\/li>\n<li data-start=\"931\" data-end=\"1053\">\n<p data-start=\"933\" data-end=\"1053\"><strong data-start=\"933\" data-end=\"982\">Transi\u00e7\u00e3o de backbone de alta densidade para equipamentos<\/strong><br data-start=\"982\" data-end=\"985\" \/>Um tronco MPO alimenta doze portas LC, reduzindo a confus\u00e3o de pain\u00e9is de patches.<\/p>\n<\/li>\n<li data-start=\"1055\" data-end=\"1156\">\n<p data-start=\"1057\" data-end=\"1156\"><strong data-start=\"1057\" data-end=\"1076\">Implementa\u00e7\u00e3o r\u00e1pida<\/strong><br data-start=\"1076\" data-end=\"1079\" \/>Terminado e testado na f\u00e1brica, portanto, n\u00e3o \u00e9 necess\u00e1rio polimento ou emenda em campo.<\/p>\n<\/li>\n<li data-start=\"1158\" data-end=\"1262\">\n<p data-start=\"1160\" data-end=\"1262\"><strong data-start=\"1160\" data-end=\"1190\">Desempenho \u00f3ptico est\u00e1vel<\/strong><br data-start=\"1190\" data-end=\"1193\" \/>Projetado para manter baixa perda de inser\u00e7\u00e3o em todos os doze canais.<\/p>\n<\/li>\n<\/ul>\n<hr data-start=\"1264\" data-end=\"1267\" \/>\n<h3 data-start=\"1269\" data-end=\"1299\"><strong data-start=\"1273\" data-end=\"1299\">Detalhes t\u00e9cnicos b\u00e1sicos<\/strong><\/h3>\n<div class=\"TyagGW_tableContainer\">\n<div class=\"group TyagGW_tableWrapper flex flex-col-reverse w-fit\" tabindex=\"-1\">\n<table class=\"w-fit min-w-(--thread-content-width)\" data-start=\"1301\" data-end=\"1687\">\n<thead data-start=\"1301\" data-end=\"1328\">\n<tr data-start=\"1301\" data-end=\"1328\">\n<th class=\"\" data-start=\"1301\" data-end=\"1308\" data-col-size=\"sm\">Item<\/th>\n<th class=\"\" data-start=\"1308\" data-end=\"1328\" data-col-size=\"md\">MPO-LC-3M-12Core<\/th>\n<\/tr>\n<\/thead>\n<tbody data-start=\"1355\" data-end=\"1687\">\n<tr data-start=\"1355\" data-end=\"1382\">\n<td data-start=\"1355\" data-end=\"1370\" data-col-size=\"sm\">Comprimento do cabo<\/td>\n<td data-start=\"1370\" data-end=\"1382\" data-col-size=\"md\">3 metros<\/td>\n<\/tr>\n<tr data-start=\"1383\" data-end=\"1403\">\n<td data-start=\"1383\" data-end=\"1397\" data-col-size=\"sm\">Contagem de fibras<\/td>\n<td data-start=\"1397\" data-end=\"1403\" data-col-size=\"md\">12<\/td>\n<\/tr>\n<tr data-start=\"1404\" data-end=\"1442\">\n<td data-start=\"1404\" data-end=\"1418\" data-col-size=\"sm\">Conector A<\/td>\n<td data-start=\"1418\" data-end=\"1442\" data-col-size=\"md\">MPO \/ MTP (12 fibras)<\/td>\n<\/tr>\n<tr data-start=\"1443\" data-end=\"1468\">\n<td data-start=\"1443\" data-end=\"1457\" data-col-size=\"sm\">Conector B<\/td>\n<td data-start=\"1457\" data-end=\"1468\" data-col-size=\"md\">12 \u00d7 LC<\/td>\n<\/tr>\n<tr data-start=\"1469\" data-end=\"1535\">\n<td data-start=\"1469\" data-end=\"1482\" data-col-size=\"sm\">Tipo de fibra<\/td>\n<td data-start=\"1482\" data-end=\"1535\" data-col-size=\"md\">Multimodo OM3 \/ OM4 ou monomodo OS2 (opcional)<\/td>\n<\/tr>\n<tr data-start=\"1536\" data-end=\"1584\">\n<td data-start=\"1536\" data-end=\"1553\" data-col-size=\"sm\">Perda de inser\u00e7\u00e3o<\/td>\n<td data-start=\"1553\" data-end=\"1584\" data-col-size=\"md\">MPO \u2264 0,35 dB, LC \u2264 0,30 dB<\/td>\n<\/tr>\n<tr data-start=\"1585\" data-end=\"1609\">\n<td data-start=\"1585\" data-end=\"1594\" data-col-size=\"sm\">Jaqueta<\/td>\n<td data-start=\"1594\" data-end=\"1609\" data-col-size=\"md\">LSZH ou PVC<\/td>\n<\/tr>\n<tr data-start=\"1610\" data-end=\"1648\">\n<td data-start=\"1610\" data-end=\"1628\" data-col-size=\"sm\">Temp. de opera\u00e7\u00e3o.<\/td>\n<td data-col-size=\"md\" data-start=\"1628\" data-end=\"1648\">-10 \u00b0C a +70 \u00b0C<\/td>\n<\/tr>\n<tr data-start=\"1649\" data-end=\"1687\">\n<td data-start=\"1649\" data-end=\"1662\" data-col-size=\"sm\">Conformidade<\/td>\n<td data-col-size=\"md\" data-start=\"1662\" data-end=\"1687\">IEC, TIA, RoHS, REACH<\/td>\n<\/tr>\n<\/tbody>\n<\/table>\n<\/div>\n<\/div>\n<hr data-start=\"1689\" data-end=\"1692\" \/>\n<h3 data-start=\"1694\" data-end=\"1720\"><strong data-start=\"1698\" data-end=\"1720\">Onde ele se encaixa melhor<\/strong><\/h3>\n<p data-start=\"1722\" data-end=\"1751\">Esse cabo \u00e9 amplamente utilizado em:<\/p>\n<ul data-start=\"1753\" data-end=\"1949\">\n<li data-start=\"1753\" data-end=\"1791\">\n<p data-start=\"1755\" data-end=\"1791\"><strong data-start=\"1755\" data-end=\"1789\">Racks e gabinetes para data centers<\/strong><\/p>\n<\/li>\n<li data-start=\"1792\" data-end=\"1828\">\n<p data-start=\"1794\" data-end=\"1828\"><strong data-start=\"1794\" data-end=\"1826\">Backbone MPO para portas de switch<\/strong><\/p>\n<\/li>\n<li data-start=\"1829\" data-end=\"1869\">\n<p data-start=\"1831\" data-end=\"1869\"><strong data-start=\"1831\" data-end=\"1867\">Links de breakout de 40G \/ 100G \/ 400G<\/strong><\/p>\n<\/li>\n<li data-start=\"1870\" data-end=\"1915\">\n<p data-start=\"1872\" data-end=\"1915\"><strong data-start=\"1872\" data-end=\"1913\">Sistemas de conex\u00e3o cruzada e patch-panel<\/strong><\/p>\n<\/li>\n<li data-start=\"1916\" data-end=\"1949\">\n<p data-start=\"1918\" data-end=\"1949\"><strong data-start=\"1918\" data-end=\"1949\">Infraestrutura de nuvem e IA<\/strong><\/p>\n<\/li>\n<\/ul>\n<hr data-start=\"1951\" data-end=\"1954\" \/>\n<h3 data-start=\"1956\" data-end=\"1998\"><strong data-start=\"1960\" data-end=\"1998\">Projetado para redes de alta densidade<\/strong><\/h3>\n<p data-start=\"2000\" data-end=\"2272\">As redes de alta velocidade n\u00e3o precisam apenas de \u00f3ptica r\u00e1pida - elas precisam de <strong data-start=\"2060\" data-end=\"2085\">roteamento ordenado de fibras<\/strong>. O <strong data-start=\"2091\" data-end=\"2111\">MPO-LC-3M-12Core<\/strong> mant\u00e9m as instala\u00e7\u00f5es compactas, minimiza o congestionamento e permite que os t\u00e9cnicos identifiquem e fa\u00e7am a manuten\u00e7\u00e3o de canais individuais rapidamente, sem tocar no backbone do MPO.<\/p>\n<hr data-start=\"2274\" data-end=\"2277\" \/>\n<h2 data-start=\"2279\" data-end=\"2302\"><strong data-start=\"2282\" data-end=\"2302\">Perguntas e respostas profissionais<\/strong><\/h2>\n<p data-start=\"2304\" data-end=\"2467\"><strong data-start=\"2304\" data-end=\"2353\">Q1: Os 3 metros s\u00e3o adequados para uso em data center?<\/strong><br data-start=\"2353\" data-end=\"2356\" \/>Sim. 3 m \u00e9 um dos comprimentos de patch mais comuns, ideal para conex\u00f5es de rack a rack e de gabinete a gabinete.<\/p>\n<p data-start=\"2469\" data-end=\"2642\"><strong data-start=\"2469\" data-end=\"2520\">P2: Esse cabo pode suportar links de 100G e 400G?<\/strong><br data-start=\"2520\" data-end=\"2523\" \/>Sim. Quando emparelhado com os transceptores corretos baseados em MPO e LC, ele suporta <strong data-start=\"2600\" data-end=\"2641\">redes 100G e 400G de \u00f3ptica paralela<\/strong>.<\/p>\n<p data-start=\"2644\" data-end=\"2813\"><strong data-start=\"2644\" data-end=\"2701\">P3: Ele funciona com fibra OM4 e monomodo?<\/strong><br data-start=\"2701\" data-end=\"2704\" \/>Sim. O MPO-LC-3M-12Core pode ser fornecido em <strong data-start=\"2749\" data-end=\"2781\">Modo \u00fanico OM3, OM4 ou OS2<\/strong>, dependendo de sua aplica\u00e7\u00e3o.<\/p>\n<p data-start=\"2815\" data-end=\"2971\"><strong data-start=\"2815\" data-end=\"2861\">P4: Preciso me preocupar com a polaridade do MPO?<\/strong><br data-start=\"2861\" data-end=\"2864\" \/>Sim. A polaridade (Tipo A, B ou C) deve ser selecionada para garantir que as fibras de transmiss\u00e3o e recep\u00e7\u00e3o estejam alinhadas corretamente.<\/p>","protected":false},"excerpt":{"rendered":"<p data-start=\"64\" data-end=\"472\">Projetado para conex\u00f5es limpas e eficientes de rack para rack e de bandeja para dispositivo, o <strong data-start=\"143\" data-end=\"163\">MPO-LC-3M-12Core<\/strong> \u00e9 um <strong data-start=\"169\" data-end=\"211\">Cabo de fibra de separa\u00e7\u00e3o MPO para LC de 3 metros<\/strong> desenvolvido para data centers de alta densidade e redes corporativas. Com um \u00fanico <strong data-start=\"287\" data-end=\"313\">Conector MPO de 12 fibras<\/strong> em uma extremidade e <strong data-start=\"329\" data-end=\"353\">doze conectores LC<\/strong> Por outro lado, ele converte o cabeamento de backbone compacto em portas LC f\u00e1ceis de usar, sem sacrificar o desempenho ou o espa\u00e7o.<\/p>\n<p data-start=\"474\" data-end=\"613\">Esse comprimento \u00e9 ideal para <strong data-start=\"499\" data-end=\"553\">remendo dentro do gabinete, linha a linha e conex\u00e3o cruzada<\/strong>, O sistema de controle de qualidade \u00e9 um sistema de controle de qualidade que mant\u00e9m os cabos limpos e preserva a integridade do sinal.<\/p>","protected":false},"featured_media":569,"comment_status":"open","ping_status":"closed","template":"","meta":[],"product_brand":[],"product_cat":[42],"product_tag":[],"class_list":{"0":"post-568","1":"product","2":"type-product","3":"status-publish","4":"has-post-thumbnail","6":"product_cat-mpo-mtp-fiber-optic-patch-cord","8":"first","9":"instock","10":"shipping-taxable","11":"product-type-simple"},"_links":{"self":[{"href":"https:\/\/www.fenxifiber.com\/pt\/wp-json\/wp\/v2\/product\/568","targetHints":{"allow":["GET"]}}],"collection":[{"href":"https:\/\/www.fenxifiber.com\/pt\/wp-json\/wp\/v2\/product"}],"about":[{"href":"https:\/\/www.fenxifiber.com\/pt\/wp-json\/wp\/v2\/types\/product"}],"replies":[{"embeddable":true,"href":"https:\/\/www.fenxifiber.com\/pt\/wp-json\/wp\/v2\/comments?post=568"}],"wp:featuredmedia":[{"embeddable":true,"href":"https:\/\/www.fenxifiber.com\/pt\/wp-json\/wp\/v2\/media\/569"}],"wp:attachment":[{"href":"https:\/\/www.fenxifiber.com\/pt\/wp-json\/wp\/v2\/media?parent=568"}],"wp:term":[{"taxonomy":"product_brand","embeddable":true,"href":"https:\/\/www.fenxifiber.com\/pt\/wp-json\/wp\/v2\/product_brand?post=568"},{"taxonomy":"product_cat","embeddable":true,"href":"https:\/\/www.fenxifiber.com\/pt\/wp-json\/wp\/v2\/product_cat?post=568"},{"taxonomy":"product_tag","embeddable":true,"href":"https:\/\/www.fenxifiber.com\/pt\/wp-json\/wp\/v2\/product_tag?post=568"}],"curies":[{"name":"wp","href":"https:\/\/api.w.org\/{rel}","templated":true}]}}