{"id":570,"date":"2026-02-03T02:14:20","date_gmt":"2026-02-03T02:14:20","guid":{"rendered":"https:\/\/www.fenxifiber.com\/?post_type=product&#038;p=570"},"modified":"2026-02-04T00:10:03","modified_gmt":"2026-02-04T00:10:03","slug":"pigtail-de-fibra-monomodo-fc-apc-12-core","status":"publish","type":"product","link":"https:\/\/www.fenxifiber.com\/pt\/product\/fc-apc-12-core-single-mode-fiber-pigtail\/","title":{"rendered":"Pigtail de fibra monomodo FC\/APC de 12 n\u00facleos"},"content":{"rendered":"<h2>Principais recursos<\/h2>\n<h3>1. Excelente repetibilidade e alta estabilidade<\/h3>\n<ul>\n<li>\n<p class=\"ds-markdown-paragraph\">Fabricado com materiais novos, resistentes a altas temperaturas e ecologicamente corretos, que s\u00e3o dur\u00e1veis, n\u00e3o se deformam, n\u00e3o quebram e n\u00e3o soltam fiapos.<\/p>\n<\/li>\n<li>\n<p class=\"ds-markdown-paragraph\">Produzido por meio de processos padronizados totalmente automatizados para minimizar a interven\u00e7\u00e3o manual, garantindo qualidade e confiabilidade consistentes.<\/p>\n<\/li>\n<\/ul>\n<h3>2. Baixa perda de inser\u00e7\u00e3o e estabilidade superior<\/h3>\n<ul>\n<li>\n<p class=\"ds-markdown-paragraph\">Equipado com ponteiras de alta qualidade que oferecem excelente confiabilidade, estabilidade, concentricidade e precis\u00e3o dimensional.<\/p>\n<\/li>\n<li>\n<p class=\"ds-markdown-paragraph\">Garante o desempenho \u00f3ptico est\u00e1vel e a integridade da conex\u00e3o a longo prazo.<\/p>\n<\/li>\n<\/ul>\n<h3>3. N\u00facleo de fibra monomodo de alto desempenho<\/h3>\n<ul>\n<li>\n<p class=\"ds-markdown-paragraph\">Usa n\u00facleos de fibra monomodo importados de alta qualidade.<\/p>\n<\/li>\n<li>\n<p class=\"ds-markdown-paragraph\">Cada unidade \u00e9 submetida a testes rigorosos 100% antes da entrega.<\/p>\n<\/li>\n<li>\n<p class=\"ds-markdown-paragraph\">Amplamente reconhecido e elogiado por profissionais de engenharia e de rede.<\/p>\n<\/li>\n<li>\n<p class=\"ds-markdown-paragraph\">A escolha ideal para FTTH e conectividade de link de dados.<\/p>\n<\/li>\n<\/ul>\n<h2>Especifica\u00e7\u00f5es t\u00e9cnicas<\/h2>\n<div class=\"ds-scroll-area _1210dd7 c03cafe9\">\n<table>\n<thead>\n<tr>\n<th>Par\u00e2metro<\/th>\n<th>Especifica\u00e7\u00e3o<\/th>\n<\/tr>\n<\/thead>\n<tbody>\n<tr>\n<td>Nome do produto<\/td>\n<td>Pigtail de fibra de 12 n\u00facleos<\/td>\n<\/tr>\n<tr>\n<td>Tipo de conector<\/td>\n<td>FC\/APC (tamb\u00e9m dispon\u00edvel em SC\/UPC, SC\/APC, FC\/UPC, LC\/UPC, LC\/APC, ST\/UPC)<\/td>\n<\/tr>\n<tr>\n<td>Tipo de fibra<\/td>\n<td>Modo \u00fanico (SM)<\/td>\n<\/tr>\n<tr>\n<td>Cor<\/td>\n<td>Amarelo<\/td>\n<\/tr>\n<tr>\n<td>Comprimento de onda operacional<\/td>\n<td>1310 nm, 1490 nm, 1550 nm<\/td>\n<\/tr>\n<tr>\n<td>Perda de inser\u00e7\u00e3o<\/td>\n<td>&lt; 0,3 dB<\/td>\n<\/tr>\n<tr>\n<td>Perda de retorno<\/td>\n<td>&gt; 40 dB (APC)<\/td>\n<\/tr>\n<tr>\n<td>Durabilidade<\/td>\n<td>\u2265 1000 ciclos de acoplamento<\/td>\n<\/tr>\n<tr>\n<td>Material do cabo<\/td>\n<td>LSZH (baixa fuma\u00e7a e zero halog\u00eanio)<\/td>\n<\/tr>\n<tr>\n<td>Resist\u00eancia \u00e0 tra\u00e7\u00e3o<\/td>\n<td>Est\u00e1 em conformidade com os requisitos padr\u00e3o do setor<\/td>\n<\/tr>\n<tr>\n<td>Largura de banda<\/td>\n<td>\u00b1 40 nm<\/td>\n<\/tr>\n<\/tbody>\n<\/table>\n<\/div>\n<h2>Aplicativos<\/h2>\n<ul>\n<li>\n<p class=\"ds-markdown-paragraph\">Estruturas de distribui\u00e7\u00e3o de fibra \u00f3ptica<\/p>\n<\/li>\n<li>\n<p class=\"ds-markdown-paragraph\">Terminais de linha \u00f3ptica (OLT) e unidades de rede \u00f3ptica (ONU)<\/p>\n<\/li>\n<li>\n<p class=\"ds-markdown-paragraph\">Interconex\u00f5es de data center<\/p>\n<\/li>\n<li>\n<p class=\"ds-markdown-paragraph\">Redes de backbone de telecomunica\u00e7\u00f5es<\/p>\n<\/li>\n<li>\n<p class=\"ds-markdown-paragraph\">CATV e sistemas de transmiss\u00e3o<\/p>\n<\/li>\n<li>\n<p class=\"ds-markdown-paragraph\">Configura\u00e7\u00f5es de teste e medi\u00e7\u00e3o<\/p>\n<\/li>\n<\/ul>\n<hr \/>\n<h2>Perguntas e respostas profissionais<\/h2>\n<p class=\"ds-markdown-paragraph\"><strong>P1: Para quais aplica\u00e7\u00f5es o pigtail de fibra monomodo FC\/APC de 12 n\u00facleos \u00e9 mais adequado?<\/strong><br \/>\n<strong>A:<\/strong>\u00a0\u00c9 idealmente usado em implanta\u00e7\u00f5es de FTTH, termina\u00e7\u00f5es de escrit\u00f3rio central e patch panels de alta densidade em que a baixa perda de inser\u00e7\u00e3o e a alta perda de retorno s\u00e3o essenciais. O conector APC (Contato F\u00edsico Angular) \u00e9 especialmente vantajoso na transmiss\u00e3o de v\u00eddeo anal\u00f3gico e em sistemas de RF sobre fibra devido \u00e0 sua reflex\u00e3o traseira reduzida.<\/p>\n<p class=\"ds-markdown-paragraph\"><strong>P2: Por que escolher FC\/APC em vez de FC\/UPC para aplicativos de modo \u00fanico?<\/strong><br \/>\n<strong>A:<\/strong>\u00a0Os conectores FC\/APC apresentam uma extremidade angular de 8 graus, o que reduz a reflex\u00e3o traseira para &gt;40 dB em compara\u00e7\u00e3o com &gt;30 dB para UPC. Isso torna o APC prefer\u00edvel para sistemas de alta precis\u00e3o, como GPON, CATV e WDM (multiplexa\u00e7\u00e3o por divis\u00e3o de comprimento de onda), em que a reflex\u00e3o pode afetar a qualidade do sinal.<\/p>\n<p class=\"ds-markdown-paragraph\"><strong>P3: Como \u00e9 garantida a confiabilidade de longo prazo desses pigtails?<\/strong><br \/>\n<strong>A:<\/strong>\u00a0Por meio da produ\u00e7\u00e3o totalmente automatizada, do revestimento LSZH de alta qualidade e dos testes de pr\u00e9-entrega 100% - incluindo perda de inser\u00e7\u00e3o, perda de retorno e verifica\u00e7\u00f5es de resist\u00eancia -, cada unidade garante um desempenho consistente ao longo de \u22651000 ciclos de acoplamento e sob condi\u00e7\u00f5es ambientais variadas.<\/p>\n<p class=\"ds-markdown-paragraph\"><strong>P4: Esses pigtails est\u00e3o em conformidade com os padr\u00f5es atuais do setor?<\/strong><br \/>\n<strong>A:<\/strong>\u00a0Sim, eles est\u00e3o em conformidade com os padr\u00f5es IEC 61754-13, Telcordia GR-326 e ISO\/IEC 11801, garantindo interoperabilidade e consist\u00eancia de desempenho em redes \u00f3pticas modernas.<\/p>\n<p class=\"ds-markdown-paragraph\"><strong>Q5: O que deve ser considerado durante a instala\u00e7\u00e3o para manter o desempenho?<\/strong><br \/>\n<strong>A:<\/strong>\u00a0Sempre mantenha as extremidades do conector APC limpas usando limpadores de fibra \u00f3ptica aprovados, evite dobrar al\u00e9m do raio de curvatura m\u00ednimo (normalmente 30 mm) e garanta o al\u00edvio adequado da tens\u00e3o durante o gerenciamento do cabo para evitar o estresse de tra\u00e7\u00e3o nas fibras.<\/p>","protected":false},"excerpt":{"rendered":"<h2>Vis\u00e3o geral<\/h2>\n<p class=\"ds-markdown-paragraph\">O pigtail de fibra monomodo FC\/APC de 12 n\u00facleos \u00e9 uma solu\u00e7\u00e3o de conectividade confi\u00e1vel e de alto desempenho projetada para FTTH (fiber-to-the-home), data centers, redes de telecomunica\u00e7\u00f5es e sistemas de cabeamento corporativo. Ele pertence \u00e0 fam\u00edlia\u00a0<strong>Cabo de conex\u00e3o de fibra \u00f3ptica<\/strong>\u00a0especificamente na categoria\u00a0<strong>Pigtail de fibra de 12 n\u00facleos<\/strong>\u00a0subcategoria. Esse produto garante uma transmiss\u00e3o de sinal est\u00e1vel com baixa perda de inser\u00e7\u00e3o e alta perda de retorno, o que o torna ideal para dados de alta velocidade e aplica\u00e7\u00f5es de rede \u00f3ptica.<\/p>","protected":false},"featured_media":632,"comment_status":"open","ping_status":"closed","template":"","meta":[],"product_brand":[],"product_cat":[43],"product_tag":[],"class_list":{"0":"post-570","1":"product","2":"type-product","3":"status-publish","4":"has-post-thumbnail","6":"product_cat-12-core-fiber-pigtail","8":"first","9":"instock","10":"shipping-taxable","11":"product-type-simple"},"_links":{"self":[{"href":"https:\/\/www.fenxifiber.com\/pt\/wp-json\/wp\/v2\/product\/570","targetHints":{"allow":["GET"]}}],"collection":[{"href":"https:\/\/www.fenxifiber.com\/pt\/wp-json\/wp\/v2\/product"}],"about":[{"href":"https:\/\/www.fenxifiber.com\/pt\/wp-json\/wp\/v2\/types\/product"}],"replies":[{"embeddable":true,"href":"https:\/\/www.fenxifiber.com\/pt\/wp-json\/wp\/v2\/comments?post=570"}],"wp:featuredmedia":[{"embeddable":true,"href":"https:\/\/www.fenxifiber.com\/pt\/wp-json\/wp\/v2\/media\/632"}],"wp:attachment":[{"href":"https:\/\/www.fenxifiber.com\/pt\/wp-json\/wp\/v2\/media?parent=570"}],"wp:term":[{"taxonomy":"product_brand","embeddable":true,"href":"https:\/\/www.fenxifiber.com\/pt\/wp-json\/wp\/v2\/product_brand?post=570"},{"taxonomy":"product_cat","embeddable":true,"href":"https:\/\/www.fenxifiber.com\/pt\/wp-json\/wp\/v2\/product_cat?post=570"},{"taxonomy":"product_tag","embeddable":true,"href":"https:\/\/www.fenxifiber.com\/pt\/wp-json\/wp\/v2\/product_tag?post=570"}],"curies":[{"name":"wp","href":"https:\/\/api.w.org\/{rel}","templated":true}]}}