{"id":572,"date":"2026-02-03T02:16:53","date_gmt":"2026-02-03T02:16:53","guid":{"rendered":"https:\/\/www.fenxifiber.com\/?post_type=product&#038;p=572"},"modified":"2026-02-04T00:14:10","modified_gmt":"2026-02-04T00:14:10","slug":"pigtail-de-fibra-monomodo-fc-upc-12-core","status":"publish","type":"product","link":"https:\/\/www.fenxifiber.com\/pt\/product\/fc-upc-12-core-single-mode-fiber-pigtail\/","title":{"rendered":"Pigtail de fibra monomodo FC\/UPC de 12 n\u00facleos"},"content":{"rendered":"<h2>Principais recursos<\/h2>\n<h3>1. Consist\u00eancia superior de fabrica\u00e7\u00e3o<\/h3>\n<ul>\n<li>\n<p class=\"ds-markdown-paragraph\">Constru\u00eddo com materiais avan\u00e7ados e dur\u00e1veis, resistentes a fatores ambientais e estresse f\u00edsico<\/p>\n<\/li>\n<li>\n<p class=\"ds-markdown-paragraph\">Os processos de fabrica\u00e7\u00e3o automatizados garantem precis\u00e3o dimensional e desempenho repet\u00edvel<\/p>\n<\/li>\n<li>\n<p class=\"ds-markdown-paragraph\">O manuseio manual reduzido minimiza a contamina\u00e7\u00e3o e as varia\u00e7\u00f5es de qualidade<\/p>\n<\/li>\n<\/ul>\n<h3>2. Desempenho \u00f3ptico aprimorado<\/h3>\n<ul>\n<li>\n<p class=\"ds-markdown-paragraph\">O polimento UPC de precis\u00e3o proporciona baixa perda de inser\u00e7\u00e3o e transmiss\u00e3o est\u00e1vel de sinal<\/p>\n<\/li>\n<li>\n<p class=\"ds-markdown-paragraph\">As ponteiras de cer\u00e2mica de alta qualidade garantem alinhamento preciso e conex\u00f5es confi\u00e1veis<\/p>\n<\/li>\n<li>\n<p class=\"ds-markdown-paragraph\">Desempenho consistente em todos os 12 canais para aplicativos paralelos<\/p>\n<\/li>\n<\/ul>\n<h3>3. Desempenho monomodo premium<\/h3>\n<ul>\n<li>\n<p class=\"ds-markdown-paragraph\">Fabricado com fibra monomodo compat\u00edvel com G.652.D para desempenho ideal em v\u00e1rios comprimentos de onda<\/p>\n<\/li>\n<li>\n<p class=\"ds-markdown-paragraph\">Cada pigtail passa por um teste \u00f3ptico abrangente antes do envio<\/p>\n<\/li>\n<li>\n<p class=\"ds-markdown-paragraph\">Confiabilidade comprovada em instala\u00e7\u00f5es comerciais e de n\u00edvel de operadora em todo o mundo<\/p>\n<\/li>\n<\/ul>\n<h2>Especifica\u00e7\u00f5es t\u00e9cnicas<\/h2>\n<div class=\"ds-scroll-area _1210dd7 c03cafe9\">\n<table>\n<thead>\n<tr>\n<th>Par\u00e2metro<\/th>\n<th>Especifica\u00e7\u00e3o<\/th>\n<\/tr>\n<\/thead>\n<tbody>\n<tr>\n<td>Nome do produto<\/td>\n<td>Pigtail de fibra de 12 n\u00facleos (FC\/UPC)<\/td>\n<\/tr>\n<tr>\n<td>Tipo de conector<\/td>\n<td>FC\/UPC (tamb\u00e9m dispon\u00edvel em SC\/UPC, SC\/APC, FC\/APC, LC\/UPC, LC\/APC, ST\/UPC)<\/td>\n<\/tr>\n<tr>\n<td>Tipo de fibra<\/td>\n<td>Modo \u00fanico (SM), G.652.D<\/td>\n<\/tr>\n<tr>\n<td>Cor<\/td>\n<td>Amarelo<\/td>\n<\/tr>\n<tr>\n<td>Comprimento de onda operacional<\/td>\n<td>1310 nm, 1490 nm, 1550 nm<\/td>\n<\/tr>\n<tr>\n<td>Perda de inser\u00e7\u00e3o<\/td>\n<td>&lt; 0,2 dB (t\u00edpico), &lt; 0,3 dB (m\u00e1ximo)<\/td>\n<\/tr>\n<tr>\n<td>Perda de retorno<\/td>\n<td>&gt; 50 dB<\/td>\n<\/tr>\n<tr>\n<td>Durabilidade<\/td>\n<td>\u2265 1000 ciclos de acoplamento<\/td>\n<\/tr>\n<tr>\n<td>Material do cabo<\/td>\n<td>LSZH (baixa fuma\u00e7a e zero halog\u00eanio)<\/td>\n<\/tr>\n<tr>\n<td>Resist\u00eancia \u00e0 tra\u00e7\u00e3o<\/td>\n<td>&gt; 100 N<\/td>\n<\/tr>\n<tr>\n<td>Temperatura operacional<\/td>\n<td>-40\u00b0C a +85\u00b0C<\/td>\n<\/tr>\n<\/tbody>\n<\/table>\n<\/div>\n<h2>Aplicativos<\/h2>\n<ul>\n<li>\n<p class=\"ds-markdown-paragraph\">Interconex\u00f5es de data center e cabeamento estruturado<\/p>\n<\/li>\n<li>\n<p class=\"ds-markdown-paragraph\">Equipamento de escrit\u00f3rio central de telecomunica\u00e7\u00f5es<\/p>\n<\/li>\n<li>\n<p class=\"ds-markdown-paragraph\">Pontos de distribui\u00e7\u00e3o FTTx e n\u00f3s de agrega\u00e7\u00e3o<\/p>\n<\/li>\n<li>\n<p class=\"ds-markdown-paragraph\">Backbones de rede corporativa<\/p>\n<\/li>\n<li>\n<p class=\"ds-markdown-paragraph\">Interfaces de equipamentos de teste e medi\u00e7\u00e3o<\/p>\n<\/li>\n<li>\n<p class=\"ds-markdown-paragraph\">Sistemas de transmiss\u00e3o de m\u00eddia e radiodifus\u00e3o digital<\/p>\n<\/li>\n<\/ul>\n<hr \/>\n<h2>Perguntas e respostas profissionais<\/h2>\n<p class=\"ds-markdown-paragraph\"><strong>Q1: Quais s\u00e3o as principais vantagens dos conectores FC\/UPC em rela\u00e7\u00e3o aos FC\/APC em aplica\u00e7\u00f5es espec\u00edficas?<\/strong><br \/>\n<strong>A:<\/strong>\u00a0Os conectores FC\/UPC oferecem desempenho superior em sistemas de comunica\u00e7\u00e3o digital em que a baixa perda de inser\u00e7\u00e3o \u00e9 priorizada em rela\u00e7\u00e3o \u00e0 m\u00ednima reflex\u00e3o de retorno. Com perda de retorno t\u00edpica &gt;50 dB e perda de inser\u00e7\u00e3o &lt;0,2 dB, eles s\u00e3o ideais para Gigabit Ethernet, links de dados 10G-40G-100G e transmiss\u00e3o de v\u00eddeo digital em que a atenua\u00e7\u00e3o do sinal \u00e9 mais importante do que o controle de reflex\u00e3o.<\/p>\n<p class=\"ds-markdown-paragraph\"><strong>P2: Como a configura\u00e7\u00e3o de 12 n\u00facleos beneficia as implementa\u00e7\u00f5es de rede modernas?<\/strong><br \/>\n<strong>A:<\/strong>\u00a0O design de 12 n\u00facleos oferece suporte a instala\u00e7\u00f5es de alta densidade, reduzindo os requisitos de espa\u00e7o f\u00edsico em aproximadamente 60% em compara\u00e7\u00e3o com pigtails individuais. Essa configura\u00e7\u00e3o \u00e9 particularmente valiosa em ambientes de data center, estruturas de distribui\u00e7\u00e3o de fibra e instala\u00e7\u00f5es de OLT GPON, em que a densidade de portas e o gerenciamento de cabos s\u00e3o considera\u00e7\u00f5es importantes.<\/p>\n<p class=\"ds-markdown-paragraph\"><strong>P3: Quais protocolos de teste garantem a qualidade desses conectores UPC?<\/strong><br \/>\n<strong>A:<\/strong>\u00a0Cada conector \u00e9 submetido a testes de interfer\u00f4metro 3D para verificar a rugosidade da superf\u00edcie (&lt;20 nm) e o raio de curvatura (10-25 mm). Os testes \u00f3pticos incluem a verifica\u00e7\u00e3o da perda de inser\u00e7\u00e3o TIA-455-107 e a medi\u00e7\u00e3o da perda de retorno IEC 61300-3-6. Al\u00e9m disso, os testes ambientais de acordo com a IEC 61300-2-22 validam o desempenho em varia\u00e7\u00f5es de temperatura e condi\u00e7\u00f5es de estresse mec\u00e2nico.<\/p>\n<p class=\"ds-markdown-paragraph\"><strong>P4: Esses pigtails podem ser implantados em ambientes externos ou adversos?<\/strong><br \/>\n<strong>A:<\/strong>\u00a0Sim, com patch panels ou gabinetes apropriados para ambientes externos. O revestimento LSZH oferece resist\u00eancia a chamas e baixa toxicidade, enquanto a classifica\u00e7\u00e3o de temperatura (-40 \u00b0C a +85 \u00b0C) permite a implementa\u00e7\u00e3o em ambientes externos. Para instala\u00e7\u00f5es a\u00e9reas ou enterradas diretamente, recomenda-se o uso de luvas de prote\u00e7\u00e3o adicionais ou variantes blindadas.<\/p>\n<p class=\"ds-markdown-paragraph\"><strong>Q5: Quais s\u00e3o os mais recentes padr\u00f5es de conformidade do setor para esses componentes?<\/strong><br \/>\n<strong>A:<\/strong>\u00a0Esses pigtails est\u00e3o em conformidade com a norma IEC 61754-15 (conectores FC), TIA-604-5 (FOCIS 5) e ISO\/IEC 11801-1 Ed 3.0 para compatibilidade com OM5. Eles atendem ao GR-326-CORE Edi\u00e7\u00e3o 4 quanto \u00e0 confiabilidade e s\u00e3o compat\u00edveis com as especifica\u00e7\u00f5es de fibra ITU-T G.657.A2 insens\u00edvel \u00e0 flex\u00e3o para instala\u00e7\u00f5es de alta densidade.<\/p>","protected":false},"excerpt":{"rendered":"<p class=\"ds-markdown-paragraph\">O pigtail de fibra monomodo FC\/UPC de 12 n\u00facleos \u00e9 uma solu\u00e7\u00e3o de conectividade de fibra \u00f3ptica projetada com precis\u00e3o para sistemas de comunica\u00e7\u00e3o digital de alta velocidade, data centers e infraestrutura de telecomunica\u00e7\u00f5es. Parte do\u00a0<strong>Cabo de conex\u00e3o de fibra \u00f3ptica<\/strong>\u00a0fam\u00edlia sob o\u00a0<strong>Pigtail de fibra de 12 n\u00facleos<\/strong>\u00a0esse produto apresenta conectores polidos de contato ultraf\u00edsico (UPC) que proporcionam excelente desempenho na transmiss\u00e3o de sinais digitais com perda m\u00ednima de inser\u00e7\u00e3o e caracter\u00edsticas otimizadas de perda de retorno.<\/p>","protected":false},"featured_media":633,"comment_status":"open","ping_status":"closed","template":"","meta":[],"product_brand":[],"product_cat":[43],"product_tag":[],"class_list":{"0":"post-572","1":"product","2":"type-product","3":"status-publish","4":"has-post-thumbnail","6":"product_cat-12-core-fiber-pigtail","8":"first","9":"instock","10":"shipping-taxable","11":"product-type-simple"},"_links":{"self":[{"href":"https:\/\/www.fenxifiber.com\/pt\/wp-json\/wp\/v2\/product\/572","targetHints":{"allow":["GET"]}}],"collection":[{"href":"https:\/\/www.fenxifiber.com\/pt\/wp-json\/wp\/v2\/product"}],"about":[{"href":"https:\/\/www.fenxifiber.com\/pt\/wp-json\/wp\/v2\/types\/product"}],"replies":[{"embeddable":true,"href":"https:\/\/www.fenxifiber.com\/pt\/wp-json\/wp\/v2\/comments?post=572"}],"wp:featuredmedia":[{"embeddable":true,"href":"https:\/\/www.fenxifiber.com\/pt\/wp-json\/wp\/v2\/media\/633"}],"wp:attachment":[{"href":"https:\/\/www.fenxifiber.com\/pt\/wp-json\/wp\/v2\/media?parent=572"}],"wp:term":[{"taxonomy":"product_brand","embeddable":true,"href":"https:\/\/www.fenxifiber.com\/pt\/wp-json\/wp\/v2\/product_brand?post=572"},{"taxonomy":"product_cat","embeddable":true,"href":"https:\/\/www.fenxifiber.com\/pt\/wp-json\/wp\/v2\/product_cat?post=572"},{"taxonomy":"product_tag","embeddable":true,"href":"https:\/\/www.fenxifiber.com\/pt\/wp-json\/wp\/v2\/product_tag?post=572"}],"curies":[{"name":"wp","href":"https:\/\/api.w.org\/{rel}","templated":true}]}}