{"id":578,"date":"2026-02-03T02:27:56","date_gmt":"2026-02-03T02:27:56","guid":{"rendered":"https:\/\/www.fenxifiber.com\/?post_type=product&#038;p=578"},"modified":"2026-02-04T00:23:28","modified_gmt":"2026-02-04T00:23:28","slug":"lc-upc-12core-sm","status":"publish","type":"product","link":"https:\/\/www.fenxifiber.com\/pt\/product\/lc-upc-12core-sm\/","title":{"rendered":"Pigtail de fibra monomodo LC\/UPC de 12 n\u00facleos"},"content":{"rendered":"<h2>Principais vantagens do pigtail de fibra SM de 12 n\u00facleos LC\/UPC<\/h2>\n<h3>1. Repetibilidade e estabilidade inigual\u00e1veis<\/h3>\n<div>Fabricado com <strong>novos materiais resistentes a altas temperaturas e ecologicamente corretos<\/strong>, Com o pigtail de fibra de 12 n\u00facleos, nosso pigtail de fibra de 12 n\u00facleos foi projetado para resistir \u00e0 deforma\u00e7\u00e3o, \u00e0 quebra e ao desprendimento. O processo de produ\u00e7\u00e3o padronizado e totalmente autom\u00e1tico minimiza a interven\u00e7\u00e3o manual, garantindo qualidade consistente em todas as unidades. Essa estabilidade garante um desempenho uniforme mesmo em condi\u00e7\u00f5es ambientais adversas, tornando-o ideal para implanta\u00e7\u00f5es de rede de longo prazo.<\/div>\n<h3>2. Baixa perda de inser\u00e7\u00e3o e estabilidade mec\u00e2nica<\/h3>\n<div>Apresentando um <strong>virola de alta qualidade<\/strong>, O conector LC\/UPC apresenta confiabilidade, concentricidade e precis\u00e3o dimensional excepcionais. Esses atributos reduzem diretamente a perda de inser\u00e7\u00e3o (\u22640,3 dB) e mant\u00eam a integridade do sinal, garantindo uma degrada\u00e7\u00e3o m\u00ednima do sinal ao longo do tempo. O design mec\u00e2nico est\u00e1vel tamb\u00e9m resiste ao desgaste de acoplamentos repetidos, tornando-o adequado para ambientes de rede de alto tr\u00e1fego.<\/div>\n<h3>3. N\u00facleo de fibra monomodo de alto desempenho<\/h3>\n<div>No centro desse pigtail est\u00e1 um <strong>n\u00facleo de fibra monomodo importado de alta qualidade<\/strong>. Cada unidade \u00e9 submetida a rigorosos testes 100% antes da entrega, garantindo a conformidade com os padr\u00f5es de desempenho do setor. Reconhecido por engenheiros de rede e integradores em todo o mundo, esse n\u00facleo de fibra oferece transmiss\u00e3o de sinal superior para conectividade FTTH (fiber-to-the-home) e de data center, o que o torna a escolha preferida para aplica\u00e7\u00f5es de miss\u00e3o cr\u00edtica.<\/div>\n<h2>Especifica\u00e7\u00f5es t\u00e9cnicas<\/h2>\n<div>\n<div>\n<table>\n<thead>\n<tr>\n<th>Par\u00e2metro<\/th>\n<th>Detalhes<\/th>\n<\/tr>\n<\/thead>\n<tbody>\n<tr>\n<td><strong>Nome do produto<\/strong><\/td>\n<td>Pigtail de fibra de 12 n\u00facleos (LC\/UPC-12core-SM)<\/td>\n<\/tr>\n<tr>\n<td><strong>Tipo de conector<\/strong><\/td>\n<td>LC\/UPC (compat\u00edvel com SC\/UPC, SC\/APC, FC\/UPC, FC\/APC, LC\/APC, ST\/UPC)<\/td>\n<\/tr>\n<tr>\n<td><strong>Tipo de fibra<\/strong><\/td>\n<td>Modo \u00fanico (SM)<\/td>\n<\/tr>\n<tr>\n<td><strong>Codifica\u00e7\u00e3o de cores<\/strong><\/td>\n<td>SM: Amarelo; MM-OM3: Aqua; MM-OM4: Magenta<\/td>\n<\/tr>\n<tr>\n<td><strong>Resist\u00eancia \u00e0 tens\u00e3o<\/strong><\/td>\n<td>\u2265 1000N<\/td>\n<\/tr>\n<tr>\n<td><strong>Durabilidade<\/strong><\/td>\n<td>\u2265 1000 vezes de acasalamento<\/td>\n<\/tr>\n<tr>\n<td><strong>Perda de inser\u00e7\u00e3o<\/strong><\/td>\n<td>\u2264 0,3dB<\/td>\n<\/tr>\n<tr>\n<td><strong>Perda de retorno<\/strong><\/td>\n<td>UPC\u226530dB; APC\u226540dB<\/td>\n<\/tr>\n<tr>\n<td><strong>Largura de banda<\/strong><\/td>\n<td>\u00b140nm<\/td>\n<\/tr>\n<tr>\n<td><strong>Comprimento de onda operacional<\/strong><\/td>\n<td>1310nm-1490nm, 1550nm-850nm<\/td>\n<\/tr>\n<tr>\n<td><strong>Material<\/strong><\/td>\n<td>LSZH (baixa fuma\u00e7a e zero halog\u00eanio)<\/td>\n<\/tr>\n<\/tbody>\n<\/table>\n<\/div>\n<\/div>\n<h2>Aplica\u00e7\u00f5es ideais<\/h2>\n<div>O pigtail de fibra monomodo LC\/UPC de 12 n\u00facleos foi projetado para diversos cen\u00e1rios de alta demanda:<\/div>\n<div><\/div>\n<ul>\n<li><strong>Fibra para casa (FTTH)<\/strong>: Permite conectividade confi\u00e1vel de \u00faltima milha para usu\u00e1rios residenciais e comerciais.<\/li>\n<li><strong>Centros de dados<\/strong>: Oferece suporte a interconex\u00f5es de alta densidade entre servidores, switches e sistemas de armazenamento.<\/li>\n<li><strong>Redes corporativas<\/strong>: Facilita a transmiss\u00e3o de dados segura e de alta velocidade para campi de escrit\u00f3rios e organiza\u00e7\u00f5es com v\u00e1rios locais.<\/li>\n<li><strong>Infraestrutura de telecomunica\u00e7\u00f5es<\/strong>: Apoia implanta\u00e7\u00f5es de redes de longa dist\u00e2ncia e metropolitanas para provedores de servi\u00e7os.<\/li>\n<\/ul>\n<h2>Perguntas frequentes (FAQ)<\/h2>\n<h3>P1: Qual \u00e9 a principal diferen\u00e7a entre os conectores UPC e APC?<\/h3>\n<div>R: Os conectores UPC (Ultra Physical Contact) apresentam uma superf\u00edcie polida que minimiza a reflex\u00e3o do sinal (perda de retorno \u226530 dB), o que os torna ideais para redes de dados de alta velocidade. Os conectores APC (Angled Physical Contact) t\u00eam um polimento angular de 8 graus, reduzindo a perda de retorno para \u226540 dB, o que \u00e9 fundamental para aplica\u00e7\u00f5es anal\u00f3gicas e de alta frequ\u00eancia, como CATV. Nossos pigtails LC\/UPC s\u00e3o otimizados para a transmiss\u00e3o de dados digitais em data centers e FTTH.<\/div>\n<h3>P2: Como o design de 12 n\u00facleos beneficia minha rede de fibra?<\/h3>\n<div>R: O design de 12 n\u00facleos consolida 12 fios de fibra individuais em um \u00fanico pigtail compacto, reduzindo a confus\u00e3o de cabos e simplificando a instala\u00e7\u00e3o em ambientes de alta densidade, como data centers. Esse design tamb\u00e9m reduz o tempo de implementa\u00e7\u00e3o e os custos de m\u00e3o de obra, permitindo conex\u00f5es de v\u00e1rias fibras em uma \u00fanica etapa.<\/div>\n<h3>P3: Quais protocolos de teste garantem a confiabilidade dos seus pigtails de fibra?<\/h3>\n<div>R: Todo pigtail SM de 12 n\u00facleos LC\/UPC \u00e9 submetido a testes de f\u00e1brica 100%, incluindo verifica\u00e7\u00e3o de perda de inser\u00e7\u00e3o, perda de retorno e resist\u00eancia \u00e0 tra\u00e7\u00e3o. Aderimos aos padr\u00f5es IEC 61753-1 e Telcordia GR-326, garantindo a conformidade com os padr\u00f5es globais de desempenho e durabilidade.<\/div>\n<h3>P4: Por que o material LSZH \u00e9 usado em seus pigtails de fibra?<\/h3>\n<div>R: O material LSZH (Low Smoke Zero Halogen) emite o m\u00ednimo de fuma\u00e7a e gases t\u00f3xicos quando exposto ao fogo, aumentando a seguran\u00e7a em espa\u00e7os fechados, como data centers e pr\u00e9dios de escrit\u00f3rios. Isso faz com que nossos pigtails estejam em conformidade com as rigorosas normas de seguran\u00e7a contra inc\u00eandio em todo o mundo, incluindo a diretiva RoHS da UE.<\/div>\n<h3>Q5: Como posso manter o desempenho ideal dos meus pigtails de fibra LC\/UPC?<\/h3>\n<div>R: Para garantir o desempenho a longo prazo:<\/div>\n<ul>\n<li>Evite dobrar o cabo al\u00e9m de seu raio de curvatura m\u00ednimo (normalmente \u226530 mm para fibras monomodo).<\/li>\n<li>Mantenha as extremidades do conector limpas usando len\u00e7os sem fiapos e \u00e1lcool isoprop\u00edlico.<\/li>\n<li>Armazene os pigtails em ambientes livres de poeira quando n\u00e3o estiverem em uso.<\/li>\n<li>Use ferramentas de fibra \u00f3ptica adequadas para acoplar e desacoplar para evitar danos ao ferrolho.<\/li>\n<\/ul>","protected":false},"excerpt":{"rendered":"<h2>Confi\u00e1vel, dur\u00e1vel e projetado com precis\u00e3o para FTTH, data centers e infraestrutura de telecomunica\u00e7\u00f5es<\/h2>\n<div>No cen\u00e1rio em r\u00e1pida evolu\u00e7\u00e3o das comunica\u00e7\u00f5es por fibra \u00f3ptica, a <strong>Pigtail de fibra monomodo LC\/UPC de 12 n\u00facleos<\/strong> \u00e9 a pedra angular da conectividade de alto desempenho. Como parte do <em>Cabo de conex\u00e3o de fibra \u00f3ptica<\/em> fam\u00edlia de produtos e categorizada como <em>Pigtail de fibra de 12 n\u00facleos<\/em>, Com a tecnologia de fibra \u00f3ptica, esse componente oferece repetibilidade excepcional, baixa perda de inser\u00e7\u00e3o e durabilidade robusta para dar suporte a opera\u00e7\u00f5es de rede cr\u00edticas. Seja para implementa\u00e7\u00f5es de FTTH (fiber-to-the-home), interconex\u00f5es de data centers ou expans\u00f5es de redes corporativas, ele garante uma transmiss\u00e3o de sinal perfeita e confiabilidade de longo prazo.<\/div>","protected":false},"featured_media":635,"comment_status":"open","ping_status":"closed","template":"","meta":[],"product_brand":[],"product_cat":[43],"product_tag":[],"class_list":{"0":"post-578","1":"product","2":"type-product","3":"status-publish","4":"has-post-thumbnail","6":"product_cat-12-core-fiber-pigtail","8":"first","9":"instock","10":"shipping-taxable","11":"product-type-simple"},"_links":{"self":[{"href":"https:\/\/www.fenxifiber.com\/pt\/wp-json\/wp\/v2\/product\/578","targetHints":{"allow":["GET"]}}],"collection":[{"href":"https:\/\/www.fenxifiber.com\/pt\/wp-json\/wp\/v2\/product"}],"about":[{"href":"https:\/\/www.fenxifiber.com\/pt\/wp-json\/wp\/v2\/types\/product"}],"replies":[{"embeddable":true,"href":"https:\/\/www.fenxifiber.com\/pt\/wp-json\/wp\/v2\/comments?post=578"}],"wp:featuredmedia":[{"embeddable":true,"href":"https:\/\/www.fenxifiber.com\/pt\/wp-json\/wp\/v2\/media\/635"}],"wp:attachment":[{"href":"https:\/\/www.fenxifiber.com\/pt\/wp-json\/wp\/v2\/media?parent=578"}],"wp:term":[{"taxonomy":"product_brand","embeddable":true,"href":"https:\/\/www.fenxifiber.com\/pt\/wp-json\/wp\/v2\/product_brand?post=578"},{"taxonomy":"product_cat","embeddable":true,"href":"https:\/\/www.fenxifiber.com\/pt\/wp-json\/wp\/v2\/product_cat?post=578"},{"taxonomy":"product_tag","embeddable":true,"href":"https:\/\/www.fenxifiber.com\/pt\/wp-json\/wp\/v2\/product_tag?post=578"}],"curies":[{"name":"wp","href":"https:\/\/api.w.org\/{rel}","templated":true}]}}