{"id":639,"date":"2026-02-03T05:25:41","date_gmt":"2026-02-03T05:25:41","guid":{"rendered":"https:\/\/www.fenxifiber.com\/?post_type=product&#038;p=639"},"modified":"2026-02-04T00:57:12","modified_gmt":"2026-02-04T00:57:12","slug":"pigtail-de-fibra-om3-fc-upc-de-12-nucleos","status":"publish","type":"product","link":"https:\/\/www.fenxifiber.com\/pt\/product\/12-core-om3-fc-upc-fiber-pigtail\/","title":{"rendered":"Pigtail de fibra OM3 FC\/UPC de 12 n\u00facleos"},"content":{"rendered":"<h2 data-start=\"748\" data-end=\"781\">Principais recursos e vantagens<\/h2>\n<ul data-start=\"783\" data-end=\"1913\">\n<li data-start=\"783\" data-end=\"1029\">\n<p data-start=\"785\" data-end=\"1029\"><strong data-start=\"785\" data-end=\"819\">Alta estabilidade e repetibilidade<\/strong> - Fabricado com materiais avan\u00e7ados e processos de produ\u00e7\u00e3o autom\u00e1ticos para garantir a precis\u00e3o dimensional, a resist\u00eancia ambiental e a estabilidade do desempenho a longo prazo.<\/p>\n<\/li>\n<li data-start=\"1030\" data-end=\"1292\">\n<p data-start=\"1032\" data-end=\"1292\"><strong data-start=\"1032\" data-end=\"1073\">Baixa perda de inser\u00e7\u00e3o e alta perda de retorno<\/strong> - Os terminais de cer\u00e2mica FC\/UPC de alta qualidade e o polimento preciso proporcionam baixa perda de inser\u00e7\u00e3o e excelente perda de retorno, reduzindo as reflex\u00f5es de sinal e mantendo a alta qualidade do link.<\/p>\n<\/li>\n<li data-start=\"1293\" data-end=\"1523\">\n<p data-start=\"1295\" data-end=\"1523\"><strong data-start=\"1295\" data-end=\"1332\">N\u00facleo de fibra e conectividade precisos<\/strong> - Usa fibra multimodo OM3 50\/125 \u00b5m otimizada para <strong data-start=\"1384\" data-end=\"1424\">10 Gigabit e redes de velocidade mais alta<\/strong>, fornecendo maior largura de banda em rela\u00e7\u00e3o \u00e0 fibra multimodo antiga.<\/p>\n<\/li>\n<li data-start=\"1524\" data-end=\"1770\">\n<p data-start=\"1526\" data-end=\"1770\"><strong data-start=\"1526\" data-end=\"1561\">Constru\u00e7\u00e3o dur\u00e1vel e flex\u00edvel<\/strong> - O design de feixe com buffer apertado permite f\u00e1cil remo\u00e7\u00e3o, organiza\u00e7\u00e3o em leque e termina\u00e7\u00e3o de emenda segura dentro de quadros de distribui\u00e7\u00e3o, pain\u00e9is de conex\u00e3o ou gabinetes de telecomunica\u00e7\u00f5es.<\/p>\n<\/li>\n<li data-start=\"1771\" data-end=\"1913\">\n<p data-start=\"1773\" data-end=\"1913\"><strong data-start=\"1773\" data-end=\"1806\">Codificado por cores e f\u00e1cil de instalar<\/strong> - O revestimento do cabo multimodo Aqua e a identifica\u00e7\u00e3o colorida da fibra simplificam a instala\u00e7\u00e3o e o gerenciamento em campo.<\/p>\n<\/li>\n<\/ul>\n<hr data-start=\"1915\" data-end=\"1918\" \/>\n<h2 data-start=\"1920\" data-end=\"1951\">Especifica\u00e7\u00f5es t\u00e9cnicas<\/h2>\n<div class=\"TyagGW_tableContainer\">\n<div class=\"group TyagGW_tableWrapper flex flex-col-reverse w-fit\" tabindex=\"-1\">\n<table class=\"w-fit min-w-(--thread-content-width)\" data-start=\"1953\" data-end=\"2803\">\n<thead data-start=\"1953\" data-end=\"1990\">\n<tr data-start=\"1953\" data-end=\"1990\">\n<th class=\"\" data-start=\"1953\" data-end=\"1969\" data-col-size=\"sm\"><strong data-start=\"1955\" data-end=\"1968\">Par\u00e2metro<\/strong><\/th>\n<th class=\"\" data-start=\"1969\" data-end=\"1990\" data-col-size=\"md\"><strong data-start=\"1971\" data-end=\"1988\">Especifica\u00e7\u00e3o<\/strong><\/th>\n<\/tr>\n<\/thead>\n<tbody data-start=\"2029\" data-end=\"2803\">\n<tr data-start=\"2029\" data-end=\"2073\">\n<td data-start=\"2029\" data-end=\"2048\" data-col-size=\"sm\"><strong data-start=\"2031\" data-end=\"2047\">Nome do produto<\/strong><\/td>\n<td data-start=\"2048\" data-end=\"2073\" data-col-size=\"md\">Pigtail de fibra de 12 n\u00facleos<\/td>\n<\/tr>\n<tr data-start=\"2074\" data-end=\"2120\">\n<td data-start=\"2074\" data-end=\"2091\" data-col-size=\"sm\"><strong data-start=\"2076\" data-end=\"2090\">Tipo de fibra<\/strong><\/td>\n<td data-start=\"2091\" data-end=\"2120\" data-col-size=\"md\">Multimodo OM3 (50\/125 \u00b5m)<\/td>\n<\/tr>\n<tr data-start=\"2121\" data-end=\"2152\">\n<td data-start=\"2121\" data-end=\"2142\" data-col-size=\"sm\"><strong data-start=\"2123\" data-end=\"2141\">Tipo de conector<\/strong><\/td>\n<td data-start=\"2142\" data-end=\"2152\" data-col-size=\"md\">FC\/UPC<\/td>\n<\/tr>\n<tr data-start=\"2153\" data-end=\"2254\">\n<td data-start=\"2153\" data-end=\"2184\" data-col-size=\"sm\"><strong data-start=\"2155\" data-end=\"2183\">Perda de inser\u00e7\u00e3o (t\u00edpica)<\/strong><\/td>\n<td data-start=\"2184\" data-end=\"2254\" data-col-size=\"md\">\u2264 0,2 - 0,3 dB por conector<\/td>\n<\/tr>\n<tr data-start=\"2255\" data-end=\"2334\">\n<td data-start=\"2255\" data-end=\"2273\" data-col-size=\"sm\"><strong data-start=\"2257\" data-end=\"2272\">Perda de retorno<\/strong><\/td>\n<td data-start=\"2273\" data-end=\"2334\" data-col-size=\"md\">\u2265 35 dB (multimodo)<\/td>\n<\/tr>\n<tr data-start=\"2335\" data-end=\"2422\">\n<td data-start=\"2335\" data-end=\"2368\" data-col-size=\"sm\"><strong data-start=\"2337\" data-end=\"2367\">Durabilidade (ciclos de acasalamento)<\/strong><\/td>\n<td data-start=\"2368\" data-end=\"2422\" data-col-size=\"md\">\u2265 1000 vezes<\/td>\n<\/tr>\n<tr data-start=\"2423\" data-end=\"2493\">\n<td data-start=\"2423\" data-end=\"2443\" data-col-size=\"sm\"><strong data-start=\"2425\" data-end=\"2442\">Repetibilidade<\/strong><\/td>\n<td data-start=\"2443\" data-end=\"2493\" data-col-size=\"md\">\u2264 0,1 dB<\/td>\n<\/tr>\n<tr data-start=\"2494\" data-end=\"2598\">\n<td data-start=\"2494\" data-end=\"2521\" data-col-size=\"sm\"><strong data-start=\"2496\" data-end=\"2520\">Comprimento de onda operacional<\/strong><\/td>\n<td data-start=\"2521\" data-end=\"2598\" data-col-size=\"md\">850 nm, 1300 nm (t\u00edpico para OM3)<\/td>\n<\/tr>\n<tr data-start=\"2599\" data-end=\"2654\">\n<td data-start=\"2599\" data-end=\"2621\" data-col-size=\"sm\"><strong data-start=\"2601\" data-end=\"2620\">Material da jaqueta<\/strong><\/td>\n<td data-start=\"2621\" data-end=\"2654\" data-col-size=\"md\">LSZH (baixa fuma\u00e7a e zero halog\u00eanio)<\/td>\n<\/tr>\n<tr data-start=\"2655\" data-end=\"2711\">\n<td data-start=\"2655\" data-end=\"2676\" data-col-size=\"sm\"><strong data-start=\"2657\" data-end=\"2675\">Di\u00e2metro do cabo<\/strong><\/td>\n<td data-start=\"2676\" data-end=\"2711\" data-col-size=\"md\">Normalmente 0,9 mm com buffer apertado<\/td>\n<\/tr>\n<tr data-start=\"2712\" data-end=\"2803\">\n<td data-start=\"2712\" data-end=\"2740\" data-col-size=\"sm\"><strong data-start=\"2714\" data-end=\"2739\">Temperatura operacional<\/strong><\/td>\n<td data-start=\"2740\" data-end=\"2803\" data-col-size=\"md\">-40 \u00b0C a +75\/80 \u00b0C<\/td>\n<\/tr>\n<\/tbody>\n<\/table>\n<\/div>\n<\/div>\n<hr data-start=\"2805\" data-end=\"2808\" \/>\n<h2 data-start=\"2810\" data-end=\"2829\">Aplicativos<\/h2>\n<ul data-start=\"2831\" data-end=\"3082\">\n<li data-start=\"2831\" data-end=\"2892\">\n<p data-start=\"2833\" data-end=\"2892\">Interconex\u00f5es de data center e distribui\u00e7\u00e3o de backbone de fibra<\/p>\n<\/li>\n<li data-start=\"2893\" data-end=\"2936\">\n<p data-start=\"2895\" data-end=\"2936\">LAN\/WAN e redes \u00f3pticas empresariais<\/p>\n<\/li>\n<li data-start=\"2937\" data-end=\"2976\">\n<p data-start=\"2939\" data-end=\"2976\">Instala\u00e7\u00f5es de telecomunica\u00e7\u00f5es e FTTH\/FTTx<\/p>\n<\/li>\n<li data-start=\"2977\" data-end=\"3033\">\n<p data-start=\"2979\" data-end=\"3033\">Patch panels, gabinetes de fibra e gabinetes de telecomunica\u00e7\u00f5es<\/p>\n<\/li>\n<li data-start=\"3034\" data-end=\"3082\">\n<p data-start=\"3036\" data-end=\"3082\">Sistemas de distribui\u00e7\u00e3o e emenda \u00f3ptica para ambientes internos<\/p>\n<\/li>\n<\/ul>\n<hr data-start=\"3084\" data-end=\"3087\" \/>\n<h2 data-start=\"3089\" data-end=\"3112\">Perguntas e respostas profissionais<\/h2>\n<p data-start=\"3114\" data-end=\"3431\"><strong data-start=\"3114\" data-end=\"3159\">P1: O que significa a designa\u00e7\u00e3o \u201cOM3\u201d?<\/strong><br data-start=\"3159\" data-end=\"3162\" \/><strong data-start=\"3162\" data-end=\"3168\">A:<\/strong> OM3 significa <strong data-start=\"3184\" data-end=\"3207\">Multimodo \u00f3ptico 3<\/strong>, um tipo de fibra multimodo otimizada para laser, projetada para transfer\u00eancia de dados em alta velocidade (por exemplo, 10 Gbps ou mais). Seu n\u00facleo tem tamanho de 50\/125 \u00b5m e a cor do revestimento \u00e9 aqua para facilitar a identifica\u00e7\u00e3o.<\/p>\n<p data-start=\"3433\" data-end=\"3768\"><strong data-start=\"3433\" data-end=\"3484\">P2: Por que escolher conectores FC\/UPC para um pigtail?<\/strong><br data-start=\"3484\" data-end=\"3487\" \/><strong data-start=\"3487\" data-end=\"3493\">A:<\/strong> <strong data-start=\"3494\" data-end=\"3515\">Conectores FC\/UPC<\/strong> oferecem excelente durabilidade mec\u00e2nica e desempenho \u00f3ptico est\u00e1vel com um design de acoplamento rosqueado. O polimento de contato ultraf\u00edsico (UPC) reduz a reflex\u00e3o traseira e aumenta a perda de retorno em sistemas multimodo.<\/p>\n<p data-start=\"3770\" data-end=\"4093\"><strong data-start=\"3770\" data-end=\"3828\">P3: Para quais ambientes esses pigtails s\u00e3o adequados?<\/strong><br data-start=\"3828\" data-end=\"3831\" \/><strong data-start=\"3831\" data-end=\"3837\">A:<\/strong> Esses pigtails s\u00e3o ideais para ambientes internos em telecomunica\u00e7\u00f5es, data centers, pr\u00e9dios de escrit\u00f3rios e racks de distribui\u00e7\u00e3o de rede. O <strong data-start=\"3967\" data-end=\"3982\">Jaqueta LSZH<\/strong> garante a seguran\u00e7a e a conformidade com instala\u00e7\u00f5es de baixa emiss\u00e3o de fuma\u00e7a e \u00e0 prova de fogo.<\/p>\n<p data-start=\"4095\" data-end=\"4408\"><strong data-start=\"4095\" data-end=\"4146\">P4: Como a perda de inser\u00e7\u00e3o afeta o desempenho?<\/strong><br data-start=\"4146\" data-end=\"4149\" \/><strong data-start=\"4149\" data-end=\"4155\">A:<\/strong> A menor perda de inser\u00e7\u00e3o significa que menos pot\u00eancia de sinal \u00e9 perdida no ponto de conex\u00e3o, produzindo uma transmiss\u00e3o de dados mais eficiente - essencial em redes \u00f3pticas de alta velocidade. Os valores t\u00edpicos para esses conectores s\u00e3o \u2264 0,3 dB.<\/p>","protected":false},"excerpt":{"rendered":"<p>O <strong data-start=\"313\" data-end=\"348\">Pigtail de fibra FC\/UPC-12core-OM3<\/strong> \u00e9 um pigtail de fibra \u00f3ptica multimodo de qualidade premium projetado para redes \u00f3pticas confi\u00e1veis de alta velocidade e aplica\u00e7\u00f5es de conectividade precisas. Projetado com um revestimento LSZH resistente, por\u00e9m leve, e conectores FC\/UPC de alta precis\u00e3o, esse pigtail de 12 fibras oferece <strong data-start=\"612\" data-end=\"672\">desempenho consistente, baixa perda e estabilidade superior<\/strong> em sistemas de comunica\u00e7\u00e3o exigentes.<\/p>","protected":false},"featured_media":640,"comment_status":"open","ping_status":"closed","template":"","meta":[],"product_brand":[],"product_cat":[43],"product_tag":[],"class_list":{"0":"post-639","1":"product","2":"type-product","3":"status-publish","4":"has-post-thumbnail","6":"product_cat-12-core-fiber-pigtail","8":"first","9":"instock","10":"shipping-taxable","11":"product-type-simple"},"_links":{"self":[{"href":"https:\/\/www.fenxifiber.com\/pt\/wp-json\/wp\/v2\/product\/639","targetHints":{"allow":["GET"]}}],"collection":[{"href":"https:\/\/www.fenxifiber.com\/pt\/wp-json\/wp\/v2\/product"}],"about":[{"href":"https:\/\/www.fenxifiber.com\/pt\/wp-json\/wp\/v2\/types\/product"}],"replies":[{"embeddable":true,"href":"https:\/\/www.fenxifiber.com\/pt\/wp-json\/wp\/v2\/comments?post=639"}],"wp:featuredmedia":[{"embeddable":true,"href":"https:\/\/www.fenxifiber.com\/pt\/wp-json\/wp\/v2\/media\/640"}],"wp:attachment":[{"href":"https:\/\/www.fenxifiber.com\/pt\/wp-json\/wp\/v2\/media?parent=639"}],"wp:term":[{"taxonomy":"product_brand","embeddable":true,"href":"https:\/\/www.fenxifiber.com\/pt\/wp-json\/wp\/v2\/product_brand?post=639"},{"taxonomy":"product_cat","embeddable":true,"href":"https:\/\/www.fenxifiber.com\/pt\/wp-json\/wp\/v2\/product_cat?post=639"},{"taxonomy":"product_tag","embeddable":true,"href":"https:\/\/www.fenxifiber.com\/pt\/wp-json\/wp\/v2\/product_tag?post=639"}],"curies":[{"name":"wp","href":"https:\/\/api.w.org\/{rel}","templated":true}]}}