{"id":641,"date":"2026-02-03T05:28:33","date_gmt":"2026-02-03T05:28:33","guid":{"rendered":"https:\/\/www.fenxifiber.com\/?post_type=product&#038;p=641"},"modified":"2026-02-04T00:58:59","modified_gmt":"2026-02-04T00:58:59","slug":"pigtail-de-fibra-lc-upc-12core-om3","status":"publish","type":"product","link":"https:\/\/www.fenxifiber.com\/pt\/product\/lc-upc-12core-om3-fiber-pigtail\/","title":{"rendered":"Pigtail de fibra LC\/UPC-12core-OM3 - Conectividade de rede de alta densidade"},"content":{"rendered":"<h2 data-start=\"639\" data-end=\"673\">\ud83d\udd0d <strong data-start=\"646\" data-end=\"673\">Principais recursos e benef\u00edcios<\/strong><\/h2>\n<ul data-start=\"675\" data-end=\"1209\">\n<li data-start=\"675\" data-end=\"784\">\n<p data-start=\"677\" data-end=\"784\"><strong data-start=\"677\" data-end=\"701\">Conector LC compacto<\/strong> para instala\u00e7\u00f5es de alta densidade - ideal para data centers e patch panels modernos.<\/p>\n<\/li>\n<li data-start=\"785\" data-end=\"892\">\n<p data-start=\"787\" data-end=\"892\"><strong data-start=\"787\" data-end=\"828\">Baixa perda de inser\u00e7\u00e3o e alta perda de retorno<\/strong> garantem a transmiss\u00e3o eficiente do sinal com o m\u00ednimo de reflex\u00e3o.<\/p>\n<\/li>\n<li data-start=\"893\" data-end=\"1010\">\n<p data-start=\"895\" data-end=\"1010\"><strong data-start=\"895\" data-end=\"931\">Fibra multimodo OM3 de alta qualidade<\/strong> suporta alta largura de banda e \u00e9 otimizado para aplicativos de 10 Gbps ou mais.<\/p>\n<\/li>\n<li data-start=\"1011\" data-end=\"1114\">\n<p data-start=\"1013\" data-end=\"1114\"><strong data-start=\"1013\" data-end=\"1052\">Constru\u00e7\u00e3o est\u00e1vel e repetibilidade<\/strong> gra\u00e7as \u00e0 produ\u00e7\u00e3o autom\u00e1tica e aos r\u00edgidos controles de qualidade.<\/p>\n<\/li>\n<li data-start=\"1115\" data-end=\"1209\">\n<p data-start=\"1117\" data-end=\"1209\"><strong data-start=\"1117\" data-end=\"1141\">Design amig\u00e1vel ao usu\u00e1rio<\/strong> com revestimento aqua OM3 para facilitar a identifica\u00e7\u00e3o e o roteamento organizado.<\/p>\n<\/li>\n<\/ul>\n<hr data-start=\"1211\" data-end=\"1214\" \/>\n<h2 data-start=\"1216\" data-end=\"1267\">\ud83d\udcca <strong data-start=\"1222\" data-end=\"1267\">Especifica\u00e7\u00e3o t\u00e9cnica do LC\/UPC-12core-OM3<\/strong><\/h2>\n<div class=\"TyagGW_tableContainer\">\n<div class=\"group TyagGW_tableWrapper flex flex-col-reverse w-fit\" tabindex=\"-1\">\n<table class=\"w-fit min-w-(--thread-content-width)\" data-start=\"1269\" data-end=\"1715\">\n<thead data-start=\"1269\" data-end=\"1306\">\n<tr data-start=\"1269\" data-end=\"1306\">\n<th class=\"\" data-start=\"1269\" data-end=\"1285\" data-col-size=\"sm\"><strong data-start=\"1271\" data-end=\"1284\">Par\u00e2metro<\/strong><\/th>\n<th class=\"\" data-start=\"1285\" data-end=\"1306\" data-col-size=\"sm\"><strong data-start=\"1287\" data-end=\"1304\">Especifica\u00e7\u00e3o<\/strong><\/th>\n<\/tr>\n<\/thead>\n<tbody data-start=\"1345\" data-end=\"1715\">\n<tr data-start=\"1345\" data-end=\"1392\">\n<td data-start=\"1345\" data-end=\"1360\" data-col-size=\"sm\">Nome do produto<\/td>\n<td data-start=\"1360\" data-end=\"1392\" data-col-size=\"sm\">Pigtail de fibra LC\/UPC de 12 n\u00facleos<\/td>\n<\/tr>\n<tr data-start=\"1393\" data-end=\"1435\">\n<td data-start=\"1393\" data-end=\"1406\" data-col-size=\"sm\">Tipo de fibra<\/td>\n<td data-start=\"1406\" data-end=\"1435\" data-col-size=\"sm\">Multimodo OM3 (50\/125 \u00b5m)<\/td>\n<\/tr>\n<tr data-start=\"1436\" data-end=\"1463\">\n<td data-start=\"1436\" data-end=\"1453\" data-col-size=\"sm\">Tipo de conector<\/td>\n<td data-start=\"1453\" data-end=\"1463\" data-col-size=\"sm\">LC\/UPC<\/td>\n<\/tr>\n<tr data-start=\"1464\" data-end=\"1499\">\n<td data-start=\"1464\" data-end=\"1481\" data-col-size=\"sm\">Perda de inser\u00e7\u00e3o<\/td>\n<td data-start=\"1481\" data-end=\"1499\" data-col-size=\"sm\">\u2264 0,2 - 0,3 dB<\/td>\n<\/tr>\n<tr data-start=\"1500\" data-end=\"1525\">\n<td data-start=\"1500\" data-end=\"1514\" data-col-size=\"sm\">Perda de retorno<\/td>\n<td data-start=\"1514\" data-end=\"1525\" data-col-size=\"sm\">\u2265 35 dB<\/td>\n<\/tr>\n<tr data-start=\"1526\" data-end=\"1563\">\n<td data-start=\"1526\" data-end=\"1539\" data-col-size=\"sm\">Durabilidade<\/td>\n<td data-start=\"1539\" data-end=\"1563\" data-col-size=\"sm\">\u2265 1000 ciclos de acoplamento<\/td>\n<\/tr>\n<tr data-start=\"1564\" data-end=\"1607\">\n<td data-start=\"1564\" data-end=\"1587\" data-col-size=\"sm\">Comprimento de onda operacional<\/td>\n<td data-start=\"1587\" data-end=\"1607\" data-col-size=\"sm\">850 nm e 1300 nm<\/td>\n<\/tr>\n<tr data-start=\"1608\" data-end=\"1634\">\n<td data-start=\"1608\" data-end=\"1626\" data-col-size=\"sm\">Material da jaqueta<\/td>\n<td data-start=\"1626\" data-end=\"1634\" data-col-size=\"sm\">LSZH<\/td>\n<\/tr>\n<tr data-start=\"1635\" data-end=\"1677\">\n<td data-start=\"1635\" data-end=\"1652\" data-col-size=\"sm\">Di\u00e2metro do cabo<\/td>\n<td data-start=\"1652\" data-end=\"1677\" data-col-size=\"sm\">0,9 mm com buffer apertado<\/td>\n<\/tr>\n<tr data-start=\"1678\" data-end=\"1715\">\n<td data-start=\"1678\" data-end=\"1695\" data-col-size=\"sm\">Temperatura de opera\u00e7\u00e3o<\/td>\n<td data-start=\"1695\" data-end=\"1715\" data-col-size=\"sm\">-40 \u00b0C a +80 \u00b0C<\/td>\n<\/tr>\n<\/tbody>\n<\/table>\n<\/div>\n<\/div>","protected":false},"excerpt":{"rendered":"<p data-start=\"224\" data-end=\"637\">O <strong data-start=\"228\" data-end=\"263\">Pigtail de fibra LC\/UPC-12core-OM3<\/strong> \u00e9 um conjunto de fibra \u00f3ptica multimodo de alto desempenho projetado para redes de comunica\u00e7\u00e3o de alta velocidade que exigem conectividade compacta e confi\u00e1vel. Equipado com conectores LC\/UPC de precis\u00e3o e fibra multimodo OM3, esse pigtail oferece <strong data-start=\"495\" data-end=\"551\">baixa perda, alta estabilidade e repetibilidade superior<\/strong> em data centers, redes corporativas, salas de telecomunica\u00e7\u00f5es e quadros de distribui\u00e7\u00e3o \u00f3ptica.<\/p>\n<h3 data-start=\"639\" data-end=\"673\"><\/h3>","protected":false},"featured_media":642,"comment_status":"open","ping_status":"closed","template":"","meta":[],"product_brand":[],"product_cat":[43],"product_tag":[],"class_list":{"0":"post-641","1":"product","2":"type-product","3":"status-publish","4":"has-post-thumbnail","6":"product_cat-12-core-fiber-pigtail","8":"first","9":"instock","10":"shipping-taxable","11":"product-type-simple"},"_links":{"self":[{"href":"https:\/\/www.fenxifiber.com\/pt\/wp-json\/wp\/v2\/product\/641","targetHints":{"allow":["GET"]}}],"collection":[{"href":"https:\/\/www.fenxifiber.com\/pt\/wp-json\/wp\/v2\/product"}],"about":[{"href":"https:\/\/www.fenxifiber.com\/pt\/wp-json\/wp\/v2\/types\/product"}],"replies":[{"embeddable":true,"href":"https:\/\/www.fenxifiber.com\/pt\/wp-json\/wp\/v2\/comments?post=641"}],"wp:featuredmedia":[{"embeddable":true,"href":"https:\/\/www.fenxifiber.com\/pt\/wp-json\/wp\/v2\/media\/642"}],"wp:attachment":[{"href":"https:\/\/www.fenxifiber.com\/pt\/wp-json\/wp\/v2\/media?parent=641"}],"wp:term":[{"taxonomy":"product_brand","embeddable":true,"href":"https:\/\/www.fenxifiber.com\/pt\/wp-json\/wp\/v2\/product_brand?post=641"},{"taxonomy":"product_cat","embeddable":true,"href":"https:\/\/www.fenxifiber.com\/pt\/wp-json\/wp\/v2\/product_cat?post=641"},{"taxonomy":"product_tag","embeddable":true,"href":"https:\/\/www.fenxifiber.com\/pt\/wp-json\/wp\/v2\/product_tag?post=641"}],"curies":[{"name":"wp","href":"https:\/\/api.w.org\/{rel}","templated":true}]}}