{"id":653,"date":"2026-02-03T05:49:41","date_gmt":"2026-02-03T05:49:41","guid":{"rendered":"https:\/\/www.fenxifiber.com\/?post_type=product&#038;p=653"},"modified":"2026-02-04T01:21:32","modified_gmt":"2026-02-04T01:21:32","slug":"fc-upc-fc-upc-50-125-dx","status":"publish","type":"product","link":"https:\/\/www.fenxifiber.com\/pt\/product\/fc-upc-fc-upc-50-125-dx\/","title":{"rendered":"Cabo de conex\u00e3o de fibra \u00f3ptica multimodo FC\/UPC-FC\/UPC-50\/125-DX"},"content":{"rendered":"<h3 data-start=\"775\" data-end=\"825\"><strong data-start=\"779\" data-end=\"825\">Projetado para links \u00f3pticos limpos e est\u00e1veis<\/strong><\/h3>\n<p data-start=\"827\" data-end=\"1143\">Diferentemente dos conectores push-pull, os conectores FC usam um <strong data-start=\"876\" data-end=\"907\">acoplamento rosqueado de precis\u00e3o<\/strong>, que evita micro-movimentos que podem causar flutua\u00e7\u00e3o de sinal. Quando emparelhado com <strong data-start=\"991\" data-end=\"1033\">Polimento UPC (Ultra Physical Contact)<\/strong>, Com o uso de um sistema de fibra \u00f3ptica, as faces das extremidades da fibra formam um contato f\u00edsico firme e suave que minimiza a reflex\u00e3o traseira e a perda de inser\u00e7\u00e3o.<\/p>\n<p data-start=\"1145\" data-end=\"1290\">O resultado \u00e9 um patch cord de fibra que fornece <strong data-start=\"1192\" data-end=\"1226\">desempenho \u00f3ptico consistente<\/strong> mesmo em ambientes com ru\u00eddos el\u00e9tricos ou mecanicamente ativos.<\/p>\n<hr data-start=\"1292\" data-end=\"1295\" \/>\n<h3 data-start=\"1297\" data-end=\"1333\"><strong data-start=\"1301\" data-end=\"1333\">Principais especifica\u00e7\u00f5es t\u00e9cnicas<\/strong><\/h3>\n<div class=\"TyagGW_tableContainer\">\n<div class=\"group TyagGW_tableWrapper flex flex-col-reverse w-fit\" tabindex=\"-1\">\n<table class=\"w-fit min-w-(--thread-content-width)\" data-start=\"1335\" data-end=\"1859\">\n<thead data-start=\"1335\" data-end=\"1374\">\n<tr data-start=\"1335\" data-end=\"1374\">\n<th class=\"\" data-start=\"1335\" data-end=\"1347\" data-col-size=\"sm\">Par\u00e2metro<\/th>\n<th class=\"\" data-start=\"1347\" data-end=\"1374\" data-col-size=\"sm\">FC\/UPC\u2013FC\/UPC-50\/125-DX<\/th>\n<\/tr>\n<\/thead>\n<tbody data-start=\"1403\" data-end=\"1859\">\n<tr data-start=\"1403\" data-end=\"1439\">\n<td data-start=\"1403\" data-end=\"1416\" data-col-size=\"sm\">Tipo de fibra<\/td>\n<td data-col-size=\"sm\" data-start=\"1416\" data-end=\"1439\">Multimodo 50\/125 \u03bcm<\/td>\n<\/tr>\n<tr data-start=\"1440\" data-end=\"1477\">\n<td data-start=\"1440\" data-end=\"1453\" data-col-size=\"sm\">Modo de fibra<\/td>\n<td data-col-size=\"sm\" data-start=\"1453\" data-end=\"1477\">Compat\u00edvel com OM2 \/ OM3<\/td>\n<\/tr>\n<tr data-start=\"1478\" data-end=\"1509\">\n<td data-start=\"1478\" data-end=\"1494\" data-col-size=\"sm\">Configura\u00e7\u00e3o<\/td>\n<td data-col-size=\"sm\" data-start=\"1494\" data-end=\"1509\">Duplex (DX)<\/td>\n<\/tr>\n<tr data-start=\"1510\" data-end=\"1536\">\n<td data-start=\"1510\" data-end=\"1524\" data-col-size=\"sm\">Conector A<\/td>\n<td data-col-size=\"sm\" data-start=\"1524\" data-end=\"1536\">FC \/ UPC<\/td>\n<\/tr>\n<tr data-start=\"1537\" data-end=\"1563\">\n<td data-start=\"1537\" data-end=\"1551\" data-col-size=\"sm\">Conector B<\/td>\n<td data-col-size=\"sm\" data-start=\"1551\" data-end=\"1563\">FC \/ UPC<\/td>\n<\/tr>\n<tr data-start=\"1564\" data-end=\"1607\">\n<td data-start=\"1564\" data-end=\"1587\" data-col-size=\"sm\">Comprimento de onda operacional<\/td>\n<td data-start=\"1587\" data-end=\"1607\" data-col-size=\"sm\">850 nm \/ 1300 nm<\/td>\n<\/tr>\n<tr data-start=\"1608\" data-end=\"1638\">\n<td data-start=\"1608\" data-end=\"1625\" data-col-size=\"sm\">Perda de inser\u00e7\u00e3o<\/td>\n<td data-col-size=\"sm\" data-start=\"1625\" data-end=\"1638\">\u2264 0,30 dB<\/td>\n<\/tr>\n<tr data-start=\"1639\" data-end=\"1670\">\n<td data-start=\"1639\" data-end=\"1653\" data-col-size=\"sm\">Perda de retorno<\/td>\n<td data-col-size=\"sm\" data-start=\"1653\" data-end=\"1670\">\u2265 30 dB (UPC)<\/td>\n<\/tr>\n<tr data-start=\"1671\" data-end=\"1701\">\n<td data-start=\"1671\" data-end=\"1686\" data-col-size=\"sm\">Capa do cabo<\/td>\n<td data-col-size=\"sm\" data-start=\"1686\" data-end=\"1701\">LSZH ou PVC<\/td>\n<\/tr>\n<tr data-start=\"1702\" data-end=\"1732\">\n<td data-start=\"1702\" data-end=\"1721\" data-col-size=\"sm\">Resist\u00eancia \u00e0 tra\u00e7\u00e3o<\/td>\n<td data-col-size=\"sm\" data-start=\"1721\" data-end=\"1732\">\u2265 200 N<\/td>\n<\/tr>\n<tr data-start=\"1733\" data-end=\"1771\">\n<td data-start=\"1733\" data-end=\"1746\" data-col-size=\"sm\">Durabilidade<\/td>\n<td data-col-size=\"sm\" data-start=\"1746\" data-end=\"1771\">\u2265 1.000 ciclos de acoplamento<\/td>\n<\/tr>\n<tr data-start=\"1772\" data-end=\"1816\">\n<td data-start=\"1772\" data-end=\"1796\" data-col-size=\"sm\">Temperatura operacional<\/td>\n<td data-col-size=\"sm\" data-start=\"1796\" data-end=\"1816\">-10 \u00b0C a +70 \u00b0C<\/td>\n<\/tr>\n<tr data-start=\"1817\" data-end=\"1859\">\n<td data-start=\"1817\" data-end=\"1830\" data-col-size=\"sm\">Conformidade<\/td>\n<td data-col-size=\"sm\" data-start=\"1830\" data-end=\"1859\">IEC, TIA-568, RoHS, REACH<\/td>\n<\/tr>\n<\/tbody>\n<\/table>\n<\/div>\n<\/div>\n<hr data-start=\"1861\" data-end=\"1864\" \/>\n<h3 data-start=\"1866\" data-end=\"1906\"><strong data-start=\"1870\" data-end=\"1906\">Como ele funciona em redes reais<\/strong><\/h3>\n<p data-start=\"1908\" data-end=\"1977\">Em <strong data-start=\"1911\" data-end=\"1921\">850 nm<\/strong>, A fibra multimodo de 50\/125 \u03bcm suporta taxas de dados como:<\/p>\n<ul data-start=\"1979\" data-end=\"2066\">\n<li data-start=\"1979\" data-end=\"2017\">\n<p data-start=\"1981\" data-end=\"2017\"><strong data-start=\"1981\" data-end=\"2015\">Ethernet 10G at\u00e9 300 m (OM3)<\/strong><\/p>\n<\/li>\n<li data-start=\"2018\" data-end=\"2066\">\n<p data-start=\"2020\" data-end=\"2066\"><strong data-start=\"2020\" data-end=\"2066\">\u00d3ptica paralela 40G \/ 100G de at\u00e9 100-150 m<\/strong><\/p>\n<\/li>\n<\/ul>\n<p data-start=\"2068\" data-end=\"2116\">Isso torna o cabo FC\/UPC-FC\/UPC-DX ideal para:<\/p>\n<ul data-start=\"2118\" data-end=\"2255\">\n<li data-start=\"2118\" data-end=\"2146\">\n<p data-start=\"2120\" data-end=\"2146\"><strong data-start=\"2120\" data-end=\"2146\">Equipamento de teste \u00f3ptico<\/strong><\/p>\n<\/li>\n<li data-start=\"2147\" data-end=\"2172\">\n<p data-start=\"2149\" data-end=\"2172\"><strong data-start=\"2149\" data-end=\"2172\">Ethernet industrial<\/strong><\/p>\n<\/li>\n<li data-start=\"2173\" data-end=\"2194\">\n<p data-start=\"2175\" data-end=\"2194\"><strong data-start=\"2175\" data-end=\"2194\">Redes de campus<\/strong><\/p>\n<\/li>\n<li data-start=\"2195\" data-end=\"2223\">\n<p data-start=\"2197\" data-end=\"2223\"><strong data-start=\"2197\" data-end=\"2223\">Sistemas de telecomunica\u00e7\u00f5es legados<\/strong><\/p>\n<\/li>\n<li data-start=\"2224\" data-end=\"2255\">\n<p data-start=\"2226\" data-end=\"2255\"><strong data-start=\"2226\" data-end=\"2255\">Estruturas de distribui\u00e7\u00e3o de fibra<\/strong><\/p>\n<\/li>\n<\/ul>\n<hr data-start=\"2257\" data-end=\"2260\" \/>\n<h3 data-start=\"2262\" data-end=\"2309\"><strong data-start=\"2266\" data-end=\"2309\">Criado para oferecer confiabilidade e repetibilidade<\/strong><\/h3>\n<p data-start=\"2311\" data-end=\"2473\">Cada cabo de conex\u00e3o \u00e9 terminado na f\u00e1brica e polido com <strong data-start=\"2368\" data-end=\"2403\">Virolas de cer\u00e2mica de alta precis\u00e3o<\/strong> e passa por <strong data-start=\"2418\" data-end=\"2442\">Teste \u00f3ptico 100%<\/strong> antes do envio. Isso garante:<\/p>\n<ul data-start=\"2475\" data-end=\"2615\">\n<li data-start=\"2475\" data-end=\"2508\">\n<p data-start=\"2477\" data-end=\"2508\">Alinhamento preciso do n\u00facleo da fibra<\/p>\n<\/li>\n<li data-start=\"2509\" data-end=\"2552\">\n<p data-start=\"2511\" data-end=\"2552\">Baixa perda de inser\u00e7\u00e3o em ambos os canais<\/p>\n<\/li>\n<li data-start=\"2553\" data-end=\"2615\">\n<p data-start=\"2555\" data-end=\"2615\">Desempenho consistente em sistemas cr\u00edticos ou de alta densidade<\/p>\n<\/li>\n<\/ul>\n<p data-start=\"2617\" data-end=\"2731\">A op\u00e7\u00e3o de jaqueta LSZH tamb\u00e9m suporta <strong data-start=\"2654\" data-end=\"2689\">requisitos modernos de seguran\u00e7a contra inc\u00eandio<\/strong> em data centers e edif\u00edcios comerciais.<\/p>\n<hr data-start=\"2733\" data-end=\"2736\" \/>\n<h2 data-start=\"2738\" data-end=\"2761\"><strong data-start=\"2741\" data-end=\"2761\">Perguntas e respostas profissionais<\/strong><\/h2>\n<p data-start=\"2763\" data-end=\"2975\"><strong data-start=\"2763\" data-end=\"2814\">P1: O que significa \u201c50\/125\u201d nesse patch cord?<\/strong><br data-start=\"2814\" data-end=\"2817\" \/>Refere-se ao tamanho do n\u00facleo e do revestimento da fibra. <strong data-start=\"2865\" data-end=\"2899\">N\u00facleo de 50 \u03bcm e revestimento de 125 \u03bcm<\/strong>, o padr\u00e3o para fibra multimodo usada em ambientes de LAN e data center.<\/p>\n<p data-start=\"2977\" data-end=\"3169\"><strong data-start=\"2977\" data-end=\"3027\">P2: Por que usar conectores FC em vez de LC ou SC?<\/strong><br data-start=\"3027\" data-end=\"3030\" \/>Os conectores FC fornecem <strong data-start=\"3052\" data-end=\"3072\">travamento com rosca<\/strong>, O sistema de controle de temperatura, que impede o movimento e \u00e9 ideal para <strong data-start=\"3115\" data-end=\"3168\">conex\u00f5es sens\u00edveis \u00e0 vibra\u00e7\u00e3o ou de equipamentos de teste<\/strong>.<\/p>\n<p data-start=\"3171\" data-end=\"3312\"><strong data-start=\"3171\" data-end=\"3219\">P3: Esse cabo \u00e9 adequado para redes 10G?<\/strong><br data-start=\"3219\" data-end=\"3222\" \/>Sim. Com fibra 50\/125 de grau OM3, ele suporta <strong data-start=\"3268\" data-end=\"3311\">Ethernet 10G de at\u00e9 300 metros a 850 nm<\/strong>.<\/p>\n<p data-start=\"3314\" data-end=\"3517\"><strong data-start=\"3314\" data-end=\"3364\">Q4: Ele pode ser usado em ambientes industriais?<\/strong><br data-start=\"3364\" data-end=\"3367\" \/>Absolutamente. O design rosqueado do FC oferece excelente resist\u00eancia \u00e0 vibra\u00e7\u00e3o, tornando-o adequado para <strong data-start=\"3470\" data-end=\"3516\">pisos de f\u00e1bricas, laborat\u00f3rios e gabinetes externos<\/strong>.<\/p>","protected":false},"excerpt":{"rendered":"<p data-start=\"65\" data-end=\"499\">O <strong data-start=\"69\" data-end=\"96\">FC\/UPC\u2013FC\/UPC-50\/125-DX<\/strong> \u00e9 um produto constru\u00eddo com precis\u00e3o <strong data-start=\"118\" data-end=\"154\">cabo de conex\u00e3o de fibra \u00f3ptica multimodo<\/strong> projetado para conex\u00f5es \u00f3pticas est\u00e1veis e de baixa perda em salas de telecomunica\u00e7\u00f5es, laborat\u00f3rios, redes industriais e sistemas de backbone legados que ainda dependem de <strong data-start=\"305\" data-end=\"331\">Conectores roscados FC<\/strong>.<br data-start=\"332\" data-end=\"335\" \/>Usando <strong data-start=\"341\" data-end=\"370\">Fibra multimodo 50\/125 \u03bcm<\/strong>, Esse patch cord duplex (DX) oferece transmiss\u00e3o confi\u00e1vel de curto a m\u00e9dio alcance para <strong data-start=\"460\" data-end=\"482\">850 nm e 1300 nm<\/strong> sistemas \u00f3pticos.<\/p>\n<p data-start=\"501\" data-end=\"768\">Os conectores FC s\u00e3o amplamente reconhecidos por sua <strong data-start=\"547\" data-end=\"606\">excelente resist\u00eancia \u00e0 vibra\u00e7\u00e3o e estabilidade mec\u00e2nica<\/strong>, O que torna esse modelo especialmente adequado para <strong data-start=\"650\" data-end=\"728\">instrumentos de teste, quadros de distribui\u00e7\u00e3o \u00f3ptica e ambientes industriais<\/strong> onde \u00e9 necess\u00e1rio o travamento seguro da fibra.<\/p>","protected":false},"featured_media":655,"comment_status":"open","ping_status":"closed","template":"","meta":[],"product_brand":[],"product_cat":[44],"product_tag":[],"class_list":{"0":"post-653","1":"product","2":"type-product","3":"status-publish","4":"has-post-thumbnail","6":"product_cat-multimode-fiber-optic-patch-cord","8":"first","9":"instock","10":"shipping-taxable","11":"product-type-simple"},"_links":{"self":[{"href":"https:\/\/www.fenxifiber.com\/pt\/wp-json\/wp\/v2\/product\/653","targetHints":{"allow":["GET"]}}],"collection":[{"href":"https:\/\/www.fenxifiber.com\/pt\/wp-json\/wp\/v2\/product"}],"about":[{"href":"https:\/\/www.fenxifiber.com\/pt\/wp-json\/wp\/v2\/types\/product"}],"replies":[{"embeddable":true,"href":"https:\/\/www.fenxifiber.com\/pt\/wp-json\/wp\/v2\/comments?post=653"}],"wp:featuredmedia":[{"embeddable":true,"href":"https:\/\/www.fenxifiber.com\/pt\/wp-json\/wp\/v2\/media\/655"}],"wp:attachment":[{"href":"https:\/\/www.fenxifiber.com\/pt\/wp-json\/wp\/v2\/media?parent=653"}],"wp:term":[{"taxonomy":"product_brand","embeddable":true,"href":"https:\/\/www.fenxifiber.com\/pt\/wp-json\/wp\/v2\/product_brand?post=653"},{"taxonomy":"product_cat","embeddable":true,"href":"https:\/\/www.fenxifiber.com\/pt\/wp-json\/wp\/v2\/product_cat?post=653"},{"taxonomy":"product_tag","embeddable":true,"href":"https:\/\/www.fenxifiber.com\/pt\/wp-json\/wp\/v2\/product_tag?post=653"}],"curies":[{"name":"wp","href":"https:\/\/api.w.org\/{rel}","templated":true}]}}