{"id":656,"date":"2026-02-03T05:55:05","date_gmt":"2026-02-03T05:55:05","guid":{"rendered":"https:\/\/www.fenxifiber.com\/?post_type=product&#038;p=656"},"modified":"2026-02-04T01:22:27","modified_gmt":"2026-02-04T01:22:27","slug":"fc-upc-lc-upc-50-125-dx","status":"publish","type":"product","link":"https:\/\/www.fenxifiber.com\/pt\/product\/fc-upc-lc-upc-50-125-dx\/","title":{"rendered":"Cabo de conex\u00e3o de fibra \u00f3ptica multimodo FC\/UPC-LC\/UPC-50\/125-DX"},"content":{"rendered":"<h3 data-start=\"620\" data-end=\"671\"><strong data-start=\"624\" data-end=\"671\">Uma ponte inteligente entre dois mundos de conectores<\/strong><\/h3>\n<p data-start=\"673\" data-end=\"938\">Muitos conjuntos de teste \u00f3ptico, OTDRs e dispositivos de telecomunica\u00e7\u00f5es antigos ainda usam <strong data-start=\"741\" data-end=\"753\">Portas FC<\/strong>, enquanto os switches, patch panels e transceptores modernos dependem de <strong data-start=\"817\" data-end=\"834\">Interfaces LC<\/strong>. Esse cabo permite uma integra\u00e7\u00e3o perfeita entre os dois - sem adaptadores, sem instabilidade de sinal.<\/p>\n<p data-start=\"940\" data-end=\"1142\">O <strong data-start=\"944\" data-end=\"970\">Faces de extremidade polidas UPC<\/strong> garantem um contato f\u00edsico estreito entre as fibras, mantendo <strong data-start=\"1025\" data-end=\"1077\">perda de inser\u00e7\u00e3o baixa e reflexos sob controle<\/strong>, o que \u00e9 fundamental para a transmiss\u00e3o e o teste precisos do sinal.<\/p>\n<hr data-start=\"1144\" data-end=\"1147\" \/>\n<h3 data-start=\"1149\" data-end=\"1192\"><strong data-start=\"1153\" data-end=\"1192\">Vis\u00e3o geral do desempenho e da constru\u00e7\u00e3o<\/strong><\/h3>\n<div class=\"TyagGW_tableContainer\">\n<div class=\"group TyagGW_tableWrapper flex flex-col-reverse w-fit\" tabindex=\"-1\">\n<table class=\"w-fit min-w-(--thread-content-width)\" data-start=\"1194\" data-end=\"1705\">\n<thead data-start=\"1194\" data-end=\"1233\">\n<tr data-start=\"1194\" data-end=\"1233\">\n<th class=\"\" data-start=\"1194\" data-end=\"1206\" data-col-size=\"sm\">Par\u00e2metro<\/th>\n<th class=\"\" data-start=\"1206\" data-end=\"1233\" data-col-size=\"sm\">FC\/UPC\u2013LC\/UPC-50\/125-DX<\/th>\n<\/tr>\n<\/thead>\n<tbody data-start=\"1262\" data-end=\"1705\">\n<tr data-start=\"1262\" data-end=\"1298\">\n<td data-start=\"1262\" data-end=\"1275\" data-col-size=\"sm\">Tipo de fibra<\/td>\n<td data-col-size=\"sm\" data-start=\"1275\" data-end=\"1298\">Multimodo 50\/125 \u03bcm<\/td>\n<\/tr>\n<tr data-start=\"1299\" data-end=\"1330\">\n<td data-start=\"1299\" data-end=\"1306\" data-col-size=\"sm\">Modo<\/td>\n<td data-start=\"1306\" data-end=\"1330\" data-col-size=\"sm\">Compat\u00edvel com OM2 \/ OM3<\/td>\n<\/tr>\n<tr data-start=\"1331\" data-end=\"1362\">\n<td data-start=\"1331\" data-end=\"1347\" data-col-size=\"sm\">Configura\u00e7\u00e3o<\/td>\n<td data-start=\"1347\" data-end=\"1362\" data-col-size=\"sm\">Duplex (DX)<\/td>\n<\/tr>\n<tr data-start=\"1363\" data-end=\"1389\">\n<td data-start=\"1363\" data-end=\"1377\" data-col-size=\"sm\">Conector A<\/td>\n<td data-start=\"1377\" data-end=\"1389\" data-col-size=\"sm\">FC \/ UPC<\/td>\n<\/tr>\n<tr data-start=\"1390\" data-end=\"1416\">\n<td data-start=\"1390\" data-end=\"1404\" data-col-size=\"sm\">Conector B<\/td>\n<td data-start=\"1404\" data-end=\"1416\" data-col-size=\"sm\">LC \/ UPC<\/td>\n<\/tr>\n<tr data-start=\"1417\" data-end=\"1460\">\n<td data-start=\"1417\" data-end=\"1440\" data-col-size=\"sm\">Comprimento de onda operacional<\/td>\n<td data-start=\"1440\" data-end=\"1460\" data-col-size=\"sm\">850 nm \/ 1300 nm<\/td>\n<\/tr>\n<tr data-start=\"1461\" data-end=\"1491\">\n<td data-start=\"1461\" data-end=\"1478\" data-col-size=\"sm\">Perda de inser\u00e7\u00e3o<\/td>\n<td data-col-size=\"sm\" data-start=\"1478\" data-end=\"1491\">\u2264 0,30 dB<\/td>\n<\/tr>\n<tr data-start=\"1492\" data-end=\"1517\">\n<td data-start=\"1492\" data-end=\"1506\" data-col-size=\"sm\">Perda de retorno<\/td>\n<td data-col-size=\"sm\" data-start=\"1506\" data-end=\"1517\">\u2265 30 dB<\/td>\n<\/tr>\n<tr data-start=\"1518\" data-end=\"1548\">\n<td data-start=\"1518\" data-end=\"1533\" data-col-size=\"sm\">Capa do cabo<\/td>\n<td data-col-size=\"sm\" data-start=\"1533\" data-end=\"1548\">LSZH ou PVC<\/td>\n<\/tr>\n<tr data-start=\"1549\" data-end=\"1579\">\n<td data-start=\"1549\" data-end=\"1568\" data-col-size=\"sm\">Resist\u00eancia \u00e0 tra\u00e7\u00e3o<\/td>\n<td data-col-size=\"sm\" data-start=\"1568\" data-end=\"1579\">\u2265 200 N<\/td>\n<\/tr>\n<tr data-start=\"1580\" data-end=\"1618\">\n<td data-start=\"1580\" data-end=\"1600\" data-col-size=\"sm\">Durabilidade do acoplamento<\/td>\n<td data-col-size=\"sm\" data-start=\"1600\" data-end=\"1618\">\u2265 1.000 ciclos<\/td>\n<\/tr>\n<tr data-start=\"1619\" data-end=\"1663\">\n<td data-start=\"1619\" data-end=\"1643\" data-col-size=\"sm\">Temperatura operacional<\/td>\n<td data-col-size=\"sm\" data-start=\"1643\" data-end=\"1663\">-10 \u00b0C a +70 \u00b0C<\/td>\n<\/tr>\n<tr data-start=\"1664\" data-end=\"1705\">\n<td data-start=\"1664\" data-end=\"1676\" data-col-size=\"sm\">Padr\u00f5es<\/td>\n<td data-col-size=\"sm\" data-start=\"1676\" data-end=\"1705\">IEC, TIA-568, RoHS, REACH<\/td>\n<\/tr>\n<\/tbody>\n<\/table>\n<\/div>\n<\/div>\n<hr data-start=\"1707\" data-end=\"1710\" \/>\n<h3 data-start=\"1712\" data-end=\"1751\"><strong data-start=\"1716\" data-end=\"1751\">O que voc\u00ea pode esperar do uso real<\/strong><\/h3>\n<p data-start=\"1753\" data-end=\"1803\">Em <strong data-start=\"1756\" data-end=\"1766\">850 nm<\/strong>, Suportes de fibra multimodo de 50\/125 \u00b5m:<\/p>\n<ul data-start=\"1805\" data-end=\"1896\">\n<li data-start=\"1805\" data-end=\"1841\">\n<p data-start=\"1807\" data-end=\"1841\"><strong data-start=\"1807\" data-end=\"1841\">Ethernet 10G at\u00e9 300 m (OM3)<\/strong><\/p>\n<\/li>\n<li data-start=\"1842\" data-end=\"1896\">\n<p data-start=\"1844\" data-end=\"1896\"><strong data-start=\"1844\" data-end=\"1874\">40G \/ 100G at\u00e9 100-150 m<\/strong> usando \u00f3ptica paralela<\/p>\n<\/li>\n<\/ul>\n<p data-start=\"1898\" data-end=\"1956\">Isso torna o cabo duplex FC-to-LC uma excelente op\u00e7\u00e3o:<\/p>\n<ul data-start=\"1958\" data-end=\"2126\">\n<li data-start=\"1958\" data-end=\"2002\">\n<p data-start=\"1960\" data-end=\"2002\"><strong data-start=\"1960\" data-end=\"2002\">Equipamentos \u00f3pticos de teste e medi\u00e7\u00e3o<\/strong><\/p>\n<\/li>\n<li data-start=\"2003\" data-end=\"2029\">\n<p data-start=\"2005\" data-end=\"2029\"><strong data-start=\"2005\" data-end=\"2029\">Aplica\u00e7\u00e3o de patches no data center<\/strong><\/p>\n<\/li>\n<li data-start=\"2030\" data-end=\"2060\">\n<p data-start=\"2032\" data-end=\"2060\"><strong data-start=\"2032\" data-end=\"2060\">Backbones de LAN corporativos<\/strong><\/p>\n<\/li>\n<li data-start=\"2061\" data-end=\"2086\">\n<p data-start=\"2063\" data-end=\"2086\"><strong data-start=\"2063\" data-end=\"2086\">Ethernet industrial<\/strong><\/p>\n<\/li>\n<li data-start=\"2087\" data-end=\"2126\">\n<p data-start=\"2089\" data-end=\"2126\"><strong data-start=\"2089\" data-end=\"2126\">Redes de telecomunica\u00e7\u00f5es e de acesso metropolitano<\/strong><\/p>\n<\/li>\n<\/ul>\n<hr data-start=\"2128\" data-end=\"2131\" \/>\n<h3 data-start=\"2133\" data-end=\"2166\"><strong data-start=\"2137\" data-end=\"2166\">Precis\u00e3o em que voc\u00ea pode confiar<\/strong><\/h3>\n<p data-start=\"2168\" data-end=\"2459\">Cada patch cord FC\/UPC-LC\/UPC-DX \u00e9 montado usando <strong data-start=\"2220\" data-end=\"2251\">Virolas de cer\u00e2mica de alta qualidade<\/strong>, n\u00facleos alinhados a laser e processos de polimento e inspe\u00e7\u00e3o totalmente automatizados. Cada cabo \u00e9 <strong data-start=\"2345\" data-end=\"2370\">100% testado opticamente<\/strong> antes da entrega para garantir perda consistente e desempenho est\u00e1vel em ambos os canais de fibra.<\/p>\n<p data-start=\"2461\" data-end=\"2579\">O resultado \u00e9 um jumper de fibra que se comporta da mesma forma no primeiro dia e ap\u00f3s anos de conex\u00e3o, desconex\u00e3o e redirecionamento.<\/p>\n<hr data-start=\"2581\" data-end=\"2584\" \/>\n<h2 data-start=\"2586\" data-end=\"2609\"><strong data-start=\"2589\" data-end=\"2609\">Perguntas e respostas profissionais<\/strong><\/h2>\n<p data-start=\"2611\" data-end=\"2822\"><strong data-start=\"2611\" data-end=\"2661\">P1: Por que misturar conectores FC e LC em um \u00fanico cabo?<\/strong><br data-start=\"2661\" data-end=\"2664\" \/>Ele permite <strong data-start=\"2674\" data-end=\"2733\">conex\u00e3o direta entre equipamentos legados ou de teste (FC)<\/strong> e <strong data-start=\"2738\" data-end=\"2778\">interruptores modernos ou patch panels (LC)<\/strong> sem adaptadores que introduzem perdas adicionais.<\/p>\n<p data-start=\"2824\" data-end=\"3006\"><strong data-start=\"2824\" data-end=\"2879\">P2: Esse cabo \u00e9 adequado para redes de alta velocidade?<\/strong><br data-start=\"2879\" data-end=\"2882\" \/>Sim. Com fibra 50\/125 de grau OM3, ele suporta <strong data-start=\"2928\" data-end=\"2950\">10G, 40G e 100G<\/strong> aplica\u00e7\u00f5es multimodo dentro dos limites de dist\u00e2ncia padr\u00e3o.<\/p>\n<p data-start=\"3008\" data-end=\"3186\"><strong data-start=\"3008\" data-end=\"3053\">P3: Qual \u00e9 o benef\u00edcio do polimento UPC?<\/strong><br data-start=\"3053\" data-end=\"3056\" \/>A UPC fornece um <strong data-start=\"3071\" data-end=\"3098\">contato f\u00edsico suave<\/strong> entre as fibras, reduzindo a perda de inser\u00e7\u00e3o e mantendo a perda de retorno em um n\u00edvel est\u00e1vel <strong data-start=\"3175\" data-end=\"3185\">\u226530 dB<\/strong>.<\/p>\n<p data-start=\"3188\" data-end=\"3368\"><strong data-start=\"3188\" data-end=\"3227\">Q4: Ele pode ser usado em data centers?<\/strong><br data-start=\"3227\" data-end=\"3230\" \/>Sem d\u00favida. A extremidade LC se encaixa em pain\u00e9is e switches de alta densidade, enquanto a extremidade FC se conecta facilmente a <strong data-start=\"3328\" data-end=\"3367\">conjuntos de teste, ODFs ou equipamentos mais antigos<\/strong>.<\/p>","protected":false},"excerpt":{"rendered":"<p data-start=\"65\" data-end=\"445\">O <strong data-start=\"69\" data-end=\"96\">FC\/UPC\u2013LC\/UPC-50\/125-DX<\/strong> \u00e9 um <strong data-start=\"102\" data-end=\"139\">cabo de conex\u00e3o de fibra multimodo duplex<\/strong> projetado para conectar <strong data-start=\"160\" data-end=\"189\">portas FC de n\u00edvel instrumental<\/strong> com <strong data-start=\"195\" data-end=\"225\">interfaces LC de alta densidade<\/strong> em redes modernas. Ele combina os <strong data-start=\"262\" data-end=\"312\">estabilidade mec\u00e2nica dos conectores roscados FC<\/strong> com o <strong data-start=\"322\" data-end=\"349\">tamanho compacto do LC<\/strong>, tornando-o ideal para laborat\u00f3rios, centros de dados, salas de telecomunica\u00e7\u00f5es e sistemas \u00f3pticos industriais.<\/p>\n<p data-start=\"447\" data-end=\"613\">Constru\u00eddo sobre <strong data-start=\"456\" data-end=\"485\">Fibra multimodo de 50\/125 \u00b5m<\/strong>, Esse cabo \u00e9 compat\u00edvel com as tecnologias mais usadas atualmente <strong data-start=\"532\" data-end=\"554\">850 nm e 1300 nm<\/strong> comprimentos de onda \u00f3pticos para transmiss\u00e3o de curto e m\u00e9dio alcance.<\/p>","protected":false},"featured_media":657,"comment_status":"open","ping_status":"closed","template":"","meta":[],"product_brand":[],"product_cat":[44],"product_tag":[],"class_list":{"0":"post-656","1":"product","2":"type-product","3":"status-publish","4":"has-post-thumbnail","6":"product_cat-multimode-fiber-optic-patch-cord","8":"first","9":"instock","10":"shipping-taxable","11":"product-type-simple"},"_links":{"self":[{"href":"https:\/\/www.fenxifiber.com\/pt\/wp-json\/wp\/v2\/product\/656","targetHints":{"allow":["GET"]}}],"collection":[{"href":"https:\/\/www.fenxifiber.com\/pt\/wp-json\/wp\/v2\/product"}],"about":[{"href":"https:\/\/www.fenxifiber.com\/pt\/wp-json\/wp\/v2\/types\/product"}],"replies":[{"embeddable":true,"href":"https:\/\/www.fenxifiber.com\/pt\/wp-json\/wp\/v2\/comments?post=656"}],"wp:featuredmedia":[{"embeddable":true,"href":"https:\/\/www.fenxifiber.com\/pt\/wp-json\/wp\/v2\/media\/657"}],"wp:attachment":[{"href":"https:\/\/www.fenxifiber.com\/pt\/wp-json\/wp\/v2\/media?parent=656"}],"wp:term":[{"taxonomy":"product_brand","embeddable":true,"href":"https:\/\/www.fenxifiber.com\/pt\/wp-json\/wp\/v2\/product_brand?post=656"},{"taxonomy":"product_cat","embeddable":true,"href":"https:\/\/www.fenxifiber.com\/pt\/wp-json\/wp\/v2\/product_cat?post=656"},{"taxonomy":"product_tag","embeddable":true,"href":"https:\/\/www.fenxifiber.com\/pt\/wp-json\/wp\/v2\/product_tag?post=656"}],"curies":[{"name":"wp","href":"https:\/\/api.w.org\/{rel}","templated":true}]}}