{"id":658,"date":"2026-02-03T05:59:20","date_gmt":"2026-02-03T05:59:20","guid":{"rendered":"https:\/\/www.fenxifiber.com\/?post_type=product&#038;p=658"},"modified":"2026-02-04T01:23:37","modified_gmt":"2026-02-04T01:23:37","slug":"fc-upc-st-upc-50-125-dx","status":"publish","type":"product","link":"https:\/\/www.fenxifiber.com\/pt\/product\/fc-upc-st-upc-50-125-dx\/","title":{"rendered":"Cabo de conex\u00e3o de fibra \u00f3ptica multimodo FC\/UPC-ST\/UPC-50\/125-DX"},"content":{"rendered":"<h3 data-start=\"615\" data-end=\"672\"><strong data-start=\"619\" data-end=\"672\">Projetado para estabilidade em instala\u00e7\u00f5es exigentes<\/strong><\/h3>\n<p data-start=\"674\" data-end=\"946\">Os conectores FC e ST s\u00e3o conhecidos por sua <strong data-start=\"720\" data-end=\"751\">mecanismos de travamento positivo<\/strong>. A extremidade FC usa um <strong data-start=\"771\" data-end=\"792\">acoplamento rosqueado<\/strong> para evitar micro movimentos, enquanto a extremidade ST trava com um <strong data-start=\"850\" data-end=\"877\">baioneta de giro e clique<\/strong>, tornando o cabo resistente a vibra\u00e7\u00f5es e desconex\u00f5es acidentais.<\/p>\n<p data-start=\"948\" data-end=\"1144\">Com <strong data-start=\"953\" data-end=\"970\">Polimento UPC<\/strong> em ambas as extremidades, os n\u00facleos de fibra fazem contato f\u00edsico suave, mantendo <strong data-start=\"1035\" data-end=\"1080\">perda de inser\u00e7\u00e3o baixa e perda de retorno est\u00e1vel<\/strong>, o que \u00e9 especialmente importante para sistemas de teste e monitoramento.<\/p>\n<hr data-start=\"1146\" data-end=\"1149\" \/>\n<h3 data-start=\"1151\" data-end=\"1176\"><strong data-start=\"1155\" data-end=\"1176\">Perfil t\u00e9cnico<\/strong><\/h3>\n<div class=\"TyagGW_tableContainer\">\n<div class=\"group TyagGW_tableWrapper flex flex-col-reverse w-fit\" tabindex=\"-1\">\n<table class=\"w-fit min-w-(--thread-content-width)\" data-start=\"1178\" data-end=\"1695\">\n<thead data-start=\"1178\" data-end=\"1217\">\n<tr data-start=\"1178\" data-end=\"1217\">\n<th class=\"\" data-start=\"1178\" data-end=\"1190\" data-col-size=\"sm\">Par\u00e2metro<\/th>\n<th class=\"\" data-start=\"1190\" data-end=\"1217\" data-col-size=\"sm\">FC\/UPC\u2013ST\/UPC-50\/125-DX<\/th>\n<\/tr>\n<\/thead>\n<tbody data-start=\"1246\" data-end=\"1695\">\n<tr data-start=\"1246\" data-end=\"1282\">\n<td data-start=\"1246\" data-end=\"1259\" data-col-size=\"sm\">Tipo de fibra<\/td>\n<td data-start=\"1259\" data-end=\"1282\" data-col-size=\"sm\">Multimodo 50\/125 \u03bcm<\/td>\n<\/tr>\n<tr data-start=\"1283\" data-end=\"1320\">\n<td data-start=\"1283\" data-end=\"1296\" data-col-size=\"sm\">Modo de fibra<\/td>\n<td data-start=\"1296\" data-end=\"1320\" data-col-size=\"sm\">Compat\u00edvel com OM2 \/ OM3<\/td>\n<\/tr>\n<tr data-start=\"1321\" data-end=\"1352\">\n<td data-start=\"1321\" data-end=\"1337\" data-col-size=\"sm\">Configura\u00e7\u00e3o<\/td>\n<td data-start=\"1337\" data-end=\"1352\" data-col-size=\"sm\">Duplex (DX)<\/td>\n<\/tr>\n<tr data-start=\"1353\" data-end=\"1379\">\n<td data-start=\"1353\" data-end=\"1367\" data-col-size=\"sm\">Conector A<\/td>\n<td data-start=\"1367\" data-end=\"1379\" data-col-size=\"sm\">FC \/ UPC<\/td>\n<\/tr>\n<tr data-start=\"1380\" data-end=\"1406\">\n<td data-start=\"1380\" data-end=\"1394\" data-col-size=\"sm\">Conector B<\/td>\n<td data-start=\"1394\" data-end=\"1406\" data-col-size=\"sm\">ST \/ UPC<\/td>\n<\/tr>\n<tr data-start=\"1407\" data-end=\"1450\">\n<td data-start=\"1407\" data-end=\"1430\" data-col-size=\"sm\">Comprimento de onda operacional<\/td>\n<td data-start=\"1430\" data-end=\"1450\" data-col-size=\"sm\">850 nm \/ 1300 nm<\/td>\n<\/tr>\n<tr data-start=\"1451\" data-end=\"1481\">\n<td data-start=\"1451\" data-end=\"1468\" data-col-size=\"sm\">Perda de inser\u00e7\u00e3o<\/td>\n<td data-start=\"1468\" data-end=\"1481\" data-col-size=\"sm\">\u2264 0,30 dB<\/td>\n<\/tr>\n<tr data-start=\"1482\" data-end=\"1507\">\n<td data-start=\"1482\" data-end=\"1496\" data-col-size=\"sm\">Perda de retorno<\/td>\n<td data-start=\"1496\" data-end=\"1507\" data-col-size=\"sm\">\u2265 30 dB<\/td>\n<\/tr>\n<tr data-start=\"1508\" data-end=\"1538\">\n<td data-start=\"1508\" data-end=\"1523\" data-col-size=\"sm\">Capa do cabo<\/td>\n<td data-col-size=\"sm\" data-start=\"1523\" data-end=\"1538\">LSZH ou PVC<\/td>\n<\/tr>\n<tr data-start=\"1539\" data-end=\"1569\">\n<td data-start=\"1539\" data-end=\"1558\" data-col-size=\"sm\">Resist\u00eancia \u00e0 tra\u00e7\u00e3o<\/td>\n<td data-col-size=\"sm\" data-start=\"1558\" data-end=\"1569\">\u2265 200 N<\/td>\n<\/tr>\n<tr data-start=\"1570\" data-end=\"1608\">\n<td data-start=\"1570\" data-end=\"1583\" data-col-size=\"sm\">Durabilidade<\/td>\n<td data-col-size=\"sm\" data-start=\"1583\" data-end=\"1608\">\u2265 1.000 ciclos de acoplamento<\/td>\n<\/tr>\n<tr data-start=\"1609\" data-end=\"1653\">\n<td data-start=\"1609\" data-end=\"1633\" data-col-size=\"sm\">Temperatura operacional<\/td>\n<td data-col-size=\"sm\" data-start=\"1633\" data-end=\"1653\">-10 \u00b0C a +70 \u00b0C<\/td>\n<\/tr>\n<tr data-start=\"1654\" data-end=\"1695\">\n<td data-start=\"1654\" data-end=\"1666\" data-col-size=\"sm\">Padr\u00f5es<\/td>\n<td data-col-size=\"sm\" data-start=\"1666\" data-end=\"1695\">IEC, TIA-568, RoHS, REACH<\/td>\n<\/tr>\n<\/tbody>\n<\/table>\n<\/div>\n<\/div>\n<hr data-start=\"1697\" data-end=\"1700\" \/>\n<h3 data-start=\"1702\" data-end=\"1732\"><strong data-start=\"1706\" data-end=\"1732\">Desempenho no mundo real<\/strong><\/h3>\n<p data-start=\"1734\" data-end=\"1805\">Usando <strong data-start=\"1740\" data-end=\"1769\">Fibra multimodo de 50\/125 \u00b5m<\/strong> em <strong data-start=\"1773\" data-end=\"1783\">850 nm<\/strong>, Esse cabo \u00e9 compat\u00edvel:<\/p>\n<ul data-start=\"1807\" data-end=\"1894\">\n<li data-start=\"1807\" data-end=\"1843\">\n<p data-start=\"1809\" data-end=\"1843\"><strong data-start=\"1809\" data-end=\"1843\">Ethernet 10G at\u00e9 300 m (OM3)<\/strong><\/p>\n<\/li>\n<li data-start=\"1844\" data-end=\"1894\">\n<p data-start=\"1846\" data-end=\"1894\"><strong data-start=\"1846\" data-end=\"1894\">Links multimodo de 40G e 100G de at\u00e9 100-150 m<\/strong><\/p>\n<\/li>\n<\/ul>\n<p data-start=\"1896\" data-end=\"1923\">Isso o torna adequado para:<\/p>\n<ul data-start=\"1925\" data-end=\"2094\">\n<li data-start=\"1925\" data-end=\"1959\">\n<p data-start=\"1927\" data-end=\"1959\"><strong data-start=\"1927\" data-end=\"1959\">Redes Ethernet industriais<\/strong><\/p>\n<\/li>\n<li data-start=\"1960\" data-end=\"1995\">\n<p data-start=\"1962\" data-end=\"1995\"><strong data-start=\"1962\" data-end=\"1995\">Backbones de campus e edif\u00edcios<\/strong><\/p>\n<\/li>\n<li data-start=\"1996\" data-end=\"2022\">\n<p data-start=\"1998\" data-end=\"2022\"><strong data-start=\"1998\" data-end=\"2022\">Equipamento de teste de fibra<\/strong><\/p>\n<\/li>\n<li data-start=\"2023\" data-end=\"2056\">\n<p data-start=\"2025\" data-end=\"2056\"><strong data-start=\"2025\" data-end=\"2056\">Quadros de distribui\u00e7\u00e3o \u00f3ptica<\/strong><\/p>\n<\/li>\n<li data-start=\"2057\" data-end=\"2094\">\n<p data-start=\"2059\" data-end=\"2094\"><strong data-start=\"2059\" data-end=\"2094\">Sistemas de seguran\u00e7a e monitoramento<\/strong><\/p>\n<\/li>\n<\/ul>\n<hr data-start=\"2096\" data-end=\"2099\" \/>\n<h3 data-start=\"2101\" data-end=\"2140\"><strong data-start=\"2105\" data-end=\"2140\">Constru\u00eddo para ser confi\u00e1vel a longo prazo<\/strong><\/h3>\n<p data-start=\"2142\" data-end=\"2442\">Cada patch cord \u00e9 montado com <strong data-start=\"2176\" data-end=\"2211\">Virolas de cer\u00e2mica de alta precis\u00e3o<\/strong> e inspecionados por meio de interferometria automatizada e teste de perda de inser\u00e7\u00e3o. Isso garante <strong data-start=\"2298\" data-end=\"2330\">alinhamento \u00f3ptico consistente<\/strong> e <strong data-start=\"2335\" data-end=\"2361\">desempenho repet\u00edvel<\/strong> ao longo de milhares de ciclos de conex\u00e3o, mesmo em ambientes de aplica\u00e7\u00e3o de patches de alto tr\u00e1fego.<\/p>\n<p data-start=\"2444\" data-end=\"2597\">O <strong data-start=\"2448\" data-end=\"2470\">Op\u00e7\u00e3o de jaqueta LSZH<\/strong> Al\u00e9m disso, oferece suporte a instala\u00e7\u00f5es em data centers e edif\u00edcios p\u00fablicos onde <strong data-start=\"2545\" data-end=\"2583\">seguran\u00e7a contra inc\u00eandio e baixa emiss\u00e3o de fuma\u00e7a<\/strong> s\u00e3o necess\u00e1rios.<\/p>\n<hr data-start=\"2599\" data-end=\"2602\" \/>\n<h2 data-start=\"2604\" data-end=\"2627\"><strong data-start=\"2607\" data-end=\"2627\">Perguntas e respostas profissionais<\/strong><\/h2>\n<p data-start=\"2629\" data-end=\"2828\"><strong data-start=\"2629\" data-end=\"2693\">P1: O que torna os conectores FC e ST bons para uso industrial?<\/strong><br data-start=\"2693\" data-end=\"2696\" \/>Ambos usam <strong data-start=\"2705\" data-end=\"2727\">mecanismos de travamento<\/strong> que resistem \u00e0 vibra\u00e7\u00e3o e \u00e0 desconex\u00e3o acidental, o que os torna ideais para ambientes agressivos ou ativos.<\/p>\n<p data-start=\"2830\" data-end=\"2968\"><strong data-start=\"2830\" data-end=\"2878\">P2: Esse cabo \u00e9 adequado para Ethernet 10G?<\/strong><br data-start=\"2878\" data-end=\"2881\" \/>Sim. Com fibra 50\/125 de grau OM3, ele suporta <strong data-start=\"2927\" data-end=\"2957\">Links 10G de at\u00e9 300 metros<\/strong> a 850 nm.<\/p>\n<p data-start=\"2970\" data-end=\"3149\"><strong data-start=\"2970\" data-end=\"3023\">P3: Esse cabo pode ser usado com instrumentos de teste?<\/strong><br data-start=\"3023\" data-end=\"3026\" \/>Com certeza. Os conectores FC s\u00e3o comuns em <strong data-start=\"3066\" data-end=\"3100\">OTDRs e medidores de pot\u00eancia \u00f3ptica<\/strong>, enquanto o ST \u00e9 amplamente usado em quadros de distribui\u00e7\u00e3o.<\/p>\n<p data-start=\"3151\" data-end=\"3342\"><strong data-start=\"3151\" data-end=\"3200\">P4: O polimento do UPC afeta a qualidade do sinal?<\/strong><br data-start=\"3200\" data-end=\"3203\" \/>Sim. A UPC fornece <strong data-start=\"3221\" data-end=\"3275\">baixa perda de inser\u00e7\u00e3o e perda de retorno est\u00e1vel (\u226530 dB)<\/strong>, o que melhora a precis\u00e3o da medi\u00e7\u00e3o e a confiabilidade da transmiss\u00e3o.<\/p>","protected":false},"excerpt":{"rendered":"<p data-start=\"65\" data-end=\"432\">O <strong data-start=\"69\" data-end=\"96\">FC\/UPC\u2013ST\/UPC-50\/125-DX<\/strong> \u00e9 um robusto <strong data-start=\"109\" data-end=\"146\">cabo de conex\u00e3o de fibra multimodo duplex<\/strong> criado para ambientes onde <strong data-start=\"178\" data-end=\"242\">travamento seguro, estabilidade de sinal e confiabilidade mec\u00e2nica<\/strong> assunto. Ele vincula <strong data-start=\"260\" data-end=\"281\">Portas FC-threaded<\/strong> para <strong data-start=\"285\" data-end=\"316\">Conectores tipo baioneta ST<\/strong>, tornando-o uma solu\u00e7\u00e3o pr\u00e1tica para <strong data-start=\"353\" data-end=\"431\">salas de telecomunica\u00e7\u00f5es, redes industriais, laborat\u00f3rios e sistemas de fibra do campus<\/strong>.<\/p>\n<p data-start=\"434\" data-end=\"608\">Constru\u00eddo com <strong data-start=\"445\" data-end=\"474\">Fibra multimodo 50\/125 \u03bcm<\/strong>, Esse patch cord \u00e9 otimizado para <strong data-start=\"509\" data-end=\"531\">850 nm e 1300 nm<\/strong> a espinha dorsal da comunica\u00e7\u00e3o \u00f3ptica de curto e m\u00e9dio alcance.<\/p>","protected":false},"featured_media":659,"comment_status":"open","ping_status":"closed","template":"","meta":[],"product_brand":[],"product_cat":[44],"product_tag":[],"class_list":{"0":"post-658","1":"product","2":"type-product","3":"status-publish","4":"has-post-thumbnail","6":"product_cat-multimode-fiber-optic-patch-cord","8":"first","9":"instock","10":"shipping-taxable","11":"product-type-simple"},"_links":{"self":[{"href":"https:\/\/www.fenxifiber.com\/pt\/wp-json\/wp\/v2\/product\/658","targetHints":{"allow":["GET"]}}],"collection":[{"href":"https:\/\/www.fenxifiber.com\/pt\/wp-json\/wp\/v2\/product"}],"about":[{"href":"https:\/\/www.fenxifiber.com\/pt\/wp-json\/wp\/v2\/types\/product"}],"replies":[{"embeddable":true,"href":"https:\/\/www.fenxifiber.com\/pt\/wp-json\/wp\/v2\/comments?post=658"}],"wp:featuredmedia":[{"embeddable":true,"href":"https:\/\/www.fenxifiber.com\/pt\/wp-json\/wp\/v2\/media\/659"}],"wp:attachment":[{"href":"https:\/\/www.fenxifiber.com\/pt\/wp-json\/wp\/v2\/media?parent=658"}],"wp:term":[{"taxonomy":"product_brand","embeddable":true,"href":"https:\/\/www.fenxifiber.com\/pt\/wp-json\/wp\/v2\/product_brand?post=658"},{"taxonomy":"product_cat","embeddable":true,"href":"https:\/\/www.fenxifiber.com\/pt\/wp-json\/wp\/v2\/product_cat?post=658"},{"taxonomy":"product_tag","embeddable":true,"href":"https:\/\/www.fenxifiber.com\/pt\/wp-json\/wp\/v2\/product_tag?post=658"}],"curies":[{"name":"wp","href":"https:\/\/api.w.org\/{rel}","templated":true}]}}