{"id":660,"date":"2026-02-03T06:02:31","date_gmt":"2026-02-03T06:02:31","guid":{"rendered":"https:\/\/www.fenxifiber.com\/?post_type=product&#038;p=660"},"modified":"2026-02-04T01:25:04","modified_gmt":"2026-02-04T01:25:04","slug":"lc-upc-lc-upc-50-125-dx","status":"publish","type":"product","link":"https:\/\/www.fenxifiber.com\/pt\/product\/lc-upc-lc-upc-50-125-dx\/","title":{"rendered":"Patch Cord Multimodo Duplex de Alta Densidade LC\/UPC-LC\/UPC-50\/125-DX"},"content":{"rendered":"<h2 data-start=\"731\" data-end=\"755\">Instant\u00e2neo do desempenho<\/h2>\n<div class=\"TyagGW_tableContainer\">\n<div class=\"group TyagGW_tableWrapper flex flex-col-reverse w-fit\" tabindex=\"-1\">\n<table class=\"w-fit min-w-(--thread-content-width)\" data-start=\"757\" data-end=\"992\">\n<thead data-start=\"757\" data-end=\"773\">\n<tr data-start=\"757\" data-end=\"773\">\n<th class=\"\" data-start=\"757\" data-end=\"764\" data-col-size=\"sm\">Item<\/th>\n<th class=\"\" data-start=\"764\" data-end=\"773\" data-col-size=\"sm\">Valor<\/th>\n<\/tr>\n<\/thead>\n<tbody data-start=\"791\" data-end=\"992\">\n<tr data-start=\"791\" data-end=\"834\">\n<td data-start=\"791\" data-end=\"799\" data-col-size=\"sm\">Fibra<\/td>\n<td data-col-size=\"sm\" data-start=\"799\" data-end=\"834\">Multimodo 50\/125 \u00b5m (OM2 \/ OM3)<\/td>\n<\/tr>\n<tr data-start=\"835\" data-end=\"867\">\n<td data-start=\"835\" data-end=\"848\" data-col-size=\"sm\">Conectores<\/td>\n<td data-col-size=\"sm\" data-start=\"848\" data-end=\"867\">LC\/UPC \u2194 LC\/UPC<\/td>\n<\/tr>\n<tr data-start=\"868\" data-end=\"898\">\n<td data-start=\"868\" data-end=\"885\" data-col-size=\"sm\">Perda de inser\u00e7\u00e3o<\/td>\n<td data-col-size=\"sm\" data-start=\"885\" data-end=\"898\">\u2264 0,30 dB<\/td>\n<\/tr>\n<tr data-start=\"899\" data-end=\"924\">\n<td data-start=\"899\" data-end=\"913\" data-col-size=\"sm\">Perda de retorno<\/td>\n<td data-col-size=\"sm\" data-start=\"913\" data-end=\"924\">\u2265 30 dB<\/td>\n<\/tr>\n<tr data-start=\"925\" data-end=\"958\">\n<td data-start=\"925\" data-end=\"938\" data-col-size=\"sm\">Comprimento de onda<\/td>\n<td data-col-size=\"sm\" data-start=\"938\" data-end=\"958\">850 nm \/ 1300 nm<\/td>\n<\/tr>\n<tr data-start=\"959\" data-end=\"992\">\n<td data-start=\"959\" data-end=\"971\" data-col-size=\"sm\">Alcance de 10G<\/td>\n<td data-col-size=\"sm\" data-start=\"971\" data-end=\"992\">at\u00e9 300 m (OM3)<\/td>\n<\/tr>\n<\/tbody>\n<\/table>\n<\/div>\n<\/div>\n<p data-start=\"994\" data-end=\"1076\"><strong data-start=\"994\" data-end=\"1009\">Uso t\u00edpico<\/strong>Patches de switch para switch, NICs de servidor, bandejas de fibra de alta densidade.<\/p>\n<hr data-start=\"1078\" data-end=\"1081\" \/>\n<h2 data-start=\"1083\" data-end=\"1113\"><strong data-start=\"1086\" data-end=\"1113\">SC\/UPC\u2013FC\/UPC-50\/125-DX<\/strong><\/h2>\n<h3 data-start=\"1114\" data-end=\"1153\"><em data-start=\"1118\" data-end=\"1153\">Jumper multimodo de n\u00edvel industrial<\/em><\/h3>\n<p data-start=\"1155\" data-end=\"1429\">O <strong data-start=\"1159\" data-end=\"1186\">SC\/UPC\u2013FC\/UPC-50\/125-DX<\/strong> \u00e9 feito para ambientes onde <strong data-start=\"1218\" data-end=\"1275\">a estabilidade do conector \u00e9 t\u00e3o importante quanto a qualidade do sinal<\/strong>. O <strong data-start=\"1281\" data-end=\"1292\">Lado SC<\/strong> permite conex\u00f5es push-pull r\u00e1pidas em pain\u00e9is de conex\u00e3o, enquanto o <strong data-start=\"1355\" data-end=\"1366\">Lado do FC<\/strong> trava em instrumentos ou ODFs usando uma ponteira met\u00e1lica rosqueada.<\/p>\n<p data-start=\"1431\" data-end=\"1591\">Esse design h\u00edbrido \u00e9 comum em <strong data-start=\"1463\" data-end=\"1527\">salas de telecomunica\u00e7\u00f5es, laborat\u00f3rios e redes de controle industrial<\/strong> onde se espera vibra\u00e7\u00e3o do equipamento ou reconex\u00e3o repetida.<\/p>\n<p data-start=\"1593\" data-end=\"1618\"><strong data-start=\"1593\" data-end=\"1618\">Por que esse cabo existe<\/strong><\/p>\n<ul data-start=\"1620\" data-end=\"1760\">\n<li data-start=\"1620\" data-end=\"1669\">\n<p data-start=\"1622\" data-end=\"1669\">O FC evita micro-movimentos durante a medi\u00e7\u00e3o<\/p>\n<\/li>\n<li data-start=\"1670\" data-end=\"1707\">\n<p data-start=\"1672\" data-end=\"1707\">O SC agiliza o roteamento do painel de conex\u00e3o<\/p>\n<\/li>\n<li data-start=\"1708\" data-end=\"1760\">\n<p data-start=\"1710\" data-end=\"1760\">O multimodo 50\/125 mant\u00e9m os custos baixos para links curtos<\/p>\n<\/li>\n<\/ul>\n<p data-start=\"1762\" data-end=\"1778\"><strong data-start=\"1762\" data-end=\"1778\">Dados \u00f3pticos<\/strong><\/p>\n<div class=\"TyagGW_tableContainer\">\n<div class=\"group TyagGW_tableWrapper flex flex-col-reverse w-fit\" tabindex=\"-1\">\n<table class=\"w-fit min-w-(--thread-content-width)\" data-start=\"1780\" data-end=\"1938\">\n<thead data-start=\"1780\" data-end=\"1800\">\n<tr data-start=\"1780\" data-end=\"1800\">\n<th class=\"\" data-start=\"1780\" data-end=\"1792\" data-col-size=\"sm\">Par\u00e2metro<\/th>\n<th class=\"\" data-start=\"1792\" data-end=\"1800\" data-col-size=\"sm\">Esp\u00e9cie<\/th>\n<\/tr>\n<\/thead>\n<tbody data-start=\"1819\" data-end=\"1938\">\n<tr data-start=\"1819\" data-end=\"1843\">\n<td data-start=\"1819\" data-end=\"1827\" data-col-size=\"sm\">Fibra<\/td>\n<td data-start=\"1827\" data-end=\"1843\" data-col-size=\"sm\">50\/125 \u00b5m MM<\/td>\n<\/tr>\n<tr data-start=\"1844\" data-end=\"1861\">\n<td data-start=\"1844\" data-end=\"1849\" data-col-size=\"sm\">IL<\/td>\n<td data-start=\"1849\" data-end=\"1861\" data-col-size=\"sm\">\u22640,30 dB<\/td>\n<\/tr>\n<tr data-start=\"1862\" data-end=\"1877\">\n<td data-start=\"1862\" data-end=\"1867\" data-col-size=\"sm\">RL<\/td>\n<td data-start=\"1867\" data-end=\"1877\" data-col-size=\"sm\">\u226530 dB<\/td>\n<\/tr>\n<tr data-start=\"1878\" data-end=\"1907\">\n<td data-start=\"1878\" data-end=\"1891\" data-col-size=\"sm\">Taxas de dados<\/td>\n<td data-col-size=\"sm\" data-start=\"1891\" data-end=\"1907\">1G, 10G, 40G<\/td>\n<\/tr>\n<tr data-start=\"1908\" data-end=\"1938\">\n<td data-start=\"1908\" data-end=\"1921\" data-col-size=\"sm\">Comprimento de onda<\/td>\n<td data-col-size=\"sm\" data-start=\"1921\" data-end=\"1938\">850 \/ 1300 nm<\/td>\n<\/tr>\n<\/tbody>\n<\/table>\n<\/div>\n<\/div>","protected":false},"excerpt":{"rendered":"<p data-start=\"243\" data-end=\"570\">Projetado para data centers modernos e redes corporativas, o <strong data-start=\"305\" data-end=\"332\">LC\/UPC\u2013LC\/UPC-50\/125-DX<\/strong> \u00e9 um <strong data-start=\"338\" data-end=\"379\">jumper compacto de fibra multimodo duplex<\/strong> que oferece alta largura de banda e, ao mesmo tempo, economiza espa\u00e7o valioso no rack. Com <strong data-start=\"448\" data-end=\"478\">Conectores LC em ambas as extremidades<\/strong>, Ele se conecta diretamente ao <strong data-start=\"503\" data-end=\"541\">Portas de breakout SFP, SFP+ e QSFP<\/strong>, eliminando adaptadores volumosos.<\/p>\n<p data-start=\"572\" data-end=\"729\">Usando <strong data-start=\"578\" data-end=\"607\">Fibra multimodo de 50\/125 \u00b5m<\/strong>, esse cabo \u00e9 compat\u00edvel com <strong data-start=\"629\" data-end=\"658\">\u00d3ptica baseada em VCSEL de 850 nm<\/strong>, que dominam o mercado atual <strong data-start=\"683\" data-end=\"710\">10G, 25G, 40G e 100G<\/strong> links de curto alcance.<\/p>","protected":false},"featured_media":662,"comment_status":"open","ping_status":"closed","template":"","meta":[],"product_brand":[],"product_cat":[44],"product_tag":[],"class_list":{"0":"post-660","1":"product","2":"type-product","3":"status-publish","4":"has-post-thumbnail","6":"product_cat-multimode-fiber-optic-patch-cord","8":"first","9":"instock","10":"shipping-taxable","11":"product-type-simple"},"_links":{"self":[{"href":"https:\/\/www.fenxifiber.com\/pt\/wp-json\/wp\/v2\/product\/660","targetHints":{"allow":["GET"]}}],"collection":[{"href":"https:\/\/www.fenxifiber.com\/pt\/wp-json\/wp\/v2\/product"}],"about":[{"href":"https:\/\/www.fenxifiber.com\/pt\/wp-json\/wp\/v2\/types\/product"}],"replies":[{"embeddable":true,"href":"https:\/\/www.fenxifiber.com\/pt\/wp-json\/wp\/v2\/comments?post=660"}],"wp:featuredmedia":[{"embeddable":true,"href":"https:\/\/www.fenxifiber.com\/pt\/wp-json\/wp\/v2\/media\/662"}],"wp:attachment":[{"href":"https:\/\/www.fenxifiber.com\/pt\/wp-json\/wp\/v2\/media?parent=660"}],"wp:term":[{"taxonomy":"product_brand","embeddable":true,"href":"https:\/\/www.fenxifiber.com\/pt\/wp-json\/wp\/v2\/product_brand?post=660"},{"taxonomy":"product_cat","embeddable":true,"href":"https:\/\/www.fenxifiber.com\/pt\/wp-json\/wp\/v2\/product_cat?post=660"},{"taxonomy":"product_tag","embeddable":true,"href":"https:\/\/www.fenxifiber.com\/pt\/wp-json\/wp\/v2\/product_tag?post=660"}],"curies":[{"name":"wp","href":"https:\/\/api.w.org\/{rel}","templated":true}]}}