{"id":663,"date":"2026-02-03T06:05:05","date_gmt":"2026-02-03T06:05:05","guid":{"rendered":"https:\/\/www.fenxifiber.com\/?post_type=product&#038;p=663"},"modified":"2026-02-04T01:25:30","modified_gmt":"2026-02-04T01:25:30","slug":"sc-upc-fc-upc-50-125-dx","status":"publish","type":"product","link":"https:\/\/www.fenxifiber.com\/pt\/product\/sc-upc-fc-upc-50-125-dx\/","title":{"rendered":"SC\/UPC-LC\/UPC-62.5\/125-DX Multimodo legado para sistemas LC modernos"},"content":{"rendered":"<p data-start=\"2356\" data-end=\"2386\"><strong data-start=\"2356\" data-end=\"2386\">Por que 62,5\/125 ainda \u00e9 importante<\/strong><\/p>\n<p data-start=\"2388\" data-end=\"2464\">Mesmo hoje, muitos edif\u00edcios ainda funcionam <strong data-start=\"2425\" data-end=\"2440\">Cabeamento OM1<\/strong>. Em 850 nm, ele suporta:<\/p>\n<ul data-start=\"2466\" data-end=\"2526\">\n<li data-start=\"2466\" data-end=\"2495\">\n<p data-start=\"2468\" data-end=\"2495\"><strong data-start=\"2468\" data-end=\"2495\">Ethernet 1G at\u00e9 275 m<\/strong><\/p>\n<\/li>\n<li data-start=\"2496\" data-end=\"2526\">\n<p data-start=\"2498\" data-end=\"2526\"><strong data-start=\"2498\" data-end=\"2526\">Fast Ethernet at\u00e9 2 km<\/strong><\/p>\n<\/li>\n<\/ul>\n<p data-start=\"2528\" data-end=\"2624\">Esse patch cord permite que esses sistemas continuem funcionando com <strong data-start=\"2587\" data-end=\"2623\">switches e transceptores modernos<\/strong>.<\/p>\n<hr data-start=\"2626\" data-end=\"2629\" \/>\n<h2 data-start=\"2631\" data-end=\"2663\"><strong data-start=\"2634\" data-end=\"2663\">SC\/UPC\u2013SC\/UPC-62.5\/125-DX<\/strong><\/h2>\n<h3 data-start=\"2664\" data-end=\"2719\"><em data-start=\"2668\" data-end=\"2719\">Jumper duplex confi\u00e1vel para redes de fibra cl\u00e1ssicas<\/em><\/h3>\n<p data-start=\"2721\" data-end=\"3021\">O <strong data-start=\"2725\" data-end=\"2754\">SC\/UPC\u2013SC\/UPC-62.5\/125-DX<\/strong> \u00e9 um tradicional <strong data-start=\"2772\" data-end=\"2803\">cabo de conex\u00e3o duplex multimodo<\/strong> amplamente utilizado em <strong data-start=\"2819\" data-end=\"2875\">LANs mais antigas, links de fibra CCTV e backbones de edif\u00edcios<\/strong>. O n\u00facleo grande <strong data-start=\"2892\" data-end=\"2909\">Fibra de 62,5 \u00b5m<\/strong> fornece <strong data-start=\"2919\" data-end=\"2974\">excelente toler\u00e2ncia ao alinhamento e ao desgaste do conector<\/strong>, tornando-o popular em instala\u00e7\u00f5es de longo prazo.<\/p>\n<p data-start=\"3023\" data-end=\"3156\">Os conectores SC oferecem <strong data-start=\"3043\" data-end=\"3073\">alinhamento firme e quadrado<\/strong>, O que torna esse cabo especialmente f\u00e1cil de manusear em <strong data-start=\"3122\" data-end=\"3155\">pain\u00e9is de fibra e tomadas de parede<\/strong>.<\/p>\n<p data-start=\"3158\" data-end=\"3181\"><strong data-start=\"3158\" data-end=\"3181\">Especifica\u00e7\u00f5es b\u00e1sicas<\/strong><\/p>\n<div class=\"TyagGW_tableContainer\">\n<div class=\"group TyagGW_tableWrapper flex flex-col-reverse w-fit\" tabindex=\"-1\">\n<table class=\"w-fit min-w-(--thread-content-width)\" data-start=\"3183\" data-end=\"3362\">\n<thead data-start=\"3183\" data-end=\"3199\">\n<tr data-start=\"3183\" data-end=\"3199\">\n<th class=\"\" data-start=\"3183\" data-end=\"3190\" data-col-size=\"sm\">Item<\/th>\n<th class=\"\" data-start=\"3190\" data-end=\"3199\" data-col-size=\"sm\">Valor<\/th>\n<\/tr>\n<\/thead>\n<tbody data-start=\"3216\" data-end=\"3362\">\n<tr data-start=\"3216\" data-end=\"3243\">\n<td data-start=\"3216\" data-end=\"3224\" data-col-size=\"sm\">Fibra<\/td>\n<td data-start=\"3224\" data-end=\"3243\" data-col-size=\"sm\">62,5\/125 \u00b5m OM1<\/td>\n<\/tr>\n<tr data-start=\"3244\" data-end=\"3276\">\n<td data-start=\"3244\" data-end=\"3257\" data-col-size=\"sm\">Conectores<\/td>\n<td data-start=\"3257\" data-end=\"3276\" data-col-size=\"sm\">SC\/UPC \u2194 SC\/UPC<\/td>\n<\/tr>\n<tr data-start=\"3277\" data-end=\"3306\">\n<td data-start=\"3277\" data-end=\"3294\" data-col-size=\"sm\">Perda de inser\u00e7\u00e3o<\/td>\n<td data-start=\"3294\" data-end=\"3306\" data-col-size=\"sm\">\u22640,30 dB<\/td>\n<\/tr>\n<tr data-start=\"3307\" data-end=\"3331\">\n<td data-start=\"3307\" data-end=\"3321\" data-col-size=\"sm\">Perda de retorno<\/td>\n<td data-start=\"3321\" data-end=\"3331\" data-col-size=\"sm\">\u226530 dB<\/td>\n<\/tr>\n<tr data-start=\"3332\" data-end=\"3362\">\n<td data-start=\"3332\" data-end=\"3345\" data-col-size=\"sm\">Durabilidade<\/td>\n<td data-col-size=\"sm\" data-start=\"3345\" data-end=\"3362\">&gt;1000 acasalamentos<\/td>\n<\/tr>\n<\/tbody>\n<\/table>\n<\/div>\n<\/div>\n<hr data-start=\"3364\" data-end=\"3367\" \/>\n<h2 data-start=\"3369\" data-end=\"3392\"><strong data-start=\"3372\" data-end=\"3392\">Perguntas e respostas profissionais<\/strong><\/h2>\n<p data-start=\"3394\" data-end=\"3549\"><strong data-start=\"3394\" data-end=\"3439\">Q1: 50\/125 vs. 62,5\/125 - qual \u00e9 o melhor?<\/strong><br data-start=\"3439\" data-end=\"3442\" \/>Suportes 50\/125 <strong data-start=\"3458\" data-end=\"3483\">largura de banda muito maior<\/strong> (10G-100G), enquanto o 62,5\/125 \u00e9 usado principalmente em <strong data-start=\"3529\" data-end=\"3548\">redes legadas<\/strong>.<\/p>\n<p data-start=\"3551\" data-end=\"3666\"><strong data-start=\"3551\" data-end=\"3591\">P2: Posso misturar SC e LC em um \u00fanico link?<\/strong><br data-start=\"3591\" data-end=\"3594\" \/>Sim, \u00e9 exatamente assim que os cabos h\u00edbridos s\u00e3o <strong data-start=\"3639\" data-end=\"3648\">SC-LC<\/strong> s\u00e3o projetados para.<\/p>\n<p data-start=\"3668\" data-end=\"3794\"><strong data-start=\"3668\" data-end=\"3706\">P3: Eles s\u00e3o compat\u00edveis com Ethernet 10G?<\/strong><br data-start=\"3706\" data-end=\"3709\" \/>Suportes 50\/125 (OM3) <strong data-start=\"3731\" data-end=\"3750\">10G at\u00e9 300 m<\/strong>.<br data-start=\"3751\" data-end=\"3754\" \/>62,5\/125 \u00e9 normalmente limitado a <strong data-start=\"3787\" data-end=\"3793\">1G<\/strong>.<\/p>\n<p data-start=\"3796\" data-end=\"3915\"><strong data-start=\"3796\" data-end=\"3829\">Q4: Esses produtos s\u00e3o testados na f\u00e1brica?<\/strong><br data-start=\"3829\" data-end=\"3832\" \/>Sim. Todos os modelos s\u00e3o <strong data-start=\"3852\" data-end=\"3898\">100% testado quanto \u00e0 perda de inser\u00e7\u00e3o e perda de retorno<\/strong> antes do envio.<\/p>","protected":false},"excerpt":{"rendered":"<p data-start=\"2023\" data-end=\"2217\">O <strong data-start=\"2027\" data-end=\"2056\">SC\/UPC\u2013LC\/UPC-62.5\/125-DX<\/strong> foi criado especificamente para <strong data-start=\"2083\" data-end=\"2113\">infraestrutura de fibra mais antiga<\/strong> que ainda usa <strong data-start=\"2130\" data-end=\"2163\">Fibra multimodo de 62,5 \u00b5m (OM1)<\/strong> mas precisa se conectar ao <strong data-start=\"2188\" data-end=\"2216\">equipamentos mais novos baseados em LC<\/strong>.<\/p>\n<p data-start=\"2219\" data-end=\"2354\">Isso o torna ideal para <strong data-start=\"2243\" data-end=\"2302\">redes de campus, f\u00e1bricas e backbones de edif\u00edcios<\/strong> onde a substitui\u00e7\u00e3o da fibra instalada seria cara.<\/p>","protected":false},"featured_media":664,"comment_status":"open","ping_status":"closed","template":"","meta":[],"product_brand":[],"product_cat":[44],"product_tag":[],"class_list":{"0":"post-663","1":"product","2":"type-product","3":"status-publish","4":"has-post-thumbnail","6":"product_cat-multimode-fiber-optic-patch-cord","8":"first","9":"instock","10":"shipping-taxable","11":"product-type-simple"},"_links":{"self":[{"href":"https:\/\/www.fenxifiber.com\/pt\/wp-json\/wp\/v2\/product\/663","targetHints":{"allow":["GET"]}}],"collection":[{"href":"https:\/\/www.fenxifiber.com\/pt\/wp-json\/wp\/v2\/product"}],"about":[{"href":"https:\/\/www.fenxifiber.com\/pt\/wp-json\/wp\/v2\/types\/product"}],"replies":[{"embeddable":true,"href":"https:\/\/www.fenxifiber.com\/pt\/wp-json\/wp\/v2\/comments?post=663"}],"wp:featuredmedia":[{"embeddable":true,"href":"https:\/\/www.fenxifiber.com\/pt\/wp-json\/wp\/v2\/media\/664"}],"wp:attachment":[{"href":"https:\/\/www.fenxifiber.com\/pt\/wp-json\/wp\/v2\/media?parent=663"}],"wp:term":[{"taxonomy":"product_brand","embeddable":true,"href":"https:\/\/www.fenxifiber.com\/pt\/wp-json\/wp\/v2\/product_brand?post=663"},{"taxonomy":"product_cat","embeddable":true,"href":"https:\/\/www.fenxifiber.com\/pt\/wp-json\/wp\/v2\/product_cat?post=663"},{"taxonomy":"product_tag","embeddable":true,"href":"https:\/\/www.fenxifiber.com\/pt\/wp-json\/wp\/v2\/product_tag?post=663"}],"curies":[{"name":"wp","href":"https:\/\/api.w.org\/{rel}","templated":true}]}}