{"id":665,"date":"2026-02-03T06:10:32","date_gmt":"2026-02-03T06:10:32","guid":{"rendered":"https:\/\/www.fenxifiber.com\/?post_type=product&#038;p=665"},"modified":"2026-02-04T01:26:59","modified_gmt":"2026-02-04T01:26:59","slug":"sc-upc-lc-upc-62-5-125-dx","status":"publish","type":"product","link":"https:\/\/www.fenxifiber.com\/pt\/product\/sc-upc-lc-upc-62-5-125-dx\/","title":{"rendered":"Cabo de conex\u00e3o de fibra \u00f3ptica multimodo SC\/UPC-LC\/UPC-62,5\/125-DX"},"content":{"rendered":"<h3 data-start=\"699\" data-end=\"757\"><strong data-start=\"703\" data-end=\"757\">Constru\u00eddo para fibra legada, pronto para equipamentos modernos<\/strong><\/h3>\n<p data-start=\"759\" data-end=\"1046\">OM1 <strong data-start=\"763\" data-end=\"794\">Fibra multimodo de 62,5\/125 \u03bcm<\/strong> foi amplamente implantado nos primeiros dias das LANs de fibra e ainda \u00e9 comum em hospitais, aeroportos, universidades e instala\u00e7\u00f5es industriais. Embora as redes mais novas usem portas LC menores, a fibra em si continua perfeitamente utiliz\u00e1vel para <strong data-start=\"1021\" data-end=\"1045\">1G e Fast Ethernet<\/strong>.<\/p>\n<p data-start=\"1048\" data-end=\"1168\">Esse patch cord mant\u00e9m essas redes funcionando com efici\u00eancia e permite que elas se conectem diretamente a <strong data-start=\"1148\" data-end=\"1167\">\u00d3ptica baseada em LC<\/strong>.<\/p>\n<hr data-start=\"1170\" data-end=\"1173\" \/>\n<h3 data-start=\"1175\" data-end=\"1207\"><strong data-start=\"1179\" data-end=\"1207\">Especifica\u00e7\u00f5es t\u00e9cnicas<\/strong><\/h3>\n<div class=\"TyagGW_tableContainer\">\n<div class=\"group TyagGW_tableWrapper flex flex-col-reverse w-fit\" tabindex=\"-1\">\n<table class=\"w-fit min-w-(--thread-content-width)\" data-start=\"1209\" data-end=\"1687\">\n<thead data-start=\"1209\" data-end=\"1250\">\n<tr data-start=\"1209\" data-end=\"1250\">\n<th class=\"\" data-start=\"1209\" data-end=\"1221\" data-col-size=\"sm\">Par\u00e2metro<\/th>\n<th class=\"\" data-start=\"1221\" data-end=\"1250\" data-col-size=\"sm\">SC\/UPC\u2013LC\/UPC-62.5\/125-DX<\/th>\n<\/tr>\n<\/thead>\n<tbody data-start=\"1279\" data-end=\"1687\">\n<tr data-start=\"1279\" data-end=\"1323\">\n<td data-start=\"1279\" data-end=\"1292\" data-col-size=\"sm\">Tipo de fibra<\/td>\n<td data-start=\"1292\" data-end=\"1323\" data-col-size=\"sm\">Multimodo 62,5\/125 \u03bcm (OM1)<\/td>\n<\/tr>\n<tr data-start=\"1324\" data-end=\"1355\">\n<td data-start=\"1324\" data-end=\"1340\" data-col-size=\"sm\">Configura\u00e7\u00e3o<\/td>\n<td data-col-size=\"sm\" data-start=\"1340\" data-end=\"1355\">Duplex (DX)<\/td>\n<\/tr>\n<tr data-start=\"1356\" data-end=\"1382\">\n<td data-start=\"1356\" data-end=\"1370\" data-col-size=\"sm\">Conector A<\/td>\n<td data-start=\"1370\" data-end=\"1382\" data-col-size=\"sm\">SC \/ UPC<\/td>\n<\/tr>\n<tr data-start=\"1383\" data-end=\"1409\">\n<td data-start=\"1383\" data-end=\"1397\" data-col-size=\"sm\">Conector B<\/td>\n<td data-start=\"1397\" data-end=\"1409\" data-col-size=\"sm\">LC \/ UPC<\/td>\n<\/tr>\n<tr data-start=\"1410\" data-end=\"1453\">\n<td data-start=\"1410\" data-end=\"1433\" data-col-size=\"sm\">Comprimento de onda operacional<\/td>\n<td data-col-size=\"sm\" data-start=\"1433\" data-end=\"1453\">850 nm \/ 1300 nm<\/td>\n<\/tr>\n<tr data-start=\"1454\" data-end=\"1484\">\n<td data-start=\"1454\" data-end=\"1471\" data-col-size=\"sm\">Perda de inser\u00e7\u00e3o<\/td>\n<td data-start=\"1471\" data-end=\"1484\" data-col-size=\"sm\">\u2264 0,30 dB<\/td>\n<\/tr>\n<tr data-start=\"1485\" data-end=\"1510\">\n<td data-start=\"1485\" data-end=\"1499\" data-col-size=\"sm\">Perda de retorno<\/td>\n<td data-start=\"1499\" data-end=\"1510\" data-col-size=\"sm\">\u2265 30 dB<\/td>\n<\/tr>\n<tr data-start=\"1511\" data-end=\"1569\">\n<td data-start=\"1511\" data-end=\"1531\" data-col-size=\"sm\">Taxa de dados t\u00edpica<\/td>\n<td data-start=\"1531\" data-end=\"1569\" data-col-size=\"sm\">Ethernet 1G (at\u00e9 275 m @ 850 nm)<\/td>\n<\/tr>\n<tr data-start=\"1570\" data-end=\"1600\">\n<td data-start=\"1570\" data-end=\"1585\" data-col-size=\"sm\">Capa do cabo<\/td>\n<td data-start=\"1585\" data-end=\"1600\" data-col-size=\"sm\">LSZH ou PVC<\/td>\n<\/tr>\n<tr data-start=\"1601\" data-end=\"1645\">\n<td data-start=\"1601\" data-end=\"1625\" data-col-size=\"sm\">Temperatura operacional<\/td>\n<td data-start=\"1625\" data-end=\"1645\" data-col-size=\"sm\">-10 \u00b0C a +70 \u00b0C<\/td>\n<\/tr>\n<tr data-start=\"1646\" data-end=\"1687\">\n<td data-start=\"1646\" data-end=\"1658\" data-col-size=\"sm\">Padr\u00f5es<\/td>\n<td data-start=\"1658\" data-end=\"1687\" data-col-size=\"sm\">IEC, TIA-568, RoHS, REACH<\/td>\n<\/tr>\n<\/tbody>\n<\/table>\n<\/div>\n<\/div>\n<hr data-start=\"1689\" data-end=\"1692\" \/>\n<h3 data-start=\"1694\" data-end=\"1734\"><strong data-start=\"1698\" data-end=\"1734\">Como ele funciona em redes reais<\/strong><\/h3>\n<p data-start=\"1736\" data-end=\"1778\">Em <strong data-start=\"1739\" data-end=\"1749\">850 nm<\/strong>, Suportes de fibra de 62,5\/125 \u03bcm:<\/p>\n<ul data-start=\"1780\" data-end=\"1847\">\n<li data-start=\"1780\" data-end=\"1816\">\n<p data-start=\"1782\" data-end=\"1816\"><strong data-start=\"1782\" data-end=\"1814\">Ethernet 1G at\u00e9 275 metros<\/strong><\/p>\n<\/li>\n<li data-start=\"1817\" data-end=\"1847\">\n<p data-start=\"1819\" data-end=\"1847\"><strong data-start=\"1819\" data-end=\"1847\">Fast Ethernet at\u00e9 2 km<\/strong><\/p>\n<\/li>\n<\/ul>\n<p data-start=\"1849\" data-end=\"1891\">Isso torna o jumper SC-LC OM1 ideal para:<\/p>\n<ul data-start=\"1893\" data-end=\"2045\">\n<li data-start=\"1893\" data-end=\"1934\">\n<p data-start=\"1895\" data-end=\"1934\"><strong data-start=\"1895\" data-end=\"1934\">Redes de campus e edif\u00edcios de escrit\u00f3rios<\/strong><\/p>\n<\/li>\n<li data-start=\"1935\" data-end=\"1970\">\n<p data-start=\"1937\" data-end=\"1970\"><strong data-start=\"1937\" data-end=\"1970\">Sistemas de automa\u00e7\u00e3o industrial<\/strong><\/p>\n<\/li>\n<li data-start=\"1971\" data-end=\"2006\">\n<p data-start=\"1973\" data-end=\"2006\"><strong data-start=\"1973\" data-end=\"2006\">Links de fibra para seguran\u00e7a e CCTV<\/strong><\/p>\n<\/li>\n<li data-start=\"2007\" data-end=\"2045\">\n<p data-start=\"2009\" data-end=\"2045\"><strong data-start=\"2009\" data-end=\"2045\">Quadros de distribui\u00e7\u00e3o de fibra legados<\/strong><\/p>\n<\/li>\n<\/ul>\n<hr data-start=\"2047\" data-end=\"2050\" \/>\n<h3 data-start=\"2052\" data-end=\"2097\"><strong data-start=\"2056\" data-end=\"2097\">Fabrica\u00e7\u00e3o de precis\u00e3o em que voc\u00ea pode confiar<\/strong><\/h3>\n<p data-start=\"2099\" data-end=\"2366\">Cada cabo \u00e9 fabricado com <strong data-start=\"2132\" data-end=\"2208\">virolas de cer\u00e2mica, polimento UPC de precis\u00e3o e testes \u00f3pticos automatizados<\/strong>. Ambos os canais de fibra s\u00e3o inspecionados quanto a <strong data-start=\"2248\" data-end=\"2287\">perda de inser\u00e7\u00e3o e qualidade da face final<\/strong>, garantindo uma transmiss\u00e3o confi\u00e1vel mesmo depois de <strong data-start=\"2331\" data-end=\"2365\">milhares de ciclos de conex\u00e3o<\/strong>.<\/p>\n<p data-start=\"2368\" data-end=\"2477\">A op\u00e7\u00e3o de jaqueta LSZH tamb\u00e9m atende \u00e0s modernas <strong data-start=\"2409\" data-end=\"2451\">requisitos de seguran\u00e7a contra inc\u00eandio e baixa emiss\u00e3o de fuma\u00e7a<\/strong> para instala\u00e7\u00f5es internas.<\/p>\n<hr data-start=\"2479\" data-end=\"2482\" \/>\n<h2 data-start=\"2484\" data-end=\"2507\"><strong data-start=\"2487\" data-end=\"2507\">Perguntas e respostas profissionais<\/strong><\/h2>\n<p data-start=\"2509\" data-end=\"2706\"><strong data-start=\"2509\" data-end=\"2554\">P1: A fibra 62,5\/125 ainda pode ser usada atualmente?<\/strong><br data-start=\"2554\" data-end=\"2557\" \/>Sim. Embora n\u00e3o seja compat\u00edvel com 10G em longas dist\u00e2ncias, continua sendo totalmente adequado para <strong data-start=\"2641\" data-end=\"2665\">1G e Fast Ethernet<\/strong> que ainda s\u00e3o amplamente implantadas.<\/p>\n<p data-start=\"2708\" data-end=\"2913\"><strong data-start=\"2708\" data-end=\"2761\">P2: Por que escolher SC em uma extremidade e LC na outra?<\/strong><br data-start=\"2761\" data-end=\"2764\" \/>SC conecta-se facilmente a <strong data-start=\"2786\" data-end=\"2808\">patch panels antigos<\/strong>, enquanto o LC se ajusta a <strong data-start=\"2824\" data-end=\"2864\">Switches modernos e transceptores SFP<\/strong>, tornando esse cabo ideal para ambientes mistos.<\/p>\n<p data-start=\"2915\" data-end=\"3095\"><strong data-start=\"2915\" data-end=\"2962\">P3: Esse cabo pode ser usado em data centers?<\/strong><br data-start=\"2962\" data-end=\"2965\" \/>Ele \u00e9 normalmente usado no <strong data-start=\"2993\" data-end=\"3034\">borda de data centers ou salas de telecomunica\u00e7\u00f5es<\/strong> onde a fibra OM1 antiga se conecta a equipamentos mais novos baseados em LC.<\/p>\n<p data-start=\"3097\" data-end=\"3270\"><strong data-start=\"3097\" data-end=\"3137\">Q4: O que o polimento UPC oferece?<\/strong><br data-start=\"3137\" data-end=\"3140\" \/>O UPC cria um <strong data-start=\"3154\" data-end=\"3181\">contato f\u00edsico suave<\/strong> entre as faces das extremidades da fibra, mantendo <strong data-start=\"3215\" data-end=\"3269\">perda de inser\u00e7\u00e3o baixa e reflexos est\u00e1veis (\u226530 dB)<\/strong>.<\/p>","protected":false},"excerpt":{"rendered":"<p data-start=\"67\" data-end=\"456\">O <strong data-start=\"71\" data-end=\"100\">SC\/UPC\u2013LC\/UPC-62.5\/125-DX<\/strong> \u00e9 um sistema de <strong data-start=\"120\" data-end=\"157\">cabo de conex\u00e3o de fibra multimodo duplex<\/strong> projetado para conectar <strong data-start=\"178\" data-end=\"221\">Infraestrutura de fibra OM1 antiga de 62,5 \u03bcm<\/strong> com os atuais <strong data-start=\"235\" data-end=\"288\">Switches, transceptores e patch panels baseados em LC<\/strong>. \u00c9 amplamente utilizado em <strong data-start=\"311\" data-end=\"390\">redes de campus, ch\u00e3o de f\u00e1brica, sistemas de fibra CCTV e backbones de edif\u00edcios<\/strong> onde plantas de fibra mais antigas ainda fornecem anos de servi\u00e7o confi\u00e1vel.<\/p>\n<p data-start=\"458\" data-end=\"692\">Ao combinar um <strong data-start=\"473\" data-end=\"498\">conector SC padr\u00e3o<\/strong> em uma extremidade com um <strong data-start=\"517\" data-end=\"541\">conector LC compacto<\/strong> Por outro lado, esse cabo oferece um caminho limpo de atualiza\u00e7\u00e3o de pain\u00e9is de fibra tradicionais para equipamentos de rede modernos, sem substituir o cabeamento instalado.<\/p>","protected":false},"featured_media":666,"comment_status":"open","ping_status":"closed","template":"","meta":[],"product_brand":[],"product_cat":[44],"product_tag":[],"class_list":{"0":"post-665","1":"product","2":"type-product","3":"status-publish","4":"has-post-thumbnail","6":"product_cat-multimode-fiber-optic-patch-cord","8":"first","9":"instock","10":"shipping-taxable","11":"product-type-simple"},"_links":{"self":[{"href":"https:\/\/www.fenxifiber.com\/pt\/wp-json\/wp\/v2\/product\/665","targetHints":{"allow":["GET"]}}],"collection":[{"href":"https:\/\/www.fenxifiber.com\/pt\/wp-json\/wp\/v2\/product"}],"about":[{"href":"https:\/\/www.fenxifiber.com\/pt\/wp-json\/wp\/v2\/types\/product"}],"replies":[{"embeddable":true,"href":"https:\/\/www.fenxifiber.com\/pt\/wp-json\/wp\/v2\/comments?post=665"}],"wp:featuredmedia":[{"embeddable":true,"href":"https:\/\/www.fenxifiber.com\/pt\/wp-json\/wp\/v2\/media\/666"}],"wp:attachment":[{"href":"https:\/\/www.fenxifiber.com\/pt\/wp-json\/wp\/v2\/media?parent=665"}],"wp:term":[{"taxonomy":"product_brand","embeddable":true,"href":"https:\/\/www.fenxifiber.com\/pt\/wp-json\/wp\/v2\/product_brand?post=665"},{"taxonomy":"product_cat","embeddable":true,"href":"https:\/\/www.fenxifiber.com\/pt\/wp-json\/wp\/v2\/product_cat?post=665"},{"taxonomy":"product_tag","embeddable":true,"href":"https:\/\/www.fenxifiber.com\/pt\/wp-json\/wp\/v2\/product_tag?post=665"}],"curies":[{"name":"wp","href":"https:\/\/api.w.org\/{rel}","templated":true}]}}