{"id":667,"date":"2026-02-03T06:12:34","date_gmt":"2026-02-03T06:12:34","guid":{"rendered":"https:\/\/www.fenxifiber.com\/?post_type=product&#038;p=667"},"modified":"2026-02-04T01:27:46","modified_gmt":"2026-02-04T01:27:46","slug":"sc-upc-sc-upc-62-5-125-dx","status":"publish","type":"product","link":"https:\/\/www.fenxifiber.com\/pt\/product\/sc-upc-sc-upc-62-5-125-dx\/","title":{"rendered":"Cabo de conex\u00e3o de fibra \u00f3ptica multimodo SC\/UPC-SC\/UPC-62,5\/125-DX"},"content":{"rendered":"<h3 data-start=\"612\" data-end=\"664\"><strong data-start=\"616\" data-end=\"664\">Otimizado para infraestrutura de fibra instalada<\/strong><\/h3>\n<p data-start=\"666\" data-end=\"946\">Grandes quantidades de <strong data-start=\"683\" data-end=\"714\">Fibra multimodo de 62,5\/125 \u03bcm<\/strong> ainda est\u00e3o instalados em todo o mundo em escolas, hospitais, f\u00e1bricas e pr\u00e9dios de escrit\u00f3rios. Esse cabo de conex\u00e3o permite que essas redes permane\u00e7am operacionais sem a necessidade de um novo cabeamento dispendioso, mantendo <strong data-start=\"899\" data-end=\"945\">qualidade de sinal limpa em 850 nm e 1300 nm<\/strong>.<\/p>\n<hr data-start=\"948\" data-end=\"951\" \/>\n<h3 data-start=\"953\" data-end=\"986\"><strong data-start=\"957\" data-end=\"986\">Caracter\u00edsticas t\u00e9cnicas<\/strong><\/h3>\n<div class=\"TyagGW_tableContainer\">\n<div class=\"group TyagGW_tableWrapper flex flex-col-reverse w-fit\" tabindex=\"-1\">\n<table class=\"w-fit min-w-(--thread-content-width)\" data-start=\"988\" data-end=\"1456\">\n<thead data-start=\"988\" data-end=\"1029\">\n<tr data-start=\"988\" data-end=\"1029\">\n<th class=\"\" data-start=\"988\" data-end=\"1000\" data-col-size=\"sm\">Par\u00e2metro<\/th>\n<th class=\"\" data-start=\"1000\" data-end=\"1029\" data-col-size=\"sm\">SC\/UPC\u2013SC\/UPC-62.5\/125-DX<\/th>\n<\/tr>\n<\/thead>\n<tbody data-start=\"1058\" data-end=\"1456\">\n<tr data-start=\"1058\" data-end=\"1102\">\n<td data-start=\"1058\" data-end=\"1071\" data-col-size=\"sm\">Tipo de fibra<\/td>\n<td data-start=\"1071\" data-end=\"1102\" data-col-size=\"sm\">Multimodo 62,5\/125 \u03bcm (OM1)<\/td>\n<\/tr>\n<tr data-start=\"1103\" data-end=\"1134\">\n<td data-start=\"1103\" data-end=\"1119\" data-col-size=\"sm\">Configura\u00e7\u00e3o<\/td>\n<td data-start=\"1119\" data-end=\"1134\" data-col-size=\"sm\">Duplex (DX)<\/td>\n<\/tr>\n<tr data-start=\"1135\" data-end=\"1161\">\n<td data-start=\"1135\" data-end=\"1149\" data-col-size=\"sm\">Conector A<\/td>\n<td data-start=\"1149\" data-end=\"1161\" data-col-size=\"sm\">SC \/ UPC<\/td>\n<\/tr>\n<tr data-start=\"1162\" data-end=\"1188\">\n<td data-start=\"1162\" data-end=\"1176\" data-col-size=\"sm\">Conector B<\/td>\n<td data-start=\"1176\" data-end=\"1188\" data-col-size=\"sm\">SC \/ UPC<\/td>\n<\/tr>\n<tr data-start=\"1189\" data-end=\"1232\">\n<td data-start=\"1189\" data-end=\"1212\" data-col-size=\"sm\">Comprimento de onda operacional<\/td>\n<td data-start=\"1212\" data-end=\"1232\" data-col-size=\"sm\">850 nm \/ 1300 nm<\/td>\n<\/tr>\n<tr data-start=\"1233\" data-end=\"1263\">\n<td data-start=\"1233\" data-end=\"1250\" data-col-size=\"sm\">Perda de inser\u00e7\u00e3o<\/td>\n<td data-col-size=\"sm\" data-start=\"1250\" data-end=\"1263\">\u2264 0,30 dB<\/td>\n<\/tr>\n<tr data-start=\"1264\" data-end=\"1289\">\n<td data-start=\"1264\" data-end=\"1278\" data-col-size=\"sm\">Perda de retorno<\/td>\n<td data-start=\"1278\" data-end=\"1289\" data-col-size=\"sm\">\u2265 30 dB<\/td>\n<\/tr>\n<tr data-start=\"1290\" data-end=\"1337\">\n<td data-start=\"1290\" data-end=\"1310\" data-col-size=\"sm\">Taxa de dados t\u00edpica<\/td>\n<td data-start=\"1310\" data-end=\"1337\" data-col-size=\"sm\">Ethernet 1G at\u00e9 275 m<\/td>\n<\/tr>\n<tr data-start=\"1338\" data-end=\"1368\">\n<td data-start=\"1338\" data-end=\"1353\" data-col-size=\"sm\">Capa do cabo<\/td>\n<td data-start=\"1353\" data-end=\"1368\" data-col-size=\"sm\">LSZH ou PVC<\/td>\n<\/tr>\n<tr data-start=\"1369\" data-end=\"1413\">\n<td data-start=\"1369\" data-end=\"1393\" data-col-size=\"sm\">Temperatura operacional<\/td>\n<td data-col-size=\"sm\" data-start=\"1393\" data-end=\"1413\">-10 \u00b0C a +70 \u00b0C<\/td>\n<\/tr>\n<tr data-start=\"1414\" data-end=\"1456\">\n<td data-start=\"1414\" data-end=\"1427\" data-col-size=\"sm\">Conformidade<\/td>\n<td data-col-size=\"sm\" data-start=\"1427\" data-end=\"1456\">IEC, TIA-568, RoHS, REACH<\/td>\n<\/tr>\n<\/tbody>\n<\/table>\n<\/div>\n<\/div>\n<hr data-start=\"1458\" data-end=\"1461\" \/>\n<h3 data-start=\"1463\" data-end=\"1498\"><strong data-start=\"1467\" data-end=\"1498\">Para que \u00e9 comumente usado<\/strong><\/h3>\n<p data-start=\"1500\" data-end=\"1533\">Esse cabo \u00e9 amplamente utilizado em:<\/p>\n<ul data-start=\"1535\" data-end=\"1747\">\n<li data-start=\"1535\" data-end=\"1576\">\n<p data-start=\"1537\" data-end=\"1576\"><strong data-start=\"1537\" data-end=\"1576\">Pain\u00e9is de patch de fibra e tomadas de parede<\/strong><\/p>\n<\/li>\n<li data-start=\"1577\" data-end=\"1613\">\n<p data-start=\"1579\" data-end=\"1613\"><strong data-start=\"1579\" data-end=\"1613\">Redes corporativas e de campus<\/strong><\/p>\n<\/li>\n<li data-start=\"1614\" data-end=\"1659\">\n<p data-start=\"1616\" data-end=\"1659\"><strong data-start=\"1616\" data-end=\"1659\">Sistemas de fibra de seguran\u00e7a e vigil\u00e2ncia<\/strong><\/p>\n<\/li>\n<li data-start=\"1660\" data-end=\"1708\">\n<p data-start=\"1662\" data-end=\"1708\"><strong data-start=\"1662\" data-end=\"1708\">Redes de monitoramento e controle industrial<\/strong><\/p>\n<\/li>\n<li data-start=\"1709\" data-end=\"1747\">\n<p data-start=\"1711\" data-end=\"1747\"><strong data-start=\"1711\" data-end=\"1747\">Backbones legados de telecomunica\u00e7\u00f5es e LAN<\/strong><\/p>\n<\/li>\n<\/ul>\n<p data-start=\"1749\" data-end=\"1890\">Suas <strong data-start=\"1753\" data-end=\"1769\">N\u00facleo de 62,5 \u00b5m<\/strong> oferece excelente toler\u00e2ncia ao alinhamento do conector, o que o torna particularmente tolerante em ambientes com alto ciclo de fus\u00e3o.<\/p>\n<hr data-start=\"1892\" data-end=\"1895\" \/>\n<h3 data-start=\"1897\" data-end=\"1936\"><strong data-start=\"1901\" data-end=\"1936\">Constru\u00eddo para ser confi\u00e1vel a longo prazo<\/strong><\/h3>\n<p data-start=\"1938\" data-end=\"2217\">Todos os cabos de conex\u00e3o SC\/UPC-SC\/UPC-DX s\u00e3o fabricados com <strong data-start=\"1994\" data-end=\"2029\">Virolas de cer\u00e2mica de alta precis\u00e3o<\/strong> e <strong data-start=\"2034\" data-end=\"2060\">Faces de extremidade com polimento UPC<\/strong>, e, em seguida, testado para <strong data-start=\"2078\" data-end=\"2132\">perda de inser\u00e7\u00e3o, perda de retorno e geometria da extremidade<\/strong>. Isso garante um desempenho \u00f3ptico consistente mesmo depois de <strong data-start=\"2189\" data-end=\"2216\">milhares de inser\u00e7\u00f5es<\/strong>.<\/p>\n<p data-start=\"2219\" data-end=\"2336\">A op\u00e7\u00e3o de jaqueta LSZH tamb\u00e9m suporta <strong data-start=\"2256\" data-end=\"2290\">normas modernas de seguran\u00e7a contra inc\u00eandio<\/strong> para instala\u00e7\u00f5es internas e em pr\u00e9dios p\u00fablicos.<\/p>\n<hr data-start=\"2338\" data-end=\"2341\" \/>\n<h2 data-start=\"2343\" data-end=\"2366\"><strong data-start=\"2346\" data-end=\"2366\">Perguntas e respostas profissionais<\/strong><\/h2>\n<p data-start=\"2368\" data-end=\"2495\"><strong data-start=\"2368\" data-end=\"2416\">P1: Esse cabo \u00e9 compat\u00edvel com Gigabit Ethernet?<\/strong><br data-start=\"2416\" data-end=\"2419\" \/>Sim. A fibra OM1 62,5\/125 suporta <strong data-start=\"2452\" data-end=\"2494\">Ethernet 1G de at\u00e9 275 metros a 850 nm<\/strong>.<\/p>\n<p data-start=\"2497\" data-end=\"2672\"><strong data-start=\"2497\" data-end=\"2544\">Q2: Por que o SC ainda \u00e9 usado em muitos edif\u00edcios?<\/strong><br data-start=\"2544\" data-end=\"2547\" \/>Os conectores SC s\u00e3o <strong data-start=\"2565\" data-end=\"2613\">dur\u00e1vel, f\u00e1cil de manusear e altamente confi\u00e1vel<\/strong>, tornando-os populares em <strong data-start=\"2638\" data-end=\"2671\">pain\u00e9is de conex\u00e3o e tomadas de parede<\/strong>.<\/p>\n<p data-start=\"2674\" data-end=\"2826\"><strong data-start=\"2674\" data-end=\"2707\">P3: Isso \u00e9 adequado para 10G?<\/strong><br data-start=\"2707\" data-end=\"2710\" \/>N\u00e3o. A fibra OM1 n\u00e3o foi projetada para Ethernet 10G em dist\u00e2ncias padr\u00e3o. Ela foi projetada para <strong data-start=\"2801\" data-end=\"2825\">Fast Ethernet e 1G<\/strong>.<\/p>\n<p data-start=\"2828\" data-end=\"2982\"><strong data-start=\"2828\" data-end=\"2876\">Q4: Ele pode ser instalado em edif\u00edcios modernos?<\/strong><br data-start=\"2876\" data-end=\"2879\" \/>Sim, especialmente em <strong data-start=\"2898\" data-end=\"2928\">reformas e expans\u00f5es<\/strong> onde a fibra 62,5\/125 existente \u00e9 reutilizada para economizar custos.<\/p>","protected":false},"excerpt":{"rendered":"<p data-start=\"67\" data-end=\"439\">O <strong data-start=\"71\" data-end=\"100\">SC\/UPC\u2013SC\/UPC-62.5\/125-DX<\/strong> \u00e9 um cl\u00e1ssico <strong data-start=\"114\" data-end=\"151\">cabo de conex\u00e3o de fibra multimodo duplex<\/strong> projetado para <strong data-start=\"167\" data-end=\"245\">LANs legadas, backbones de edif\u00edcios, links de fibra CCTV e redes industriais<\/strong> que continuam a ser executados em <strong data-start=\"270\" data-end=\"291\">Fibra OM1 de 62,5 \u03bcm<\/strong>. Com <strong data-start=\"298\" data-end=\"328\">Conectores SC em ambas as extremidades<\/strong>, Ele oferece uma conex\u00e3o direta e est\u00e1vel entre <strong data-start=\"387\" data-end=\"438\">pain\u00e9is de fibra, tomadas de parede e dispositivos \u00f3pticos<\/strong>.<\/p>\n<p data-start=\"441\" data-end=\"605\">Embora as redes mais novas favore\u00e7am conectores menores, o SC continua sendo um padr\u00e3o confi\u00e1vel gra\u00e7as \u00e0 sua <strong data-start=\"536\" data-end=\"571\">Projeto robusto de travamento push-pull<\/strong> e excelente precis\u00e3o de alinhamento.<\/p>","protected":false},"featured_media":668,"comment_status":"open","ping_status":"closed","template":"","meta":[],"product_brand":[],"product_cat":[44],"product_tag":[],"class_list":{"0":"post-667","1":"product","2":"type-product","3":"status-publish","4":"has-post-thumbnail","6":"product_cat-multimode-fiber-optic-patch-cord","8":"first","9":"instock","10":"shipping-taxable","11":"product-type-simple"},"_links":{"self":[{"href":"https:\/\/www.fenxifiber.com\/pt\/wp-json\/wp\/v2\/product\/667","targetHints":{"allow":["GET"]}}],"collection":[{"href":"https:\/\/www.fenxifiber.com\/pt\/wp-json\/wp\/v2\/product"}],"about":[{"href":"https:\/\/www.fenxifiber.com\/pt\/wp-json\/wp\/v2\/types\/product"}],"replies":[{"embeddable":true,"href":"https:\/\/www.fenxifiber.com\/pt\/wp-json\/wp\/v2\/comments?post=667"}],"wp:featuredmedia":[{"embeddable":true,"href":"https:\/\/www.fenxifiber.com\/pt\/wp-json\/wp\/v2\/media\/668"}],"wp:attachment":[{"href":"https:\/\/www.fenxifiber.com\/pt\/wp-json\/wp\/v2\/media?parent=667"}],"wp:term":[{"taxonomy":"product_brand","embeddable":true,"href":"https:\/\/www.fenxifiber.com\/pt\/wp-json\/wp\/v2\/product_brand?post=667"},{"taxonomy":"product_cat","embeddable":true,"href":"https:\/\/www.fenxifiber.com\/pt\/wp-json\/wp\/v2\/product_cat?post=667"},{"taxonomy":"product_tag","embeddable":true,"href":"https:\/\/www.fenxifiber.com\/pt\/wp-json\/wp\/v2\/product_tag?post=667"}],"curies":[{"name":"wp","href":"https:\/\/api.w.org\/{rel}","templated":true}]}}