{"id":674,"date":"2026-02-03T06:18:20","date_gmt":"2026-02-03T06:18:20","guid":{"rendered":"https:\/\/www.fenxifiber.com\/?post_type=product&#038;p=674"},"modified":"2026-02-04T01:29:17","modified_gmt":"2026-02-04T01:29:17","slug":"st-upc-st-upc-62-5-125-dx","status":"publish","type":"product","link":"https:\/\/www.fenxifiber.com\/pt\/product\/st-upc-st-upc-62-5-125-dx\/","title":{"rendered":"Cabo de conex\u00e3o de fibra \u00f3ptica multimodo ST\/UPC-ST\/UPC-62,5\/125-DX"},"content":{"rendered":"<h3 data-start=\"683\" data-end=\"730\"><strong data-start=\"687\" data-end=\"730\">Criado para sistemas de fibra OM1 estabelecidos<\/strong><\/h3>\n<p data-start=\"732\" data-end=\"1051\">Embora os data centers modernos favore\u00e7am a fibra de maior qualidade, <strong data-start=\"787\" data-end=\"806\">62,5\/125 \u03bcm OM1<\/strong> ainda \u00e9 amplamente implantado em edif\u00edcios e instala\u00e7\u00f5es em todo o mundo. Esse patch cord permite que esses sistemas continuem operando de forma confi\u00e1vel em <strong data-start=\"949\" data-end=\"971\">850 nm e 1300 nm<\/strong>, com suporte a aplicativos comuns, como <strong data-start=\"1012\" data-end=\"1050\">Fast Ethernet e Gigabit Ethernet<\/strong>.<\/p>\n<p data-start=\"1053\" data-end=\"1188\">O <strong data-start=\"1057\" data-end=\"1089\">Faces da extremidade da fibra polidas pelo UPC<\/strong> garantir um contato f\u00edsico suave, mantendo <strong data-start=\"1130\" data-end=\"1187\">baixa perda \u00f3ptica e reflex\u00f5es de sinal sob controle<\/strong>.<\/p>\n<hr data-start=\"1190\" data-end=\"1193\" \/>\n<h3 data-start=\"1195\" data-end=\"1227\"><strong data-start=\"1199\" data-end=\"1227\">Especifica\u00e7\u00f5es t\u00e9cnicas<\/strong><\/h3>\n<div class=\"TyagGW_tableContainer\">\n<div class=\"group TyagGW_tableWrapper flex flex-col-reverse w-fit\" tabindex=\"-1\">\n<table class=\"w-fit min-w-(--thread-content-width)\" data-start=\"1229\" data-end=\"1696\">\n<thead data-start=\"1229\" data-end=\"1270\">\n<tr data-start=\"1229\" data-end=\"1270\">\n<th class=\"\" data-start=\"1229\" data-end=\"1241\" data-col-size=\"sm\">Par\u00e2metro<\/th>\n<th class=\"\" data-start=\"1241\" data-end=\"1270\" data-col-size=\"sm\">ST\/UPC\u2013ST\/UPC-62.5\/125-DX<\/th>\n<\/tr>\n<\/thead>\n<tbody data-start=\"1299\" data-end=\"1696\">\n<tr data-start=\"1299\" data-end=\"1343\">\n<td data-start=\"1299\" data-end=\"1312\" data-col-size=\"sm\">Tipo de fibra<\/td>\n<td data-start=\"1312\" data-end=\"1343\" data-col-size=\"sm\">Multimodo 62,5\/125 \u03bcm (OM1)<\/td>\n<\/tr>\n<tr data-start=\"1344\" data-end=\"1375\">\n<td data-start=\"1344\" data-end=\"1360\" data-col-size=\"sm\">Configura\u00e7\u00e3o<\/td>\n<td data-col-size=\"sm\" data-start=\"1360\" data-end=\"1375\">Duplex (DX)<\/td>\n<\/tr>\n<tr data-start=\"1376\" data-end=\"1402\">\n<td data-start=\"1376\" data-end=\"1390\" data-col-size=\"sm\">Conector A<\/td>\n<td data-start=\"1390\" data-end=\"1402\" data-col-size=\"sm\">ST \/ UPC<\/td>\n<\/tr>\n<tr data-start=\"1403\" data-end=\"1429\">\n<td data-start=\"1403\" data-end=\"1417\" data-col-size=\"sm\">Conector B<\/td>\n<td data-start=\"1417\" data-end=\"1429\" data-col-size=\"sm\">ST \/ UPC<\/td>\n<\/tr>\n<tr data-start=\"1430\" data-end=\"1473\">\n<td data-start=\"1430\" data-end=\"1453\" data-col-size=\"sm\">Comprimento de onda operacional<\/td>\n<td data-col-size=\"sm\" data-start=\"1453\" data-end=\"1473\">850 nm \/ 1300 nm<\/td>\n<\/tr>\n<tr data-start=\"1474\" data-end=\"1504\">\n<td data-start=\"1474\" data-end=\"1491\" data-col-size=\"sm\">Perda de inser\u00e7\u00e3o<\/td>\n<td data-col-size=\"sm\" data-start=\"1491\" data-end=\"1504\">\u2264 0,30 dB<\/td>\n<\/tr>\n<tr data-start=\"1505\" data-end=\"1530\">\n<td data-start=\"1505\" data-end=\"1519\" data-col-size=\"sm\">Perda de retorno<\/td>\n<td data-start=\"1519\" data-end=\"1530\" data-col-size=\"sm\">\u2265 30 dB<\/td>\n<\/tr>\n<tr data-start=\"1531\" data-end=\"1578\">\n<td data-start=\"1531\" data-end=\"1551\" data-col-size=\"sm\">Taxa de dados t\u00edpica<\/td>\n<td data-start=\"1551\" data-end=\"1578\" data-col-size=\"sm\">Ethernet 1G at\u00e9 275 m<\/td>\n<\/tr>\n<tr data-start=\"1579\" data-end=\"1609\">\n<td data-start=\"1579\" data-end=\"1594\" data-col-size=\"sm\">Capa do cabo<\/td>\n<td data-start=\"1594\" data-end=\"1609\" data-col-size=\"sm\">LSZH ou PVC<\/td>\n<\/tr>\n<tr data-start=\"1610\" data-end=\"1654\">\n<td data-start=\"1610\" data-end=\"1634\" data-col-size=\"sm\">Temperatura operacional<\/td>\n<td data-col-size=\"sm\" data-start=\"1634\" data-end=\"1654\">-10 \u00b0C a +70 \u00b0C<\/td>\n<\/tr>\n<tr data-start=\"1655\" data-end=\"1696\">\n<td data-start=\"1655\" data-end=\"1667\" data-col-size=\"sm\">Padr\u00f5es<\/td>\n<td data-col-size=\"sm\" data-start=\"1667\" data-end=\"1696\">IEC, TIA-568, RoHS, REACH<\/td>\n<\/tr>\n<\/tbody>\n<\/table>\n<\/div>\n<\/div>\n<hr data-start=\"1698\" data-end=\"1701\" \/>\n<h3 data-start=\"1703\" data-end=\"1744\"><strong data-start=\"1707\" data-end=\"1744\">Onde esse cabo \u00e9 comumente usado<\/strong><\/h3>\n<ul data-start=\"1746\" data-end=\"1949\">\n<li data-start=\"1746\" data-end=\"1789\">\n<p data-start=\"1748\" data-end=\"1789\"><strong data-start=\"1748\" data-end=\"1787\">Backbones de fibra em campus e pr\u00e9dios<\/strong><\/p>\n<\/li>\n<li data-start=\"1790\" data-end=\"1835\">\n<p data-start=\"1792\" data-end=\"1835\"><strong data-start=\"1792\" data-end=\"1833\">Links de fibra para seguran\u00e7a e vigil\u00e2ncia<\/strong><\/p>\n<\/li>\n<li data-start=\"1836\" data-end=\"1871\">\n<p data-start=\"1838\" data-end=\"1871\"><strong data-start=\"1838\" data-end=\"1869\">Redes de controle industrial<\/strong><\/p>\n<\/li>\n<li data-start=\"1872\" data-end=\"1917\">\n<p data-start=\"1874\" data-end=\"1917\"><strong data-start=\"1874\" data-end=\"1915\">Estruturas de distribui\u00e7\u00e3o de fibra e telecomunica\u00e7\u00f5es<\/strong><\/p>\n<\/li>\n<li data-start=\"1918\" data-end=\"1949\">\n<p data-start=\"1920\" data-end=\"1949\"><strong data-start=\"1920\" data-end=\"1949\">Infraestrutura LAN legada<\/strong><\/p>\n<\/li>\n<\/ul>\n<p data-start=\"1951\" data-end=\"2101\">O <strong data-start=\"1955\" data-end=\"1978\">n\u00facleo maior de 62,5 \u03bcm<\/strong> oferece boa toler\u00e2ncia de alinhamento, o que \u00e9 particularmente \u00fatil em instala\u00e7\u00f5es com patches e reconfigura\u00e7\u00f5es frequentes.<\/p>\n<hr data-start=\"2103\" data-end=\"2106\" \/>\n<h3 data-start=\"2108\" data-end=\"2154\"><strong data-start=\"2112\" data-end=\"2154\">Fabricado para confiabilidade de longo prazo<\/strong><\/h3>\n<p data-start=\"2156\" data-end=\"2461\">Cada patch cord ST\/UPC-ST\/UPC \u00e9 montado com <strong data-start=\"2204\" data-end=\"2239\">Virolas de cer\u00e2mica de alta precis\u00e3o<\/strong> e <strong data-start=\"2244\" data-end=\"2270\">Faces de extremidade com polimento UPC<\/strong>, e, em seguida, testado para <strong data-start=\"2288\" data-end=\"2342\">perda de inser\u00e7\u00e3o, perda de retorno e geometria da extremidade<\/strong>. Isso garante um desempenho est\u00e1vel mesmo depois de <strong data-start=\"2387\" data-end=\"2421\">milhares de ciclos de conex\u00e3o<\/strong> em gabinetes de fibra ou salas de controle movimentadas.<\/p>\n<hr data-start=\"2463\" data-end=\"2466\" \/>\n<h2 data-start=\"2468\" data-end=\"2491\"><strong data-start=\"2471\" data-end=\"2491\">Perguntas e respostas profissionais<\/strong><\/h2>\n<p data-start=\"2493\" data-end=\"2683\"><strong data-start=\"2493\" data-end=\"2540\">Q1: O ST-ST ainda \u00e9 usado em redes modernas?<\/strong><br data-start=\"2540\" data-end=\"2543\" \/>Sim. Embora n\u00e3o seja usado em novos data centers, ele ainda \u00e9 amplamente usado em <strong data-start=\"2617\" data-end=\"2682\">edif\u00edcios antigos, sistemas de CCTV e redes de fibra industrial<\/strong>.<\/p>\n<p data-start=\"2685\" data-end=\"2812\"><strong data-start=\"2685\" data-end=\"2733\">P2: Esse cabo \u00e9 compat\u00edvel com Gigabit Ethernet?<\/strong><br data-start=\"2733\" data-end=\"2736\" \/>Sim. A fibra OM1 62,5\/125 suporta <strong data-start=\"2769\" data-end=\"2811\">Ethernet 1G de at\u00e9 275 metros a 850 nm<\/strong>.<\/p>\n<p data-start=\"2814\" data-end=\"2971\"><strong data-start=\"2814\" data-end=\"2869\">P3: Por que o ST \u00e9 preferido em ambientes industriais?<\/strong><br data-start=\"2869\" data-end=\"2872\" \/>Os conectores ST usam um <strong data-start=\"2892\" data-end=\"2921\">mecanismo de trava de baioneta<\/strong> que resiste a vibra\u00e7\u00f5es e a desconex\u00f5es acidentais.<\/p>","protected":false},"excerpt":{"rendered":"<p data-start=\"67\" data-end=\"445\">O <strong data-start=\"71\" data-end=\"100\">ST\/UPC\u2013ST\/UPC-62.5\/125-DX<\/strong> \u00e9 um <strong data-start=\"106\" data-end=\"143\">cabo de conex\u00e3o de fibra multimodo duplex<\/strong> projetado para <strong data-start=\"159\" data-end=\"184\">redes de fibra legadas<\/strong> que dependem de <strong data-start=\"198\" data-end=\"229\">Conectores tipo baioneta ST<\/strong> e <strong data-start=\"234\" data-end=\"265\">Fibra multimodo OM1 de 62,5 \u03bcm<\/strong>. Ele continua sendo uma op\u00e7\u00e3o confi\u00e1vel para <strong data-start=\"302\" data-end=\"394\">backbones de campus, links de fibra CCTV, Ethernet industrial e estruturas de distribui\u00e7\u00e3o de telecomunica\u00e7\u00f5es<\/strong> onde a infraestrutura mais antiga ainda \u00e9 usada ativamente.<\/p>\n<p data-start=\"447\" data-end=\"676\">Com <strong data-start=\"452\" data-end=\"482\">Conectores ST em ambas as extremidades<\/strong>, Esse patch cord fornece um <strong data-start=\"511\" data-end=\"543\">conex\u00e3o segura com trava de tor\u00e7\u00e3o<\/strong> que resiste \u00e0 vibra\u00e7\u00e3o e ao desligamento acidental da tomada, o que o torna especialmente adequado para <strong data-start=\"628\" data-end=\"675\">instala\u00e7\u00f5es de campo e gabinetes industriais<\/strong>.<\/p>","protected":false},"featured_media":675,"comment_status":"open","ping_status":"closed","template":"","meta":[],"product_brand":[],"product_cat":[44],"product_tag":[],"class_list":{"0":"post-674","1":"product","2":"type-product","3":"status-publish","4":"has-post-thumbnail","6":"product_cat-multimode-fiber-optic-patch-cord","8":"first","9":"instock","10":"shipping-taxable","11":"product-type-simple"},"_links":{"self":[{"href":"https:\/\/www.fenxifiber.com\/pt\/wp-json\/wp\/v2\/product\/674","targetHints":{"allow":["GET"]}}],"collection":[{"href":"https:\/\/www.fenxifiber.com\/pt\/wp-json\/wp\/v2\/product"}],"about":[{"href":"https:\/\/www.fenxifiber.com\/pt\/wp-json\/wp\/v2\/types\/product"}],"replies":[{"embeddable":true,"href":"https:\/\/www.fenxifiber.com\/pt\/wp-json\/wp\/v2\/comments?post=674"}],"wp:featuredmedia":[{"embeddable":true,"href":"https:\/\/www.fenxifiber.com\/pt\/wp-json\/wp\/v2\/media\/675"}],"wp:attachment":[{"href":"https:\/\/www.fenxifiber.com\/pt\/wp-json\/wp\/v2\/media?parent=674"}],"wp:term":[{"taxonomy":"product_brand","embeddable":true,"href":"https:\/\/www.fenxifiber.com\/pt\/wp-json\/wp\/v2\/product_brand?post=674"},{"taxonomy":"product_cat","embeddable":true,"href":"https:\/\/www.fenxifiber.com\/pt\/wp-json\/wp\/v2\/product_cat?post=674"},{"taxonomy":"product_tag","embeddable":true,"href":"https:\/\/www.fenxifiber.com\/pt\/wp-json\/wp\/v2\/product_tag?post=674"}],"curies":[{"name":"wp","href":"https:\/\/api.w.org\/{rel}","templated":true}]}}