{"id":678,"date":"2026-02-03T06:53:30","date_gmt":"2026-02-03T06:53:30","guid":{"rendered":"https:\/\/www.fenxifiber.com\/?post_type=product&#038;p=678"},"modified":"2026-02-04T01:30:17","modified_gmt":"2026-02-04T01:30:17","slug":"fc-upc-st-upc-om3-dx","status":"publish","type":"product","link":"https:\/\/www.fenxifiber.com\/pt\/product\/fc-upc-st-upc-om3-dx\/","title":{"rendered":"Cabo de conex\u00e3o de fibra \u00f3ptica multimodo FC\/UPC-ST\/UPC-OM3-DX"},"content":{"rendered":"<h3 data-start=\"675\" data-end=\"709\"><strong data-start=\"679\" data-end=\"709\">Por que FC-to-ST em fibra OM3?<\/strong><\/h3>\n<p data-start=\"711\" data-end=\"958\">Os conectores FC fornecem <strong data-start=\"733\" data-end=\"774\">travamento rosqueado e resistente \u00e0 vibra\u00e7\u00e3o<\/strong>, o que os torna ideais para <strong data-start=\"798\" data-end=\"842\">equipamentos de medi\u00e7\u00e3o e links cr\u00edticos<\/strong>.<br data-start=\"843\" data-end=\"846\" \/>Os conectores ST oferecem <strong data-start=\"866\" data-end=\"892\">acoplamento r\u00e1pido tipo baioneta<\/strong>, permitindo uma instala\u00e7\u00e3o r\u00e1pida em <strong data-start=\"924\" data-end=\"957\">pain\u00e9is de conex\u00e3o e tomadas de parede<\/strong>.<\/p>\n<p data-start=\"960\" data-end=\"1071\">Combinando esses dois fatores em <strong data-start=\"983\" data-end=\"996\">Fibra OM3<\/strong> lhe d\u00e1 <strong data-start=\"1007\" data-end=\"1070\">estabilidade de n\u00edvel industrial com largura de banda de n\u00edvel de data center<\/strong>.<\/p>\n<hr data-start=\"1073\" data-end=\"1076\" \/>\n<h3 data-start=\"1078\" data-end=\"1110\"><strong data-start=\"1082\" data-end=\"1110\">Especifica\u00e7\u00f5es t\u00e9cnicas<\/strong><\/h3>\n<div class=\"TyagGW_tableContainer\">\n<div class=\"group TyagGW_tableWrapper flex flex-col-reverse w-fit\" tabindex=\"-1\">\n<table class=\"w-fit min-w-(--thread-content-width)\" data-start=\"1112\" data-end=\"1594\">\n<thead data-start=\"1112\" data-end=\"1148\">\n<tr data-start=\"1112\" data-end=\"1148\">\n<th class=\"\" data-start=\"1112\" data-end=\"1124\" data-col-size=\"sm\">Par\u00e2metro<\/th>\n<th class=\"\" data-start=\"1124\" data-end=\"1148\" data-col-size=\"sm\">FC\/UPC-ST\/UPC-OM3-DX<\/th>\n<\/tr>\n<\/thead>\n<tbody data-start=\"1177\" data-end=\"1594\">\n<tr data-start=\"1177\" data-end=\"1217\">\n<td data-start=\"1177\" data-end=\"1190\" data-col-size=\"sm\">Tipo de fibra<\/td>\n<td data-col-size=\"sm\" data-start=\"1190\" data-end=\"1217\">OM3 Multimodo 50\/125 \u03bcm<\/td>\n<\/tr>\n<tr data-start=\"1218\" data-end=\"1249\">\n<td data-start=\"1218\" data-end=\"1234\" data-col-size=\"sm\">Configura\u00e7\u00e3o<\/td>\n<td data-start=\"1234\" data-end=\"1249\" data-col-size=\"sm\">Duplex (DX)<\/td>\n<\/tr>\n<tr data-start=\"1250\" data-end=\"1276\">\n<td data-start=\"1250\" data-end=\"1264\" data-col-size=\"sm\">Conector A<\/td>\n<td data-start=\"1264\" data-end=\"1276\" data-col-size=\"sm\">FC \/ UPC<\/td>\n<\/tr>\n<tr data-start=\"1277\" data-end=\"1303\">\n<td data-start=\"1277\" data-end=\"1291\" data-col-size=\"sm\">Conector B<\/td>\n<td data-col-size=\"sm\" data-start=\"1291\" data-end=\"1303\">ST \/ UPC<\/td>\n<\/tr>\n<tr data-start=\"1304\" data-end=\"1347\">\n<td data-start=\"1304\" data-end=\"1327\" data-col-size=\"sm\">Comprimento de onda operacional<\/td>\n<td data-start=\"1327\" data-end=\"1347\" data-col-size=\"sm\">850 nm \/ 1300 nm<\/td>\n<\/tr>\n<tr data-start=\"1348\" data-end=\"1378\">\n<td data-start=\"1348\" data-end=\"1365\" data-col-size=\"sm\">Perda de inser\u00e7\u00e3o<\/td>\n<td data-start=\"1365\" data-end=\"1378\" data-col-size=\"sm\">\u2264 0,30 dB<\/td>\n<\/tr>\n<tr data-start=\"1379\" data-end=\"1404\">\n<td data-start=\"1379\" data-end=\"1393\" data-col-size=\"sm\">Perda de retorno<\/td>\n<td data-start=\"1393\" data-end=\"1404\" data-col-size=\"sm\">\u2265 30 dB<\/td>\n<\/tr>\n<tr data-start=\"1405\" data-end=\"1441\">\n<td data-start=\"1405\" data-end=\"1426\" data-col-size=\"sm\">Alcance da Ethernet 10G<\/td>\n<td data-col-size=\"sm\" data-start=\"1426\" data-end=\"1441\">At\u00e9 300 m<\/td>\n<\/tr>\n<tr data-start=\"1442\" data-end=\"1476\">\n<td data-start=\"1442\" data-end=\"1461\" data-col-size=\"sm\">Alcance de 40G \/ 100G<\/td>\n<td data-col-size=\"sm\" data-start=\"1461\" data-end=\"1476\">At\u00e9 100 m<\/td>\n<\/tr>\n<tr data-start=\"1477\" data-end=\"1507\">\n<td data-start=\"1477\" data-end=\"1492\" data-col-size=\"sm\">Capa do cabo<\/td>\n<td data-col-size=\"sm\" data-start=\"1492\" data-end=\"1507\">LSZH ou PVC<\/td>\n<\/tr>\n<tr data-start=\"1508\" data-end=\"1552\">\n<td data-start=\"1508\" data-end=\"1532\" data-col-size=\"sm\">Temperatura operacional<\/td>\n<td data-col-size=\"sm\" data-start=\"1532\" data-end=\"1552\">-10 \u00b0C a +70 \u00b0C<\/td>\n<\/tr>\n<tr data-start=\"1553\" data-end=\"1594\">\n<td data-start=\"1553\" data-end=\"1565\" data-col-size=\"sm\">Padr\u00f5es<\/td>\n<td data-start=\"1565\" data-end=\"1594\" data-col-size=\"sm\">IEC, TIA-568, RoHS, REACH<\/td>\n<\/tr>\n<\/tbody>\n<\/table>\n<\/div>\n<\/div>\n<hr data-start=\"1596\" data-end=\"1599\" \/>\n<h3 data-start=\"1601\" data-end=\"1631\"><strong data-start=\"1605\" data-end=\"1631\">Desempenho no mundo real<\/strong><\/h3>\n<p data-start=\"1633\" data-end=\"1703\">Suporta fibra OM3 <strong data-start=\"1652\" data-end=\"1687\">Largura de banda de 2000 MHz-km em 850 nm<\/strong>, que permite:<\/p>\n<ul data-start=\"1705\" data-end=\"1776\">\n<li data-start=\"1705\" data-end=\"1740\">\n<p data-start=\"1707\" data-end=\"1740\"><strong data-start=\"1707\" data-end=\"1740\">Ethernet 10G at\u00e9 300 metros<\/strong><\/p>\n<\/li>\n<li data-start=\"1741\" data-end=\"1776\">\n<p data-start=\"1743\" data-end=\"1776\"><strong data-start=\"1743\" data-end=\"1776\">40G e 100G at\u00e9 100 metros<\/strong><\/p>\n<\/li>\n<\/ul>\n<p data-start=\"1778\" data-end=\"1823\">Isso torna o jumper FC-ST OM3 adequado para:<\/p>\n<ul data-start=\"1825\" data-end=\"2012\">\n<li data-start=\"1825\" data-end=\"1861\">\n<p data-start=\"1827\" data-end=\"1861\"><strong data-start=\"1827\" data-end=\"1861\">Ethernet industrial de alta velocidade<\/strong><\/p>\n<\/li>\n<li data-start=\"1862\" data-end=\"1904\">\n<p data-start=\"1864\" data-end=\"1904\"><strong data-start=\"1864\" data-end=\"1904\">Sistemas \u00f3pticos de teste e medi\u00e7\u00e3o<\/strong><\/p>\n<\/li>\n<li data-start=\"1905\" data-end=\"1942\">\n<p data-start=\"1907\" data-end=\"1942\"><strong data-start=\"1907\" data-end=\"1942\">Redes de telecomunica\u00e7\u00f5es e de borda de metr\u00f4<\/strong><\/p>\n<\/li>\n<li data-start=\"1943\" data-end=\"1975\">\n<p data-start=\"1945\" data-end=\"1975\"><strong data-start=\"1945\" data-end=\"1975\">Conex\u00f5es cruzadas de data center<\/strong><\/p>\n<\/li>\n<li data-start=\"1976\" data-end=\"2012\">\n<p data-start=\"1978\" data-end=\"2012\"><strong data-start=\"1978\" data-end=\"2012\">Sistemas de automa\u00e7\u00e3o e controle<\/strong><\/p>\n<\/li>\n<\/ul>\n<hr data-start=\"2014\" data-end=\"2017\" \/>\n<h3 data-start=\"2019\" data-end=\"2060\"><strong data-start=\"2023\" data-end=\"2060\">Fabricado para integridade de sinal<\/strong><\/h3>\n<p data-start=\"2062\" data-end=\"2345\">Cada cabo \u00e9 montado usando <strong data-start=\"2092\" data-end=\"2178\">virolas de cer\u00e2mica de precis\u00e3o, polimento UPC e inspe\u00e7\u00e3o automatizada por interfer\u00f4metro<\/strong>. Ambos os canais de fibra s\u00e3o <strong data-start=\"2204\" data-end=\"2254\">100% testado quanto \u00e0 perda de inser\u00e7\u00e3o e perda de retorno<\/strong>, garantindo uma transmiss\u00e3o est\u00e1vel mesmo em <strong data-start=\"2293\" data-end=\"2344\">ambientes com alta vibra\u00e7\u00e3o ou alta temperatura<\/strong>.<\/p>\n<p data-start=\"2347\" data-end=\"2455\">O <strong data-start=\"2351\" data-end=\"2373\">Op\u00e7\u00e3o de jaqueta LSZH<\/strong> encontra o moderno <strong data-start=\"2387\" data-end=\"2412\">padr\u00f5es de seguran\u00e7a contra inc\u00eandio<\/strong> para data centers e edif\u00edcios comerciais.<\/p>\n<hr data-start=\"2457\" data-end=\"2460\" \/>\n<h2 data-start=\"2462\" data-end=\"2485\"><strong data-start=\"2465\" data-end=\"2485\">Perguntas e respostas profissionais<\/strong><\/h2>\n<p data-start=\"2487\" data-end=\"2636\"><strong data-start=\"2487\" data-end=\"2536\">Q1: Qual \u00e9 a diferen\u00e7a entre a OM3 e a fibra 62,5\/125?<\/strong><br data-start=\"2536\" data-end=\"2539\" \/>OM3 tem <strong data-start=\"2547\" data-end=\"2572\">largura de banda muito maior<\/strong> e oferece suporte <strong data-start=\"2586\" data-end=\"2598\">10G-100G<\/strong>, enquanto o 62.5\/125 \u00e9 limitado a <strong data-start=\"2629\" data-end=\"2635\">1G<\/strong>.<\/p>\n<p data-start=\"2638\" data-end=\"2812\"><strong data-start=\"2638\" data-end=\"2688\">P2: Por que usar conectores FC em links de alta velocidade?<\/strong><br data-start=\"2688\" data-end=\"2691\" \/>FC's <strong data-start=\"2696\" data-end=\"2723\">acoplamento met\u00e1lico com rosca<\/strong> evita o micromovimento que pode causar flutua\u00e7\u00f5es de sinal em sistemas \u00f3pticos sens\u00edveis.<\/p>\n<p data-start=\"2814\" data-end=\"2979\"><strong data-start=\"2814\" data-end=\"2862\">P3: Esse cabo \u00e9 adequado para data centers?<\/strong><br data-start=\"2862\" data-end=\"2865\" \/>Sim. O OM3 suporta <strong data-start=\"2883\" data-end=\"2905\">10G, 40G e 100G<\/strong> links de curto alcance comumente usados em data centers e infraestrutura de nuvem.<\/p>","protected":false},"excerpt":{"rendered":"<p data-start=\"62\" data-end=\"476\">O <strong data-start=\"66\" data-end=\"90\">FC\/UPC-ST\/UPC-OM3-DX<\/strong> \u00e9 um <strong data-start=\"96\" data-end=\"150\">cabo de conex\u00e3o de fibra multimodo duplex de alto desempenho<\/strong> projetado para <strong data-start=\"166\" data-end=\"200\">Redes OM3 prontas para 10G e 40G<\/strong> que exigem <strong data-start=\"214\" data-end=\"295\">conex\u00f5es FC seguras em um lado e interfaces ST de conex\u00e3o r\u00e1pida no outro<\/strong>. \u00c9 amplamente utilizado em <strong data-start=\"318\" data-end=\"412\">salas de telecomunica\u00e7\u00f5es, Ethernet industrial, laborat\u00f3rios de testes \u00f3pticos e implanta\u00e7\u00f5es de borda de data center<\/strong> onde a estabilidade mec\u00e2nica e a velocidade \u00f3ptica s\u00e3o necess\u00e1rias.<\/p>\n<p data-start=\"478\" data-end=\"668\">Constru\u00eddo com <strong data-start=\"489\" data-end=\"528\">Fibra OM3 50\/125 \u03bcm otimizada para laser<\/strong>, Esse cabo foi projetado para as modernas <strong data-start=\"564\" data-end=\"593\">\u00d3ptica baseada em VCSEL de 850 nm<\/strong>, fornecendo uma largura de banda significativamente maior do que as fibras OM1 e OM2 antigas.<\/p>","protected":false},"featured_media":679,"comment_status":"open","ping_status":"closed","template":"","meta":[],"product_brand":[],"product_cat":[44],"product_tag":[],"class_list":{"0":"post-678","1":"product","2":"type-product","3":"status-publish","4":"has-post-thumbnail","6":"product_cat-multimode-fiber-optic-patch-cord","8":"first","9":"instock","10":"shipping-taxable","11":"product-type-simple"},"_links":{"self":[{"href":"https:\/\/www.fenxifiber.com\/pt\/wp-json\/wp\/v2\/product\/678","targetHints":{"allow":["GET"]}}],"collection":[{"href":"https:\/\/www.fenxifiber.com\/pt\/wp-json\/wp\/v2\/product"}],"about":[{"href":"https:\/\/www.fenxifiber.com\/pt\/wp-json\/wp\/v2\/types\/product"}],"replies":[{"embeddable":true,"href":"https:\/\/www.fenxifiber.com\/pt\/wp-json\/wp\/v2\/comments?post=678"}],"wp:featuredmedia":[{"embeddable":true,"href":"https:\/\/www.fenxifiber.com\/pt\/wp-json\/wp\/v2\/media\/679"}],"wp:attachment":[{"href":"https:\/\/www.fenxifiber.com\/pt\/wp-json\/wp\/v2\/media?parent=678"}],"wp:term":[{"taxonomy":"product_brand","embeddable":true,"href":"https:\/\/www.fenxifiber.com\/pt\/wp-json\/wp\/v2\/product_brand?post=678"},{"taxonomy":"product_cat","embeddable":true,"href":"https:\/\/www.fenxifiber.com\/pt\/wp-json\/wp\/v2\/product_cat?post=678"},{"taxonomy":"product_tag","embeddable":true,"href":"https:\/\/www.fenxifiber.com\/pt\/wp-json\/wp\/v2\/product_tag?post=678"}],"curies":[{"name":"wp","href":"https:\/\/api.w.org\/{rel}","templated":true}]}}