{"id":680,"date":"2026-02-03T06:55:42","date_gmt":"2026-02-03T06:55:42","guid":{"rendered":"https:\/\/www.fenxifiber.com\/?post_type=product&#038;p=680"},"modified":"2026-02-04T01:30:51","modified_gmt":"2026-02-04T01:30:51","slug":"fc-upc-lc-upc-om3-dx","status":"publish","type":"product","link":"https:\/\/www.fenxifiber.com\/pt\/product\/fc-upc-lc-upc-om3-dx\/","title":{"rendered":"Cabo de conex\u00e3o de fibra \u00f3ptica multimodo FC\/UPC-LC\/UPC-OM3-DX"},"content":{"rendered":"<h3 data-start=\"616\" data-end=\"667\"><strong data-start=\"620\" data-end=\"667\">Onde a estabilidade encontra a rede de alta velocidade<\/strong><\/h3>\n<p data-start=\"669\" data-end=\"987\">Os conectores FC usam um <strong data-start=\"689\" data-end=\"716\">acoplamento met\u00e1lico com rosca<\/strong>, O que os torna altamente resistentes a vibra\u00e7\u00f5es e micromovimentos - perfeitos para <strong data-start=\"791\" data-end=\"839\">OTDRs, analisadores \u00f3pticos e links cr\u00edticos<\/strong>.<br data-start=\"840\" data-end=\"843\" \/>Os conectores LC, por outro lado, fornecem <strong data-start=\"885\" data-end=\"923\">conectividade compacta e de alta densidade<\/strong>, que \u00e9 padr\u00e3o em <strong data-start=\"946\" data-end=\"986\">Transceptores SFP+, QSFP e QSFP-DD<\/strong>.<\/p>\n<p data-start=\"989\" data-end=\"1120\">Esse design h\u00edbrido permite que voc\u00ea se conecte <strong data-start=\"1025\" data-end=\"1088\">equipamentos de precis\u00e3o diretamente no hardware de rede de alta velocidade<\/strong> sem adaptadores ou perdas adicionais.<\/p>\n<hr data-start=\"1122\" data-end=\"1125\" \/>\n<h3 data-start=\"1127\" data-end=\"1159\"><strong data-start=\"1131\" data-end=\"1159\">Especifica\u00e7\u00f5es t\u00e9cnicas<\/strong><\/h3>\n<div class=\"TyagGW_tableContainer\">\n<div class=\"group TyagGW_tableWrapper flex flex-col-reverse w-fit\" tabindex=\"-1\">\n<table class=\"w-fit min-w-(--thread-content-width)\" data-start=\"1161\" data-end=\"1631\">\n<thead data-start=\"1161\" data-end=\"1197\">\n<tr data-start=\"1161\" data-end=\"1197\">\n<th class=\"\" data-start=\"1161\" data-end=\"1173\" data-col-size=\"sm\">Par\u00e2metro<\/th>\n<th class=\"\" data-start=\"1173\" data-end=\"1197\" data-col-size=\"sm\">FC\/UPC-LC\/UPC-OM3-DX<\/th>\n<\/tr>\n<\/thead>\n<tbody data-start=\"1226\" data-end=\"1631\">\n<tr data-start=\"1226\" data-end=\"1266\">\n<td data-start=\"1226\" data-end=\"1239\" data-col-size=\"sm\">Tipo de fibra<\/td>\n<td data-start=\"1239\" data-end=\"1266\" data-col-size=\"sm\">OM3 Multimodo 50\/125 \u03bcm<\/td>\n<\/tr>\n<tr data-start=\"1267\" data-end=\"1298\">\n<td data-start=\"1267\" data-end=\"1283\" data-col-size=\"sm\">Configura\u00e7\u00e3o<\/td>\n<td data-start=\"1283\" data-end=\"1298\" data-col-size=\"sm\">Duplex (DX)<\/td>\n<\/tr>\n<tr data-start=\"1299\" data-end=\"1325\">\n<td data-start=\"1299\" data-end=\"1313\" data-col-size=\"sm\">Conector A<\/td>\n<td data-start=\"1313\" data-end=\"1325\" data-col-size=\"sm\">FC \/ UPC<\/td>\n<\/tr>\n<tr data-start=\"1326\" data-end=\"1352\">\n<td data-start=\"1326\" data-end=\"1340\" data-col-size=\"sm\">Conector B<\/td>\n<td data-start=\"1340\" data-end=\"1352\" data-col-size=\"sm\">LC \/ UPC<\/td>\n<\/tr>\n<tr data-start=\"1353\" data-end=\"1396\">\n<td data-start=\"1353\" data-end=\"1376\" data-col-size=\"sm\">Comprimento de onda operacional<\/td>\n<td data-start=\"1376\" data-end=\"1396\" data-col-size=\"sm\">850 nm \/ 1300 nm<\/td>\n<\/tr>\n<tr data-start=\"1397\" data-end=\"1427\">\n<td data-start=\"1397\" data-end=\"1414\" data-col-size=\"sm\">Perda de inser\u00e7\u00e3o<\/td>\n<td data-start=\"1414\" data-end=\"1427\" data-col-size=\"sm\">\u2264 0,30 dB<\/td>\n<\/tr>\n<tr data-start=\"1428\" data-end=\"1453\">\n<td data-start=\"1428\" data-end=\"1442\" data-col-size=\"sm\">Perda de retorno<\/td>\n<td data-start=\"1442\" data-end=\"1453\" data-col-size=\"sm\">\u2265 30 dB<\/td>\n<\/tr>\n<tr data-start=\"1454\" data-end=\"1484\">\n<td data-start=\"1454\" data-end=\"1469\" data-col-size=\"sm\">Ethernet 10G<\/td>\n<td data-start=\"1469\" data-end=\"1484\" data-col-size=\"sm\">At\u00e9 300 m<\/td>\n<\/tr>\n<tr data-start=\"1485\" data-end=\"1513\">\n<td data-start=\"1485\" data-end=\"1498\" data-col-size=\"sm\">40G \/ 100G<\/td>\n<td data-start=\"1498\" data-end=\"1513\" data-col-size=\"sm\">At\u00e9 100 m<\/td>\n<\/tr>\n<tr data-start=\"1514\" data-end=\"1544\">\n<td data-start=\"1514\" data-end=\"1529\" data-col-size=\"sm\">Capa do cabo<\/td>\n<td data-start=\"1529\" data-end=\"1544\" data-col-size=\"sm\">LSZH ou PVC<\/td>\n<\/tr>\n<tr data-start=\"1545\" data-end=\"1589\">\n<td data-start=\"1545\" data-end=\"1569\" data-col-size=\"sm\">Temperatura operacional<\/td>\n<td data-start=\"1569\" data-end=\"1589\" data-col-size=\"sm\">-10 \u00b0C a +70 \u00b0C<\/td>\n<\/tr>\n<tr data-start=\"1590\" data-end=\"1631\">\n<td data-start=\"1590\" data-end=\"1602\" data-col-size=\"sm\">Padr\u00f5es<\/td>\n<td data-start=\"1602\" data-end=\"1631\" data-col-size=\"sm\">IEC, TIA-568, RoHS, REACH<\/td>\n<\/tr>\n<\/tbody>\n<\/table>\n<\/div>\n<\/div>\n<hr data-start=\"1633\" data-end=\"1636\" \/>\n<h3 data-start=\"1638\" data-end=\"1682\"><strong data-start=\"1642\" data-end=\"1682\">Para que esse cabo \u00e9 comumente usado<\/strong><\/h3>\n<ul data-start=\"1684\" data-end=\"1859\">\n<li data-start=\"1684\" data-end=\"1726\">\n<p data-start=\"1686\" data-end=\"1726\"><strong data-start=\"1686\" data-end=\"1726\">Sistemas \u00f3pticos de teste e medi\u00e7\u00e3o<\/strong><\/p>\n<\/li>\n<li data-start=\"1727\" data-end=\"1752\">\n<p data-start=\"1729\" data-end=\"1752\"><strong data-start=\"1729\" data-end=\"1752\">Ethernet industrial<\/strong><\/p>\n<\/li>\n<li data-start=\"1753\" data-end=\"1785\">\n<p data-start=\"1755\" data-end=\"1785\"><strong data-start=\"1755\" data-end=\"1785\">Redes de telecomunica\u00e7\u00f5es e metropolitanas<\/strong><\/p>\n<\/li>\n<li data-start=\"1786\" data-end=\"1818\">\n<p data-start=\"1788\" data-end=\"1818\"><strong data-start=\"1788\" data-end=\"1818\">Conex\u00f5es cruzadas de data center<\/strong><\/p>\n<\/li>\n<li data-start=\"1819\" data-end=\"1859\">\n<p data-start=\"1821\" data-end=\"1859\"><strong data-start=\"1821\" data-end=\"1859\">Links de servidor e switch de alta velocidade<\/strong><\/p>\n<\/li>\n<\/ul>\n<p data-start=\"1861\" data-end=\"1989\">Com o OM3 <strong data-start=\"1872\" data-end=\"1907\">Largura de banda de 2000 MHz-km em 850 nm<\/strong>, ele fornece um forte or\u00e7amento \u00f3ptico para <strong data-start=\"1949\" data-end=\"1988\">aplicativos de alta velocidade de curto alcance<\/strong>.<\/p>\n<hr data-start=\"1991\" data-end=\"1994\" \/>\n<h3 data-start=\"1996\" data-end=\"2039\"><strong data-start=\"2000\" data-end=\"2039\">Constru\u00eddo para precis\u00e3o e confiabilidade<\/strong><\/h3>\n<p data-start=\"2041\" data-end=\"2347\">Cada patch cord FC-LC OM3 \u00e9 produzido usando <strong data-start=\"2086\" data-end=\"2156\">virolas de cer\u00e2mica, polimento UPC e inspe\u00e7\u00e3o automatizada da face final<\/strong>, e, em seguida, totalmente testado para <strong data-start=\"2180\" data-end=\"2214\">perda de inser\u00e7\u00e3o e perda de retorno<\/strong>. Isso garante <strong data-start=\"2229\" data-end=\"2259\">desempenho \u00f3ptico est\u00e1vel<\/strong> mesmo em ambientes com <strong data-start=\"2286\" data-end=\"2346\">vibra\u00e7\u00e3o, mudan\u00e7as de temperatura ou reconex\u00e3o frequente<\/strong>.<\/p>\n<p data-start=\"2349\" data-end=\"2469\">O opcional <strong data-start=\"2362\" data-end=\"2377\">Jaqueta LSZH<\/strong> tamb\u00e9m atende \u00e0s modernas <strong data-start=\"2396\" data-end=\"2424\">requisitos de seguran\u00e7a contra inc\u00eandio<\/strong> em instala\u00e7\u00f5es comerciais e de data center.<\/p>\n<hr data-start=\"2471\" data-end=\"2474\" \/>\n<h2 data-start=\"2476\" data-end=\"2499\"><strong data-start=\"2479\" data-end=\"2499\">Perguntas e respostas profissionais<\/strong><\/h2>\n<p data-start=\"2501\" data-end=\"2670\"><strong data-start=\"2501\" data-end=\"2561\">Q1: O que torna a OM3 melhor do que a fibra multimodo padr\u00e3o?<\/strong><br data-start=\"2561\" data-end=\"2564\" \/>OM3 \u00e9 <strong data-start=\"2571\" data-end=\"2590\">otimizado para laser<\/strong>, oferecendo largura de banda muito maior e suporte a <strong data-start=\"2638\" data-end=\"2653\">10G a 100G<\/strong> em 850 nm.<\/p>\n<p data-start=\"2672\" data-end=\"2837\"><strong data-start=\"2672\" data-end=\"2722\">P2: Por que usar conectores FC em links de alta velocidade?<\/strong><br data-start=\"2722\" data-end=\"2725\" \/>FC's <strong data-start=\"2730\" data-end=\"2755\">design de metal com rosca<\/strong> evita movimentos que podem causar flutua\u00e7\u00e3o de sinal em sistemas \u00f3pticos sens\u00edveis.<\/p>\n<p data-start=\"2839\" data-end=\"2987\"><strong data-start=\"2839\" data-end=\"2886\">P3: Esse cabo pode ser usado em data centers?<\/strong><br data-start=\"2886\" data-end=\"2889\" \/>Sim. A fibra OM3 \u00e9 amplamente usada para <strong data-start=\"2923\" data-end=\"2963\">Links de curto alcance de 10G, 40G e 100G<\/strong> nos data centers modernos.<\/p>\n<p data-start=\"2989\" data-end=\"3134\"><strong data-start=\"2989\" data-end=\"3049\">P4: Esse cabo \u00e9 compat\u00edvel com os m\u00f3dulos SFP+ e QSFP?<\/strong><br data-start=\"3049\" data-end=\"3052\" \/>Sim. <strong data-start=\"3061\" data-end=\"3071\">Fim do LC<\/strong> conecta-se diretamente a <strong data-start=\"3093\" data-end=\"3133\">Transceptores SFP+, QSFP e QSFP-DD<\/strong>.<\/p>","protected":false},"excerpt":{"rendered":"<p data-start=\"62\" data-end=\"444\">O <strong data-start=\"66\" data-end=\"90\">FC\/UPC-LC\/UPC-OM3-DX<\/strong> \u00e9 um <strong data-start=\"96\" data-end=\"137\">cabo de conex\u00e3o de fibra multimodo OM3 duplex<\/strong> constru\u00eddo para se conectar <strong data-start=\"155\" data-end=\"184\">portas FC de n\u00edvel instrumental<\/strong> com <strong data-start=\"190\" data-end=\"220\">interfaces LC de alta densidade<\/strong> usado em switches e transceptores modernos. \u00c9 uma solu\u00e7\u00e3o ideal para <strong data-start=\"290\" data-end=\"375\">salas de telecomunica\u00e7\u00f5es, laborat\u00f3rios de testes \u00f3pticos, Ethernet industrial e links de borda de data centers<\/strong> onde ambos <strong data-start=\"387\" data-end=\"430\">estabilidade mec\u00e2nica e alta largura de banda<\/strong> s\u00e3o necess\u00e1rios.<\/p>\n<p data-start=\"446\" data-end=\"609\">Usando <strong data-start=\"452\" data-end=\"491\">Fibra OM3 50\/125 \u03bcm otimizada para laser<\/strong>, Esse cabo \u00e9 compat\u00edvel com os atuais <strong data-start=\"521\" data-end=\"550\">\u00d3ptica baseada em VCSEL de 850 nm<\/strong>, permitindo <strong data-start=\"561\" data-end=\"608\">Transmiss\u00e3o de curto alcance de 10G, 40G e 100G<\/strong>.<\/p>","protected":false},"featured_media":681,"comment_status":"open","ping_status":"closed","template":"","meta":[],"product_brand":[],"product_cat":[44],"product_tag":[],"class_list":{"0":"post-680","1":"product","2":"type-product","3":"status-publish","4":"has-post-thumbnail","6":"product_cat-multimode-fiber-optic-patch-cord","8":"first","9":"instock","10":"shipping-taxable","11":"product-type-simple"},"_links":{"self":[{"href":"https:\/\/www.fenxifiber.com\/pt\/wp-json\/wp\/v2\/product\/680","targetHints":{"allow":["GET"]}}],"collection":[{"href":"https:\/\/www.fenxifiber.com\/pt\/wp-json\/wp\/v2\/product"}],"about":[{"href":"https:\/\/www.fenxifiber.com\/pt\/wp-json\/wp\/v2\/types\/product"}],"replies":[{"embeddable":true,"href":"https:\/\/www.fenxifiber.com\/pt\/wp-json\/wp\/v2\/comments?post=680"}],"wp:featuredmedia":[{"embeddable":true,"href":"https:\/\/www.fenxifiber.com\/pt\/wp-json\/wp\/v2\/media\/681"}],"wp:attachment":[{"href":"https:\/\/www.fenxifiber.com\/pt\/wp-json\/wp\/v2\/media?parent=680"}],"wp:term":[{"taxonomy":"product_brand","embeddable":true,"href":"https:\/\/www.fenxifiber.com\/pt\/wp-json\/wp\/v2\/product_brand?post=680"},{"taxonomy":"product_cat","embeddable":true,"href":"https:\/\/www.fenxifiber.com\/pt\/wp-json\/wp\/v2\/product_cat?post=680"},{"taxonomy":"product_tag","embeddable":true,"href":"https:\/\/www.fenxifiber.com\/pt\/wp-json\/wp\/v2\/product_tag?post=680"}],"curies":[{"name":"wp","href":"https:\/\/api.w.org\/{rel}","templated":true}]}}