{"id":682,"date":"2026-02-03T06:59:34","date_gmt":"2026-02-03T06:59:34","guid":{"rendered":"https:\/\/www.fenxifiber.com\/?post_type=product&#038;p=682"},"modified":"2026-02-04T01:31:32","modified_gmt":"2026-02-04T01:31:32","slug":"lc-upc-lc-upc-om3-dx","status":"publish","type":"product","link":"https:\/\/www.fenxifiber.com\/pt\/product\/lc-upc-lc-upc-om3-dx\/","title":{"rendered":"Cabo de conex\u00e3o de fibra \u00f3ptica multimodo LC\/UPC-LC\/UPC-OM3-DX"},"content":{"rendered":"<h3 data-start=\"572\" data-end=\"613\"><strong data-start=\"576\" data-end=\"613\">Feito para \u00f3pticas modernas de alta velocidade<\/strong><\/h3>\n<p data-start=\"615\" data-end=\"765\">A fibra OM3 \u00e9 otimizada para <strong data-start=\"642\" data-end=\"672\">Fontes de luz VCSEL de 850 nm<\/strong>, o backbone da Ethernet de curto alcance. Com um <strong data-start=\"719\" data-end=\"744\">Largura de banda de 2000 MHz-km<\/strong>, ele suporta facilmente:<\/p>\n<ul data-start=\"767\" data-end=\"828\">\n<li data-start=\"767\" data-end=\"797\">\n<p data-start=\"769\" data-end=\"797\"><strong data-start=\"769\" data-end=\"797\">Ethernet 10G at\u00e9 300 m<\/strong><\/p>\n<\/li>\n<li data-start=\"798\" data-end=\"828\">\n<p data-start=\"800\" data-end=\"828\"><strong data-start=\"800\" data-end=\"828\">40G e 100G at\u00e9 100 m<\/strong><\/p>\n<\/li>\n<\/ul>\n<p data-start=\"830\" data-end=\"964\">Os conectores LC permitem <strong data-start=\"850\" data-end=\"876\">duas vezes a densidade da porta<\/strong> dos conectores SC mais antigos, ajudando a reduzir o espa\u00e7o no painel e o congestionamento de cabos em racks densos.<\/p>\n<hr data-start=\"966\" data-end=\"969\" \/>\n<h3 data-start=\"971\" data-end=\"1003\"><strong data-start=\"975\" data-end=\"1003\">Especifica\u00e7\u00f5es t\u00e9cnicas<\/strong><\/h3>\n<div class=\"TyagGW_tableContainer\">\n<div class=\"group TyagGW_tableWrapper flex flex-col-reverse w-fit\" tabindex=\"-1\">\n<table class=\"w-fit min-w-(--thread-content-width)\" data-start=\"1005\" data-end=\"1475\">\n<thead data-start=\"1005\" data-end=\"1041\">\n<tr data-start=\"1005\" data-end=\"1041\">\n<th class=\"\" data-start=\"1005\" data-end=\"1017\" data-col-size=\"sm\">Par\u00e2metro<\/th>\n<th class=\"\" data-start=\"1017\" data-end=\"1041\" data-col-size=\"sm\">LC\/UPC-LC\/UPC-OM3-DX<\/th>\n<\/tr>\n<\/thead>\n<tbody data-start=\"1070\" data-end=\"1475\">\n<tr data-start=\"1070\" data-end=\"1110\">\n<td data-start=\"1070\" data-end=\"1083\" data-col-size=\"sm\">Tipo de fibra<\/td>\n<td data-start=\"1083\" data-end=\"1110\" data-col-size=\"sm\">OM3 Multimodo 50\/125 \u03bcm<\/td>\n<\/tr>\n<tr data-start=\"1111\" data-end=\"1142\">\n<td data-start=\"1111\" data-end=\"1127\" data-col-size=\"sm\">Configura\u00e7\u00e3o<\/td>\n<td data-start=\"1127\" data-end=\"1142\" data-col-size=\"sm\">Duplex (DX)<\/td>\n<\/tr>\n<tr data-start=\"1143\" data-end=\"1169\">\n<td data-start=\"1143\" data-end=\"1157\" data-col-size=\"sm\">Conector A<\/td>\n<td data-start=\"1157\" data-end=\"1169\" data-col-size=\"sm\">LC \/ UPC<\/td>\n<\/tr>\n<tr data-start=\"1170\" data-end=\"1196\">\n<td data-start=\"1170\" data-end=\"1184\" data-col-size=\"sm\">Conector B<\/td>\n<td data-start=\"1184\" data-end=\"1196\" data-col-size=\"sm\">LC \/ UPC<\/td>\n<\/tr>\n<tr data-start=\"1197\" data-end=\"1240\">\n<td data-start=\"1197\" data-end=\"1220\" data-col-size=\"sm\">Comprimento de onda operacional<\/td>\n<td data-start=\"1220\" data-end=\"1240\" data-col-size=\"sm\">850 nm \/ 1300 nm<\/td>\n<\/tr>\n<tr data-start=\"1241\" data-end=\"1271\">\n<td data-start=\"1241\" data-end=\"1258\" data-col-size=\"sm\">Perda de inser\u00e7\u00e3o<\/td>\n<td data-start=\"1258\" data-end=\"1271\" data-col-size=\"sm\">\u2264 0,30 dB<\/td>\n<\/tr>\n<tr data-start=\"1272\" data-end=\"1297\">\n<td data-start=\"1272\" data-end=\"1286\" data-col-size=\"sm\">Perda de retorno<\/td>\n<td data-start=\"1286\" data-end=\"1297\" data-col-size=\"sm\">\u2265 30 dB<\/td>\n<\/tr>\n<tr data-start=\"1298\" data-end=\"1328\">\n<td data-start=\"1298\" data-end=\"1313\" data-col-size=\"sm\">Ethernet 10G<\/td>\n<td data-start=\"1313\" data-end=\"1328\" data-col-size=\"sm\">At\u00e9 300 m<\/td>\n<\/tr>\n<tr data-start=\"1329\" data-end=\"1357\">\n<td data-start=\"1329\" data-end=\"1342\" data-col-size=\"sm\">40G \/ 100G<\/td>\n<td data-start=\"1342\" data-end=\"1357\" data-col-size=\"sm\">At\u00e9 100 m<\/td>\n<\/tr>\n<tr data-start=\"1358\" data-end=\"1388\">\n<td data-start=\"1358\" data-end=\"1373\" data-col-size=\"sm\">Capa do cabo<\/td>\n<td data-start=\"1373\" data-end=\"1388\" data-col-size=\"sm\">LSZH ou PVC<\/td>\n<\/tr>\n<tr data-start=\"1389\" data-end=\"1433\">\n<td data-start=\"1389\" data-end=\"1413\" data-col-size=\"sm\">Temperatura operacional<\/td>\n<td data-start=\"1413\" data-end=\"1433\" data-col-size=\"sm\">-10 \u00b0C a +70 \u00b0C<\/td>\n<\/tr>\n<tr data-start=\"1434\" data-end=\"1475\">\n<td data-start=\"1434\" data-end=\"1446\" data-col-size=\"sm\">Padr\u00f5es<\/td>\n<td data-start=\"1446\" data-end=\"1475\" data-col-size=\"sm\">IEC, TIA-568, RoHS, REACH<\/td>\n<\/tr>\n<\/tbody>\n<\/table>\n<\/div>\n<\/div>\n<hr data-start=\"1477\" data-end=\"1480\" \/>\n<h3 data-start=\"1482\" data-end=\"1514\"><strong data-start=\"1486\" data-end=\"1514\">Onde esse cabo \u00e9 usado<\/strong><\/h3>\n<ul data-start=\"1516\" data-end=\"1701\">\n<li data-start=\"1516\" data-end=\"1565\">\n<p data-start=\"1518\" data-end=\"1565\"><strong data-start=\"1518\" data-end=\"1565\">Links de switch para switch e de switch para servidor<\/strong><\/p>\n<\/li>\n<li data-start=\"1566\" data-end=\"1598\">\n<p data-start=\"1568\" data-end=\"1598\"><strong data-start=\"1568\" data-end=\"1598\">Conex\u00f5es cruzadas de data center<\/strong><\/p>\n<\/li>\n<li data-start=\"1599\" data-end=\"1629\">\n<p data-start=\"1601\" data-end=\"1629\"><strong data-start=\"1601\" data-end=\"1629\">Backbones de LAN corporativos<\/strong><\/p>\n<\/li>\n<li data-start=\"1630\" data-end=\"1667\">\n<p data-start=\"1632\" data-end=\"1667\"><strong data-start=\"1632\" data-end=\"1667\">Clusters de computa\u00e7\u00e3o em nuvem e IA<\/strong><\/p>\n<\/li>\n<li data-start=\"1668\" data-end=\"1701\">\n<p data-start=\"1670\" data-end=\"1701\"><strong data-start=\"1670\" data-end=\"1701\">Redes de armazenamento de alta velocidade<\/strong><\/p>\n<\/li>\n<\/ul>\n<p data-start=\"1703\" data-end=\"1836\">A baixa atenua\u00e7\u00e3o e a alta largura de banda do OM3 o tornam ideal para <strong data-start=\"1762\" data-end=\"1794\">ambientes com alto n\u00famero de portas<\/strong> onde o desempenho e a consist\u00eancia s\u00e3o importantes.<\/p>\n<hr data-start=\"1838\" data-end=\"1841\" \/>\n<h3 data-start=\"1843\" data-end=\"1887\"><strong data-start=\"1847\" data-end=\"1887\">Fabrica\u00e7\u00e3o de precis\u00e3o para baixas perdas<\/strong><\/h3>\n<p data-start=\"1889\" data-end=\"2164\">Cada jumper LC-LC OM3 \u00e9 montado usando <strong data-start=\"1930\" data-end=\"1988\">virolas de cer\u00e2mica de alta qualidade e faces de extremidade polidas pelo UPC<\/strong>, e, em seguida, inspecionados e testados para <strong data-start=\"2020\" data-end=\"2074\">perda de inser\u00e7\u00e3o, perda de retorno e geometria da extremidade<\/strong>. Isso garante <strong data-start=\"2092\" data-end=\"2122\">desempenho \u00f3ptico est\u00e1vel<\/strong> em milhares de ciclos plug-and-play.<\/p>\n<p data-start=\"2166\" data-end=\"2276\">O <strong data-start=\"2170\" data-end=\"2192\">Op\u00e7\u00e3o de jaqueta LSZH<\/strong> suporta a modernidade <strong data-start=\"2209\" data-end=\"2234\">padr\u00f5es de seguran\u00e7a contra inc\u00eandio<\/strong> em data centers e edif\u00edcios comerciais.<\/p>\n<hr data-start=\"2278\" data-end=\"2281\" \/>\n<h2 data-start=\"2283\" data-end=\"2306\"><strong data-start=\"2286\" data-end=\"2306\">Perguntas e respostas profissionais<\/strong><\/h2>\n<p data-start=\"2308\" data-end=\"2467\"><strong data-start=\"2308\" data-end=\"2360\">Q1: O OM3 ainda \u00e9 relevante para novas instala\u00e7\u00f5es?<\/strong><br data-start=\"2360\" data-end=\"2363\" \/>Sim. O OM3 continua sendo um <strong data-start=\"2382\" data-end=\"2405\">padr\u00e3o convencional<\/strong> para <strong data-start=\"2410\" data-end=\"2450\">Links de curto alcance de 10G, 40G e 100G<\/strong> em data centers.<\/p>\n<p data-start=\"2469\" data-end=\"2607\"><strong data-start=\"2469\" data-end=\"2518\">P2: Esse cabo pode ser usado com m\u00f3dulos SFP+?<\/strong><br data-start=\"2518\" data-end=\"2521\" \/>Com certeza. Os conectores LC s\u00e3o os <strong data-start=\"2555\" data-end=\"2606\">interface nativa para \u00f3ptica SFP, SFP+ e QSFP<\/strong>.<\/p>\n<p data-start=\"2609\" data-end=\"2793\"><strong data-start=\"2609\" data-end=\"2660\">P3: Qual \u00e9 a diferen\u00e7a entre OM3 e OM4?<\/strong><br data-start=\"2660\" data-end=\"2663\" \/>OM4 suporta <strong data-start=\"2676\" data-end=\"2701\">dist\u00e2ncias 100G mais longas<\/strong>, mas o OM3 \u00e9 mais econ\u00f4mico e ainda atende \u00e0 maioria dos <strong data-start=\"2755\" data-end=\"2786\">rack a rack e fileira a fileira<\/strong> necessidades.<\/p>\n<p data-start=\"2795\" data-end=\"2939\"><strong data-start=\"2795\" data-end=\"2844\">P4: O polimento do UPC afeta a qualidade do sinal?<\/strong><br data-start=\"2844\" data-end=\"2847\" \/>Sim. O UPC reduz a reflex\u00e3o traseira e mant\u00e9m <strong data-start=\"2890\" data-end=\"2912\">perda de retorno \u226530 dB<\/strong>, melhorando a estabilidade do link.<\/p>","protected":false},"excerpt":{"rendered":"<p data-start=\"62\" data-end=\"455\">O <strong data-start=\"66\" data-end=\"90\">LC\/UPC-LC\/UPC-OM3-DX<\/strong> \u00e9 um <strong data-start=\"96\" data-end=\"146\">cabo de conex\u00e3o de fibra multimodo duplex de alta densidade<\/strong> constru\u00eddo para os <strong data-start=\"165\" data-end=\"209\">Ambientes Ethernet 10G, 40G e 100G<\/strong>. Com <strong data-start=\"216\" data-end=\"246\">Conectores LC em ambas as extremidades<\/strong> e <strong data-start=\"251\" data-end=\"290\">Fibra OM3 de 50\/125 \u03bcm otimizada para laser<\/strong>, Ele se conecta diretamente ao <strong data-start=\"315\" data-end=\"355\">Transceptores SFP+, QSFP e QSFP-DD<\/strong>, tornando-o a escolha padr\u00e3o para <strong data-start=\"391\" data-end=\"454\">data centers, redes corporativas e infraestrutura de nuvem<\/strong>.<\/p>\n<p data-start=\"457\" data-end=\"565\">Compacto, de baixa perda e rico em largura de banda, esse jumper foi projetado para manter os links de alta velocidade limpos e eficientes.<\/p>","protected":false},"featured_media":683,"comment_status":"open","ping_status":"closed","template":"","meta":[],"product_brand":[],"product_cat":[44],"product_tag":[],"class_list":{"0":"post-682","1":"product","2":"type-product","3":"status-publish","4":"has-post-thumbnail","6":"product_cat-multimode-fiber-optic-patch-cord","8":"first","9":"instock","10":"shipping-taxable","11":"product-type-simple"},"_links":{"self":[{"href":"https:\/\/www.fenxifiber.com\/pt\/wp-json\/wp\/v2\/product\/682","targetHints":{"allow":["GET"]}}],"collection":[{"href":"https:\/\/www.fenxifiber.com\/pt\/wp-json\/wp\/v2\/product"}],"about":[{"href":"https:\/\/www.fenxifiber.com\/pt\/wp-json\/wp\/v2\/types\/product"}],"replies":[{"embeddable":true,"href":"https:\/\/www.fenxifiber.com\/pt\/wp-json\/wp\/v2\/comments?post=682"}],"wp:featuredmedia":[{"embeddable":true,"href":"https:\/\/www.fenxifiber.com\/pt\/wp-json\/wp\/v2\/media\/683"}],"wp:attachment":[{"href":"https:\/\/www.fenxifiber.com\/pt\/wp-json\/wp\/v2\/media?parent=682"}],"wp:term":[{"taxonomy":"product_brand","embeddable":true,"href":"https:\/\/www.fenxifiber.com\/pt\/wp-json\/wp\/v2\/product_brand?post=682"},{"taxonomy":"product_cat","embeddable":true,"href":"https:\/\/www.fenxifiber.com\/pt\/wp-json\/wp\/v2\/product_cat?post=682"},{"taxonomy":"product_tag","embeddable":true,"href":"https:\/\/www.fenxifiber.com\/pt\/wp-json\/wp\/v2\/product_tag?post=682"}],"curies":[{"name":"wp","href":"https:\/\/api.w.org\/{rel}","templated":true}]}}