{"id":689,"date":"2026-02-03T07:04:43","date_gmt":"2026-02-03T07:04:43","guid":{"rendered":"https:\/\/www.fenxifiber.com\/?post_type=product&#038;p=689"},"modified":"2026-02-04T01:33:03","modified_gmt":"2026-02-04T01:33:03","slug":"fc-upc-sc-upc-om3-dx","status":"publish","type":"product","link":"https:\/\/www.fenxifiber.com\/pt\/product\/fc-upc-sc-upc-om3-dx\/","title":{"rendered":"Cabo de conex\u00e3o de fibra \u00f3ptica multimodo FC\/UPC-SC\/UPC-OM3-DX"},"content":{"rendered":"<h3 data-start=\"576\" data-end=\"608\"><strong data-start=\"580\" data-end=\"608\">Por que o FC para SC faz sentido<\/strong><\/h3>\n<p data-start=\"610\" data-end=\"919\">Os conectores FC s\u00e3o preferidos em <strong data-start=\"639\" data-end=\"685\">equipamentos de medi\u00e7\u00e3o e redes de operadoras<\/strong> porque seus <strong data-start=\"700\" data-end=\"747\">O corpo met\u00e1lico rosqueado evita micro-movimentos<\/strong> que podem causar instabilidade \u00f3ptica.<br data-start=\"783\" data-end=\"786\" \/>Os conectores SC, por outro lado, s\u00e3o padr\u00e3o em <strong data-start=\"830\" data-end=\"866\">ODFs, patch panels e switches<\/strong> para seus <strong data-start=\"877\" data-end=\"918\">confiabilidade de encaixe e f\u00e1cil manuseio<\/strong>.<\/p>\n<p data-start=\"921\" data-end=\"1075\">Esse design h\u00edbrido permite que voc\u00ea se conecte <strong data-start=\"957\" data-end=\"987\">dispositivos FC de precis\u00e3o<\/strong> diretamente para <strong data-start=\"1000\" data-end=\"1035\">Infraestrutura de rede baseada em SC<\/strong> sem adaptadores ou degrada\u00e7\u00e3o do sinal.<\/p>\n<hr data-start=\"1077\" data-end=\"1080\" \/>\n<h3 data-start=\"1082\" data-end=\"1125\"><strong data-start=\"1086\" data-end=\"1125\">Especifica\u00e7\u00f5es \u00f3pticas e mec\u00e2nicas<\/strong><\/h3>\n<div class=\"TyagGW_tableContainer\">\n<div class=\"group TyagGW_tableWrapper flex flex-col-reverse w-fit\" tabindex=\"-1\">\n<table class=\"w-fit min-w-(--thread-content-width)\" data-start=\"1127\" data-end=\"1588\">\n<thead data-start=\"1127\" data-end=\"1161\">\n<tr data-start=\"1127\" data-end=\"1161\">\n<th class=\"\" data-start=\"1127\" data-end=\"1137\" data-col-size=\"sm\">Recurso<\/th>\n<th class=\"\" data-start=\"1137\" data-end=\"1161\" data-col-size=\"sm\">FC\/UPC-SC\/UPC-OM3-DX<\/th>\n<\/tr>\n<\/thead>\n<tbody data-start=\"1190\" data-end=\"1588\">\n<tr data-start=\"1190\" data-end=\"1230\">\n<td data-start=\"1190\" data-end=\"1203\" data-col-size=\"sm\">Tipo de fibra<\/td>\n<td data-start=\"1203\" data-end=\"1230\" data-col-size=\"sm\">OM3 Multimodo 50\/125 \u03bcm<\/td>\n<\/tr>\n<tr data-start=\"1231\" data-end=\"1260\">\n<td data-start=\"1231\" data-end=\"1245\" data-col-size=\"sm\">Contagem de fibras<\/td>\n<td data-col-size=\"sm\" data-start=\"1245\" data-end=\"1260\">Duplex (DX)<\/td>\n<\/tr>\n<tr data-start=\"1261\" data-end=\"1287\">\n<td data-start=\"1261\" data-end=\"1275\" data-col-size=\"sm\">Conector A<\/td>\n<td data-start=\"1275\" data-end=\"1287\" data-col-size=\"sm\">FC \/ UPC<\/td>\n<\/tr>\n<tr data-start=\"1288\" data-end=\"1314\">\n<td data-start=\"1288\" data-end=\"1302\" data-col-size=\"sm\">Conector B<\/td>\n<td data-start=\"1302\" data-end=\"1314\" data-col-size=\"sm\">SC \/ UPC<\/td>\n<\/tr>\n<tr data-start=\"1315\" data-end=\"1358\">\n<td data-start=\"1315\" data-end=\"1338\" data-col-size=\"sm\">Comprimento de onda operacional<\/td>\n<td data-start=\"1338\" data-end=\"1358\" data-col-size=\"sm\">850 nm \/ 1300 nm<\/td>\n<\/tr>\n<tr data-start=\"1359\" data-end=\"1395\">\n<td data-start=\"1359\" data-end=\"1380\" data-col-size=\"sm\">Largura de banda a 850 nm<\/td>\n<td data-col-size=\"sm\" data-start=\"1380\" data-end=\"1395\">2000 MHz-km<\/td>\n<\/tr>\n<tr data-start=\"1396\" data-end=\"1426\">\n<td data-start=\"1396\" data-end=\"1413\" data-col-size=\"sm\">Perda de inser\u00e7\u00e3o<\/td>\n<td data-start=\"1413\" data-end=\"1426\" data-col-size=\"sm\">\u2264 0,30 dB<\/td>\n<\/tr>\n<tr data-start=\"1427\" data-end=\"1452\">\n<td data-start=\"1427\" data-end=\"1441\" data-col-size=\"sm\">Perda de retorno<\/td>\n<td data-start=\"1441\" data-end=\"1452\" data-col-size=\"sm\">\u2265 30 dB<\/td>\n<\/tr>\n<tr data-start=\"1453\" data-end=\"1483\">\n<td data-start=\"1453\" data-end=\"1468\" data-col-size=\"sm\">Ethernet 10G<\/td>\n<td data-start=\"1468\" data-end=\"1483\" data-col-size=\"sm\">At\u00e9 300 m<\/td>\n<\/tr>\n<tr data-start=\"1484\" data-end=\"1512\">\n<td data-start=\"1484\" data-end=\"1497\" data-col-size=\"sm\">40G \/ 100G<\/td>\n<td data-col-size=\"sm\" data-start=\"1497\" data-end=\"1512\">At\u00e9 100 m<\/td>\n<\/tr>\n<tr data-start=\"1513\" data-end=\"1545\">\n<td data-start=\"1513\" data-end=\"1530\" data-col-size=\"sm\">Op\u00e7\u00f5es de jaqueta<\/td>\n<td data-start=\"1530\" data-end=\"1545\" data-col-size=\"sm\">LSZH ou PVC<\/td>\n<\/tr>\n<tr data-start=\"1546\" data-end=\"1588\">\n<td data-start=\"1546\" data-end=\"1559\" data-col-size=\"sm\">Conformidade<\/td>\n<td data-start=\"1559\" data-end=\"1588\" data-col-size=\"sm\">IEC, TIA-568, RoHS, REACH<\/td>\n<\/tr>\n<\/tbody>\n<\/table>\n<\/div>\n<\/div>\n<hr data-start=\"1590\" data-end=\"1593\" \/>\n<h3 data-start=\"1595\" data-end=\"1631\"><strong data-start=\"1599\" data-end=\"1631\">Onde \u00e9 comumente implantado<\/strong><\/h3>\n<ul data-start=\"1633\" data-end=\"1808\">\n<li data-start=\"1633\" data-end=\"1662\">\n<p data-start=\"1635\" data-end=\"1662\"><strong data-start=\"1635\" data-end=\"1662\">Escrit\u00f3rios centrais de telecomunica\u00e7\u00f5es<\/strong><\/p>\n<\/li>\n<li data-start=\"1663\" data-end=\"1706\">\n<p data-start=\"1665\" data-end=\"1706\"><strong data-start=\"1665\" data-end=\"1706\">OTDRs, medidores de pot\u00eancia e bancadas de teste<\/strong><\/p>\n<\/li>\n<li data-start=\"1707\" data-end=\"1739\">\n<p data-start=\"1709\" data-end=\"1739\"><strong data-start=\"1709\" data-end=\"1739\">Conex\u00f5es cruzadas de data center<\/strong><\/p>\n<\/li>\n<li data-start=\"1740\" data-end=\"1768\">\n<p data-start=\"1742\" data-end=\"1768\"><strong data-start=\"1742\" data-end=\"1768\">Backbones de fibra do campus<\/strong><\/p>\n<\/li>\n<li data-start=\"1769\" data-end=\"1808\">\n<p data-start=\"1771\" data-end=\"1808\"><strong data-start=\"1771\" data-end=\"1808\">Redes industriais e de transmiss\u00e3o<\/strong><\/p>\n<\/li>\n<\/ul>\n<p data-start=\"1810\" data-end=\"1914\">A alta largura de banda do OM3 garante <strong data-start=\"1839\" data-end=\"1868\">transmiss\u00e3o de sinal limpa<\/strong> mesmo quando v\u00e1rios pontos de corre\u00e7\u00e3o est\u00e3o envolvidos.<\/p>\n<hr data-start=\"1916\" data-end=\"1919\" \/>\n<h3 data-start=\"1921\" data-end=\"1963\"><strong data-start=\"1925\" data-end=\"1963\">Projetado para consist\u00eancia \u00f3ptica<\/strong><\/h3>\n<p data-start=\"1965\" data-end=\"2208\">Cada jumper FC-SC OM3 \u00e9 montado com <strong data-start=\"2005\" data-end=\"2052\">virolas de cer\u00e2mica e faces de extremidade polidas UPC<\/strong>, ent\u00e3o <strong data-start=\"2059\" data-end=\"2074\">100% testado<\/strong> para perda de inser\u00e7\u00e3o, reflet\u00e2ncia e geometria. Isso garante <strong data-start=\"2135\" data-end=\"2207\">baixa reflex\u00e3o traseira, alta efici\u00eancia de acoplamento e longa vida \u00fatil<\/strong>.<\/p>\n<p data-start=\"2210\" data-end=\"2340\">O <strong data-start=\"2214\" data-end=\"2236\">Op\u00e7\u00e3o de jaqueta LSZH<\/strong> encontra o moderno <strong data-start=\"2250\" data-end=\"2289\">padr\u00f5es de seguran\u00e7a contra inc\u00eandio e baixa emiss\u00e3o de fuma\u00e7a<\/strong> necess\u00e1rio em edif\u00edcios comerciais e data centers.<\/p>\n<hr data-start=\"2342\" data-end=\"2345\" \/>\n<h2 data-start=\"2347\" data-end=\"2370\"><strong data-start=\"2350\" data-end=\"2370\">Perguntas e respostas profissionais<\/strong><\/h2>\n<p data-start=\"2372\" data-end=\"2544\"><strong data-start=\"2372\" data-end=\"2421\">Q1: Por que usar conectores FC em redes modernas?<\/strong><br data-start=\"2421\" data-end=\"2424\" \/>Os conectores FC oferecem <strong data-start=\"2444\" data-end=\"2469\">estabilidade excepcional<\/strong> e ainda s\u00e3o amplamente utilizados em <strong data-start=\"2499\" data-end=\"2543\">equipamentos de teste e sistemas de n\u00edvel de operadora<\/strong>.<\/p>\n<p data-start=\"2546\" data-end=\"2667\"><strong data-start=\"2546\" data-end=\"2584\">P2: O OM3 pode suportar Ethernet 100G?<\/strong><br data-start=\"2584\" data-end=\"2587\" \/>Sim. O OM3 suporta <strong data-start=\"2605\" data-end=\"2630\">100G at\u00e9 100 metros<\/strong> usando transceptores multimodo de 850 nm.<\/p>\n<p data-start=\"2669\" data-end=\"2804\"><strong data-start=\"2669\" data-end=\"2717\">P3: Esse cabo \u00e9 adequado para patch panels?<\/strong><br data-start=\"2717\" data-end=\"2720\" \/>Com certeza. Os <strong data-start=\"2736\" data-end=\"2746\">Fim do SC<\/strong> conecta-se diretamente ao padr\u00e3o <strong data-start=\"2776\" data-end=\"2803\">ODFs e pain\u00e9is de rede<\/strong>.<\/p>\n<p data-start=\"2806\" data-end=\"2947\"><strong data-start=\"2806\" data-end=\"2840\">Q4: O polimento UPC \u00e9 importante?<\/strong><br data-start=\"2840\" data-end=\"2843\" \/>Sim. O polimento UPC reduz o reflexo e mant\u00e9m <strong data-start=\"2895\" data-end=\"2918\">perda de retorno \u2265 30 dB<\/strong>, melhorando a confiabilidade do link.<\/p>","protected":false},"excerpt":{"rendered":"<p data-start=\"62\" data-end=\"431\">O <strong data-start=\"66\" data-end=\"90\">FC\/UPC-SC\/UPC-OM3-DX<\/strong> \u00e9 um <strong data-start=\"96\" data-end=\"131\">cabo de conex\u00e3o multimodo OM3 duplex<\/strong> projetados para ambientes que exigem <strong data-start=\"173\" data-end=\"251\">estabilidade mec\u00e2nica em uma extremidade e conectividade de alta densidade na outra<\/strong>. Com um <strong data-start=\"260\" data-end=\"285\">Conector FC rosqueado<\/strong> emparelhado a um <strong data-start=\"298\" data-end=\"324\">Interface SC push-pull<\/strong>, Esse cabo \u00e9 amplamente utilizado em <strong data-start=\"355\" data-end=\"430\">salas de telecomunica\u00e7\u00f5es, configura\u00e7\u00f5es de teste \u00f3ptico e estruturas de distribui\u00e7\u00e3o de data center<\/strong>.<\/p>\n<p data-start=\"433\" data-end=\"569\">Constru\u00eddo com <strong data-start=\"444\" data-end=\"483\">Fibra OM3 otimizada para laser de 50\/125 \u03bcm<\/strong>, ele oferece suporte total a <strong data-start=\"503\" data-end=\"534\">Ethernet 10G, 40G e 100G<\/strong> em \u00f3ptica multimodo de curto alcance.<\/p>","protected":false},"featured_media":690,"comment_status":"open","ping_status":"closed","template":"","meta":[],"product_brand":[],"product_cat":[44],"product_tag":[],"class_list":{"0":"post-689","1":"product","2":"type-product","3":"status-publish","4":"has-post-thumbnail","6":"product_cat-multimode-fiber-optic-patch-cord","8":"first","9":"instock","10":"shipping-taxable","11":"product-type-simple"},"_links":{"self":[{"href":"https:\/\/www.fenxifiber.com\/pt\/wp-json\/wp\/v2\/product\/689","targetHints":{"allow":["GET"]}}],"collection":[{"href":"https:\/\/www.fenxifiber.com\/pt\/wp-json\/wp\/v2\/product"}],"about":[{"href":"https:\/\/www.fenxifiber.com\/pt\/wp-json\/wp\/v2\/types\/product"}],"replies":[{"embeddable":true,"href":"https:\/\/www.fenxifiber.com\/pt\/wp-json\/wp\/v2\/comments?post=689"}],"wp:featuredmedia":[{"embeddable":true,"href":"https:\/\/www.fenxifiber.com\/pt\/wp-json\/wp\/v2\/media\/690"}],"wp:attachment":[{"href":"https:\/\/www.fenxifiber.com\/pt\/wp-json\/wp\/v2\/media?parent=689"}],"wp:term":[{"taxonomy":"product_brand","embeddable":true,"href":"https:\/\/www.fenxifiber.com\/pt\/wp-json\/wp\/v2\/product_brand?post=689"},{"taxonomy":"product_cat","embeddable":true,"href":"https:\/\/www.fenxifiber.com\/pt\/wp-json\/wp\/v2\/product_cat?post=689"},{"taxonomy":"product_tag","embeddable":true,"href":"https:\/\/www.fenxifiber.com\/pt\/wp-json\/wp\/v2\/product_tag?post=689"}],"curies":[{"name":"wp","href":"https:\/\/api.w.org\/{rel}","templated":true}]}}