{"id":692,"date":"2026-02-03T07:06:07","date_gmt":"2026-02-03T07:06:07","guid":{"rendered":"https:\/\/www.fenxifiber.com\/?post_type=product&#038;p=692"},"modified":"2026-02-04T01:33:31","modified_gmt":"2026-02-04T01:33:31","slug":"lc-upc-sc-upc-om3-dx","status":"publish","type":"product","link":"https:\/\/www.fenxifiber.com\/pt\/product\/lc-upc-sc-upc-om3-dx\/","title":{"rendered":"Cabo de conex\u00e3o de fibra \u00f3ptica multimodo LC\/UPC-SC\/UPC-OM3-DX"},"content":{"rendered":"<h3 data-start=\"631\" data-end=\"677\"><strong data-start=\"635\" data-end=\"677\">Otimizado para redes de interface mista<\/strong><\/h3>\n<p data-start=\"679\" data-end=\"983\">Os conectores LC dominam <strong data-start=\"702\" data-end=\"737\">M\u00f3dulos SFP+, QSFP e QSFP-DD<\/strong>, enquanto os conectores SC permanecem padr\u00e3o em <strong data-start=\"778\" data-end=\"803\">ODFs e pain\u00e9is de fibra<\/strong>. Essa configura\u00e7\u00e3o LC-para-SC elimina a necessidade de adaptadores que podem introduzir <strong data-start=\"885\" data-end=\"914\">perda extra e reflex\u00e3o<\/strong>, mantendo a alta qualidade do sinal, mesmo em <strong data-start=\"952\" data-end=\"982\">redes densas e de alta velocidade<\/strong>.<\/p>\n<p data-start=\"985\" data-end=\"1092\">A fibra OM3 oferece o espa\u00e7o de largura de banda necess\u00e1rio para <strong data-start=\"1038\" data-end=\"1091\">virtualiza\u00e7\u00e3o, computa\u00e7\u00e3o em nuvem e cargas de trabalho de IA<\/strong>.<\/p>\n<hr data-start=\"1094\" data-end=\"1097\" \/>\n<h3 data-start=\"1099\" data-end=\"1127\"><strong data-start=\"1103\" data-end=\"1127\">Principais dados de desempenho<\/strong><\/h3>\n<div class=\"TyagGW_tableContainer\">\n<div class=\"group TyagGW_tableWrapper flex flex-col-reverse w-fit\" tabindex=\"-1\">\n<table class=\"w-fit min-w-(--thread-content-width)\" data-start=\"1129\" data-end=\"1590\">\n<thead data-start=\"1129\" data-end=\"1165\">\n<tr data-start=\"1129\" data-end=\"1165\">\n<th class=\"\" data-start=\"1129\" data-end=\"1141\" data-col-size=\"sm\">Par\u00e2metro<\/th>\n<th class=\"\" data-start=\"1141\" data-end=\"1165\" data-col-size=\"sm\">LC\/UPC-SC\/UPC-OM3-DX<\/th>\n<\/tr>\n<\/thead>\n<tbody data-start=\"1195\" data-end=\"1590\">\n<tr data-start=\"1195\" data-end=\"1235\">\n<td data-start=\"1195\" data-end=\"1208\" data-col-size=\"sm\">Tipo de fibra<\/td>\n<td data-start=\"1208\" data-end=\"1235\" data-col-size=\"sm\">OM3 Multimodo 50\/125 \u03bcm<\/td>\n<\/tr>\n<tr data-start=\"1236\" data-end=\"1265\">\n<td data-start=\"1236\" data-end=\"1250\" data-col-size=\"sm\">Contagem de fibras<\/td>\n<td data-start=\"1250\" data-end=\"1265\" data-col-size=\"sm\">Duplex (DX)<\/td>\n<\/tr>\n<tr data-start=\"1266\" data-end=\"1292\">\n<td data-start=\"1266\" data-end=\"1280\" data-col-size=\"sm\">Conector A<\/td>\n<td data-start=\"1280\" data-end=\"1292\" data-col-size=\"sm\">LC \/ UPC<\/td>\n<\/tr>\n<tr data-start=\"1293\" data-end=\"1319\">\n<td data-start=\"1293\" data-end=\"1307\" data-col-size=\"sm\">Conector B<\/td>\n<td data-start=\"1307\" data-end=\"1319\" data-col-size=\"sm\">SC \/ UPC<\/td>\n<\/tr>\n<tr data-start=\"1320\" data-end=\"1363\">\n<td data-start=\"1320\" data-end=\"1343\" data-col-size=\"sm\">Comprimento de onda operacional<\/td>\n<td data-col-size=\"sm\" data-start=\"1343\" data-end=\"1363\">850 nm \/ 1300 nm<\/td>\n<\/tr>\n<tr data-start=\"1364\" data-end=\"1400\">\n<td data-start=\"1364\" data-end=\"1385\" data-col-size=\"sm\">Largura de banda a 850 nm<\/td>\n<td data-start=\"1385\" data-end=\"1400\" data-col-size=\"sm\">2000 MHz-km<\/td>\n<\/tr>\n<tr data-start=\"1401\" data-end=\"1431\">\n<td data-start=\"1401\" data-end=\"1418\" data-col-size=\"sm\">Perda de inser\u00e7\u00e3o<\/td>\n<td data-start=\"1418\" data-end=\"1431\" data-col-size=\"sm\">\u2264 0,30 dB<\/td>\n<\/tr>\n<tr data-start=\"1432\" data-end=\"1457\">\n<td data-start=\"1432\" data-end=\"1446\" data-col-size=\"sm\">Perda de retorno<\/td>\n<td data-col-size=\"sm\" data-start=\"1446\" data-end=\"1457\">\u2265 30 dB<\/td>\n<\/tr>\n<tr data-start=\"1458\" data-end=\"1488\">\n<td data-start=\"1458\" data-end=\"1473\" data-col-size=\"sm\">Ethernet 10G<\/td>\n<td data-start=\"1473\" data-end=\"1488\" data-col-size=\"sm\">At\u00e9 300 m<\/td>\n<\/tr>\n<tr data-start=\"1489\" data-end=\"1517\">\n<td data-start=\"1489\" data-end=\"1502\" data-col-size=\"sm\">40G \/ 100G<\/td>\n<td data-start=\"1502\" data-end=\"1517\" data-col-size=\"sm\">At\u00e9 100 m<\/td>\n<\/tr>\n<tr data-start=\"1518\" data-end=\"1548\">\n<td data-start=\"1518\" data-end=\"1533\" data-col-size=\"sm\">Capa do cabo<\/td>\n<td data-start=\"1533\" data-end=\"1548\" data-col-size=\"sm\">LSZH ou PVC<\/td>\n<\/tr>\n<tr data-start=\"1549\" data-end=\"1590\">\n<td data-start=\"1549\" data-end=\"1561\" data-col-size=\"sm\">Padr\u00f5es<\/td>\n<td data-start=\"1561\" data-end=\"1590\" data-col-size=\"sm\">IEC, TIA-568, RoHS, REACH<\/td>\n<\/tr>\n<\/tbody>\n<\/table>\n<\/div>\n<\/div>\n<hr data-start=\"1592\" data-end=\"1595\" \/>\n<h3 data-start=\"1597\" data-end=\"1628\"><strong data-start=\"1601\" data-end=\"1628\">Onde este cabo se destaca<\/strong><\/h3>\n<ul data-start=\"1630\" data-end=\"1817\">\n<li data-start=\"1630\" data-end=\"1677\">\n<p data-start=\"1632\" data-end=\"1677\"><strong data-start=\"1632\" data-end=\"1677\">Conex\u00f5es entre switch e ODF e patch panel<\/strong><\/p>\n<\/li>\n<li data-start=\"1678\" data-end=\"1710\">\n<p data-start=\"1680\" data-end=\"1710\"><strong data-start=\"1680\" data-end=\"1710\">Conex\u00f5es cruzadas de data center<\/strong><\/p>\n<\/li>\n<li data-start=\"1711\" data-end=\"1741\">\n<p data-start=\"1713\" data-end=\"1741\"><strong data-start=\"1713\" data-end=\"1741\">Backbones de LAN corporativos<\/strong><\/p>\n<\/li>\n<li data-start=\"1742\" data-end=\"1775\">\n<p data-start=\"1744\" data-end=\"1775\"><strong data-start=\"1744\" data-end=\"1775\">Quadros de distribui\u00e7\u00e3o de telecomunica\u00e7\u00f5es<\/strong><\/p>\n<\/li>\n<li data-start=\"1776\" data-end=\"1817\">\n<p data-start=\"1778\" data-end=\"1817\"><strong data-start=\"1778\" data-end=\"1817\">Links de servidor e armazenamento de alta velocidade<\/strong><\/p>\n<\/li>\n<\/ul>\n<p data-start=\"1819\" data-end=\"1934\">A baixa atenua\u00e7\u00e3o e a alta largura de banda modal do OM3 garantem <strong data-start=\"1873\" data-end=\"1908\">desempenho est\u00e1vel e de baixa lat\u00eancia<\/strong> em links de curto alcance.<\/p>\n<hr data-start=\"1936\" data-end=\"1939\" \/>\n<h3 data-start=\"1941\" data-end=\"1993\"><strong data-start=\"1945\" data-end=\"1993\">Montagem de precis\u00e3o para confiabilidade de longo prazo<\/strong><\/h3>\n<p data-start=\"1995\" data-end=\"2258\">Todos os cabos de conex\u00e3o LC-SC OM3 s\u00e3o fabricados com <strong data-start=\"2043\" data-end=\"2118\">virolas de cer\u00e2mica, faces de extremidade polidas por UPC e inspe\u00e7\u00e3o \u00f3ptica rigorosa<\/strong>. Cada unidade \u00e9 testada para <strong data-start=\"2144\" data-end=\"2189\">perda de inser\u00e7\u00e3o, perda de retorno e geometria<\/strong>, garantindo <strong data-start=\"2200\" data-end=\"2257\">acoplamento de luz consistente e reflex\u00e3o traseira m\u00ednima<\/strong>.<\/p>\n<p data-start=\"2260\" data-end=\"2386\">O <strong data-start=\"2264\" data-end=\"2286\">Op\u00e7\u00e3o de jaqueta LSZH<\/strong> suporta a modernidade <strong data-start=\"2303\" data-end=\"2344\">normas de seguran\u00e7a contra inc\u00eandio e baixa emiss\u00e3o de fuma\u00e7a<\/strong> em edif\u00edcios comerciais e data centers.<\/p>\n<hr data-start=\"2388\" data-end=\"2391\" \/>\n<h2 data-start=\"2393\" data-end=\"2416\"><strong data-start=\"2396\" data-end=\"2416\">Perguntas e respostas profissionais<\/strong><\/h2>\n<p data-start=\"2418\" data-end=\"2586\"><strong data-start=\"2418\" data-end=\"2475\">Q1: O OM3 ainda \u00e9 uma boa op\u00e7\u00e3o para novas instala\u00e7\u00f5es?<\/strong><br data-start=\"2475\" data-end=\"2478\" \/>Sim. O OM3 continua sendo um <strong data-start=\"2497\" data-end=\"2521\">padr\u00e3o amplamente utilizado<\/strong> para <strong data-start=\"2526\" data-end=\"2564\">Links multimodo de 10G, 40G e 100G<\/strong> at\u00e9 100-300 metros.<\/p>\n<p data-start=\"2588\" data-end=\"2733\"><strong data-start=\"2588\" data-end=\"2644\">P2: Esse cabo pode ser conectado diretamente aos m\u00f3dulos SFP+?<\/strong><br data-start=\"2644\" data-end=\"2647\" \/>Sim. <strong data-start=\"2656\" data-end=\"2666\">Fim do LC<\/strong> conecta-se diretamente ao <strong data-start=\"2687\" data-end=\"2732\">Transceptores SFP, SFP+, QSFP e QSFP-DD<\/strong>.<\/p>\n<p data-start=\"2735\" data-end=\"2904\"><strong data-start=\"2735\" data-end=\"2789\">P3: Por que n\u00e3o usar adaptadores em vez de cabos h\u00edbridos?<\/strong><br data-start=\"2789\" data-end=\"2792\" \/>Os cabos h\u00edbridos reduzem <strong data-start=\"2813\" data-end=\"2834\">pontos de conex\u00e3o<\/strong>, diminuindo <strong data-start=\"2845\" data-end=\"2903\">perda de inser\u00e7\u00e3o, reflex\u00e3o e risco de falha em longo prazo<\/strong>.<\/p>\n<p data-start=\"2906\" data-end=\"3049\"><strong data-start=\"2906\" data-end=\"2941\">Q4: O que o polimento UPC faz?<\/strong><br data-start=\"2941\" data-end=\"2944\" \/>O polimento UPC melhora <strong data-start=\"2967\" data-end=\"2991\">perda de retorno (\u226530 dB)<\/strong>, reduzindo a reflex\u00e3o traseira e melhorando a estabilidade do sinal.<\/p>","protected":false},"excerpt":{"rendered":"<p data-start=\"62\" data-end=\"446\">O <strong data-start=\"66\" data-end=\"90\">LC\/UPC-SC\/UPC-OM3-DX<\/strong> \u00e9 um <strong data-start=\"96\" data-end=\"133\">jumper de fibra multimodo OM3 duplex<\/strong> projetado para <strong data-start=\"147\" data-end=\"181\">equipamentos de rede de alta densidade<\/strong> em uma extremidade e <strong data-start=\"197\" data-end=\"225\">pain\u00e9is de patch SC padr\u00e3o<\/strong> no outro. Ele fornece uma ponte \u00f3ptica limpa e de baixa perda entre <strong data-start=\"293\" data-end=\"321\">transceptores modernos (LC)<\/strong> e <strong data-start=\"326\" data-end=\"366\">quadros de distribui\u00e7\u00e3o tradicionais (SC)<\/strong>, o que o torna ideal para <strong data-start=\"388\" data-end=\"445\">data centers, backbones corporativos e salas de telecomunica\u00e7\u00f5es<\/strong>.<\/p>\n<p data-start=\"448\" data-end=\"624\">Com <strong data-start=\"453\" data-end=\"492\">Fibra OM3 otimizada para laser de 50\/125 \u03bcm<\/strong>, Esse patch cord \u00e9 compat\u00edvel com os atuais <strong data-start=\"527\" data-end=\"556\">\u00d3ptica baseada em VCSEL de 850 nm<\/strong>, permitindo a confiabilidade <strong data-start=\"576\" data-end=\"623\">Transmiss\u00e3o de curto alcance de 10G, 40G e 100G<\/strong>.<\/p>","protected":false},"featured_media":693,"comment_status":"open","ping_status":"closed","template":"","meta":[],"product_brand":[],"product_cat":[44],"product_tag":[],"class_list":{"0":"post-692","1":"product","2":"type-product","3":"status-publish","4":"has-post-thumbnail","6":"product_cat-multimode-fiber-optic-patch-cord","8":"first","9":"instock","10":"shipping-taxable","11":"product-type-simple"},"_links":{"self":[{"href":"https:\/\/www.fenxifiber.com\/pt\/wp-json\/wp\/v2\/product\/692","targetHints":{"allow":["GET"]}}],"collection":[{"href":"https:\/\/www.fenxifiber.com\/pt\/wp-json\/wp\/v2\/product"}],"about":[{"href":"https:\/\/www.fenxifiber.com\/pt\/wp-json\/wp\/v2\/types\/product"}],"replies":[{"embeddable":true,"href":"https:\/\/www.fenxifiber.com\/pt\/wp-json\/wp\/v2\/comments?post=692"}],"wp:featuredmedia":[{"embeddable":true,"href":"https:\/\/www.fenxifiber.com\/pt\/wp-json\/wp\/v2\/media\/693"}],"wp:attachment":[{"href":"https:\/\/www.fenxifiber.com\/pt\/wp-json\/wp\/v2\/media?parent=692"}],"wp:term":[{"taxonomy":"product_brand","embeddable":true,"href":"https:\/\/www.fenxifiber.com\/pt\/wp-json\/wp\/v2\/product_brand?post=692"},{"taxonomy":"product_cat","embeddable":true,"href":"https:\/\/www.fenxifiber.com\/pt\/wp-json\/wp\/v2\/product_cat?post=692"},{"taxonomy":"product_tag","embeddable":true,"href":"https:\/\/www.fenxifiber.com\/pt\/wp-json\/wp\/v2\/product_tag?post=692"}],"curies":[{"name":"wp","href":"https:\/\/api.w.org\/{rel}","templated":true}]}}