{"id":694,"date":"2026-02-03T07:07:19","date_gmt":"2026-02-03T07:07:19","guid":{"rendered":"https:\/\/www.fenxifiber.com\/?post_type=product&#038;p=694"},"modified":"2026-02-04T01:34:11","modified_gmt":"2026-02-04T01:34:11","slug":"sc-upc-sc-upc-om3-dx","status":"publish","type":"product","link":"https:\/\/www.fenxifiber.com\/pt\/product\/sc-upc-sc-upc-om3-dx\/","title":{"rendered":"Cabo de conex\u00e3o de fibra \u00f3ptica multimodo SC\/UPC-SC\/UPC-OM3-DX"},"content":{"rendered":"<h3 data-start=\"598\" data-end=\"629\"><strong data-start=\"602\" data-end=\"629\">Por que a SC-SC ainda \u00e9 importante<\/strong><\/h3>\n<p data-start=\"631\" data-end=\"917\">Enquanto o LC domina as portas do transceptor, <strong data-start=\"669\" data-end=\"761\">Os conectores SC continuam sendo amplamente usados em patch panels, ODFs e quadros de distribui\u00e7\u00e3o de backbone<\/strong>. Os conectores SC oferecem uma <strong data-start=\"785\" data-end=\"823\">virola maior para um acoplamento robusto<\/strong> e um <strong data-start=\"830\" data-end=\"858\">mecanismo de trava positiva<\/strong> o que os torna ideais para <strong data-start=\"885\" data-end=\"916\">gabinetes de fibra de alto tr\u00e1fego<\/strong>.<\/p>\n<p data-start=\"919\" data-end=\"1034\">O emparelhamento de SC com fibra OM3 oferece <strong data-start=\"957\" data-end=\"984\">backbone \u00f3ptico robusto<\/strong> que \u00e9 tanto <strong data-start=\"998\" data-end=\"1033\">f\u00e1cil de gerenciar e pronto para o futuro<\/strong>.<\/p>\n<hr data-start=\"1036\" data-end=\"1039\" \/>\n<h3 data-start=\"1041\" data-end=\"1083\"><strong data-start=\"1045\" data-end=\"1083\">Caracter\u00edsticas \u00f3pticas e f\u00edsicas<\/strong><\/h3>\n<div class=\"TyagGW_tableContainer\">\n<div class=\"group TyagGW_tableWrapper flex flex-col-reverse w-fit\" tabindex=\"-1\">\n<table class=\"w-fit min-w-(--thread-content-width)\" data-start=\"1085\" data-end=\"1527\">\n<thead data-start=\"1085\" data-end=\"1119\">\n<tr data-start=\"1085\" data-end=\"1119\">\n<th class=\"\" data-start=\"1085\" data-end=\"1095\" data-col-size=\"sm\">Recurso<\/th>\n<th class=\"\" data-start=\"1095\" data-end=\"1119\" data-col-size=\"sm\">SC\/UPC-SC\/UPC-OM3-DX<\/th>\n<\/tr>\n<\/thead>\n<tbody data-start=\"1147\" data-end=\"1527\">\n<tr data-start=\"1147\" data-end=\"1187\">\n<td data-start=\"1147\" data-end=\"1160\" data-col-size=\"sm\">Tipo de fibra<\/td>\n<td data-start=\"1160\" data-end=\"1187\" data-col-size=\"sm\">OM3 Multimodo 50\/125 \u03bcm<\/td>\n<\/tr>\n<tr data-start=\"1188\" data-end=\"1219\">\n<td data-start=\"1188\" data-end=\"1204\" data-col-size=\"sm\">Configura\u00e7\u00e3o<\/td>\n<td data-start=\"1204\" data-end=\"1219\" data-col-size=\"sm\">Duplex (DX)<\/td>\n<\/tr>\n<tr data-start=\"1220\" data-end=\"1261\">\n<td data-start=\"1220\" data-end=\"1237\" data-col-size=\"sm\">Tipo de conector<\/td>\n<td data-start=\"1237\" data-end=\"1261\" data-col-size=\"sm\">SC \/ UPC para SC \/ UPC<\/td>\n<\/tr>\n<tr data-start=\"1262\" data-end=\"1305\">\n<td data-start=\"1262\" data-end=\"1285\" data-col-size=\"sm\">Comprimento de onda operacional<\/td>\n<td data-start=\"1285\" data-end=\"1305\" data-col-size=\"sm\">850 nm \/ 1300 nm<\/td>\n<\/tr>\n<tr data-start=\"1306\" data-end=\"1342\">\n<td data-start=\"1306\" data-end=\"1327\" data-col-size=\"sm\">Largura de banda a 850 nm<\/td>\n<td data-start=\"1327\" data-end=\"1342\" data-col-size=\"sm\">2000 MHz-km<\/td>\n<\/tr>\n<tr data-start=\"1343\" data-end=\"1373\">\n<td data-start=\"1343\" data-end=\"1360\" data-col-size=\"sm\">Perda de inser\u00e7\u00e3o<\/td>\n<td data-start=\"1360\" data-end=\"1373\" data-col-size=\"sm\">\u2264 0,30 dB<\/td>\n<\/tr>\n<tr data-start=\"1374\" data-end=\"1399\">\n<td data-start=\"1374\" data-end=\"1388\" data-col-size=\"sm\">Perda de retorno<\/td>\n<td data-start=\"1388\" data-end=\"1399\" data-col-size=\"sm\">\u2265 30 dB<\/td>\n<\/tr>\n<tr data-start=\"1400\" data-end=\"1430\">\n<td data-start=\"1400\" data-end=\"1415\" data-col-size=\"sm\">Ethernet 10G<\/td>\n<td data-start=\"1415\" data-end=\"1430\" data-col-size=\"sm\">At\u00e9 300 m<\/td>\n<\/tr>\n<tr data-start=\"1431\" data-end=\"1459\">\n<td data-start=\"1431\" data-end=\"1444\" data-col-size=\"sm\">40G \/ 100G<\/td>\n<td data-start=\"1444\" data-end=\"1459\" data-col-size=\"sm\">At\u00e9 100 m<\/td>\n<\/tr>\n<tr data-start=\"1460\" data-end=\"1484\">\n<td data-start=\"1460\" data-end=\"1469\" data-col-size=\"sm\">Jaqueta<\/td>\n<td data-start=\"1469\" data-end=\"1484\" data-col-size=\"sm\">LSZH ou PVC<\/td>\n<\/tr>\n<tr data-start=\"1485\" data-end=\"1527\">\n<td data-start=\"1485\" data-end=\"1498\" data-col-size=\"sm\">Conformidade<\/td>\n<td data-start=\"1498\" data-end=\"1527\" data-col-size=\"sm\">IEC, TIA-568, RoHS, REACH<\/td>\n<\/tr>\n<\/tbody>\n<\/table>\n<\/div>\n<\/div>\n<hr data-start=\"1529\" data-end=\"1532\" \/>\n<h3 data-start=\"1534\" data-end=\"1561\"><strong data-start=\"1538\" data-end=\"1561\">Cen\u00e1rios de uso ideais<\/strong><\/h3>\n<ul data-start=\"1563\" data-end=\"1761\">\n<li data-start=\"1563\" data-end=\"1601\">\n<p data-start=\"1565\" data-end=\"1601\"><strong data-start=\"1565\" data-end=\"1601\">Links de patch panel para patch panel<\/strong><\/p>\n<\/li>\n<li data-start=\"1602\" data-end=\"1651\">\n<p data-start=\"1604\" data-end=\"1651\"><strong data-start=\"1604\" data-end=\"1651\">Estruturas de distribui\u00e7\u00e3o de telecomunica\u00e7\u00f5es e data centers<\/strong><\/p>\n<\/li>\n<li data-start=\"1652\" data-end=\"1682\">\n<p data-start=\"1654\" data-end=\"1682\"><strong data-start=\"1654\" data-end=\"1682\">Backbones de LAN corporativos<\/strong><\/p>\n<\/li>\n<li data-start=\"1683\" data-end=\"1721\">\n<p data-start=\"1685\" data-end=\"1721\"><strong data-start=\"1685\" data-end=\"1721\">Gabinetes \u00f3pticos e salas de fibra<\/strong><\/p>\n<\/li>\n<li data-start=\"1722\" data-end=\"1761\">\n<p data-start=\"1724\" data-end=\"1761\"><strong data-start=\"1724\" data-end=\"1761\">Conex\u00f5es cruzadas de rede de alta velocidade<\/strong><\/p>\n<\/li>\n<\/ul>\n<p data-start=\"1763\" data-end=\"1878\">OM3\u2019s <strong data-start=\"1769\" data-end=\"1813\">baixa atenua\u00e7\u00e3o e alta largura de banda modal<\/strong> mant\u00e9m os sinais limpos mesmo quando h\u00e1 v\u00e1rios pontos de conex\u00e3o envolvidos.<\/p>\n<hr data-start=\"1880\" data-end=\"1883\" \/>\n<h3 data-start=\"1885\" data-end=\"1919\"><strong data-start=\"1889\" data-end=\"1919\">Criado para precis\u00e3o \u00f3ptica<\/strong><\/h3>\n<p data-start=\"1921\" data-end=\"2182\">Cada jumper SC-SC OM3 \u00e9 montado com <strong data-start=\"1961\" data-end=\"2023\">virolas de cer\u00e2mica de alta precis\u00e3o e faces de extremidade polidas UPC<\/strong>, e, em seguida, inspecionado usando <strong data-start=\"2046\" data-end=\"2091\">interferometria e teste de perda de inser\u00e7\u00e3o<\/strong>. Isso garante <strong data-start=\"2106\" data-end=\"2181\">reflex\u00e3o traseira m\u00ednima, acoplamento consistente e confiabilidade de longo prazo<\/strong>.<\/p>\n<p data-start=\"2184\" data-end=\"2333\">O <strong data-start=\"2188\" data-end=\"2210\">Op\u00e7\u00e3o de jaqueta LSZH<\/strong> tamb\u00e9m se re\u00fane <strong data-start=\"2222\" data-end=\"2268\">padr\u00f5es modernos de seguran\u00e7a contra inc\u00eandio e baixa emiss\u00e3o de fuma\u00e7a<\/strong>, tornando-o adequado para data centers densos e edif\u00edcios de escrit\u00f3rios.<\/p>\n<hr data-start=\"2335\" data-end=\"2338\" \/>\n<h2 data-start=\"2340\" data-end=\"2363\"><strong data-start=\"2343\" data-end=\"2363\">Perguntas e respostas profissionais<\/strong><\/h2>\n<p data-start=\"2365\" data-end=\"2541\"><strong data-start=\"2365\" data-end=\"2417\">Q1: O SC-SC ainda \u00e9 adequado para redes modernas?<\/strong><br data-start=\"2417\" data-end=\"2420\" \/>Sim. Os conectores SC ainda s\u00e3o amplamente usados em <strong data-start=\"2464\" data-end=\"2506\">ODFs, patch panels e links de backbone<\/strong> em data centers e salas de telecomunica\u00e7\u00f5es.<\/p>\n<p data-start=\"2543\" data-end=\"2679\"><strong data-start=\"2543\" data-end=\"2588\">P2: O OM3 pode lidar com Ethernet 40G e 100G?<\/strong><br data-start=\"2588\" data-end=\"2591\" \/>Sim. O OM3 suporta <strong data-start=\"2609\" data-end=\"2642\">40G e 100G at\u00e9 100 metros<\/strong> usando transceptores multimodo de 850 nm.<\/p>\n<p data-start=\"2681\" data-end=\"2824\"><strong data-start=\"2681\" data-end=\"2729\">P3: Quais s\u00e3o os benef\u00edcios do polimento UPC?<\/strong><br data-start=\"2729\" data-end=\"2732\" \/>O UPC reduz a reflex\u00e3o traseira e mant\u00e9m <strong data-start=\"2770\" data-end=\"2797\">perda de retorno acima de 30 dB<\/strong>, melhorando a estabilidade do link.<\/p>\n<p data-start=\"2826\" data-end=\"2998\"><strong data-start=\"2826\" data-end=\"2897\">P4: Esse cabo \u00e9 compat\u00edvel com sistemas multimodo mais antigos?<\/strong><br data-start=\"2897\" data-end=\"2900\" \/>Sim. O OM3 funciona com <strong data-start=\"2920\" data-end=\"2945\">Equipamentos OM2 e OM1<\/strong>, e, ao mesmo tempo, oferece uma largura de banda muito maior para upgrades.<\/p>","protected":false},"excerpt":{"rendered":"<p data-start=\"62\" data-end=\"409\">O <strong data-start=\"66\" data-end=\"90\">SC\/UPC-SC\/UPC-OM3-DX<\/strong> \u00e9 um <strong data-start=\"96\" data-end=\"137\">cabo de conex\u00e3o de fibra multimodo OM3 duplex<\/strong> criado para <strong data-start=\"150\" data-end=\"188\">links \u00f3pticos confi\u00e1veis e de alta velocidade<\/strong> em redes corporativas, data centers e instala\u00e7\u00f5es de telecomunica\u00e7\u00f5es. Apresentando <strong data-start=\"261\" data-end=\"291\">Conectores SC em ambas as extremidades<\/strong>, ele fornece um <strong data-start=\"307\" data-end=\"339\">conex\u00e3o segura, push-pull<\/strong> que \u00e9 f\u00e1cil de instalar e altamente resistente a desconex\u00f5es acidentais.<\/p>\n<p data-start=\"411\" data-end=\"591\">Constru\u00eddo sobre <strong data-start=\"420\" data-end=\"459\">Fibra OM3 otimizada para laser de 50\/125 \u03bcm<\/strong>, Esse patch cord \u00e9 compat\u00edvel com os atuais <strong data-start=\"494\" data-end=\"545\">Padr\u00f5es Ethernet multimodo de 10G, 40G e 100G<\/strong> com baixa perda e excelente estabilidade de sinal.<\/p>","protected":false},"featured_media":695,"comment_status":"open","ping_status":"closed","template":"","meta":[],"product_brand":[],"product_cat":[44],"product_tag":[],"class_list":{"0":"post-694","1":"product","2":"type-product","3":"status-publish","4":"has-post-thumbnail","6":"product_cat-multimode-fiber-optic-patch-cord","8":"first","9":"instock","10":"shipping-taxable","11":"product-type-simple"},"_links":{"self":[{"href":"https:\/\/www.fenxifiber.com\/pt\/wp-json\/wp\/v2\/product\/694","targetHints":{"allow":["GET"]}}],"collection":[{"href":"https:\/\/www.fenxifiber.com\/pt\/wp-json\/wp\/v2\/product"}],"about":[{"href":"https:\/\/www.fenxifiber.com\/pt\/wp-json\/wp\/v2\/types\/product"}],"replies":[{"embeddable":true,"href":"https:\/\/www.fenxifiber.com\/pt\/wp-json\/wp\/v2\/comments?post=694"}],"wp:featuredmedia":[{"embeddable":true,"href":"https:\/\/www.fenxifiber.com\/pt\/wp-json\/wp\/v2\/media\/695"}],"wp:attachment":[{"href":"https:\/\/www.fenxifiber.com\/pt\/wp-json\/wp\/v2\/media?parent=694"}],"wp:term":[{"taxonomy":"product_brand","embeddable":true,"href":"https:\/\/www.fenxifiber.com\/pt\/wp-json\/wp\/v2\/product_brand?post=694"},{"taxonomy":"product_cat","embeddable":true,"href":"https:\/\/www.fenxifiber.com\/pt\/wp-json\/wp\/v2\/product_cat?post=694"},{"taxonomy":"product_tag","embeddable":true,"href":"https:\/\/www.fenxifiber.com\/pt\/wp-json\/wp\/v2\/product_tag?post=694"}],"curies":[{"name":"wp","href":"https:\/\/api.w.org\/{rel}","templated":true}]}}