{"id":700,"date":"2026-02-03T07:17:09","date_gmt":"2026-02-03T07:17:09","guid":{"rendered":"https:\/\/www.fenxifiber.com\/?post_type=product&#038;p=700"},"modified":"2026-02-04T01:35:28","modified_gmt":"2026-02-04T01:35:28","slug":"fc-apc-fc-apc-blindado","status":"publish","type":"product","link":"https:\/\/www.fenxifiber.com\/pt\/product\/fc-apc-fc-apc-armoured\/","title":{"rendered":"Cabo de conex\u00e3o de fibra \u00f3ptica monomodo blindado FC\/APC-FC\/APC"},"content":{"rendered":"<h3 data-start=\"716\" data-end=\"755\"><strong data-start=\"720\" data-end=\"755\">O que torna este cabo diferente<\/strong><\/h3>\n<p data-start=\"757\" data-end=\"876\">A maioria dos patch cords se concentra apenas no desempenho \u00f3ptico.<br data-start=\"808\" data-end=\"811\" \/>Este foi criado para <strong data-start=\"833\" data-end=\"875\">desempenho \u00f3ptico e capacidade de sobreviv\u00eancia<\/strong>.<\/p>\n<p data-start=\"878\" data-end=\"1234\">O <strong data-start=\"882\" data-end=\"915\">APC (Contato F\u00edsico Angular)<\/strong> As virolas minimizam a reflex\u00e3o traseira, tornando o cabo ideal para <strong data-start=\"978\" data-end=\"1003\">Sistemas de laser de 1550 nm<\/strong>, RF sobre fibra e <strong data-start=\"1024\" data-end=\"1059\">transmiss\u00e3o \u00f3ptica de alta pot\u00eancia<\/strong>.<br data-start=\"1060\" data-end=\"1063\" \/>O <strong data-start=\"1067\" data-end=\"1085\">camada blindada<\/strong> protege a fibra contra <strong data-start=\"1113\" data-end=\"1172\">puxar, dobrar, mordidas de roedores e danos \u00e0 instala\u00e7\u00e3o<\/strong> - uma grande vantagem para <strong data-start=\"1197\" data-end=\"1233\">implanta\u00e7\u00e3o em ambientes externos ou industriais<\/strong>.<\/p>\n<p data-start=\"1236\" data-end=\"1392\">Enquanto isso, o <strong data-start=\"1251\" data-end=\"1276\">Conector roscado FC<\/strong> garante que o ferrolho permane\u00e7a <strong data-start=\"1303\" data-end=\"1322\">travado no lugar<\/strong>, evitando micro-movimentos que podem degradar a qualidade do sinal ao longo do tempo.<\/p>\n<hr data-start=\"1394\" data-end=\"1397\" \/>\n<h3 data-start=\"1399\" data-end=\"1431\"><strong data-start=\"1403\" data-end=\"1431\">Especifica\u00e7\u00f5es t\u00e9cnicas<\/strong><\/h3>\n<div class=\"TyagGW_tableContainer\">\n<div class=\"group TyagGW_tableWrapper flex flex-col-reverse w-fit\" tabindex=\"-1\">\n<table class=\"w-fit min-w-(--thread-content-width)\" data-start=\"1433\" data-end=\"1977\">\n<thead data-start=\"1433\" data-end=\"1471\">\n<tr data-start=\"1433\" data-end=\"1471\">\n<th class=\"\" data-start=\"1433\" data-end=\"1445\" data-col-size=\"sm\">Par\u00e2metro<\/th>\n<th class=\"\" data-start=\"1445\" data-end=\"1471\" data-col-size=\"md\">FC\/APC-FC\/APC Blindado<\/th>\n<\/tr>\n<\/thead>\n<tbody data-start=\"1500\" data-end=\"1977\">\n<tr data-start=\"1500\" data-end=\"1543\">\n<td data-start=\"1500\" data-end=\"1513\" data-col-size=\"sm\">Tipo de fibra<\/td>\n<td data-start=\"1513\" data-end=\"1543\" data-col-size=\"md\">Modo \u00fanico OS2 (9\/125 \u03bcm)<\/td>\n<\/tr>\n<tr data-start=\"1544\" data-end=\"1570\">\n<td data-start=\"1544\" data-end=\"1558\" data-col-size=\"sm\">Conector A<\/td>\n<td data-col-size=\"md\" data-start=\"1558\" data-end=\"1570\">FC \/ APC<\/td>\n<\/tr>\n<tr data-start=\"1571\" data-end=\"1597\">\n<td data-start=\"1571\" data-end=\"1585\" data-col-size=\"sm\">Conector B<\/td>\n<td data-start=\"1585\" data-end=\"1597\" data-col-size=\"md\">FC \/ APC<\/td>\n<\/tr>\n<tr data-start=\"1598\" data-end=\"1631\">\n<td data-start=\"1598\" data-end=\"1612\" data-col-size=\"sm\">Tipo de polon\u00eas<\/td>\n<td data-start=\"1612\" data-end=\"1631\" data-col-size=\"md\">APC (\u00e2ngulo de 8\u00b0)<\/td>\n<\/tr>\n<tr data-start=\"1632\" data-end=\"1688\">\n<td data-start=\"1632\" data-end=\"1650\" data-col-size=\"sm\">Estrutura de cabos<\/td>\n<td data-start=\"1650\" data-end=\"1688\" data-col-size=\"md\">Blindado (a\u00e7o ou liga de alum\u00ednio)<\/td>\n<\/tr>\n<tr data-start=\"1689\" data-end=\"1733\">\n<td data-start=\"1689\" data-end=\"1712\" data-col-size=\"sm\">Comprimento de onda operacional<\/td>\n<td data-start=\"1712\" data-end=\"1733\" data-col-size=\"md\">1310 nm \/ 1550 nm<\/td>\n<\/tr>\n<tr data-start=\"1734\" data-end=\"1764\">\n<td data-start=\"1734\" data-end=\"1751\" data-col-size=\"sm\">Perda de inser\u00e7\u00e3o<\/td>\n<td data-start=\"1751\" data-end=\"1764\" data-col-size=\"md\">\u2264 0,30 dB<\/td>\n<\/tr>\n<tr data-start=\"1765\" data-end=\"1796\">\n<td data-start=\"1765\" data-end=\"1779\" data-col-size=\"sm\">Perda de retorno<\/td>\n<td data-start=\"1779\" data-end=\"1796\" data-col-size=\"md\">\u2265 60 dB (APC)<\/td>\n<\/tr>\n<tr data-start=\"1797\" data-end=\"1835\">\n<td data-start=\"1797\" data-end=\"1811\" data-col-size=\"sm\">Raio de curvatura<\/td>\n<td data-start=\"1811\" data-end=\"1835\" data-col-size=\"md\">\u2265 10\u00d7 di\u00e2metro do cabo<\/td>\n<\/tr>\n<tr data-start=\"1836\" data-end=\"1905\">\n<td data-start=\"1836\" data-end=\"1855\" data-col-size=\"sm\">Resist\u00eancia \u00e0 tra\u00e7\u00e3o<\/td>\n<td data-start=\"1855\" data-end=\"1905\" data-col-size=\"md\">Significativamente maior do que os patch cords padr\u00e3o<\/td>\n<\/tr>\n<tr data-start=\"1906\" data-end=\"1934\">\n<td data-start=\"1906\" data-end=\"1915\" data-col-size=\"sm\">Jaqueta<\/td>\n<td data-start=\"1915\" data-end=\"1934\" data-col-size=\"md\">LSZH \/ PVC \/ PE<\/td>\n<\/tr>\n<tr data-start=\"1935\" data-end=\"1977\">\n<td data-start=\"1935\" data-end=\"1948\" data-col-size=\"sm\">Conformidade<\/td>\n<td data-start=\"1948\" data-end=\"1977\" data-col-size=\"md\">IEC, TIA-568, RoHS, REACH<\/td>\n<\/tr>\n<\/tbody>\n<\/table>\n<\/div>\n<\/div>\n<hr data-start=\"1979\" data-end=\"1982\" \/>\n<h3 data-start=\"1984\" data-end=\"2016\"><strong data-start=\"1988\" data-end=\"2016\">Onde esse cabo \u00e9 usado<\/strong><\/h3>\n<ul data-start=\"2018\" data-end=\"2218\">\n<li data-start=\"2018\" data-end=\"2054\">\n<p data-start=\"2020\" data-end=\"2054\"><strong data-start=\"2020\" data-end=\"2054\">Escrit\u00f3rios centrais de telecomunica\u00e7\u00f5es e FTTx<\/strong><\/p>\n<\/li>\n<li data-start=\"2055\" data-end=\"2090\">\n<p data-start=\"2057\" data-end=\"2090\"><strong data-start=\"2057\" data-end=\"2090\">Redes CATV e RF sobre fibra<\/strong><\/p>\n<\/li>\n<li data-start=\"2091\" data-end=\"2118\">\n<p data-start=\"2093\" data-end=\"2118\"><strong data-start=\"2093\" data-end=\"2118\">Esta\u00e7\u00f5es r\u00e1dio-base externas<\/strong><\/p>\n<\/li>\n<li data-start=\"2119\" data-end=\"2169\">\n<p data-start=\"2121\" data-end=\"2169\"><strong data-start=\"2121\" data-end=\"2169\">Sistemas de comunica\u00e7\u00e3o ferrovi\u00e1ria e industrial<\/strong><\/p>\n<\/li>\n<li data-start=\"2170\" data-end=\"2218\">\n<p data-start=\"2172\" data-end=\"2218\"><strong data-start=\"2172\" data-end=\"2218\">Redes militares, de transmiss\u00e3o e de seguran\u00e7a<\/strong><\/p>\n<\/li>\n<\/ul>\n<p data-start=\"2220\" data-end=\"2412\">A combina\u00e7\u00e3o de <strong data-start=\"2239\" data-end=\"2280\">Polimento APC + constru\u00e7\u00e3o blindada<\/strong> torna-o especialmente adequado para <strong data-start=\"2314\" data-end=\"2356\">links \u00f3pticos de longa dist\u00e2ncia e alta pot\u00eancia<\/strong> onde a reflex\u00e3o e os danos f\u00edsicos devem ser minimizados.<\/p>\n<hr data-start=\"2414\" data-end=\"2417\" \/>\n<h3 data-start=\"2419\" data-end=\"2471\"><strong data-start=\"2423\" data-end=\"2471\">Por que o APC \u00e9 importante em redes de alto desempenho<\/strong><\/h3>\n<p data-start=\"2473\" data-end=\"2641\">Diferente dos conectores UPC, <strong data-start=\"2496\" data-end=\"2546\">As ponteiras APC s\u00e3o polidas em um \u00e2ngulo de 8 graus<\/strong>, for\u00e7ando a luz refletida para o revestimento da fibra em vez de voltar para o laser. Isso reduz:<\/p>\n<ul data-start=\"2643\" data-end=\"2713\">\n<li data-start=\"2643\" data-end=\"2662\">\n<p data-start=\"2645\" data-end=\"2662\"><strong data-start=\"2645\" data-end=\"2662\">Ru\u00eddo \u00f3ptico<\/strong><\/p>\n<\/li>\n<li data-start=\"2663\" data-end=\"2686\">\n<p data-start=\"2665\" data-end=\"2686\"><strong data-start=\"2665\" data-end=\"2686\">Instabilidade do laser<\/strong><\/p>\n<\/li>\n<li data-start=\"2687\" data-end=\"2713\">\n<p data-start=\"2689\" data-end=\"2713\"><strong data-start=\"2689\" data-end=\"2713\">Taxa de erro de bit (BER)<\/strong><\/p>\n<\/li>\n<\/ul>\n<p data-start=\"2715\" data-end=\"2822\">Com <strong data-start=\"2720\" data-end=\"2743\">perda de retorno \u2265 60 dB<\/strong>, Os conectores APC s\u00e3o o padr\u00e3o para <strong data-start=\"2781\" data-end=\"2821\">Sistemas CATV, PON e RF sobre fibra<\/strong>.<\/p>\n<hr data-start=\"2824\" data-end=\"2827\" \/>\n<h3 data-start=\"2829\" data-end=\"2870\"><strong data-start=\"2833\" data-end=\"2870\">Projetado para ambientes agressivos<\/strong><\/h3>\n<p data-start=\"2872\" data-end=\"2900\">A estrutura blindada acrescenta:<\/p>\n<ul data-start=\"2902\" data-end=\"3008\">\n<li data-start=\"2902\" data-end=\"2924\">\n<p data-start=\"2904\" data-end=\"2924\"><strong data-start=\"2904\" data-end=\"2924\">Resist\u00eancia ao esmagamento<\/strong><\/p>\n<\/li>\n<li data-start=\"2925\" data-end=\"2948\">\n<p data-start=\"2927\" data-end=\"2948\"><strong data-start=\"2927\" data-end=\"2948\">Prote\u00e7\u00e3o contra roedores<\/strong><\/p>\n<\/li>\n<li data-start=\"2949\" data-end=\"2976\">\n<p data-start=\"2951\" data-end=\"2976\"><strong data-start=\"2951\" data-end=\"2976\">Alta resist\u00eancia \u00e0 tra\u00e7\u00e3o<\/strong><\/p>\n<\/li>\n<li data-start=\"2977\" data-end=\"3008\">\n<p data-start=\"2979\" data-end=\"3008\"><strong data-start=\"2979\" data-end=\"3008\">Melhor durabilidade da dobra<\/strong><\/p>\n<\/li>\n<\/ul>\n<p data-start=\"3010\" data-end=\"3157\">Isso permite que o cabo seja roteado atrav\u00e9s de <strong data-start=\"3053\" data-end=\"3110\">bandejas de cabos, dutos externos e gabinetes industriais<\/strong> sem a fragilidade dos patch cords padr\u00e3o.<\/p>\n<hr data-start=\"3159\" data-end=\"3162\" \/>\n<h2 data-start=\"3164\" data-end=\"3187\"><strong data-start=\"3167\" data-end=\"3187\">Perguntas e respostas profissionais<\/strong><\/h2>\n<p data-start=\"3189\" data-end=\"3351\"><strong data-start=\"3189\" data-end=\"3242\">P1: Os conectores FC\/APC podem ser usados com portas UPC?<\/strong><br data-start=\"3242\" data-end=\"3245\" \/>N\u00e3o. <strong data-start=\"3249\" data-end=\"3284\">APC e UPC nunca devem ser misturados<\/strong> - isso pode danificar os conectores e prejudicar gravemente o desempenho.<\/p>\n<p data-start=\"3353\" data-end=\"3533\"><strong data-start=\"3353\" data-end=\"3412\">P2: Por que esse cabo \u00e9 ideal para CATV e RF sobre fibra?<\/strong><br data-start=\"3412\" data-end=\"3415\" \/>Como os conectores APC fornecem <strong data-start=\"3446\" data-end=\"3475\">Reflex\u00e3o traseira ultrabaixa<\/strong>, que \u00e9 fundamental para <strong data-start=\"3499\" data-end=\"3532\">sinais \u00f3pticos anal\u00f3gicos e de RF<\/strong>.<\/p>\n<p data-start=\"3535\" data-end=\"3743\"><strong data-start=\"3535\" data-end=\"3590\">P3: Qual \u00e9 a vantagem do cabo blindado?<\/strong><br data-start=\"3590\" data-end=\"3593\" \/>Ele protege a fibra contra <strong data-start=\"3623\" data-end=\"3690\">esmagamento, tra\u00e7\u00e3o, roedores e ambientes de instala\u00e7\u00e3o adversos<\/strong>, o que o torna ideal para <strong data-start=\"3712\" data-end=\"3742\">uso externo e industrial<\/strong>.<\/p>\n<p data-start=\"3745\" data-end=\"3885\"><strong data-start=\"3745\" data-end=\"3800\">P4: Esse cabo \u00e9 adequado para sistemas 10G e PON?<\/strong><br data-start=\"3800\" data-end=\"3803\" \/>Sim. Ele \u00e9 totalmente compat\u00edvel com <strong data-start=\"3826\" data-end=\"3884\">Redes 10G, GPON, XG-PON, XGS-PON e RF sobre fibra<\/strong>.<\/p>","protected":false},"excerpt":{"rendered":"<p data-start=\"66\" data-end=\"487\">O <strong data-start=\"70\" data-end=\"113\">FC\/APC-FC\/APC Cabo de conex\u00e3o de fibra blindado<\/strong> foi projetado para <strong data-start=\"132\" data-end=\"166\">links \u00f3pticos de miss\u00e3o cr\u00edtica<\/strong> onde <strong data-start=\"173\" data-end=\"237\">pureza de sinal, estabilidade mec\u00e2nica e prote\u00e7\u00e3o f\u00edsica<\/strong> tudo importa. Apresentando <strong data-start=\"260\" data-end=\"314\">conectores FC rosqueados com APC (polimento em \u00e2ngulo de 8\u00b0)<\/strong> em ambas as extremidades e um <strong data-start=\"334\" data-end=\"368\">estrutura de cabos com blindagem met\u00e1lica<\/strong>, Esse jumper foi projetado para <strong data-start=\"398\" data-end=\"486\">redes de telecomunica\u00e7\u00f5es, headends de CATV, gabinetes externos e ambientes industriais adversos<\/strong>.<\/p>\n<p data-start=\"489\" data-end=\"709\">Ao combinar <strong data-start=\"502\" data-end=\"541\">polimento APC de reflet\u00e2ncia ultrabaixa<\/strong> com <strong data-start=\"547\" data-end=\"576\">blindagem resistente a esmagamento<\/strong>, esse cabo oferece <strong data-start=\"598\" data-end=\"628\">desempenho \u00f3ptico est\u00e1vel<\/strong> mesmo em locais expostos a <strong data-start=\"658\" data-end=\"708\">vibra\u00e7\u00e3o, roedores, poeira ou estresse mec\u00e2nico<\/strong>.<\/p>","protected":false},"featured_media":701,"comment_status":"open","ping_status":"closed","template":"","meta":[],"product_brand":[],"product_cat":[44],"product_tag":[],"class_list":{"0":"post-700","1":"product","2":"type-product","3":"status-publish","4":"has-post-thumbnail","6":"product_cat-multimode-fiber-optic-patch-cord","8":"first","9":"instock","10":"shipping-taxable","11":"product-type-simple"},"_links":{"self":[{"href":"https:\/\/www.fenxifiber.com\/pt\/wp-json\/wp\/v2\/product\/700","targetHints":{"allow":["GET"]}}],"collection":[{"href":"https:\/\/www.fenxifiber.com\/pt\/wp-json\/wp\/v2\/product"}],"about":[{"href":"https:\/\/www.fenxifiber.com\/pt\/wp-json\/wp\/v2\/types\/product"}],"replies":[{"embeddable":true,"href":"https:\/\/www.fenxifiber.com\/pt\/wp-json\/wp\/v2\/comments?post=700"}],"wp:featuredmedia":[{"embeddable":true,"href":"https:\/\/www.fenxifiber.com\/pt\/wp-json\/wp\/v2\/media\/701"}],"wp:attachment":[{"href":"https:\/\/www.fenxifiber.com\/pt\/wp-json\/wp\/v2\/media?parent=700"}],"wp:term":[{"taxonomy":"product_brand","embeddable":true,"href":"https:\/\/www.fenxifiber.com\/pt\/wp-json\/wp\/v2\/product_brand?post=700"},{"taxonomy":"product_cat","embeddable":true,"href":"https:\/\/www.fenxifiber.com\/pt\/wp-json\/wp\/v2\/product_cat?post=700"},{"taxonomy":"product_tag","embeddable":true,"href":"https:\/\/www.fenxifiber.com\/pt\/wp-json\/wp\/v2\/product_tag?post=700"}],"curies":[{"name":"wp","href":"https:\/\/api.w.org\/{rel}","templated":true}]}}