{"id":702,"date":"2026-02-03T07:18:26","date_gmt":"2026-02-03T07:18:26","guid":{"rendered":"https:\/\/www.fenxifiber.com\/?post_type=product&#038;p=702"},"modified":"2026-02-04T01:36:01","modified_gmt":"2026-02-04T01:36:01","slug":"fc-upc-fc-upc-blindado","status":"publish","type":"product","link":"https:\/\/www.fenxifiber.com\/pt\/product\/fc-upc-fc-upc-armoured\/","title":{"rendered":"Cabo de conex\u00e3o de fibra \u00f3ptica monomodo blindado FC\/UPC-FC\/UPC"},"content":{"rendered":"<h3 data-start=\"611\" data-end=\"662\"><strong data-start=\"615\" data-end=\"662\">Por que FC + blindado \u00e9 uma combina\u00e7\u00e3o poderosa<\/strong><\/h3>\n<p data-start=\"664\" data-end=\"872\">Os conectores FC s\u00e3o conhecidos por sua <strong data-start=\"698\" data-end=\"721\">corpo met\u00e1lico rosqueado<\/strong>, que evita micro-movimentos que podem introduzir <strong data-start=\"772\" data-end=\"795\">instabilidade \u00f3ptica<\/strong>. Isso os torna os favoritos em <strong data-start=\"827\" data-end=\"869\">redes de operadoras e ambientes de teste<\/strong>.<\/p>\n<p data-start=\"874\" data-end=\"956\">Quando combinado com um <strong data-start=\"896\" data-end=\"914\">cabo blindado<\/strong>, O resultado \u00e9 um patch cord que resiste:<\/p>\n<ul data-start=\"958\" data-end=\"1059\">\n<li data-start=\"958\" data-end=\"984\">\n<p data-start=\"960\" data-end=\"984\"><strong data-start=\"960\" data-end=\"984\">Esmagamento e tra\u00e7\u00e3o<\/strong><\/p>\n<\/li>\n<li data-start=\"985\" data-end=\"1003\">\n<p data-start=\"987\" data-end=\"1003\"><strong data-start=\"987\" data-end=\"1003\">Mordidas de roedores<\/strong><\/p>\n<\/li>\n<li data-start=\"1004\" data-end=\"1021\">\n<p data-start=\"1006\" data-end=\"1021\"><strong data-start=\"1006\" data-end=\"1021\">Curvas acentuadas<\/strong><\/p>\n<\/li>\n<li data-start=\"1022\" data-end=\"1059\">\n<p data-start=\"1024\" data-end=\"1059\"><strong data-start=\"1024\" data-end=\"1059\">Pisar ou beliscar acidentalmente<\/strong><\/p>\n<\/li>\n<\/ul>\n<p data-start=\"1061\" data-end=\"1174\">\u00c9 a solu\u00e7\u00e3o perfeita para <strong data-start=\"1091\" data-end=\"1173\">links \u00f3pticos que precisam funcionar de forma confi\u00e1vel em condi\u00e7\u00f5es reais, n\u00e3o laboratoriais<\/strong>.<\/p>\n<hr data-start=\"1176\" data-end=\"1179\" \/>\n<h3 data-start=\"1181\" data-end=\"1213\"><strong data-start=\"1185\" data-end=\"1213\">Especifica\u00e7\u00f5es t\u00e9cnicas<\/strong><\/h3>\n<div class=\"TyagGW_tableContainer\">\n<div class=\"group TyagGW_tableWrapper flex flex-col-reverse w-fit\" tabindex=\"-1\">\n<table class=\"w-fit min-w-(--thread-content-width)\" data-start=\"1215\" data-end=\"1729\">\n<thead data-start=\"1215\" data-end=\"1253\">\n<tr data-start=\"1215\" data-end=\"1253\">\n<th class=\"\" data-start=\"1215\" data-end=\"1227\" data-col-size=\"sm\">Par\u00e2metro<\/th>\n<th class=\"\" data-start=\"1227\" data-end=\"1253\" data-col-size=\"sm\">FC\/UPC-FC\/UPC blindado<\/th>\n<\/tr>\n<\/thead>\n<tbody data-start=\"1282\" data-end=\"1729\">\n<tr data-start=\"1282\" data-end=\"1325\">\n<td data-start=\"1282\" data-end=\"1295\" data-col-size=\"sm\">Tipo de fibra<\/td>\n<td data-start=\"1295\" data-end=\"1325\" data-col-size=\"sm\">Modo \u00fanico OS2 (9\/125 \u03bcm)<\/td>\n<\/tr>\n<tr data-start=\"1326\" data-end=\"1352\">\n<td data-start=\"1326\" data-end=\"1340\" data-col-size=\"sm\">Conector A<\/td>\n<td data-start=\"1340\" data-end=\"1352\" data-col-size=\"sm\">FC \/ UPC<\/td>\n<\/tr>\n<tr data-start=\"1353\" data-end=\"1379\">\n<td data-start=\"1353\" data-end=\"1367\" data-col-size=\"sm\">Conector B<\/td>\n<td data-start=\"1367\" data-end=\"1379\" data-col-size=\"sm\">FC \/ UPC<\/td>\n<\/tr>\n<tr data-start=\"1380\" data-end=\"1441\">\n<td data-start=\"1380\" data-end=\"1398\" data-col-size=\"sm\">Estrutura de cabos<\/td>\n<td data-start=\"1398\" data-end=\"1441\" data-col-size=\"sm\">Blindado (tubo de a\u00e7o ou liga de alum\u00ednio)<\/td>\n<\/tr>\n<tr data-start=\"1442\" data-end=\"1486\">\n<td data-start=\"1442\" data-end=\"1465\" data-col-size=\"sm\">Comprimento de onda operacional<\/td>\n<td data-start=\"1465\" data-end=\"1486\" data-col-size=\"sm\">1310 nm \/ 1550 nm<\/td>\n<\/tr>\n<tr data-start=\"1487\" data-end=\"1517\">\n<td data-start=\"1487\" data-end=\"1504\" data-col-size=\"sm\">Perda de inser\u00e7\u00e3o<\/td>\n<td data-start=\"1504\" data-end=\"1517\" data-col-size=\"sm\">\u2264 0,30 dB<\/td>\n<\/tr>\n<tr data-start=\"1518\" data-end=\"1549\">\n<td data-start=\"1518\" data-end=\"1532\" data-col-size=\"sm\">Perda de retorno<\/td>\n<td data-start=\"1532\" data-end=\"1549\" data-col-size=\"sm\">\u2265 50 dB (UPC)<\/td>\n<\/tr>\n<tr data-start=\"1550\" data-end=\"1610\">\n<td data-start=\"1550\" data-end=\"1569\" data-col-size=\"sm\">Resist\u00eancia \u00e0 tra\u00e7\u00e3o<\/td>\n<td data-start=\"1569\" data-end=\"1610\" data-col-size=\"sm\">Muito mais alto do que os patch cords padr\u00e3o<\/td>\n<\/tr>\n<tr data-start=\"1611\" data-end=\"1657\">\n<td data-start=\"1611\" data-end=\"1633\" data-col-size=\"sm\">Raio m\u00ednimo de curvatura<\/td>\n<td data-start=\"1633\" data-end=\"1657\" data-col-size=\"sm\">\u2265 10\u00d7 di\u00e2metro do cabo<\/td>\n<\/tr>\n<tr data-start=\"1658\" data-end=\"1686\">\n<td data-start=\"1658\" data-end=\"1667\" data-col-size=\"sm\">Jaqueta<\/td>\n<td data-start=\"1667\" data-end=\"1686\" data-col-size=\"sm\">LSZH \/ PVC \/ PE<\/td>\n<\/tr>\n<tr data-start=\"1687\" data-end=\"1729\">\n<td data-start=\"1687\" data-end=\"1700\" data-col-size=\"sm\">Conformidade<\/td>\n<td data-start=\"1700\" data-end=\"1729\" data-col-size=\"sm\">IEC, TIA-568, RoHS, REACH<\/td>\n<\/tr>\n<\/tbody>\n<\/table>\n<\/div>\n<\/div>\n<hr data-start=\"1731\" data-end=\"1734\" \/>\n<h3 data-start=\"1736\" data-end=\"1768\"><strong data-start=\"1740\" data-end=\"1768\">Onde \u00e9 comumente usado<\/strong><\/h3>\n<ul data-start=\"1770\" data-end=\"1946\">\n<li data-start=\"1770\" data-end=\"1801\">\n<p data-start=\"1772\" data-end=\"1801\"><strong data-start=\"1772\" data-end=\"1801\">FTTx e redes de operadoras<\/strong><\/p>\n<\/li>\n<li data-start=\"1802\" data-end=\"1832\">\n<p data-start=\"1804\" data-end=\"1832\"><strong data-start=\"1804\" data-end=\"1832\">Gabinetes de telecomunica\u00e7\u00f5es para ambientes externos<\/strong><\/p>\n<\/li>\n<li data-start=\"1833\" data-end=\"1858\">\n<p data-start=\"1835\" data-end=\"1858\"><strong data-start=\"1835\" data-end=\"1858\">Ethernet industrial<\/strong><\/p>\n<\/li>\n<li data-start=\"1859\" data-end=\"1906\">\n<p data-start=\"1861\" data-end=\"1906\"><strong data-start=\"1861\" data-end=\"1906\">Sistemas de comunica\u00e7\u00e3o ferrovi\u00e1ria e de servi\u00e7os p\u00fablicos<\/strong><\/p>\n<\/li>\n<li data-start=\"1907\" data-end=\"1946\">\n<p data-start=\"1909\" data-end=\"1946\"><strong data-start=\"1909\" data-end=\"1946\">Configura\u00e7\u00f5es de teste e medi\u00e7\u00e3o de fibra<\/strong><\/p>\n<\/li>\n<\/ul>\n<p data-start=\"1948\" data-end=\"2063\">A estrutura blindada garante <strong data-start=\"1979\" data-end=\"2062\">desempenho \u00f3ptico est\u00e1vel, mesmo em ambientes de instala\u00e7\u00e3o adversos ou de alto risco<\/strong>.<\/p>\n<hr data-start=\"2065\" data-end=\"2068\" \/>\n<h3 data-start=\"2070\" data-end=\"2106\"><strong data-start=\"2074\" data-end=\"2106\">Qualidade de sinal em que voc\u00ea pode confiar<\/strong><\/h3>\n<p data-start=\"2108\" data-end=\"2402\">O polimento UPC cria uma <strong data-start=\"2132\" data-end=\"2159\">face da extremidade lisa e convexa<\/strong> que garante <strong data-start=\"2173\" data-end=\"2215\">forte contato f\u00edsico entre as fibras<\/strong>, reduzindo <strong data-start=\"2226\" data-end=\"2267\">perda de inser\u00e7\u00e3o e reflex\u00e3o de Fresnel<\/strong>. Com <strong data-start=\"2274\" data-end=\"2297\">perda de retorno \u2265 50 dB<\/strong>, esse cabo oferece <strong data-start=\"2319\" data-end=\"2352\">transmiss\u00e3o limpa e com baixo n\u00edvel de ru\u00eddo<\/strong> para <strong data-start=\"2357\" data-end=\"2401\">sistemas de controle de dados, voz e \u00f3ptico<\/strong>.<\/p>\n<hr data-start=\"2404\" data-end=\"2407\" \/>\n<h3 data-start=\"2409\" data-end=\"2454\"><strong data-start=\"2413\" data-end=\"2454\">Constru\u00eddo para durar mais do que os patch cords padr\u00e3o<\/strong><\/h3>\n<p data-start=\"2456\" data-end=\"2545\">Diferentemente dos jumpers padr\u00e3o com camisa de PVC, o cabo FC-FC blindado pode ser roteado com seguran\u00e7a:<\/p>\n<ul data-start=\"2547\" data-end=\"2633\">\n<li data-start=\"2547\" data-end=\"2567\">\n<p data-start=\"2549\" data-end=\"2567\"><strong data-start=\"2549\" data-end=\"2567\">Condu\u00edtes met\u00e1licos<\/strong><\/p>\n<\/li>\n<li data-start=\"2568\" data-end=\"2585\">\n<p data-start=\"2570\" data-end=\"2585\"><strong data-start=\"2570\" data-end=\"2585\">Dutos de piso<\/strong><\/p>\n<\/li>\n<li data-start=\"2586\" data-end=\"2611\">\n<p data-start=\"2588\" data-end=\"2611\"><strong data-start=\"2588\" data-end=\"2611\">Bandejas de cabos externas<\/strong><\/p>\n<\/li>\n<li data-start=\"2612\" data-end=\"2633\">\n<p data-start=\"2614\" data-end=\"2633\"><strong data-start=\"2614\" data-end=\"2633\">Racks para equipamentos<\/strong><\/p>\n<\/li>\n<\/ul>\n<p data-start=\"2635\" data-end=\"2692\">sem se preocupar com <strong data-start=\"2658\" data-end=\"2691\">esmagamento ou danos acidentais<\/strong>.<\/p>\n<hr data-start=\"2694\" data-end=\"2697\" \/>\n<h2 data-start=\"2699\" data-end=\"2722\"><strong data-start=\"2702\" data-end=\"2722\">Perguntas e respostas profissionais<\/strong><\/h2>\n<p data-start=\"2724\" data-end=\"2924\"><strong data-start=\"2724\" data-end=\"2771\">P1: Esse cabo \u00e9 adequado para uso externo?<\/strong><br data-start=\"2771\" data-end=\"2774\" \/>Sim. <strong data-start=\"2783\" data-end=\"2805\">estrutura blindada<\/strong> oferece prote\u00e7\u00e3o contra <strong data-start=\"2834\" data-end=\"2867\">estresse mec\u00e2nico e roedores<\/strong>, O que o torna ideal para gabinetes externos e esta\u00e7\u00f5es base.<\/p>\n<p data-start=\"2926\" data-end=\"3068\"><strong data-start=\"2926\" data-end=\"2969\">P2: Ele \u00e9 compat\u00edvel com links de 10G e 25G?<\/strong><br data-start=\"2969\" data-end=\"2972\" \/>Absolutamente. A fibra monomodo OS2 suporta <strong data-start=\"3015\" data-end=\"3047\">10G, 25G, 40G e at\u00e9 100G<\/strong> em longas dist\u00e2ncias.<\/p>\n<p data-start=\"3070\" data-end=\"3246\"><strong data-start=\"3070\" data-end=\"3123\">P3: Por que escolher conectores FC em vez de LC ou SC?<\/strong><br data-start=\"3123\" data-end=\"3126\" \/>Os conectores FC oferecem <strong data-start=\"3146\" data-end=\"3166\">travamento com rosca<\/strong>, tornando-os mais est\u00e1veis em <strong data-start=\"3195\" data-end=\"3245\">ambientes propensos a vibra\u00e7\u00f5es ou equipamentos de teste<\/strong>.<\/p>\n<p data-start=\"3248\" data-end=\"3381\"><strong data-start=\"3248\" data-end=\"3298\">Q4: A blindagem afeta o desempenho \u00f3ptico?<\/strong><br data-start=\"3298\" data-end=\"3301\" \/>N\u00e3o. A blindagem protege a fibra <strong data-start=\"3338\" data-end=\"3380\">sem introduzir perda \u00f3ptica adicional<\/strong>.<\/p>","protected":false},"excerpt":{"rendered":"<p data-start=\"66\" data-end=\"437\">O <strong data-start=\"70\" data-end=\"107\">FC\/UPC-FC\/UPC Cabo de conex\u00e3o blindado<\/strong> foi desenvolvido para <strong data-start=\"121\" data-end=\"218\">links \u00f3pticos que precisam sobreviver a condi\u00e7\u00f5es f\u00edsicas dif\u00edceis sem comprometer a qualidade do sinal<\/strong>. Usando <strong data-start=\"226\" data-end=\"252\">conectores FC com rosca<\/strong> em ambas as extremidades e um <strong data-start=\"272\" data-end=\"306\">estrutura de cabos com blindagem met\u00e1lica<\/strong>, esse moletom oferece <strong data-start=\"329\" data-end=\"356\">conectividade s\u00f3lida como uma rocha<\/strong> para <strong data-start=\"361\" data-end=\"436\">salas de telecomunica\u00e7\u00f5es, gabinetes externos, esta\u00e7\u00f5es r\u00e1dio-base e redes industriais<\/strong>.<\/p>\n<p data-start=\"439\" data-end=\"604\">Projetado em torno de <strong data-start=\"455\" data-end=\"480\">Fibra monomodo OS2<\/strong>, ele suporta <strong data-start=\"494\" data-end=\"530\">Transmiss\u00e3o em 1310 nm e 1550 nm<\/strong>, o que o torna ideal para <strong data-start=\"552\" data-end=\"603\">aplicativos de longa dist\u00e2ncia, alta velocidade e PON<\/strong>.<\/p>","protected":false},"featured_media":703,"comment_status":"open","ping_status":"closed","template":"","meta":[],"product_brand":[],"product_cat":[44],"product_tag":[],"class_list":{"0":"post-702","1":"product","2":"type-product","3":"status-publish","4":"has-post-thumbnail","6":"product_cat-multimode-fiber-optic-patch-cord","8":"first","9":"instock","10":"shipping-taxable","11":"product-type-simple"},"_links":{"self":[{"href":"https:\/\/www.fenxifiber.com\/pt\/wp-json\/wp\/v2\/product\/702","targetHints":{"allow":["GET"]}}],"collection":[{"href":"https:\/\/www.fenxifiber.com\/pt\/wp-json\/wp\/v2\/product"}],"about":[{"href":"https:\/\/www.fenxifiber.com\/pt\/wp-json\/wp\/v2\/types\/product"}],"replies":[{"embeddable":true,"href":"https:\/\/www.fenxifiber.com\/pt\/wp-json\/wp\/v2\/comments?post=702"}],"wp:featuredmedia":[{"embeddable":true,"href":"https:\/\/www.fenxifiber.com\/pt\/wp-json\/wp\/v2\/media\/703"}],"wp:attachment":[{"href":"https:\/\/www.fenxifiber.com\/pt\/wp-json\/wp\/v2\/media?parent=702"}],"wp:term":[{"taxonomy":"product_brand","embeddable":true,"href":"https:\/\/www.fenxifiber.com\/pt\/wp-json\/wp\/v2\/product_brand?post=702"},{"taxonomy":"product_cat","embeddable":true,"href":"https:\/\/www.fenxifiber.com\/pt\/wp-json\/wp\/v2\/product_cat?post=702"},{"taxonomy":"product_tag","embeddable":true,"href":"https:\/\/www.fenxifiber.com\/pt\/wp-json\/wp\/v2\/product_tag?post=702"}],"curies":[{"name":"wp","href":"https:\/\/api.w.org\/{rel}","templated":true}]}}