{"id":705,"date":"2026-02-03T07:19:53","date_gmt":"2026-02-03T07:19:53","guid":{"rendered":"https:\/\/www.fenxifiber.com\/?post_type=product&#038;p=705"},"modified":"2026-02-04T01:36:56","modified_gmt":"2026-02-04T01:36:56","slug":"lc-apc-lc-apc-blindado","status":"publish","type":"product","link":"https:\/\/www.fenxifiber.com\/pt\/product\/lc-apc-lc-apc-armoured\/","title":{"rendered":"Cabo de conex\u00e3o de fibra \u00f3ptica monomodo blindado LC\/APC-LC\/APC"},"content":{"rendered":"<h3 data-start=\"653\" data-end=\"718\"><strong data-start=\"657\" data-end=\"718\">Por que esse modelo \u00e9 preferido por integradores e distribuidores<\/strong><\/h3>\n<p data-start=\"720\" data-end=\"967\">Os conectores APC s\u00e3o o padr\u00e3o do setor para <strong data-start=\"765\" data-end=\"823\">Sistemas PON, RF sobre fibra, CATV e laser de alta pot\u00eancia<\/strong> porque eles fornecem <strong data-start=\"845\" data-end=\"874\">Reflex\u00e3o traseira ultrabaixa<\/strong>.<br data-start=\"875\" data-end=\"878\" \/>Quando combinado com um <strong data-start=\"900\" data-end=\"918\">cabo blindado<\/strong>, Esse patch cord se torna a solu\u00e7\u00e3o ideal para:<\/p>\n<ul data-start=\"969\" data-end=\"1112\">\n<li data-start=\"969\" data-end=\"999\">\n<p data-start=\"971\" data-end=\"999\"><strong data-start=\"971\" data-end=\"999\">Gabinetes de telecomunica\u00e7\u00f5es para ambientes externos<\/strong><\/p>\n<\/li>\n<li data-start=\"1000\" data-end=\"1028\">\n<p data-start=\"1002\" data-end=\"1028\"><strong data-start=\"1002\" data-end=\"1028\">Redes FTTH e FTTx<\/strong><\/p>\n<\/li>\n<li data-start=\"1029\" data-end=\"1062\">\n<p data-start=\"1031\" data-end=\"1062\"><strong data-start=\"1031\" data-end=\"1062\">Esta\u00e7\u00f5es r\u00e1dio-base e cabines de dados<\/strong><\/p>\n<\/li>\n<li data-start=\"1063\" data-end=\"1112\">\n<p data-start=\"1065\" data-end=\"1112\"><strong data-start=\"1065\" data-end=\"1112\">Sistemas de fibra para ferrovias, energia e seguran\u00e7a<\/strong><\/p>\n<\/li>\n<\/ul>\n<p data-start=\"1114\" data-end=\"1341\">O <strong data-start=\"1118\" data-end=\"1131\">Formato LC<\/strong> permite <strong data-start=\"1139\" data-end=\"1164\">aplica\u00e7\u00e3o de patches de alta densidade<\/strong>, enquanto o <strong data-start=\"1176\" data-end=\"1193\">tubo blindado<\/strong> protege contra <strong data-start=\"1211\" data-end=\"1265\">esmagamento, roedores, flex\u00e3o e pux\u00f5es acidentais<\/strong>-uma grande vantagem para <strong data-start=\"1288\" data-end=\"1340\">integradores de sistemas e implementa\u00e7\u00f5es baseadas em projetos<\/strong>.<\/p>\n<hr data-start=\"1343\" data-end=\"1346\" \/>\n<h3 data-start=\"1348\" data-end=\"1380\"><strong data-start=\"1352\" data-end=\"1380\">Especifica\u00e7\u00f5es t\u00e9cnicas<\/strong><\/h3>\n<div class=\"TyagGW_tableContainer\">\n<div class=\"group TyagGW_tableWrapper flex flex-col-reverse w-fit\" tabindex=\"-1\">\n<table class=\"w-fit min-w-(--thread-content-width)\" data-start=\"1382\" data-end=\"1899\">\n<thead data-start=\"1382\" data-end=\"1420\">\n<tr data-start=\"1382\" data-end=\"1420\">\n<th class=\"\" data-start=\"1382\" data-end=\"1394\" data-col-size=\"sm\">Par\u00e2metro<\/th>\n<th class=\"\" data-start=\"1394\" data-end=\"1420\" data-col-size=\"sm\">LC\/APC-LC\/APC Blindado<\/th>\n<\/tr>\n<\/thead>\n<tbody data-start=\"1449\" data-end=\"1899\">\n<tr data-start=\"1449\" data-end=\"1492\">\n<td data-start=\"1449\" data-end=\"1462\" data-col-size=\"sm\">Tipo de fibra<\/td>\n<td data-start=\"1462\" data-end=\"1492\" data-col-size=\"sm\">Modo \u00fanico OS2 (9\/125 \u03bcm)<\/td>\n<\/tr>\n<tr data-start=\"1493\" data-end=\"1534\">\n<td data-start=\"1493\" data-end=\"1510\" data-col-size=\"sm\">Tipo de conector<\/td>\n<td data-start=\"1510\" data-end=\"1534\" data-col-size=\"sm\">LC \/ APC para LC \/ APC<\/td>\n<\/tr>\n<tr data-start=\"1535\" data-end=\"1563\">\n<td data-start=\"1535\" data-end=\"1544\" data-col-size=\"sm\">Polon\u00eas<\/td>\n<td data-start=\"1544\" data-end=\"1563\" data-col-size=\"sm\">APC (\u00e2ngulo de 8\u00b0)<\/td>\n<\/tr>\n<tr data-start=\"1564\" data-end=\"1626\">\n<td data-start=\"1564\" data-end=\"1582\" data-col-size=\"sm\">Estrutura de cabos<\/td>\n<td data-start=\"1582\" data-end=\"1626\" data-col-size=\"sm\">Armadura de metal (a\u00e7o ou liga de alum\u00ednio)<\/td>\n<\/tr>\n<tr data-start=\"1627\" data-end=\"1671\">\n<td data-start=\"1627\" data-end=\"1650\" data-col-size=\"sm\">Comprimento de onda operacional<\/td>\n<td data-start=\"1650\" data-end=\"1671\" data-col-size=\"sm\">1310 nm \/ 1550 nm<\/td>\n<\/tr>\n<tr data-start=\"1672\" data-end=\"1702\">\n<td data-start=\"1672\" data-end=\"1689\" data-col-size=\"sm\">Perda de inser\u00e7\u00e3o<\/td>\n<td data-start=\"1689\" data-end=\"1702\" data-col-size=\"sm\">\u2264 0,30 dB<\/td>\n<\/tr>\n<tr data-start=\"1703\" data-end=\"1728\">\n<td data-start=\"1703\" data-end=\"1717\" data-col-size=\"sm\">Perda de retorno<\/td>\n<td data-start=\"1717\" data-end=\"1728\" data-col-size=\"sm\">\u2265 60 dB<\/td>\n<\/tr>\n<tr data-start=\"1729\" data-end=\"1788\">\n<td data-start=\"1729\" data-end=\"1748\" data-col-size=\"sm\">Resist\u00eancia \u00e0 tra\u00e7\u00e3o<\/td>\n<td data-col-size=\"sm\" data-start=\"1748\" data-end=\"1788\">Muito superior aos patch cords padr\u00e3o<\/td>\n<\/tr>\n<tr data-start=\"1789\" data-end=\"1827\">\n<td data-start=\"1789\" data-end=\"1803\" data-col-size=\"sm\">Raio de curvatura<\/td>\n<td data-start=\"1803\" data-end=\"1827\" data-col-size=\"sm\">\u2265 10\u00d7 di\u00e2metro do cabo<\/td>\n<\/tr>\n<tr data-start=\"1828\" data-end=\"1856\">\n<td data-start=\"1828\" data-end=\"1837\" data-col-size=\"sm\">Jaqueta<\/td>\n<td data-start=\"1837\" data-end=\"1856\" data-col-size=\"sm\">LSZH \/ PE \/ PVC<\/td>\n<\/tr>\n<tr data-start=\"1857\" data-end=\"1899\">\n<td data-start=\"1857\" data-end=\"1870\" data-col-size=\"sm\">Conformidade<\/td>\n<td data-col-size=\"sm\" data-start=\"1870\" data-end=\"1899\">IEC, TIA-568, RoHS, REACH<\/td>\n<\/tr>\n<\/tbody>\n<\/table>\n<\/div>\n<\/div>\n<hr data-start=\"1901\" data-end=\"1904\" \/>\n<h3 data-start=\"1906\" data-end=\"1953\"><strong data-start=\"1910\" data-end=\"1953\">Projetado para fornecimento por atacado e para projetos<\/strong><\/h3>\n<p data-start=\"1955\" data-end=\"2010\">Esse patch cord blindado LC\/APC \u00e9 amplamente adquirido por:<\/p>\n<ul data-start=\"2012\" data-end=\"2157\">\n<li data-start=\"2012\" data-end=\"2048\">\n<p data-start=\"2014\" data-end=\"2048\"><strong data-start=\"2014\" data-end=\"2048\">Distribuidores de equipamentos de telecomunica\u00e7\u00f5es<\/strong><\/p>\n<\/li>\n<li data-start=\"2049\" data-end=\"2074\">\n<p data-start=\"2051\" data-end=\"2074\"><strong data-start=\"2051\" data-end=\"2074\">Integradores de rede<\/strong><\/p>\n<\/li>\n<li data-start=\"2075\" data-end=\"2097\">\n<p data-start=\"2077\" data-end=\"2097\"><strong data-start=\"2077\" data-end=\"2097\">Empreiteiras de FTTH<\/strong><\/p>\n<\/li>\n<li data-start=\"2098\" data-end=\"2118\">\n<p data-start=\"2100\" data-end=\"2118\"><strong data-start=\"2100\" data-end=\"2118\">Operadoras de CATV<\/strong><\/p>\n<\/li>\n<li data-start=\"2119\" data-end=\"2157\">\n<p data-start=\"2121\" data-end=\"2157\"><strong data-start=\"2121\" data-end=\"2157\">Construtores de sistemas de fibra industrial<\/strong><\/p>\n<\/li>\n<\/ul>\n<p data-start=\"2159\" data-end=\"2170\">N\u00f3s apoiamos:<\/p>\n<ul data-start=\"2171\" data-end=\"2304\">\n<li data-start=\"2171\" data-end=\"2188\">\n<p data-start=\"2173\" data-end=\"2188\"><strong data-start=\"2173\" data-end=\"2188\">Pedidos em massa<\/strong><\/p>\n<\/li>\n<li data-start=\"2189\" data-end=\"2209\">\n<p data-start=\"2191\" data-end=\"2209\"><strong data-start=\"2191\" data-end=\"2209\">Comprimentos personalizados<\/strong><\/p>\n<\/li>\n<li data-start=\"2210\" data-end=\"2234\">\n<p data-start=\"2212\" data-end=\"2234\"><strong data-start=\"2212\" data-end=\"2234\">Marca OEM \/ ODM<\/strong><\/p>\n<\/li>\n<li data-start=\"2235\" data-end=\"2267\">\n<p data-start=\"2237\" data-end=\"2267\"><strong data-start=\"2237\" data-end=\"2267\">Baixo MOQ para fornecimento experimental<\/strong><\/p>\n<\/li>\n<li data-start=\"2268\" data-end=\"2304\">\n<p data-start=\"2270\" data-end=\"2304\"><strong data-start=\"2270\" data-end=\"2304\">Exporta\u00e7\u00e3o r\u00e1pida e log\u00edstica global<\/strong><\/p>\n<\/li>\n<\/ul>\n<p data-start=\"2306\" data-end=\"2471\">Como um <strong data-start=\"2311\" data-end=\"2357\">Fabricante e exportador de cabos de conex\u00e3o de fibra<\/strong>, n\u00f3s ajudamos <strong data-start=\"2367\" data-end=\"2414\">agentes, atacadistas e empresas de sourcing<\/strong> reduzir o custo e manter <strong data-start=\"2445\" data-end=\"2470\">qualidade de n\u00edvel de operadora<\/strong>.<\/p>\n<hr data-start=\"2473\" data-end=\"2476\" \/>\n<h3 data-start=\"2478\" data-end=\"2526\"><strong data-start=\"2482\" data-end=\"2526\">Por que a APC + Armoured \u00e9 uma solu\u00e7\u00e3o premium<\/strong><\/h3>\n<p data-start=\"2528\" data-end=\"2611\">Os conectores APC reduzem <strong data-start=\"2550\" data-end=\"2573\">perda de retorno \u00f3ptico<\/strong> para <strong data-start=\"2577\" data-end=\"2587\">\u226560 dB<\/strong>, que \u00e9 fundamental para:<\/p>\n<ul data-start=\"2612\" data-end=\"2722\">\n<li data-start=\"2612\" data-end=\"2647\">\n<p data-start=\"2614\" data-end=\"2647\"><strong data-start=\"2614\" data-end=\"2647\">PON (GPON \/ XG-PON \/ XGS-PON)<\/strong><\/p>\n<\/li>\n<li data-start=\"2648\" data-end=\"2667\">\n<p data-start=\"2650\" data-end=\"2667\"><strong data-start=\"2650\" data-end=\"2667\">RF sobre fibra<\/strong><\/p>\n<\/li>\n<li data-start=\"2668\" data-end=\"2691\">\n<p data-start=\"2670\" data-end=\"2691\"><strong data-start=\"2670\" data-end=\"2691\">Transmiss\u00e3o de CATV<\/strong><\/p>\n<\/li>\n<li data-start=\"2692\" data-end=\"2722\">\n<p data-start=\"2694\" data-end=\"2722\"><strong data-start=\"2694\" data-end=\"2722\">Links \u00f3pticos de alta pot\u00eancia<\/strong><\/p>\n<\/li>\n<\/ul>\n<p data-start=\"2724\" data-end=\"2774\">O <strong data-start=\"2728\" data-end=\"2746\">camada blindada<\/strong> garante a sobreviv\u00eancia do cabo:<\/p>\n<ul data-start=\"2775\" data-end=\"2870\">\n<li data-start=\"2775\" data-end=\"2790\">\n<p data-start=\"2777\" data-end=\"2790\">Bandejas de cabos<\/p>\n<\/li>\n<li data-start=\"2791\" data-end=\"2810\">\n<p data-start=\"2793\" data-end=\"2810\">Roteamento externo<\/p>\n<\/li>\n<li data-start=\"2811\" data-end=\"2836\">\n<p data-start=\"2813\" data-end=\"2836\">Instala\u00e7\u00f5es de gabinetes<\/p>\n<\/li>\n<li data-start=\"2837\" data-end=\"2870\">\n<p data-start=\"2839\" data-end=\"2870\">Ambientes industriais agressivos<\/p>\n<\/li>\n<\/ul>\n<p data-start=\"2872\" data-end=\"2965\">Isso reduz drasticamente <strong data-start=\"2897\" data-end=\"2934\">taxa de falhas e custo de manuten\u00e7\u00e3o<\/strong> para operadoras e integradores.<\/p>\n<hr data-start=\"2967\" data-end=\"2970\" \/>\n<h2 data-start=\"2972\" data-end=\"2995\"><strong data-start=\"2975\" data-end=\"2995\">Perguntas e respostas profissionais<\/strong><\/h2>\n<p data-start=\"2997\" data-end=\"3149\"><strong data-start=\"2997\" data-end=\"3052\">Q1: Isso \u00e9 adequado para projetos de telecomunica\u00e7\u00f5es e FTTH?<\/strong><br data-start=\"3052\" data-end=\"3055\" \/>Sim. Os cabos blindados LC\/APC s\u00e3o amplamente usados em <strong data-start=\"3102\" data-end=\"3148\">Implanta\u00e7\u00f5es de FTTx, PON e telecomunica\u00e7\u00f5es externas<\/strong>.<\/p>\n<p data-start=\"3151\" data-end=\"3314\"><strong data-start=\"3151\" data-end=\"3213\">P2: Isso pode ser fornecido em grandes quantidades para distribuidores ou OEMs?<\/strong><br data-start=\"3213\" data-end=\"3216\" \/>Com certeza. N\u00f3s fornecemos <strong data-start=\"3239\" data-end=\"3304\">atacado de f\u00e1brica, OEM\/ODM, rotulagem privada e exporta\u00e7\u00e3o a granel<\/strong> servi\u00e7os.<\/p>\n<p data-start=\"3316\" data-end=\"3437\"><strong data-start=\"3316\" data-end=\"3348\">Q3: Qual \u00e9 o MOQ t\u00edpico?<\/strong><br data-start=\"3348\" data-end=\"3351\" \/>O MOQ \u00e9 flex\u00edvel e compat\u00edvel <strong data-start=\"3380\" data-end=\"3436\">pequenos pedidos de teste, bem como fornecimento de grandes projetos<\/strong>.<\/p>\n<p data-start=\"3439\" data-end=\"3598\"><strong data-start=\"3439\" data-end=\"3499\">P4: Por que as redes CATV e PON exigem conectores APC?<\/strong><br data-start=\"3499\" data-end=\"3502\" \/>A APC fornece <strong data-start=\"3515\" data-end=\"3539\">reflex\u00e3o ultrabaixa<\/strong>, que \u00e9 essencial para <strong data-start=\"3564\" data-end=\"3597\">sinais \u00f3pticos anal\u00f3gicos e de RF<\/strong>.<\/p>","protected":false},"excerpt":{"rendered":"<p data-start=\"66\" data-end=\"491\">O <strong data-start=\"70\" data-end=\"113\">LC\/APC-LC\/APC Cabo de conex\u00e3o de fibra blindada<\/strong> \u00e9 um <strong data-start=\"119\" data-end=\"164\">jumper \u00f3ptico monomodo de grau de portadora<\/strong> projetado para <strong data-start=\"180\" data-end=\"250\">instala\u00e7\u00f5es de alta pot\u00eancia, baixa reflex\u00e3o e fisicamente exigentes<\/strong>. Projetado com <strong data-start=\"266\" data-end=\"299\">8\u00b0 Conectores LC polidos APC<\/strong> e um <strong data-start=\"306\" data-end=\"340\">estrutura de cabos com blindagem met\u00e1lica<\/strong>, ele oferece <strong data-start=\"359\" data-end=\"380\">precis\u00e3o \u00f3ptica<\/strong> e <strong data-start=\"385\" data-end=\"411\">durabilidade pronta para o campo<\/strong> para <strong data-start=\"416\" data-end=\"490\">operadoras de telecomunica\u00e7\u00f5es, integradores de sistemas e projetos de redes industriais<\/strong>.<\/p>\n<p data-start=\"493\" data-end=\"646\">Como um <strong data-start=\"498\" data-end=\"550\">Fabricante direto da f\u00e1brica e fornecedor OEM\/ODM<\/strong>, fornecemos esse modelo para <strong data-start=\"578\" data-end=\"645\">atacado, pedidos em massa, fornecimento a distribuidores e exporta\u00e7\u00e3o global<\/strong>.<\/p>","protected":false},"featured_media":706,"comment_status":"open","ping_status":"closed","template":"","meta":[],"product_brand":[],"product_cat":[44],"product_tag":[],"class_list":{"0":"post-705","1":"product","2":"type-product","3":"status-publish","4":"has-post-thumbnail","6":"product_cat-multimode-fiber-optic-patch-cord","8":"first","9":"instock","10":"shipping-taxable","11":"product-type-simple"},"_links":{"self":[{"href":"https:\/\/www.fenxifiber.com\/pt\/wp-json\/wp\/v2\/product\/705","targetHints":{"allow":["GET"]}}],"collection":[{"href":"https:\/\/www.fenxifiber.com\/pt\/wp-json\/wp\/v2\/product"}],"about":[{"href":"https:\/\/www.fenxifiber.com\/pt\/wp-json\/wp\/v2\/types\/product"}],"replies":[{"embeddable":true,"href":"https:\/\/www.fenxifiber.com\/pt\/wp-json\/wp\/v2\/comments?post=705"}],"wp:featuredmedia":[{"embeddable":true,"href":"https:\/\/www.fenxifiber.com\/pt\/wp-json\/wp\/v2\/media\/706"}],"wp:attachment":[{"href":"https:\/\/www.fenxifiber.com\/pt\/wp-json\/wp\/v2\/media?parent=705"}],"wp:term":[{"taxonomy":"product_brand","embeddable":true,"href":"https:\/\/www.fenxifiber.com\/pt\/wp-json\/wp\/v2\/product_brand?post=705"},{"taxonomy":"product_cat","embeddable":true,"href":"https:\/\/www.fenxifiber.com\/pt\/wp-json\/wp\/v2\/product_cat?post=705"},{"taxonomy":"product_tag","embeddable":true,"href":"https:\/\/www.fenxifiber.com\/pt\/wp-json\/wp\/v2\/product_tag?post=705"}],"curies":[{"name":"wp","href":"https:\/\/api.w.org\/{rel}","templated":true}]}}