{"id":707,"date":"2026-02-03T07:22:20","date_gmt":"2026-02-03T07:22:20","guid":{"rendered":"https:\/\/www.fenxifiber.com\/?post_type=product&#038;p=707"},"modified":"2026-02-04T01:37:27","modified_gmt":"2026-02-04T01:37:27","slug":"fc-upc-lc-upc-blindado","status":"publish","type":"product","link":"https:\/\/www.fenxifiber.com\/pt\/product\/fc-upc-lc-upc-armoured\/","title":{"rendered":"Cabo de conex\u00e3o de fibra \u00f3ptica monomodo blindado FC\/UPC-LC\/UPC"},"content":{"rendered":"<h3 data-start=\"696\" data-end=\"738\"><strong data-start=\"700\" data-end=\"738\">Por que a FC to LC com a Armoured Design?<\/strong><\/h3>\n<p data-start=\"740\" data-end=\"1047\">O <strong data-start=\"744\" data-end=\"760\">Conector FC<\/strong> fornece <strong data-start=\"770\" data-end=\"794\">estabilidade com trava de parafuso<\/strong>, impedindo o micromovimento que pode causar flutua\u00e7\u00e3o \u00f3ptica - essencial para <strong data-start=\"870\" data-end=\"922\">equipamentos de teste, racks de telecomunica\u00e7\u00f5es e links de operadoras<\/strong>.<br data-start=\"923\" data-end=\"926\" \/>O <strong data-start=\"930\" data-end=\"946\">Conector LC<\/strong> suportes <strong data-start=\"956\" data-end=\"981\">aplica\u00e7\u00e3o de patches de alta densidade<\/strong> e conex\u00e3o direta com <strong data-start=\"1007\" data-end=\"1046\">SFP+, QSFP e transceptores modernos<\/strong>.<\/p>\n<p data-start=\"1049\" data-end=\"1095\">O <strong data-start=\"1053\" data-end=\"1070\">tubo blindado<\/strong> protege a fibra de:<\/p>\n<ul data-start=\"1096\" data-end=\"1199\">\n<li data-start=\"1096\" data-end=\"1122\">\n<p data-start=\"1098\" data-end=\"1122\"><strong data-start=\"1098\" data-end=\"1122\">Esmagamento e tra\u00e7\u00e3o<\/strong><\/p>\n<\/li>\n<li data-start=\"1123\" data-end=\"1141\">\n<p data-start=\"1125\" data-end=\"1141\"><strong data-start=\"1125\" data-end=\"1141\">Mordidas de roedores<\/strong><\/p>\n<\/li>\n<li data-start=\"1142\" data-end=\"1161\">\n<p data-start=\"1144\" data-end=\"1161\"><strong data-start=\"1144\" data-end=\"1161\">Curvatura acentuada<\/strong><\/p>\n<\/li>\n<li data-start=\"1162\" data-end=\"1199\">\n<p data-start=\"1164\" data-end=\"1199\"><strong data-start=\"1164\" data-end=\"1199\">Ambientes de instala\u00e7\u00e3o adversos<\/strong><\/p>\n<\/li>\n<\/ul>\n<p data-start=\"1201\" data-end=\"1314\">Isso torna o patch cord blindado FC-LC perfeito para <strong data-start=\"1254\" data-end=\"1313\">roteamento externo, bandejas para cabos e gabinetes industriais<\/strong>.<\/p>\n<hr data-start=\"1316\" data-end=\"1319\" \/>\n<h3 data-start=\"1321\" data-end=\"1353\"><strong data-start=\"1325\" data-end=\"1353\">Especifica\u00e7\u00f5es t\u00e9cnicas<\/strong><\/h3>\n<div class=\"TyagGW_tableContainer\">\n<div class=\"group TyagGW_tableWrapper flex flex-col-reverse w-fit\" tabindex=\"-1\">\n<table class=\"w-fit min-w-(--thread-content-width)\" data-start=\"1355\" data-end=\"1865\">\n<thead data-start=\"1355\" data-end=\"1393\">\n<tr data-start=\"1355\" data-end=\"1393\">\n<th class=\"\" data-start=\"1355\" data-end=\"1367\" data-col-size=\"sm\">Par\u00e2metro<\/th>\n<th class=\"\" data-start=\"1367\" data-end=\"1393\" data-col-size=\"sm\">FC\/UPC-LC\/UPC blindado<\/th>\n<\/tr>\n<\/thead>\n<tbody data-start=\"1422\" data-end=\"1865\">\n<tr data-start=\"1422\" data-end=\"1465\">\n<td data-start=\"1422\" data-end=\"1435\" data-col-size=\"sm\">Tipo de fibra<\/td>\n<td data-start=\"1435\" data-end=\"1465\" data-col-size=\"sm\">Modo \u00fanico OS2 (9\/125 \u03bcm)<\/td>\n<\/tr>\n<tr data-start=\"1466\" data-end=\"1492\">\n<td data-start=\"1466\" data-end=\"1480\" data-col-size=\"sm\">Conector A<\/td>\n<td data-start=\"1480\" data-end=\"1492\" data-col-size=\"sm\">FC \/ UPC<\/td>\n<\/tr>\n<tr data-start=\"1493\" data-end=\"1519\">\n<td data-start=\"1493\" data-end=\"1507\" data-col-size=\"sm\">Conector B<\/td>\n<td data-start=\"1507\" data-end=\"1519\" data-col-size=\"sm\">LC \/ UPC<\/td>\n<\/tr>\n<tr data-start=\"1520\" data-end=\"1581\">\n<td data-start=\"1520\" data-end=\"1538\" data-col-size=\"sm\">Estrutura de cabos<\/td>\n<td data-start=\"1538\" data-end=\"1581\" data-col-size=\"sm\">Armadura de metal (tubo de a\u00e7o ou alum\u00ednio)<\/td>\n<\/tr>\n<tr data-start=\"1582\" data-end=\"1626\">\n<td data-start=\"1582\" data-end=\"1605\" data-col-size=\"sm\">Comprimento de onda operacional<\/td>\n<td data-start=\"1605\" data-end=\"1626\" data-col-size=\"sm\">1310 nm \/ 1550 nm<\/td>\n<\/tr>\n<tr data-start=\"1627\" data-end=\"1657\">\n<td data-start=\"1627\" data-end=\"1644\" data-col-size=\"sm\">Perda de inser\u00e7\u00e3o<\/td>\n<td data-start=\"1644\" data-end=\"1657\" data-col-size=\"sm\">\u2264 0,30 dB<\/td>\n<\/tr>\n<tr data-start=\"1658\" data-end=\"1683\">\n<td data-start=\"1658\" data-end=\"1672\" data-col-size=\"sm\">Perda de retorno<\/td>\n<td data-start=\"1672\" data-end=\"1683\" data-col-size=\"sm\">\u2265 50 dB<\/td>\n<\/tr>\n<tr data-start=\"1684\" data-end=\"1747\">\n<td data-start=\"1684\" data-end=\"1703\" data-col-size=\"sm\">Resist\u00eancia \u00e0 tra\u00e7\u00e3o<\/td>\n<td data-start=\"1703\" data-end=\"1747\" data-col-size=\"sm\">Significativamente mais alto do que os cabos padr\u00e3o<\/td>\n<\/tr>\n<tr data-start=\"1748\" data-end=\"1794\">\n<td data-start=\"1748\" data-end=\"1770\" data-col-size=\"sm\">Raio m\u00ednimo de curvatura<\/td>\n<td data-start=\"1770\" data-end=\"1794\" data-col-size=\"sm\">\u2265 10\u00d7 di\u00e2metro do cabo<\/td>\n<\/tr>\n<tr data-start=\"1795\" data-end=\"1823\">\n<td data-start=\"1795\" data-end=\"1804\" data-col-size=\"sm\">Jaqueta<\/td>\n<td data-start=\"1804\" data-end=\"1823\" data-col-size=\"sm\">LSZH \/ PE \/ PVC<\/td>\n<\/tr>\n<tr data-start=\"1824\" data-end=\"1865\">\n<td data-start=\"1824\" data-end=\"1836\" data-col-size=\"sm\">Padr\u00f5es<\/td>\n<td data-start=\"1836\" data-end=\"1865\" data-col-size=\"sm\">IEC, TIA-568, RoHS, REACH<\/td>\n<\/tr>\n<\/tbody>\n<\/table>\n<\/div>\n<\/div>\n<hr data-start=\"1867\" data-end=\"1870\" \/>\n<h3 data-start=\"1872\" data-end=\"1921\"><strong data-start=\"1876\" data-end=\"1921\">Criado para fornecimento por atacado, OEM e projetos<\/strong><\/h3>\n<p data-start=\"1923\" data-end=\"1955\">Esse modelo \u00e9 amplamente utilizado por:<\/p>\n<ul data-start=\"1957\" data-end=\"2113\">\n<li data-start=\"1957\" data-end=\"1983\">\n<p data-start=\"1959\" data-end=\"1983\"><strong data-start=\"1959\" data-end=\"1983\">Distribuidores de telecomunica\u00e7\u00f5es<\/strong><\/p>\n<\/li>\n<li data-start=\"1984\" data-end=\"2008\">\n<p data-start=\"1986\" data-end=\"2008\"><strong data-start=\"1986\" data-end=\"2008\">Integradores de sistemas<\/strong><\/p>\n<\/li>\n<li data-start=\"2009\" data-end=\"2040\">\n<p data-start=\"2011\" data-end=\"2040\"><strong data-start=\"2011\" data-end=\"2040\">Empreiteiras de FTTH e FTTx<\/strong><\/p>\n<\/li>\n<li data-start=\"2041\" data-end=\"2074\">\n<p data-start=\"2043\" data-end=\"2074\"><strong data-start=\"2043\" data-end=\"2074\">Construtores de redes industriais<\/strong><\/p>\n<\/li>\n<li data-start=\"2075\" data-end=\"2113\">\n<p data-start=\"2077\" data-end=\"2113\"><strong data-start=\"2077\" data-end=\"2113\">Exportadores e empresas de sourcing<\/strong><\/p>\n<\/li>\n<\/ul>\n<p data-start=\"2115\" data-end=\"2126\">N\u00f3s apoiamos:<\/p>\n<ul data-start=\"2127\" data-end=\"2264\">\n<li data-start=\"2127\" data-end=\"2144\">\n<p data-start=\"2129\" data-end=\"2144\"><strong data-start=\"2129\" data-end=\"2144\">Pedidos em massa<\/strong><\/p>\n<\/li>\n<li data-start=\"2145\" data-end=\"2176\">\n<p data-start=\"2147\" data-end=\"2176\"><strong data-start=\"2147\" data-end=\"2176\">Comprimentos e etiquetagem personalizados<\/strong><\/p>\n<\/li>\n<li data-start=\"2177\" data-end=\"2206\">\n<p data-start=\"2179\" data-end=\"2206\"><strong data-start=\"2179\" data-end=\"2206\">Fabrica\u00e7\u00e3o OEM \/ ODM<\/strong><\/p>\n<\/li>\n<li data-start=\"2207\" data-end=\"2237\">\n<p data-start=\"2209\" data-end=\"2237\"><strong data-start=\"2209\" data-end=\"2237\">Baixo MOQ para pedidos de teste<\/strong><\/p>\n<\/li>\n<li data-start=\"2238\" data-end=\"2264\">\n<p data-start=\"2240\" data-end=\"2264\"><strong data-start=\"2240\" data-end=\"2264\">Envio global r\u00e1pido<\/strong><\/p>\n<\/li>\n<\/ul>\n<p data-start=\"2266\" data-end=\"2437\">Como um <strong data-start=\"2271\" data-end=\"2317\">Fabricante e fornecedor de cabos de conex\u00e3o de fibra<\/strong>, ajudamos nossos <strong data-start=\"2331\" data-end=\"2379\">agentes, atacadistas e parceiros integradores<\/strong> reduzir custos e garantir <strong data-start=\"2407\" data-end=\"2436\">desempenho de n\u00edvel de operadora<\/strong>.<\/p>\n<hr data-start=\"2439\" data-end=\"2442\" \/>\n<h3 data-start=\"2444\" data-end=\"2472\"><strong data-start=\"2448\" data-end=\"2472\">Por que o modo \u00fanico OS2?<\/strong><\/h3>\n<p data-start=\"2474\" data-end=\"2493\">Suportes de fibra OS2:<\/p>\n<ul data-start=\"2494\" data-end=\"2645\">\n<li data-start=\"2494\" data-end=\"2526\">\n<p data-start=\"2496\" data-end=\"2526\"><strong data-start=\"2496\" data-end=\"2526\">Transmiss\u00e3o de longa dist\u00e2ncia<\/strong><\/p>\n<\/li>\n<li data-start=\"2527\" data-end=\"2563\">\n<p data-start=\"2529\" data-end=\"2563\"><strong data-start=\"2529\" data-end=\"2563\">10G, 25G, 40G, 100G e al\u00e9m<\/strong><\/p>\n<\/li>\n<li data-start=\"2564\" data-end=\"2599\">\n<p data-start=\"2566\" data-end=\"2599\"><strong data-start=\"2566\" data-end=\"2599\">Comprimentos de onda de 1310 nm e 1550 nm<\/strong><\/p>\n<\/li>\n<li data-start=\"2600\" data-end=\"2645\">\n<p data-start=\"2602\" data-end=\"2645\"><strong data-start=\"2602\" data-end=\"2645\">Redes FTTH, PON, metropolitanas e de backbone<\/strong><\/p>\n<\/li>\n<\/ul>\n<p data-start=\"2647\" data-end=\"2715\">\u00c9 a op\u00e7\u00e3o padr\u00e3o para <strong data-start=\"2676\" data-end=\"2714\">cabos de conex\u00e3o blindados de n\u00edvel de telecomunica\u00e7\u00e3o<\/strong>.<\/p>\n<hr data-start=\"2717\" data-end=\"2720\" \/>\n<h2 data-start=\"2722\" data-end=\"2745\"><strong data-start=\"2725\" data-end=\"2745\">Perguntas e respostas profissionais<\/strong><\/h2>\n<p data-start=\"2747\" data-end=\"2908\"><strong data-start=\"2747\" data-end=\"2801\">Q1: Esse produto \u00e9 adequado para gabinetes de telecomunica\u00e7\u00f5es externos?<\/strong><br data-start=\"2801\" data-end=\"2804\" \/>Sim. <strong data-start=\"2813\" data-end=\"2835\">estrutura blindada<\/strong> protege contra <strong data-start=\"2853\" data-end=\"2907\">estresse mec\u00e2nico, roedores e ambientes agressivos<\/strong>.<\/p>\n<p data-start=\"2910\" data-end=\"3048\"><strong data-start=\"2910\" data-end=\"2971\">P2: Isso pode ser fornecido para a marca do OEM ou do distribuidor?<\/strong><br data-start=\"2971\" data-end=\"2974\" \/>Sim. N\u00f3s fornecemos <strong data-start=\"2990\" data-end=\"3047\">OEM\/ODM, marca pr\u00f3pria e produ\u00e7\u00e3o em massa no atacado<\/strong>.<\/p>\n<p data-start=\"3050\" data-end=\"3217\"><strong data-start=\"3050\" data-end=\"3116\">P3: Que tipos de projetos normalmente usam cabos blindados FC-LC?<\/strong><br data-start=\"3116\" data-end=\"3119\" \/>Eles s\u00e3o comumente usados em <strong data-start=\"3145\" data-end=\"3216\">FTTx, esta\u00e7\u00f5es de base, sistemas de fibra industrial e redes de operadoras<\/strong>.<\/p>\n<p data-start=\"3219\" data-end=\"3344\"><strong data-start=\"3219\" data-end=\"3261\">Q4: Qual \u00e9 o MOQ para fornecimento em massa?<\/strong><br data-start=\"3261\" data-end=\"3264\" \/>O MOQ \u00e9 flex\u00edvel, compat\u00edvel com <strong data-start=\"3297\" data-end=\"3343\">pedidos de amostras e compras de grandes volumes<\/strong>.<\/p>","protected":false},"excerpt":{"rendered":"<p data-start=\"66\" data-end=\"524\">O <strong data-start=\"70\" data-end=\"113\">FC\/UPC-LC\/UPC Cabo de conex\u00e3o de fibra blindado<\/strong> foi projetado para <strong data-start=\"132\" data-end=\"162\">conectividade de n\u00edvel de operadora<\/strong> onde <strong data-start=\"169\" data-end=\"232\">seguran\u00e7a mec\u00e2nica, baixa perda \u00f3ptica e durabilidade em campo<\/strong> s\u00e3o todos necess\u00e1rios. Apresentando um <strong data-start=\"263\" data-end=\"288\">Conector FC rosqueado<\/strong> em uma extremidade e um <strong data-start=\"306\" data-end=\"335\">Conector LC de alta densidade<\/strong> por outro, combinado com um <strong data-start=\"366\" data-end=\"400\">estrutura de cabos com blindagem met\u00e1lica<\/strong>, Esse moletom \u00e9 ideal para <strong data-start=\"427\" data-end=\"523\">redes de telecomunica\u00e7\u00f5es, gabinetes externos, conex\u00f5es cruzadas de data center e sistemas de fibra industrial<\/strong>.<\/p>\n<p data-start=\"526\" data-end=\"689\">Como um <strong data-start=\"531\" data-end=\"578\">fabricante de f\u00e1brica e exportador por atacado<\/strong>, fornecemos esse modelo para <strong data-start=\"605\" data-end=\"678\">Projetos OEM\/ODM, integradores de sistemas, distribuidores e fornecimento em massa<\/strong> em todo o mundo.<\/p>","protected":false},"featured_media":708,"comment_status":"open","ping_status":"closed","template":"","meta":[],"product_brand":[],"product_cat":[44],"product_tag":[],"class_list":{"0":"post-707","1":"product","2":"type-product","3":"status-publish","4":"has-post-thumbnail","6":"product_cat-multimode-fiber-optic-patch-cord","8":"first","9":"instock","10":"shipping-taxable","11":"product-type-simple"},"_links":{"self":[{"href":"https:\/\/www.fenxifiber.com\/pt\/wp-json\/wp\/v2\/product\/707","targetHints":{"allow":["GET"]}}],"collection":[{"href":"https:\/\/www.fenxifiber.com\/pt\/wp-json\/wp\/v2\/product"}],"about":[{"href":"https:\/\/www.fenxifiber.com\/pt\/wp-json\/wp\/v2\/types\/product"}],"replies":[{"embeddable":true,"href":"https:\/\/www.fenxifiber.com\/pt\/wp-json\/wp\/v2\/comments?post=707"}],"wp:featuredmedia":[{"embeddable":true,"href":"https:\/\/www.fenxifiber.com\/pt\/wp-json\/wp\/v2\/media\/708"}],"wp:attachment":[{"href":"https:\/\/www.fenxifiber.com\/pt\/wp-json\/wp\/v2\/media?parent=707"}],"wp:term":[{"taxonomy":"product_brand","embeddable":true,"href":"https:\/\/www.fenxifiber.com\/pt\/wp-json\/wp\/v2\/product_brand?post=707"},{"taxonomy":"product_cat","embeddable":true,"href":"https:\/\/www.fenxifiber.com\/pt\/wp-json\/wp\/v2\/product_cat?post=707"},{"taxonomy":"product_tag","embeddable":true,"href":"https:\/\/www.fenxifiber.com\/pt\/wp-json\/wp\/v2\/product_tag?post=707"}],"curies":[{"name":"wp","href":"https:\/\/api.w.org\/{rel}","templated":true}]}}