{"id":711,"date":"2026-02-03T07:26:58","date_gmt":"2026-02-03T07:26:58","guid":{"rendered":"https:\/\/www.fenxifiber.com\/?post_type=product&#038;p=711"},"modified":"2026-02-04T01:38:47","modified_gmt":"2026-02-04T01:38:47","slug":"sc-upc-lc-upc-blindado","status":"publish","type":"product","link":"https:\/\/www.fenxifiber.com\/pt\/product\/sc-upc-lc-upc-armoured\/","title":{"rendered":"Cabo de conex\u00e3o de fibra \u00f3ptica monomodo blindado SC\/UPC-LC\/UPC"},"content":{"rendered":"<h3 data-start=\"854\" data-end=\"903\"><strong data-start=\"858\" data-end=\"903\">Por que escolher SC para LC em um projeto blindado<\/strong><\/h3>\n<p data-start=\"905\" data-end=\"1119\">Os conectores SC s\u00e3o amplamente utilizados em <strong data-start=\"938\" data-end=\"963\">ODFs e pain\u00e9is de conex\u00e3o<\/strong>, oferecendo um <strong data-start=\"976\" data-end=\"1010\">trava forte e f\u00e1cil manuseio<\/strong>.<br data-start=\"1011\" data-end=\"1014\" \/>Os conectores LC dominam <strong data-start=\"1037\" data-end=\"1081\">SFP+, QSFP e portas de transceptor modernas<\/strong>, permitindo <strong data-start=\"1092\" data-end=\"1118\">comuta\u00e7\u00e3o de alta densidade<\/strong>.<\/p>\n<p data-start=\"1121\" data-end=\"1332\">Ao combinar <strong data-start=\"1134\" data-end=\"1154\">Interfaces SC-LC<\/strong> com <strong data-start=\"1160\" data-end=\"1183\">prote\u00e7\u00e3o blindada<\/strong>, Esse patch cord permite que integradores e operadores <strong data-start=\"1237\" data-end=\"1331\">implantar a fibra OS2 em ambientes reais sem correr o risco de danos f\u00edsicos ou perda de sinal<\/strong>.<\/p>\n<hr data-start=\"1334\" data-end=\"1337\" \/>\n<h3 data-start=\"1339\" data-end=\"1371\"><strong data-start=\"1343\" data-end=\"1371\">Especifica\u00e7\u00f5es t\u00e9cnicas<\/strong><\/h3>\n<div class=\"TyagGW_tableContainer\">\n<div class=\"group TyagGW_tableWrapper flex flex-col-reverse w-fit\" tabindex=\"-1\">\n<table class=\"w-fit min-w-(--thread-content-width)\" data-start=\"1373\" data-end=\"1894\">\n<thead data-start=\"1373\" data-end=\"1411\">\n<tr data-start=\"1373\" data-end=\"1411\">\n<th class=\"\" data-start=\"1373\" data-end=\"1385\" data-col-size=\"sm\">Par\u00e2metro<\/th>\n<th class=\"\" data-start=\"1385\" data-end=\"1411\" data-col-size=\"md\">SC\/UPC-LC\/UPC blindado<\/th>\n<\/tr>\n<\/thead>\n<tbody data-start=\"1440\" data-end=\"1894\">\n<tr data-start=\"1440\" data-end=\"1483\">\n<td data-start=\"1440\" data-end=\"1453\" data-col-size=\"sm\">Tipo de fibra<\/td>\n<td data-start=\"1453\" data-end=\"1483\" data-col-size=\"md\">Modo \u00fanico OS2 (9\/125 \u03bcm)<\/td>\n<\/tr>\n<tr data-start=\"1484\" data-end=\"1510\">\n<td data-start=\"1484\" data-end=\"1498\" data-col-size=\"sm\">Conector A<\/td>\n<td data-start=\"1498\" data-end=\"1510\" data-col-size=\"md\">SC \/ UPC<\/td>\n<\/tr>\n<tr data-start=\"1511\" data-end=\"1537\">\n<td data-start=\"1511\" data-end=\"1525\" data-col-size=\"sm\">Conector B<\/td>\n<td data-start=\"1525\" data-end=\"1537\" data-col-size=\"md\">LC \/ UPC<\/td>\n<\/tr>\n<tr data-start=\"1538\" data-end=\"1605\">\n<td data-start=\"1538\" data-end=\"1556\" data-col-size=\"sm\">Estrutura de cabos<\/td>\n<td data-start=\"1556\" data-end=\"1605\" data-col-size=\"md\">Blindado com metal (tubo de a\u00e7o ou liga de alum\u00ednio)<\/td>\n<\/tr>\n<tr data-start=\"1606\" data-end=\"1650\">\n<td data-start=\"1606\" data-end=\"1629\" data-col-size=\"sm\">Comprimento de onda operacional<\/td>\n<td data-start=\"1629\" data-end=\"1650\" data-col-size=\"md\">1310 nm \/ 1550 nm<\/td>\n<\/tr>\n<tr data-start=\"1651\" data-end=\"1681\">\n<td data-start=\"1651\" data-end=\"1668\" data-col-size=\"sm\">Perda de inser\u00e7\u00e3o<\/td>\n<td data-start=\"1668\" data-end=\"1681\" data-col-size=\"md\">\u2264 0,30 dB<\/td>\n<\/tr>\n<tr data-start=\"1682\" data-end=\"1707\">\n<td data-start=\"1682\" data-end=\"1696\" data-col-size=\"sm\">Perda de retorno<\/td>\n<td data-start=\"1696\" data-end=\"1707\" data-col-size=\"md\">\u2265 50 dB<\/td>\n<\/tr>\n<tr data-start=\"1708\" data-end=\"1768\">\n<td data-start=\"1708\" data-end=\"1727\" data-col-size=\"sm\">Resist\u00eancia \u00e0 tra\u00e7\u00e3o<\/td>\n<td data-start=\"1727\" data-end=\"1768\" data-col-size=\"md\">Muito mais alto do que os patch cords padr\u00e3o<\/td>\n<\/tr>\n<tr data-start=\"1769\" data-end=\"1815\">\n<td data-start=\"1769\" data-end=\"1791\" data-col-size=\"sm\">Raio m\u00ednimo de curvatura<\/td>\n<td data-start=\"1791\" data-end=\"1815\" data-col-size=\"md\">\u2265 10\u00d7 di\u00e2metro do cabo<\/td>\n<\/tr>\n<tr data-start=\"1816\" data-end=\"1852\">\n<td data-start=\"1816\" data-end=\"1833\" data-col-size=\"sm\">Op\u00e7\u00f5es de jaqueta<\/td>\n<td data-start=\"1833\" data-end=\"1852\" data-col-size=\"md\">LSZH \/ PE \/ PVC<\/td>\n<\/tr>\n<tr data-start=\"1853\" data-end=\"1894\">\n<td data-start=\"1853\" data-end=\"1865\" data-col-size=\"sm\">Padr\u00f5es<\/td>\n<td data-start=\"1865\" data-end=\"1894\" data-col-size=\"md\">IEC, TIA-568, RoHS, REACH<\/td>\n<\/tr>\n<\/tbody>\n<\/table>\n<\/div>\n<\/div>\n<hr data-start=\"1896\" data-end=\"1899\" \/>\n<h3 data-start=\"1901\" data-end=\"1950\"><strong data-start=\"1905\" data-end=\"1950\">Criado para fornecimento por atacado, OEM e projetos<\/strong><\/h3>\n<p data-start=\"1952\" data-end=\"1984\">Esse modelo \u00e9 amplamente utilizado por:<\/p>\n<ul data-start=\"1986\" data-end=\"2161\">\n<li data-start=\"1986\" data-end=\"2012\">\n<p data-start=\"1988\" data-end=\"2012\"><strong data-start=\"1988\" data-end=\"2012\">Distribuidores de telecomunica\u00e7\u00f5es<\/strong><\/p>\n<\/li>\n<li data-start=\"2013\" data-end=\"2045\">\n<p data-start=\"2015\" data-end=\"2045\"><strong data-start=\"2015\" data-end=\"2045\">Integradores de sistemas de rede<\/strong><\/p>\n<\/li>\n<li data-start=\"2046\" data-end=\"2077\">\n<p data-start=\"2048\" data-end=\"2077\"><strong data-start=\"2048\" data-end=\"2077\">Empreiteiras de FTTH e FTTx<\/strong><\/p>\n<\/li>\n<li data-start=\"2078\" data-end=\"2118\">\n<p data-start=\"2080\" data-end=\"2118\"><strong data-start=\"2080\" data-end=\"2118\">Fornecedores de comunica\u00e7\u00e3o industrial<\/strong><\/p>\n<\/li>\n<li data-start=\"2119\" data-end=\"2161\">\n<p data-start=\"2121\" data-end=\"2161\"><strong data-start=\"2121\" data-end=\"2161\">Exportadores e agentes de sourcing global<\/strong><\/p>\n<\/li>\n<\/ul>\n<p data-start=\"2163\" data-end=\"2174\">N\u00f3s apoiamos:<\/p>\n<ul data-start=\"2175\" data-end=\"2323\">\n<li data-start=\"2175\" data-end=\"2192\">\n<p data-start=\"2177\" data-end=\"2192\"><strong data-start=\"2177\" data-end=\"2192\">Pedidos em massa<\/strong><\/p>\n<\/li>\n<li data-start=\"2193\" data-end=\"2211\">\n<p data-start=\"2195\" data-end=\"2211\"><strong data-start=\"2195\" data-end=\"2211\">MOQ flex\u00edvel<\/strong><\/p>\n<\/li>\n<li data-start=\"2212\" data-end=\"2236\">\n<p data-start=\"2214\" data-end=\"2236\"><strong data-start=\"2214\" data-end=\"2236\">Marca OEM \/ ODM<\/strong><\/p>\n<\/li>\n<li data-start=\"2237\" data-end=\"2269\">\n<p data-start=\"2239\" data-end=\"2269\"><strong data-start=\"2239\" data-end=\"2269\">Comprimentos e embalagens personalizados<\/strong><\/p>\n<\/li>\n<li data-start=\"2270\" data-end=\"2298\">\n<p data-start=\"2272\" data-end=\"2298\"><strong data-start=\"2272\" data-end=\"2298\">Pre\u00e7os diretos da f\u00e1brica<\/strong><\/p>\n<\/li>\n<li data-start=\"2299\" data-end=\"2323\">\n<p data-start=\"2301\" data-end=\"2323\"><strong data-start=\"2301\" data-end=\"2323\">Exporta\u00e7\u00e3o global r\u00e1pida<\/strong><\/p>\n<\/li>\n<\/ul>\n<hr data-start=\"2325\" data-end=\"2328\" \/>\n<h3 data-start=\"2330\" data-end=\"2376\"><strong data-start=\"2334\" data-end=\"2376\">Por que o OS2 monomodo + blindado \u00e9 importante<\/strong><\/h3>\n<p data-start=\"2378\" data-end=\"2637\">A fibra OS2 suporta <strong data-start=\"2397\" data-end=\"2438\">redes de longa dist\u00e2ncia e alta velocidade<\/strong> (10G, 25G, 40G, 100G+).<br data-start=\"2462\" data-end=\"2465\" \/>Quando combinado com um <strong data-start=\"2487\" data-end=\"2509\">estrutura blindada<\/strong>, ele se torna um <strong data-start=\"2524\" data-end=\"2548\">solu\u00e7\u00e3o pronta para o campo<\/strong> que reduz <strong data-start=\"2562\" data-end=\"2606\">quebra, tempo de inatividade e custo de manuten\u00e7\u00e3o<\/strong> para operadoras e integradores.<\/p>\n<hr data-start=\"2639\" data-end=\"2642\" \/>\n<h2 data-start=\"2644\" data-end=\"2667\"><strong data-start=\"2647\" data-end=\"2667\">Perguntas frequentes profissionais<\/strong><\/h2>\n<p data-start=\"2669\" data-end=\"2876\"><strong data-start=\"2669\" data-end=\"2729\">Q1: Esse cabo \u00e9 adequado para gabinetes de telecomunica\u00e7\u00f5es externos?<\/strong><br data-start=\"2729\" data-end=\"2732\" \/>Sim. <strong data-start=\"2741\" data-end=\"2763\">estrutura blindada<\/strong> protege a fibra de <strong data-start=\"2788\" data-end=\"2835\">Esmagamento, roedores e estresse ambiental<\/strong>, tornando-o ideal para gabinetes externos.<\/p>\n<p data-start=\"2878\" data-end=\"3041\"><strong data-start=\"2878\" data-end=\"2928\">P2: Isso pode ser usado em redes FTTH e PON?<\/strong><br data-start=\"2928\" data-end=\"2931\" \/>Com certeza. Os <strong data-start=\"2947\" data-end=\"2972\">Fibra monomodo OS2<\/strong> e <strong data-start=\"2977\" data-end=\"2994\">Polimento UPC<\/strong> suporte <strong data-start=\"3003\" data-end=\"3040\">Sistemas GPON, XG-PON e XGS-PON<\/strong>.<\/p>\n<p data-start=\"3043\" data-end=\"3197\"><strong data-start=\"3043\" data-end=\"3088\">P3: H\u00e1 disponibilidade de OEM ou de marca pr\u00f3pria?<\/strong><br data-start=\"3088\" data-end=\"3091\" \/>Sim. N\u00f3s fornecemos <strong data-start=\"3107\" data-end=\"3163\">OEM, ODM, marca pr\u00f3pria e embalagem personalizada<\/strong> para distribuidores e integradores.<\/p>\n<p data-start=\"3199\" data-end=\"3332\"><strong data-start=\"3199\" data-end=\"3247\">Q4: Qual \u00e9 o MOQ t\u00edpico para pedidos em massa?<\/strong><br data-start=\"3247\" data-end=\"3250\" \/>O MOQ \u00e9 <strong data-start=\"3257\" data-end=\"3269\">flex\u00edvel<\/strong>, apoiando <strong data-start=\"3282\" data-end=\"3331\">pequenos pedidos de teste e fornecimento de grandes projetos<\/strong>.<\/p>\n<p data-start=\"3334\" data-end=\"3493\"><strong data-start=\"3334\" data-end=\"3393\">Q5: A camada blindada afeta o desempenho \u00f3ptico?<\/strong><br data-start=\"3393\" data-end=\"3396\" \/>N\u00e3o. A blindagem fornece <strong data-start=\"3423\" data-end=\"3453\">somente prote\u00e7\u00e3o mec\u00e2nica<\/strong> e faz <strong data-start=\"3463\" data-end=\"3492\">n\u00e3o aumenta a perda \u00f3ptica<\/strong>.<\/p>\n<p data-start=\"3495\" data-end=\"3668\"><strong data-start=\"3495\" data-end=\"3549\">Q6: Que tipo de cliente costuma comprar esse modelo?<\/strong><br data-start=\"3549\" data-end=\"3552\" \/>Ele \u00e9 comumente obtido por <strong data-start=\"3578\" data-end=\"3667\">operadoras de telecomunica\u00e7\u00f5es, empreiteiras de FTTH, integradores de sistemas e distribuidores de fibra \u00f3ptica<\/strong>.<\/p>","protected":false},"excerpt":{"rendered":"<p data-start=\"66\" data-end=\"461\">O <strong data-start=\"70\" data-end=\"113\">Cabo de conex\u00e3o de fibra blindado SC\/UPC-LC\/UPC<\/strong> \u00e9 um <strong data-start=\"119\" data-end=\"172\">jumper monomodo de alta durabilidade e grau de portadora<\/strong> projetado para <strong data-start=\"186\" data-end=\"270\">redes de telecomunica\u00e7\u00f5es, data centers, sistemas FTTH e instala\u00e7\u00f5es de fibra industrial<\/strong>. Com um <strong data-start=\"279\" data-end=\"302\">Conector SC robusto<\/strong> em uma extremidade e um <strong data-start=\"320\" data-end=\"344\">conector LC compacto<\/strong> Por outro lado, esse cabo oferece <strong data-start=\"384\" data-end=\"413\">conectividade segura do painel<\/strong> e <strong data-start=\"418\" data-end=\"460\">compatibilidade com transceptores de alta densidade<\/strong>.<\/p>\n<p data-start=\"463\" data-end=\"695\">O <strong data-start=\"467\" data-end=\"501\">estrutura de cabos com blindagem met\u00e1lica<\/strong> oferece prote\u00e7\u00e3o superior contra <strong data-start=\"539\" data-end=\"602\">esmagamento, danos causados por roedores, curvas acentuadas e estresse mec\u00e2nico<\/strong>, o que o torna ideal para <strong data-start=\"624\" data-end=\"694\">gabinetes externos, bandejas de cabos e ambientes de instala\u00e7\u00e3o adversos<\/strong>.<\/p>","protected":false},"featured_media":712,"comment_status":"open","ping_status":"closed","template":"","meta":[],"product_brand":[],"product_cat":[44],"product_tag":[],"class_list":{"0":"post-711","1":"product","2":"type-product","3":"status-publish","4":"has-post-thumbnail","6":"product_cat-multimode-fiber-optic-patch-cord","8":"first","9":"instock","10":"shipping-taxable","11":"product-type-simple"},"_links":{"self":[{"href":"https:\/\/www.fenxifiber.com\/pt\/wp-json\/wp\/v2\/product\/711","targetHints":{"allow":["GET"]}}],"collection":[{"href":"https:\/\/www.fenxifiber.com\/pt\/wp-json\/wp\/v2\/product"}],"about":[{"href":"https:\/\/www.fenxifiber.com\/pt\/wp-json\/wp\/v2\/types\/product"}],"replies":[{"embeddable":true,"href":"https:\/\/www.fenxifiber.com\/pt\/wp-json\/wp\/v2\/comments?post=711"}],"wp:featuredmedia":[{"embeddable":true,"href":"https:\/\/www.fenxifiber.com\/pt\/wp-json\/wp\/v2\/media\/712"}],"wp:attachment":[{"href":"https:\/\/www.fenxifiber.com\/pt\/wp-json\/wp\/v2\/media?parent=711"}],"wp:term":[{"taxonomy":"product_brand","embeddable":true,"href":"https:\/\/www.fenxifiber.com\/pt\/wp-json\/wp\/v2\/product_brand?post=711"},{"taxonomy":"product_cat","embeddable":true,"href":"https:\/\/www.fenxifiber.com\/pt\/wp-json\/wp\/v2\/product_cat?post=711"},{"taxonomy":"product_tag","embeddable":true,"href":"https:\/\/www.fenxifiber.com\/pt\/wp-json\/wp\/v2\/product_tag?post=711"}],"curies":[{"name":"wp","href":"https:\/\/api.w.org\/{rel}","templated":true}]}}