{"id":713,"date":"2026-02-03T07:28:23","date_gmt":"2026-02-03T07:28:23","guid":{"rendered":"https:\/\/www.fenxifiber.com\/?post_type=product&#038;p=713"},"modified":"2026-02-04T01:39:19","modified_gmt":"2026-02-04T01:39:19","slug":"fc-apc-sc-apc-blindado","status":"publish","type":"product","link":"https:\/\/www.fenxifiber.com\/pt\/product\/fc-apc-sc-apc-armoured\/","title":{"rendered":"Cabo de conex\u00e3o de fibra \u00f3ptica monomodo blindado FC\/APC-SC\/APC"},"content":{"rendered":"<h3 data-start=\"740\" data-end=\"790\"><strong data-start=\"744\" data-end=\"790\">Por que FC\/APC para SC\/APC em um projeto blindado<\/strong><\/h3>\n<ul data-start=\"792\" data-end=\"1269\">\n<li data-start=\"792\" data-end=\"926\">\n<p data-start=\"794\" data-end=\"926\"><strong data-start=\"794\" data-end=\"804\">FC\/APC<\/strong> ofertas <strong data-start=\"812\" data-end=\"849\">travamento rosqueado e \u00e0 prova de vibra\u00e7\u00e3o<\/strong>, ideal para <strong data-start=\"861\" data-end=\"923\">equipamentos de teste, racks de telecomunica\u00e7\u00f5es e links de operadoras de longo prazo<\/strong>.<\/p>\n<\/li>\n<li data-start=\"927\" data-end=\"1015\">\n<p data-start=\"929\" data-end=\"1015\"><strong data-start=\"929\" data-end=\"939\">SC\/APC<\/strong> \u00e9 a interface padr\u00e3o para <strong data-start=\"970\" data-end=\"1012\">ODFs, divisores de PON e headends de CATV<\/strong>.<\/p>\n<\/li>\n<li data-start=\"1016\" data-end=\"1120\">\n<p data-start=\"1018\" data-end=\"1120\"><strong data-start=\"1018\" data-end=\"1046\">Polimento APC (\u00e2ngulo de 8\u00b0)<\/strong> entrega <strong data-start=\"1056\" data-end=\"1078\">perda de retorno \u226560 dB<\/strong>, minimizando a reflex\u00e3o e o ru\u00eddo do laser.<\/p>\n<\/li>\n<li data-start=\"1121\" data-end=\"1269\">\n<p data-start=\"1123\" data-end=\"1269\"><strong data-start=\"1123\" data-end=\"1141\">Cabo blindado<\/strong> protege contra <strong data-start=\"1159\" data-end=\"1206\">esmagamento, pux\u00f5es, roedores e curvas acentuadas<\/strong>, o que o torna perfeito para <strong data-start=\"1230\" data-end=\"1268\">implanta\u00e7\u00f5es industriais e externas<\/strong>.<\/p>\n<\/li>\n<\/ul>\n<p data-start=\"1271\" data-end=\"1387\">Essa combina\u00e7\u00e3o torna o cabo um <strong data-start=\"1306\" data-end=\"1386\">escolha preferida para redes FTTH, GPON, XG-PON, XGS-PON e RF sobre fibra<\/strong>.<\/p>\n<hr data-start=\"1389\" data-end=\"1392\" \/>\n<h3 data-start=\"1394\" data-end=\"1426\"><strong data-start=\"1398\" data-end=\"1426\">Especifica\u00e7\u00f5es t\u00e9cnicas<\/strong><\/h3>\n<div class=\"TyagGW_tableContainer\">\n<div class=\"group TyagGW_tableWrapper flex flex-col-reverse w-fit\" tabindex=\"-1\">\n<table class=\"w-fit min-w-(--thread-content-width)\" data-start=\"1428\" data-end=\"1978\">\n<thead data-start=\"1428\" data-end=\"1466\">\n<tr data-start=\"1428\" data-end=\"1466\">\n<th class=\"\" data-start=\"1428\" data-end=\"1440\" data-col-size=\"sm\">Par\u00e2metro<\/th>\n<th class=\"\" data-start=\"1440\" data-end=\"1466\" data-col-size=\"sm\">FC\/APC-SC\/APC Blindado<\/th>\n<\/tr>\n<\/thead>\n<tbody data-start=\"1495\" data-end=\"1978\">\n<tr data-start=\"1495\" data-end=\"1538\">\n<td data-start=\"1495\" data-end=\"1508\" data-col-size=\"sm\">Tipo de fibra<\/td>\n<td data-start=\"1508\" data-end=\"1538\" data-col-size=\"sm\">Modo \u00fanico OS2 (9\/125 \u03bcm)<\/td>\n<\/tr>\n<tr data-start=\"1539\" data-end=\"1565\">\n<td data-start=\"1539\" data-end=\"1553\" data-col-size=\"sm\">Conector A<\/td>\n<td data-start=\"1553\" data-end=\"1565\" data-col-size=\"sm\">FC \/ APC<\/td>\n<\/tr>\n<tr data-start=\"1566\" data-end=\"1592\">\n<td data-start=\"1566\" data-end=\"1580\" data-col-size=\"sm\">Conector B<\/td>\n<td data-start=\"1580\" data-end=\"1592\" data-col-size=\"sm\">SC \/ APC<\/td>\n<\/tr>\n<tr data-start=\"1593\" data-end=\"1626\">\n<td data-start=\"1593\" data-end=\"1607\" data-col-size=\"sm\">Tipo de polon\u00eas<\/td>\n<td data-start=\"1607\" data-end=\"1626\" data-col-size=\"sm\">APC (\u00e2ngulo de 8\u00b0)<\/td>\n<\/tr>\n<tr data-start=\"1627\" data-end=\"1688\">\n<td data-start=\"1627\" data-end=\"1645\" data-col-size=\"sm\">Estrutura de cabos<\/td>\n<td data-start=\"1645\" data-end=\"1688\" data-col-size=\"sm\">Armadura de metal (tubo de a\u00e7o ou alum\u00ednio)<\/td>\n<\/tr>\n<tr data-start=\"1689\" data-end=\"1733\">\n<td data-start=\"1689\" data-end=\"1712\" data-col-size=\"sm\">Comprimento de onda operacional<\/td>\n<td data-start=\"1712\" data-end=\"1733\" data-col-size=\"sm\">1310 nm \/ 1550 nm<\/td>\n<\/tr>\n<tr data-start=\"1734\" data-end=\"1764\">\n<td data-start=\"1734\" data-end=\"1751\" data-col-size=\"sm\">Perda de inser\u00e7\u00e3o<\/td>\n<td data-start=\"1751\" data-end=\"1764\" data-col-size=\"sm\">\u2264 0,30 dB<\/td>\n<\/tr>\n<tr data-start=\"1765\" data-end=\"1790\">\n<td data-start=\"1765\" data-end=\"1779\" data-col-size=\"sm\">Perda de retorno<\/td>\n<td data-start=\"1779\" data-end=\"1790\" data-col-size=\"sm\">\u2265 60 dB<\/td>\n<\/tr>\n<tr data-start=\"1791\" data-end=\"1851\">\n<td data-start=\"1791\" data-end=\"1810\" data-col-size=\"sm\">Resist\u00eancia \u00e0 tra\u00e7\u00e3o<\/td>\n<td data-start=\"1810\" data-end=\"1851\" data-col-size=\"sm\">Muito mais alto do que os patch cords padr\u00e3o<\/td>\n<\/tr>\n<tr data-start=\"1852\" data-end=\"1898\">\n<td data-start=\"1852\" data-end=\"1874\" data-col-size=\"sm\">Raio m\u00ednimo de curvatura<\/td>\n<td data-start=\"1874\" data-end=\"1898\" data-col-size=\"sm\">\u2265 10\u00d7 di\u00e2metro do cabo<\/td>\n<\/tr>\n<tr data-start=\"1899\" data-end=\"1935\">\n<td data-start=\"1899\" data-end=\"1916\" data-col-size=\"sm\">Op\u00e7\u00f5es de jaqueta<\/td>\n<td data-start=\"1916\" data-end=\"1935\" data-col-size=\"sm\">LSZH \/ PE \/ PVC<\/td>\n<\/tr>\n<tr data-start=\"1936\" data-end=\"1978\">\n<td data-start=\"1936\" data-end=\"1949\" data-col-size=\"sm\">Conformidade<\/td>\n<td data-start=\"1949\" data-end=\"1978\" data-col-size=\"sm\">IEC, TIA-568, RoHS, REACH<\/td>\n<\/tr>\n<\/tbody>\n<\/table>\n<\/div>\n<\/div>\n<hr data-start=\"1980\" data-end=\"1983\" \/>\n<h3 data-start=\"1985\" data-end=\"2037\"><strong data-start=\"1989\" data-end=\"2037\">Projetado para fornecimento por atacado, OEM e projetos<\/strong><\/h3>\n<p data-start=\"2039\" data-end=\"2071\">Esse modelo \u00e9 amplamente utilizado por:<\/p>\n<ul data-start=\"2073\" data-end=\"2243\">\n<li data-start=\"2073\" data-end=\"2108\">\n<p data-start=\"2075\" data-end=\"2108\"><strong data-start=\"2075\" data-end=\"2108\">Distribuidores de telecomunica\u00e7\u00f5es e CATV<\/strong><\/p>\n<\/li>\n<li data-start=\"2109\" data-end=\"2138\">\n<p data-start=\"2111\" data-end=\"2138\"><strong data-start=\"2111\" data-end=\"2138\">Empreiteiros de FTTH e FTTx<\/strong><\/p>\n<\/li>\n<li data-start=\"2139\" data-end=\"2163\">\n<p data-start=\"2141\" data-end=\"2163\"><strong data-start=\"2141\" data-end=\"2163\">Integradores de sistemas<\/strong><\/p>\n<\/li>\n<li data-start=\"2164\" data-end=\"2197\">\n<p data-start=\"2166\" data-end=\"2197\"><strong data-start=\"2166\" data-end=\"2197\">Fornecedores de equipamentos de rede<\/strong><\/p>\n<\/li>\n<li data-start=\"2198\" data-end=\"2243\">\n<p data-start=\"2200\" data-end=\"2243\"><strong data-start=\"2200\" data-end=\"2243\">Exportadores globais e empresas de sourcing<\/strong><\/p>\n<\/li>\n<\/ul>\n<p data-start=\"2245\" data-end=\"2256\">N\u00f3s apoiamos:<\/p>\n<ul data-start=\"2257\" data-end=\"2406\">\n<li data-start=\"2257\" data-end=\"2274\">\n<p data-start=\"2259\" data-end=\"2274\"><strong data-start=\"2259\" data-end=\"2274\">Pedidos em massa<\/strong><\/p>\n<\/li>\n<li data-start=\"2275\" data-end=\"2293\">\n<p data-start=\"2277\" data-end=\"2293\"><strong data-start=\"2277\" data-end=\"2293\">MOQ flex\u00edvel<\/strong><\/p>\n<\/li>\n<li data-start=\"2294\" data-end=\"2318\">\n<p data-start=\"2296\" data-end=\"2318\"><strong data-start=\"2296\" data-end=\"2318\">Marca OEM \/ ODM<\/strong><\/p>\n<\/li>\n<li data-start=\"2319\" data-end=\"2351\">\n<p data-start=\"2321\" data-end=\"2351\"><strong data-start=\"2321\" data-end=\"2351\">Comprimentos e embalagens personalizados<\/strong><\/p>\n<\/li>\n<li data-start=\"2352\" data-end=\"2380\">\n<p data-start=\"2354\" data-end=\"2380\"><strong data-start=\"2354\" data-end=\"2380\">Pre\u00e7os diretos da f\u00e1brica<\/strong><\/p>\n<\/li>\n<li data-start=\"2381\" data-end=\"2406\">\n<p data-start=\"2383\" data-end=\"2406\"><strong data-start=\"2383\" data-end=\"2406\">Log\u00edstica mundial<\/strong><\/p>\n<\/li>\n<\/ul>\n<hr data-start=\"2408\" data-end=\"2411\" \/>\n<h3 data-start=\"2413\" data-end=\"2464\"><strong data-start=\"2417\" data-end=\"2464\">Por que a APC + Armoured \u00e9 o padr\u00e3o do setor<\/strong><\/h3>\n<p data-start=\"2466\" data-end=\"2552\">Os conectores APC reduzem drasticamente <strong data-start=\"2500\" data-end=\"2527\">Reflex\u00e3o \u00f3ptica traseira<\/strong>, que \u00e9 essencial para:<\/p>\n<ul data-start=\"2553\" data-end=\"2642\">\n<li data-start=\"2553\" data-end=\"2563\">\n<p data-start=\"2555\" data-end=\"2563\"><strong data-start=\"2555\" data-end=\"2563\">CATV<\/strong><\/p>\n<\/li>\n<li data-start=\"2564\" data-end=\"2583\">\n<p data-start=\"2566\" data-end=\"2583\"><strong data-start=\"2566\" data-end=\"2583\">RF sobre fibra<\/strong><\/p>\n<\/li>\n<li data-start=\"2584\" data-end=\"2611\">\n<p data-start=\"2586\" data-end=\"2611\"><strong data-start=\"2586\" data-end=\"2611\">Redes PON e FTTx<\/strong><\/p>\n<\/li>\n<li data-start=\"2612\" data-end=\"2642\">\n<p data-start=\"2614\" data-end=\"2642\"><strong data-start=\"2614\" data-end=\"2642\">Sistemas de laser de alta pot\u00eancia<\/strong><\/p>\n<\/li>\n<\/ul>\n<p data-start=\"2644\" data-end=\"2802\">O <strong data-start=\"2648\" data-end=\"2670\">estrutura blindada<\/strong> garante confiabilidade de longo prazo em <strong data-start=\"2704\" data-end=\"2727\">instala\u00e7\u00f5es de campo<\/strong>, diminuindo <strong data-start=\"2738\" data-end=\"2771\">custo de manuten\u00e7\u00e3o e tempo de inatividade<\/strong> para operadoras e integradores.<\/p>\n<hr data-start=\"2804\" data-end=\"2807\" \/>\n<h2 data-start=\"2809\" data-end=\"2832\"><strong data-start=\"2812\" data-end=\"2832\">Perguntas frequentes profissionais<\/strong><\/h2>\n<p data-start=\"2834\" data-end=\"2965\"><strong data-start=\"2834\" data-end=\"2891\">P1: Esse cabo \u00e9 adequado para redes FTTH e PON?<\/strong><br data-start=\"2891\" data-end=\"2894\" \/>Sim. Ele \u00e9 totalmente compat\u00edvel com <strong data-start=\"2927\" data-end=\"2964\">Sistemas GPON, XG-PON e XGS-PON<\/strong>.<\/p>\n<p data-start=\"2967\" data-end=\"3116\"><strong data-start=\"2967\" data-end=\"3018\">P2: Os conectores APC podem ser combinados com portas UPC?<\/strong><br data-start=\"3018\" data-end=\"3021\" \/>N\u00e3o. <strong data-start=\"3025\" data-end=\"3060\">APC e UPC nunca devem ser misturados<\/strong>-Isso pode danificar os conectores e prejudicar o desempenho.<\/p>\n<p data-start=\"3118\" data-end=\"3239\"><strong data-start=\"3118\" data-end=\"3163\">P3: H\u00e1 disponibilidade de OEM ou de marca pr\u00f3pria?<\/strong><br data-start=\"3163\" data-end=\"3166\" \/>Sim. N\u00f3s fornecemos <strong data-start=\"3182\" data-end=\"3238\">OEM, ODM, marca pr\u00f3pria e embalagem personalizada<\/strong>.<\/p>\n<p data-start=\"3241\" data-end=\"3376\"><strong data-start=\"3241\" data-end=\"3283\">Q4: Qual \u00e9 o MOQ para fornecimento em massa?<\/strong><br data-start=\"3283\" data-end=\"3286\" \/>O MOQ \u00e9 <strong data-start=\"3293\" data-end=\"3305\">flex\u00edvel<\/strong>, com suporte a ambos <strong data-start=\"3323\" data-end=\"3375\">pequenos pedidos de teste e implanta\u00e7\u00f5es de grandes projetos<\/strong>.<\/p>\n<p data-start=\"3378\" data-end=\"3526\"><strong data-start=\"3378\" data-end=\"3428\">Q5: A blindagem afeta o desempenho \u00f3ptico?<\/strong><br data-start=\"3428\" data-end=\"3431\" \/>N\u00e3o. A blindagem fornece <strong data-start=\"3454\" data-end=\"3484\">somente prote\u00e7\u00e3o mec\u00e2nica<\/strong> e faz <strong data-start=\"3494\" data-end=\"3525\">n\u00e3o aumenta a perda de inser\u00e7\u00e3o<\/strong>.<\/p>\n<p data-start=\"3528\" data-end=\"3695\"><strong data-start=\"3528\" data-end=\"3584\">Q6: Que tipo de clientes normalmente compram esse cabo?<\/strong><br data-start=\"3584\" data-end=\"3587\" \/>\u00c9 comumente comprado por <strong data-start=\"3615\" data-end=\"3694\">operadoras de telecomunica\u00e7\u00f5es, provedores de CATV, empreiteiras de FTTH e integradores de sistemas<\/strong>.<\/p>","protected":false},"excerpt":{"rendered":"<p data-start=\"66\" data-end=\"320\">O <strong data-start=\"70\" data-end=\"113\">FC\/APC-SC\/APC Cabo de conex\u00e3o de fibra blindada<\/strong> \u00e9 um <strong data-start=\"119\" data-end=\"169\">jumper \u00f3ptico de alto desempenho e grau de portadora<\/strong> projetado para <strong data-start=\"183\" data-end=\"249\">Redes PON, sistemas CATV e infraestrutura de telecomunica\u00e7\u00f5es externas<\/strong> onde <strong data-start=\"256\" data-end=\"304\">reflex\u00e3o ultrabaixa e durabilidade f\u00edsica<\/strong> s\u00e3o fundamentais.<\/p>\n<p data-start=\"322\" data-end=\"575\">Apresentando <strong data-start=\"332\" data-end=\"372\">8\u00b0 Conectores FC e SC polidos por APC<\/strong> combinado com um <strong data-start=\"389\" data-end=\"423\">estrutura de cabos com blindagem met\u00e1lica<\/strong>, Esse patch cord oferece <strong data-start=\"450\" data-end=\"479\">excepcional pureza de sinal<\/strong> enquanto resiste a <strong data-start=\"499\" data-end=\"574\">esmagamento, vibra\u00e7\u00e3o, danos causados por roedores e ambientes de instala\u00e7\u00e3o adversos<\/strong>.<\/p>\n<p data-start=\"577\" data-end=\"733\">Como um <strong data-start=\"582\" data-end=\"636\">fabricante direto da f\u00e1brica e exportador atacadista<\/strong>, apoiamos <strong data-start=\"649\" data-end=\"723\">Projetos de OEM, ODM, distribuidores, integradores de sistemas e fornecimento em massa<\/strong> globalmente.<\/p>","protected":false},"featured_media":714,"comment_status":"open","ping_status":"closed","template":"","meta":[],"product_brand":[],"product_cat":[44],"product_tag":[],"class_list":{"0":"post-713","1":"product","2":"type-product","3":"status-publish","4":"has-post-thumbnail","6":"product_cat-multimode-fiber-optic-patch-cord","8":"first","9":"instock","10":"shipping-taxable","11":"product-type-simple"},"_links":{"self":[{"href":"https:\/\/www.fenxifiber.com\/pt\/wp-json\/wp\/v2\/product\/713","targetHints":{"allow":["GET"]}}],"collection":[{"href":"https:\/\/www.fenxifiber.com\/pt\/wp-json\/wp\/v2\/product"}],"about":[{"href":"https:\/\/www.fenxifiber.com\/pt\/wp-json\/wp\/v2\/types\/product"}],"replies":[{"embeddable":true,"href":"https:\/\/www.fenxifiber.com\/pt\/wp-json\/wp\/v2\/comments?post=713"}],"wp:featuredmedia":[{"embeddable":true,"href":"https:\/\/www.fenxifiber.com\/pt\/wp-json\/wp\/v2\/media\/714"}],"wp:attachment":[{"href":"https:\/\/www.fenxifiber.com\/pt\/wp-json\/wp\/v2\/media?parent=713"}],"wp:term":[{"taxonomy":"product_brand","embeddable":true,"href":"https:\/\/www.fenxifiber.com\/pt\/wp-json\/wp\/v2\/product_brand?post=713"},{"taxonomy":"product_cat","embeddable":true,"href":"https:\/\/www.fenxifiber.com\/pt\/wp-json\/wp\/v2\/product_cat?post=713"},{"taxonomy":"product_tag","embeddable":true,"href":"https:\/\/www.fenxifiber.com\/pt\/wp-json\/wp\/v2\/product_tag?post=713"}],"curies":[{"name":"wp","href":"https:\/\/api.w.org\/{rel}","templated":true}]}}