{"id":715,"date":"2026-02-03T07:31:19","date_gmt":"2026-02-03T07:31:19","guid":{"rendered":"https:\/\/www.fenxifiber.com\/?post_type=product&#038;p=715"},"modified":"2026-02-04T01:39:53","modified_gmt":"2026-02-04T01:39:53","slug":"sc-apc-sc-apc-blindado","status":"publish","type":"product","link":"https:\/\/www.fenxifiber.com\/pt\/product\/sc-apc-sc-apc-armoured\/","title":{"rendered":"Cabo de conex\u00e3o de fibra \u00f3ptica monomodo blindado SC\/APC-SC\/APC"},"content":{"rendered":"<h3 data-start=\"729\" data-end=\"772\"><strong data-start=\"733\" data-end=\"772\">Por que SC\/APC com prote\u00e7\u00e3o blindada<\/strong><\/h3>\n<p data-start=\"774\" data-end=\"1013\">SC\/APC \u00e9 o <strong data-start=\"788\" data-end=\"810\">interface padr\u00e3o<\/strong> para <strong data-start=\"815\" data-end=\"858\">ODFs, divisores de PON e equipamentos de CATV<\/strong>. O <strong data-start=\"864\" data-end=\"887\">Polimento de 8 graus da APC<\/strong> reduz drasticamente <strong data-start=\"909\" data-end=\"936\">Reflex\u00e3o \u00f3ptica traseira<\/strong>, que \u00e9 fundamental para <strong data-start=\"960\" data-end=\"1012\">Sistemas RF-over-fiber, GPON, XG-PON e XGS-PON<\/strong>.<\/p>\n<p data-start=\"1015\" data-end=\"1136\">Adi\u00e7\u00e3o de um <strong data-start=\"1025\" data-end=\"1049\">camada de cabo blindado<\/strong> transforma esse cabo de conex\u00e3o em um <strong data-start=\"1084\" data-end=\"1108\">solu\u00e7\u00e3o pronta para o campo<\/strong> que podem ser roteados:<\/p>\n<ul data-start=\"1137\" data-end=\"1217\">\n<li data-start=\"1137\" data-end=\"1157\">\n<p data-start=\"1139\" data-end=\"1157\">Arm\u00e1rios externos<\/p>\n<\/li>\n<li data-start=\"1158\" data-end=\"1173\">\n<p data-start=\"1160\" data-end=\"1173\">Dutos de piso<\/p>\n<\/li>\n<li data-start=\"1174\" data-end=\"1189\">\n<p data-start=\"1176\" data-end=\"1189\">Bandejas de cabos<\/p>\n<\/li>\n<li data-start=\"1190\" data-end=\"1217\">\n<p data-start=\"1192\" data-end=\"1217\">Gabinetes de esta\u00e7\u00e3o r\u00e1dio-base<\/p>\n<\/li>\n<\/ul>\n<p data-start=\"1219\" data-end=\"1250\">sem correr o risco de quebrar a fibra.<\/p>\n<hr data-start=\"1252\" data-end=\"1255\" \/>\n<h3 data-start=\"1257\" data-end=\"1289\"><strong data-start=\"1261\" data-end=\"1289\">Especifica\u00e7\u00f5es t\u00e9cnicas<\/strong><\/h3>\n<div class=\"TyagGW_tableContainer\">\n<div class=\"group TyagGW_tableWrapper flex flex-col-reverse w-fit\" tabindex=\"-1\">\n<table class=\"w-fit min-w-(--thread-content-width)\" data-start=\"1291\" data-end=\"1824\">\n<thead data-start=\"1291\" data-end=\"1329\">\n<tr data-start=\"1291\" data-end=\"1329\">\n<th class=\"\" data-start=\"1291\" data-end=\"1303\" data-col-size=\"sm\">Par\u00e2metro<\/th>\n<th class=\"\" data-start=\"1303\" data-end=\"1329\" data-col-size=\"sm\">SC\/APC-SC\/APC Blindado<\/th>\n<\/tr>\n<\/thead>\n<tbody data-start=\"1358\" data-end=\"1824\">\n<tr data-start=\"1358\" data-end=\"1401\">\n<td data-start=\"1358\" data-end=\"1371\" data-col-size=\"sm\">Tipo de fibra<\/td>\n<td data-start=\"1371\" data-end=\"1401\" data-col-size=\"sm\">Modo \u00fanico OS2 (9\/125 \u03bcm)<\/td>\n<\/tr>\n<tr data-start=\"1402\" data-end=\"1443\">\n<td data-start=\"1402\" data-end=\"1419\" data-col-size=\"sm\">Tipo de conector<\/td>\n<td data-start=\"1419\" data-end=\"1443\" data-col-size=\"sm\">SC \/ APC para SC \/ APC<\/td>\n<\/tr>\n<tr data-start=\"1444\" data-end=\"1472\">\n<td data-start=\"1444\" data-end=\"1453\" data-col-size=\"sm\">Polon\u00eas<\/td>\n<td data-start=\"1453\" data-end=\"1472\" data-col-size=\"sm\">APC (\u00e2ngulo de 8\u00b0)<\/td>\n<\/tr>\n<tr data-start=\"1473\" data-end=\"1534\">\n<td data-start=\"1473\" data-end=\"1491\" data-col-size=\"sm\">Estrutura de cabos<\/td>\n<td data-start=\"1491\" data-end=\"1534\" data-col-size=\"sm\">Armadura de metal (tubo de a\u00e7o ou alum\u00ednio)<\/td>\n<\/tr>\n<tr data-start=\"1535\" data-end=\"1579\">\n<td data-start=\"1535\" data-end=\"1558\" data-col-size=\"sm\">Comprimento de onda operacional<\/td>\n<td data-start=\"1558\" data-end=\"1579\" data-col-size=\"sm\">1310 nm \/ 1550 nm<\/td>\n<\/tr>\n<tr data-start=\"1580\" data-end=\"1610\">\n<td data-start=\"1580\" data-end=\"1597\" data-col-size=\"sm\">Perda de inser\u00e7\u00e3o<\/td>\n<td data-start=\"1597\" data-end=\"1610\" data-col-size=\"sm\">\u2264 0,30 dB<\/td>\n<\/tr>\n<tr data-start=\"1611\" data-end=\"1636\">\n<td data-start=\"1611\" data-end=\"1625\" data-col-size=\"sm\">Perda de retorno<\/td>\n<td data-start=\"1625\" data-end=\"1636\" data-col-size=\"sm\">\u2265 60 dB<\/td>\n<\/tr>\n<tr data-start=\"1637\" data-end=\"1697\">\n<td data-start=\"1637\" data-end=\"1656\" data-col-size=\"sm\">Resist\u00eancia \u00e0 tra\u00e7\u00e3o<\/td>\n<td data-start=\"1656\" data-end=\"1697\" data-col-size=\"sm\">Muito mais alto do que os patch cords padr\u00e3o<\/td>\n<\/tr>\n<tr data-start=\"1698\" data-end=\"1744\">\n<td data-start=\"1698\" data-end=\"1720\" data-col-size=\"sm\">Raio m\u00ednimo de curvatura<\/td>\n<td data-start=\"1720\" data-end=\"1744\" data-col-size=\"sm\">\u2265 10\u00d7 di\u00e2metro do cabo<\/td>\n<\/tr>\n<tr data-start=\"1745\" data-end=\"1781\">\n<td data-start=\"1745\" data-end=\"1762\" data-col-size=\"sm\">Op\u00e7\u00f5es de jaqueta<\/td>\n<td data-start=\"1762\" data-end=\"1781\" data-col-size=\"sm\">LSZH \/ PE \/ PVC<\/td>\n<\/tr>\n<tr data-start=\"1782\" data-end=\"1824\">\n<td data-start=\"1782\" data-end=\"1795\" data-col-size=\"sm\">Conformidade<\/td>\n<td data-start=\"1795\" data-end=\"1824\" data-col-size=\"sm\">IEC, TIA-568, RoHS, REACH<\/td>\n<\/tr>\n<\/tbody>\n<\/table>\n<\/div>\n<\/div>\n<hr data-start=\"1826\" data-end=\"1829\" \/>\n<h3 data-start=\"1831\" data-end=\"1882\"><strong data-start=\"1835\" data-end=\"1882\">Criado para projetos de atacado, OEM e de rede<\/strong><\/h3>\n<p data-start=\"1884\" data-end=\"1937\">Esse patch cord blindado SC\/APC \u00e9 amplamente utilizado por:<\/p>\n<ul data-start=\"1939\" data-end=\"2100\">\n<li data-start=\"1939\" data-end=\"1972\">\n<p data-start=\"1941\" data-end=\"1972\"><strong data-start=\"1941\" data-end=\"1972\">Distribuidores de telecomunica\u00e7\u00f5es e CATV<\/strong><\/p>\n<\/li>\n<li data-start=\"1973\" data-end=\"2004\">\n<p data-start=\"1975\" data-end=\"2004\"><strong data-start=\"1975\" data-end=\"2004\">Empreiteiras de FTTH e FTTx<\/strong><\/p>\n<\/li>\n<li data-start=\"2005\" data-end=\"2029\">\n<p data-start=\"2007\" data-end=\"2029\"><strong data-start=\"2007\" data-end=\"2029\">Integradores de sistemas<\/strong><\/p>\n<\/li>\n<li data-start=\"2030\" data-end=\"2057\">\n<p data-start=\"2032\" data-end=\"2057\"><strong data-start=\"2032\" data-end=\"2057\">Operadoras de rede PON<\/strong><\/p>\n<\/li>\n<li data-start=\"2058\" data-end=\"2100\">\n<p data-start=\"2060\" data-end=\"2100\"><strong data-start=\"2060\" data-end=\"2100\">Agentes de sourcing e exportadores globais<\/strong><\/p>\n<\/li>\n<\/ul>\n<p data-start=\"2102\" data-end=\"2113\">N\u00f3s apoiamos:<\/p>\n<ul data-start=\"2114\" data-end=\"2269\">\n<li data-start=\"2114\" data-end=\"2131\">\n<p data-start=\"2116\" data-end=\"2131\"><strong data-start=\"2116\" data-end=\"2131\">Pedidos em massa<\/strong><\/p>\n<\/li>\n<li data-start=\"2132\" data-end=\"2150\">\n<p data-start=\"2134\" data-end=\"2150\"><strong data-start=\"2134\" data-end=\"2150\">MOQ flex\u00edvel<\/strong><\/p>\n<\/li>\n<li data-start=\"2151\" data-end=\"2180\">\n<p data-start=\"2153\" data-end=\"2180\"><strong data-start=\"2153\" data-end=\"2180\">Fabrica\u00e7\u00e3o OEM \/ ODM<\/strong><\/p>\n<\/li>\n<li data-start=\"2181\" data-end=\"2215\">\n<p data-start=\"2183\" data-end=\"2215\"><strong data-start=\"2183\" data-end=\"2215\">Embalagem e rotulagem privada<\/strong><\/p>\n<\/li>\n<li data-start=\"2216\" data-end=\"2244\">\n<p data-start=\"2218\" data-end=\"2244\"><strong data-start=\"2218\" data-end=\"2244\">Pre\u00e7os diretos da f\u00e1brica<\/strong><\/p>\n<\/li>\n<li data-start=\"2245\" data-end=\"2269\">\n<p data-start=\"2247\" data-end=\"2269\"><strong data-start=\"2247\" data-end=\"2269\">Remessa mundial<\/strong><\/p>\n<\/li>\n<\/ul>\n<hr data-start=\"2271\" data-end=\"2274\" \/>\n<h3 data-start=\"2276\" data-end=\"2333\"><strong data-start=\"2280\" data-end=\"2333\">Por que APC + OS2 + Armoured \u00e9 o padr\u00e3o do setor<\/strong><\/h3>\n<p data-start=\"2335\" data-end=\"2648\">Os conectores APC fornecem <strong data-start=\"2358\" data-end=\"2380\">perda de retorno \u226560 dB<\/strong>, impedindo a reflex\u00e3o do sinal que pode atrapalhar <strong data-start=\"2428\" data-end=\"2470\">transmiss\u00e3o de v\u00eddeo anal\u00f3gico, RF e PON<\/strong>.<br data-start=\"2471\" data-end=\"2474\" \/>A fibra monomodo OS2 suporta <strong data-start=\"2505\" data-end=\"2553\">10G, 25G, 40G, 100G+ e links de longa dist\u00e2ncia<\/strong>.<br data-start=\"2554\" data-end=\"2557\" \/>A constru\u00e7\u00e3o blindada garante <strong data-start=\"2587\" data-end=\"2621\">confiabilidade f\u00edsica de longo prazo<\/strong> em implementa\u00e7\u00f5es no mundo real.<\/p>\n<hr data-start=\"2650\" data-end=\"2653\" \/>\n<h2 data-start=\"2655\" data-end=\"2678\"><strong data-start=\"2658\" data-end=\"2678\">Perguntas frequentes profissionais<\/strong><\/h2>\n<p data-start=\"2680\" data-end=\"2811\"><strong data-start=\"2680\" data-end=\"2737\">P1: Esse cabo \u00e9 adequado para redes FTTH e PON?<\/strong><br data-start=\"2737\" data-end=\"2740\" \/>Sim. Ele \u00e9 totalmente compat\u00edvel com <strong data-start=\"2773\" data-end=\"2810\">Sistemas GPON, XG-PON e XGS-PON<\/strong>.<\/p>\n<p data-start=\"2813\" data-end=\"2964\"><strong data-start=\"2813\" data-end=\"2855\">P2: O SC\/APC pode ser usado com portas UPC?<\/strong><br data-start=\"2855\" data-end=\"2858\" \/>N\u00e3o. <strong data-start=\"2862\" data-end=\"2908\">Os conectores APC e UPC nunca devem ser misturados<\/strong>, pois isso pode danificar os conectores e prejudicar o desempenho.<\/p>\n<p data-start=\"2966\" data-end=\"3091\"><strong data-start=\"2966\" data-end=\"3015\">P3: A marca do OEM ou do distribuidor est\u00e1 dispon\u00edvel?<\/strong><br data-start=\"3015\" data-end=\"3018\" \/>Sim. N\u00f3s fornecemos <strong data-start=\"3034\" data-end=\"3090\">OEM, ODM, rotulagem privada e embalagens personalizadas<\/strong>.<\/p>\n<p data-start=\"3093\" data-end=\"3224\"><strong data-start=\"3093\" data-end=\"3138\">Q4: Qual \u00e9 o MOQ para pedidos no atacado?<\/strong><br data-start=\"3138\" data-end=\"3141\" \/>O MOQ \u00e9 <strong data-start=\"3148\" data-end=\"3160\">flex\u00edvel<\/strong>, permitindo <strong data-start=\"3171\" data-end=\"3223\">pequenos pedidos de teste e aquisi\u00e7\u00e3o de grandes projetos<\/strong>.<\/p>\n<p data-start=\"3226\" data-end=\"3380\"><strong data-start=\"3226\" data-end=\"3278\">Q5: A camada blindada afeta a perda \u00f3ptica?<\/strong><br data-start=\"3278\" data-end=\"3281\" \/>N\u00e3o. A blindagem fornece <strong data-start=\"3308\" data-end=\"3338\">somente prote\u00e7\u00e3o mec\u00e2nica<\/strong> e faz <strong data-start=\"3348\" data-end=\"3379\">n\u00e3o aumenta a perda de inser\u00e7\u00e3o<\/strong>.<\/p>\n<p data-start=\"3382\" data-end=\"3534\"><strong data-start=\"3382\" data-end=\"3425\">Q6: Quem normalmente compra esse modelo?<\/strong><br data-start=\"3425\" data-end=\"3428\" \/>Ele \u00e9 comumente obtido por <strong data-start=\"3454\" data-end=\"3533\">operadoras de telecomunica\u00e7\u00f5es, provedores de CATV, empreiteiras de FTTH e integradores de sistemas<\/strong>.<\/p>","protected":false},"excerpt":{"rendered":"<p data-start=\"66\" data-end=\"312\">O <strong data-start=\"70\" data-end=\"113\">SC\/APC-SC\/APC Cabo de conex\u00e3o de fibra blindada<\/strong> \u00e9 um <strong data-start=\"119\" data-end=\"151\">jumper \u00f3ptico de grau de portadora<\/strong> projetado para <strong data-start=\"165\" data-end=\"238\">FTTH, redes PON, headends de CATV e infraestrutura de telecomunica\u00e7\u00f5es externas<\/strong> onde <strong data-start=\"245\" data-end=\"295\">reflex\u00e3o ultrabaixa e durabilidade mec\u00e2nica<\/strong> s\u00e3o essenciais.<\/p>\n<p data-start=\"314\" data-end=\"560\">Apresentando <strong data-start=\"324\" data-end=\"364\">Conectores SC polidos APC com \u00e2ngulo de 8\u00b0<\/strong> em ambas as extremidades e um <strong data-start=\"384\" data-end=\"418\">estrutura de cabos com blindagem met\u00e1lica<\/strong>, esse modelo garante <strong data-start=\"439\" data-end=\"467\">m\u00e1xima estabilidade de sinal<\/strong> enquanto sobrevivem <strong data-start=\"484\" data-end=\"559\">esmagamento, vibra\u00e7\u00e3o, danos causados por roedores e ambientes de instala\u00e7\u00e3o adversos<\/strong>.<\/p>\n<p data-start=\"562\" data-end=\"722\">Como um <strong data-start=\"567\" data-end=\"625\">Fabricante e exportador atacadista direto de fibra \u00f3ptica<\/strong>, apoiamos <strong data-start=\"638\" data-end=\"711\">OEM, ODM, distribuidores, integradores de sistemas e fornecimento de projetos em massa<\/strong> em todo o mundo.<\/p>","protected":false},"featured_media":716,"comment_status":"open","ping_status":"closed","template":"","meta":[],"product_brand":[],"product_cat":[44],"product_tag":[],"class_list":{"0":"post-715","1":"product","2":"type-product","3":"status-publish","4":"has-post-thumbnail","6":"product_cat-multimode-fiber-optic-patch-cord","8":"first","9":"instock","10":"shipping-taxable","11":"product-type-simple"},"_links":{"self":[{"href":"https:\/\/www.fenxifiber.com\/pt\/wp-json\/wp\/v2\/product\/715","targetHints":{"allow":["GET"]}}],"collection":[{"href":"https:\/\/www.fenxifiber.com\/pt\/wp-json\/wp\/v2\/product"}],"about":[{"href":"https:\/\/www.fenxifiber.com\/pt\/wp-json\/wp\/v2\/types\/product"}],"replies":[{"embeddable":true,"href":"https:\/\/www.fenxifiber.com\/pt\/wp-json\/wp\/v2\/comments?post=715"}],"wp:featuredmedia":[{"embeddable":true,"href":"https:\/\/www.fenxifiber.com\/pt\/wp-json\/wp\/v2\/media\/716"}],"wp:attachment":[{"href":"https:\/\/www.fenxifiber.com\/pt\/wp-json\/wp\/v2\/media?parent=715"}],"wp:term":[{"taxonomy":"product_brand","embeddable":true,"href":"https:\/\/www.fenxifiber.com\/pt\/wp-json\/wp\/v2\/product_brand?post=715"},{"taxonomy":"product_cat","embeddable":true,"href":"https:\/\/www.fenxifiber.com\/pt\/wp-json\/wp\/v2\/product_cat?post=715"},{"taxonomy":"product_tag","embeddable":true,"href":"https:\/\/www.fenxifiber.com\/pt\/wp-json\/wp\/v2\/product_tag?post=715"}],"curies":[{"name":"wp","href":"https:\/\/api.w.org\/{rel}","templated":true}]}}