{"id":717,"date":"2026-02-03T07:33:59","date_gmt":"2026-02-03T07:33:59","guid":{"rendered":"https:\/\/www.fenxifiber.com\/?post_type=product&#038;p=717"},"modified":"2026-02-04T01:40:23","modified_gmt":"2026-02-04T01:40:23","slug":"sc-upc-sc-apc-blindado","status":"publish","type":"product","link":"https:\/\/www.fenxifiber.com\/pt\/product\/sc-upc-sc-apc-armoured\/","title":{"rendered":"Cabo de conex\u00e3o de fibra \u00f3ptica monomodo blindado SC\/UPC-SC\/APC"},"content":{"rendered":"<h3 data-start=\"698\" data-end=\"734\"><strong data-start=\"702\" data-end=\"734\">O que torna esse cabo \u00fanico<\/strong><\/h3>\n<p data-start=\"736\" data-end=\"1024\">Muitas redes FTTH e CATV ainda funcionam <strong data-start=\"774\" data-end=\"819\">Interfaces UPC em ODFs e equipamentos de teste<\/strong>, enquanto <strong data-start=\"827\" data-end=\"879\">splitters, ONUs e transmissores de RF requerem APC<\/strong>.<br data-start=\"880\" data-end=\"883\" \/>Isso <strong data-start=\"888\" data-end=\"921\">Jumper blindado SC\/UPC-SC\/APC<\/strong> preenche essa lacuna, fornecendo <strong data-start=\"951\" data-end=\"980\">desempenho \u00f3ptico limpo<\/strong> ao mesmo tempo em que elimina pain\u00e9is de conex\u00e3o desnecess\u00e1rios.<\/p>\n<p data-start=\"1026\" data-end=\"1071\">O <strong data-start=\"1030\" data-end=\"1061\">projeto de cabo com blindagem met\u00e1lica<\/strong> fornece:<\/p>\n<ul data-start=\"1072\" data-end=\"1163\">\n<li data-start=\"1072\" data-end=\"1092\">\n<p data-start=\"1074\" data-end=\"1092\">Resist\u00eancia ao esmagamento<\/p>\n<\/li>\n<li data-start=\"1093\" data-end=\"1114\">\n<p data-start=\"1095\" data-end=\"1114\">Prote\u00e7\u00e3o contra roedores<\/p>\n<\/li>\n<li data-start=\"1115\" data-end=\"1163\">\n<p data-start=\"1117\" data-end=\"1163\">Roteamento est\u00e1vel em gabinetes e racks externos<\/p>\n<\/li>\n<\/ul>\n<p data-start=\"1165\" data-end=\"1234\">tornando-o ideal para <strong data-start=\"1185\" data-end=\"1233\">instala\u00e7\u00e3o em campo e caminhos de cabos de alto risco<\/strong>.<\/p>\n<hr data-start=\"1236\" data-end=\"1239\" \/>\n<h3 data-start=\"1241\" data-end=\"1273\"><strong data-start=\"1245\" data-end=\"1273\">Especifica\u00e7\u00f5es t\u00e9cnicas<\/strong><\/h3>\n<div class=\"TyagGW_tableContainer\">\n<div class=\"group TyagGW_tableWrapper flex flex-col-reverse w-fit\" tabindex=\"-1\">\n<table class=\"w-fit min-w-(--thread-content-width)\" data-start=\"1275\" data-end=\"1749\">\n<thead data-start=\"1275\" data-end=\"1313\">\n<tr data-start=\"1275\" data-end=\"1313\">\n<th class=\"\" data-start=\"1275\" data-end=\"1287\" data-col-size=\"sm\">Par\u00e2metro<\/th>\n<th class=\"\" data-start=\"1287\" data-end=\"1313\" data-col-size=\"sm\">SC\/UPC-SC\/APC Blindado<\/th>\n<\/tr>\n<\/thead>\n<tbody data-start=\"1342\" data-end=\"1749\">\n<tr data-start=\"1342\" data-end=\"1383\">\n<td data-start=\"1342\" data-end=\"1355\" data-col-size=\"sm\">Tipo de fibra<\/td>\n<td data-start=\"1355\" data-end=\"1383\" data-col-size=\"sm\">OS2 monomodo 9\/125 \u03bcm<\/td>\n<\/tr>\n<tr data-start=\"1384\" data-end=\"1410\">\n<td data-start=\"1384\" data-end=\"1398\" data-col-size=\"sm\">Conector A<\/td>\n<td data-start=\"1398\" data-end=\"1410\" data-col-size=\"sm\">SC \/ UPC<\/td>\n<\/tr>\n<tr data-start=\"1411\" data-end=\"1449\">\n<td data-start=\"1411\" data-end=\"1425\" data-col-size=\"sm\">Conector B<\/td>\n<td data-start=\"1425\" data-end=\"1449\" data-col-size=\"sm\">SC \/ APC (\u00e2ngulo de 8\u00b0)<\/td>\n<\/tr>\n<tr data-start=\"1450\" data-end=\"1481\">\n<td data-start=\"1450\" data-end=\"1463\" data-col-size=\"sm\">Tipo de cabo<\/td>\n<td data-start=\"1463\" data-end=\"1481\" data-col-size=\"sm\">Com armadura de metal<\/td>\n<\/tr>\n<tr data-start=\"1482\" data-end=\"1526\">\n<td data-start=\"1482\" data-end=\"1505\" data-col-size=\"sm\">Comprimento de onda operacional<\/td>\n<td data-start=\"1505\" data-end=\"1526\" data-col-size=\"sm\">1310 nm \/ 1550 nm<\/td>\n<\/tr>\n<tr data-start=\"1527\" data-end=\"1557\">\n<td data-start=\"1527\" data-end=\"1544\" data-col-size=\"sm\">Perda de inser\u00e7\u00e3o<\/td>\n<td data-start=\"1544\" data-end=\"1557\" data-col-size=\"sm\">\u2264 0,30 dB<\/td>\n<\/tr>\n<tr data-start=\"1558\" data-end=\"1593\">\n<td data-start=\"1558\" data-end=\"1582\" data-col-size=\"sm\">Perda de retorno (extremidade UPC)<\/td>\n<td data-start=\"1582\" data-end=\"1593\" data-col-size=\"sm\">\u2265 50 dB<\/td>\n<\/tr>\n<tr data-start=\"1594\" data-end=\"1629\">\n<td data-start=\"1594\" data-end=\"1618\" data-col-size=\"sm\">Perda de retorno (extremidade APC)<\/td>\n<td data-start=\"1618\" data-end=\"1629\" data-col-size=\"sm\">\u2265 60 dB<\/td>\n<\/tr>\n<tr data-start=\"1630\" data-end=\"1678\">\n<td data-start=\"1630\" data-end=\"1649\" data-col-size=\"sm\">Resist\u00eancia \u00e0 tra\u00e7\u00e3o<\/td>\n<td data-start=\"1649\" data-end=\"1678\" data-col-size=\"sm\">Alta (estrutura blindada)<\/td>\n<\/tr>\n<tr data-start=\"1679\" data-end=\"1707\">\n<td data-start=\"1679\" data-end=\"1688\" data-col-size=\"sm\">Jaqueta<\/td>\n<td data-start=\"1688\" data-end=\"1707\" data-col-size=\"sm\">LSZH \/ PE \/ PVC<\/td>\n<\/tr>\n<tr data-start=\"1708\" data-end=\"1749\">\n<td data-start=\"1708\" data-end=\"1720\" data-col-size=\"sm\">Padr\u00f5es<\/td>\n<td data-start=\"1720\" data-end=\"1749\" data-col-size=\"sm\">IEC, TIA-568, RoHS, REACH<\/td>\n<\/tr>\n<\/tbody>\n<\/table>\n<\/div>\n<\/div>\n<hr data-start=\"1751\" data-end=\"1754\" \/>\n<h3 data-start=\"1756\" data-end=\"1806\"><strong data-start=\"1760\" data-end=\"1806\">Projetado para redes de telecomunica\u00e7\u00f5es, FTTH e CATV<\/strong><\/h3>\n<p data-start=\"1808\" data-end=\"1837\">Esse modelo \u00e9 amplamente utilizado em:<\/p>\n<ul data-start=\"1838\" data-end=\"2013\">\n<li data-start=\"1838\" data-end=\"1872\">\n<p data-start=\"1840\" data-end=\"1872\"><strong data-start=\"1840\" data-end=\"1872\">Projetos de implanta\u00e7\u00e3o de FTTH e FTTx<\/strong><\/p>\n<\/li>\n<li data-start=\"1873\" data-end=\"1910\">\n<p data-start=\"1875\" data-end=\"1910\"><strong data-start=\"1875\" data-end=\"1910\">Sistemas GPON \/ XG-PON \/ XGS-PON<\/strong><\/p>\n<\/li>\n<li data-start=\"1911\" data-end=\"1941\">\n<p data-start=\"1913\" data-end=\"1941\"><strong data-start=\"1913\" data-end=\"1941\">Links CATV de RF sobre fibra<\/strong><\/p>\n<\/li>\n<li data-start=\"1942\" data-end=\"1971\">\n<p data-start=\"1944\" data-end=\"1971\"><strong data-start=\"1944\" data-end=\"1971\">Quadros de troca de telecomunica\u00e7\u00f5es<\/strong><\/p>\n<\/li>\n<li data-start=\"1972\" data-end=\"2013\">\n<p data-start=\"1974\" data-end=\"2013\"><strong data-start=\"1974\" data-end=\"2013\">Gabinetes externos de distribui\u00e7\u00e3o de fibra<\/strong><\/p>\n<\/li>\n<\/ul>\n<p data-start=\"2015\" data-end=\"2145\">Ele \u00e9 frequentemente utilizado como fonte:<br \/>\n<strong data-start=\"2044\" data-end=\"2144\">atacadistas, distribuidores, integradores de rede, empreiteiros de telecomunica\u00e7\u00f5es, exportadores e parceiros OEM<\/strong>.<\/p>\n<hr data-start=\"2147\" data-end=\"2150\" \/>\n<h3 data-start=\"2152\" data-end=\"2205\"><strong data-start=\"2156\" data-end=\"2205\">Por que os compradores globais escolhem nossos jumpers blindados<\/strong><\/h3>\n<ul data-start=\"2207\" data-end=\"2396\">\n<li data-start=\"2207\" data-end=\"2234\">\n<p data-start=\"2209\" data-end=\"2234\"><strong data-start=\"2209\" data-end=\"2234\">Fornecimento direto da f\u00e1brica<\/strong><\/p>\n<\/li>\n<li data-start=\"2235\" data-end=\"2264\">\n<p data-start=\"2237\" data-end=\"2264\"><strong data-start=\"2237\" data-end=\"2264\">Personaliza\u00e7\u00e3o OEM \/ ODM<\/strong><\/p>\n<\/li>\n<li data-start=\"2265\" data-end=\"2289\">\n<p data-start=\"2267\" data-end=\"2289\"><strong data-start=\"2267\" data-end=\"2289\">Suporte a pedidos em massa<\/strong><\/p>\n<\/li>\n<li data-start=\"2290\" data-end=\"2314\">\n<p data-start=\"2292\" data-end=\"2314\"><strong data-start=\"2292\" data-end=\"2314\">MOQ baixo e flex\u00edvel<\/strong><\/p>\n<\/li>\n<li data-start=\"2315\" data-end=\"2353\">\n<p data-start=\"2317\" data-end=\"2353\"><strong data-start=\"2317\" data-end=\"2353\">Marca pr\u00f3pria e embalagem personalizada<\/strong><\/p>\n<\/li>\n<li data-start=\"2354\" data-end=\"2396\">\n<p data-start=\"2356\" data-end=\"2396\"><strong data-start=\"2356\" data-end=\"2396\">Fornecimento est\u00e1vel de longo prazo para projetos<\/strong><\/p>\n<\/li>\n<\/ul>","protected":false},"excerpt":{"rendered":"<p data-start=\"66\" data-end=\"304\">O <strong data-start=\"70\" data-end=\"107\">SC\/UPC-SC\/APC Cabo de conex\u00e3o blindado<\/strong> \u00e9 um <strong data-start=\"113\" data-end=\"149\">jumper monomodo polido h\u00edbrido<\/strong> projetado para <strong data-start=\"163\" data-end=\"206\">PON, CATV e redes de backbone de telecomunica\u00e7\u00f5es<\/strong> onde <strong data-start=\"213\" data-end=\"284\">baixa perda de inser\u00e7\u00e3o, reflex\u00e3o ultrabaixa e prote\u00e7\u00e3o mec\u00e2nica<\/strong> s\u00e3o todos necess\u00e1rios.<\/p>\n<p data-start=\"306\" data-end=\"519\">Ao combinar <strong data-start=\"319\" data-end=\"340\">SC\/UPC em uma extremidade<\/strong> e <strong data-start=\"345\" data-end=\"368\">SC\/APC, por outro lado<\/strong>, esse cabo permite <strong data-start=\"388\" data-end=\"470\">interconex\u00e3o direta entre portas UPC legadas e equipamentos modernos baseados em APC<\/strong>-sem adaptadores ou conversores de degrada\u00e7\u00e3o de sinal.<\/p>\n<p data-start=\"521\" data-end=\"691\">Como um <strong data-start=\"526\" data-end=\"589\">Fabricante direto da f\u00e1brica, fornecedor OEM e exportador em massa<\/strong>, apoiamos <strong data-start=\"602\" data-end=\"690\">distribuidores, integradores de sistemas, empreiteiros de rede e empresas de fornecimento global<\/strong>.<\/p>","protected":false},"featured_media":718,"comment_status":"open","ping_status":"closed","template":"","meta":[],"product_brand":[],"product_cat":[44],"product_tag":[],"class_list":{"0":"post-717","1":"product","2":"type-product","3":"status-publish","4":"has-post-thumbnail","6":"product_cat-multimode-fiber-optic-patch-cord","8":"first","9":"instock","10":"shipping-taxable","11":"product-type-simple"},"_links":{"self":[{"href":"https:\/\/www.fenxifiber.com\/pt\/wp-json\/wp\/v2\/product\/717","targetHints":{"allow":["GET"]}}],"collection":[{"href":"https:\/\/www.fenxifiber.com\/pt\/wp-json\/wp\/v2\/product"}],"about":[{"href":"https:\/\/www.fenxifiber.com\/pt\/wp-json\/wp\/v2\/types\/product"}],"replies":[{"embeddable":true,"href":"https:\/\/www.fenxifiber.com\/pt\/wp-json\/wp\/v2\/comments?post=717"}],"wp:featuredmedia":[{"embeddable":true,"href":"https:\/\/www.fenxifiber.com\/pt\/wp-json\/wp\/v2\/media\/718"}],"wp:attachment":[{"href":"https:\/\/www.fenxifiber.com\/pt\/wp-json\/wp\/v2\/media?parent=717"}],"wp:term":[{"taxonomy":"product_brand","embeddable":true,"href":"https:\/\/www.fenxifiber.com\/pt\/wp-json\/wp\/v2\/product_brand?post=717"},{"taxonomy":"product_cat","embeddable":true,"href":"https:\/\/www.fenxifiber.com\/pt\/wp-json\/wp\/v2\/product_cat?post=717"},{"taxonomy":"product_tag","embeddable":true,"href":"https:\/\/www.fenxifiber.com\/pt\/wp-json\/wp\/v2\/product_tag?post=717"}],"curies":[{"name":"wp","href":"https:\/\/api.w.org\/{rel}","templated":true}]}}