{"id":719,"date":"2026-02-03T07:35:49","date_gmt":"2026-02-03T07:35:49","guid":{"rendered":"https:\/\/www.fenxifiber.com\/?post_type=product&#038;p=719"},"modified":"2026-02-04T01:41:02","modified_gmt":"2026-02-04T01:41:02","slug":"sc-upc-fc-upc-blindado","status":"publish","type":"product","link":"https:\/\/www.fenxifiber.com\/pt\/product\/sc-upc-fc-upc-armoured\/","title":{"rendered":"Cabo de conex\u00e3o de fibra \u00f3ptica monomodo blindado SC\/UPC-FC\/UPC"},"content":{"rendered":"<h3 data-start=\"767\" data-end=\"814\"><strong data-start=\"771\" data-end=\"814\">Por que a SC a FC com Constru\u00e7\u00e3o Blindada<\/strong><\/h3>\n<p data-start=\"816\" data-end=\"1074\">Os conectores SC s\u00e3o amplamente utilizados em <strong data-start=\"849\" data-end=\"900\">ODFs, patch panels e caixas de distribui\u00e7\u00e3o FTTH<\/strong>, enquanto <strong data-start=\"908\" data-end=\"925\">Conectores FC<\/strong> continuar sendo o <strong data-start=\"937\" data-end=\"1021\">interface preferencial em instrumentos de teste \u00f3ptico, lasers e equipamentos de telecomunica\u00e7\u00f5es antigos<\/strong> por causa de suas <strong data-start=\"1039\" data-end=\"1073\">alinhamento de precis\u00e3o com trava de parafuso<\/strong>.<\/p>\n<p data-start=\"1076\" data-end=\"1113\">Esse jumper blindado SC-to-FC permite:<\/p>\n<ul data-start=\"1114\" data-end=\"1253\">\n<li data-start=\"1114\" data-end=\"1152\">\n<p data-start=\"1116\" data-end=\"1152\"><strong data-start=\"1116\" data-end=\"1152\">Precis\u00e3o de sinal est\u00e1vel em n\u00edvel de laborat\u00f3rio<\/strong><\/p>\n<\/li>\n<li data-start=\"1153\" data-end=\"1197\">\n<p data-start=\"1155\" data-end=\"1197\"><strong data-start=\"1155\" data-end=\"1197\">Conex\u00f5es seguras e resistentes \u00e0 vibra\u00e7\u00e3o<\/strong><\/p>\n<\/li>\n<li data-start=\"1198\" data-end=\"1253\">\n<p data-start=\"1200\" data-end=\"1253\"><strong data-start=\"1200\" data-end=\"1253\">Vincula\u00e7\u00e3o direta de sistemas de fibra modernos e legados<\/strong><\/p>\n<\/li>\n<\/ul>\n<p data-start=\"1255\" data-end=\"1369\">O <strong data-start=\"1259\" data-end=\"1283\">cabo com armadura met\u00e1lica<\/strong> adiciona prote\u00e7\u00e3o contra <strong data-start=\"1308\" data-end=\"1368\">esmagamento, roedores, estresse de tra\u00e7\u00e3o e danos acidentais<\/strong>.<\/p>\n<hr data-start=\"1371\" data-end=\"1374\" \/>\n<h3 data-start=\"1376\" data-end=\"1408\"><strong data-start=\"1380\" data-end=\"1408\">Especifica\u00e7\u00f5es t\u00e9cnicas<\/strong><\/h3>\n<div class=\"TyagGW_tableContainer\">\n<div class=\"group TyagGW_tableWrapper flex flex-col-reverse w-fit\" tabindex=\"-1\">\n<table class=\"w-fit min-w-(--thread-content-width)\" data-start=\"1410\" data-end=\"1884\">\n<thead data-start=\"1410\" data-end=\"1448\">\n<tr data-start=\"1410\" data-end=\"1448\">\n<th class=\"\" data-start=\"1410\" data-end=\"1422\" data-col-size=\"sm\">Par\u00e2metro<\/th>\n<th class=\"\" data-start=\"1422\" data-end=\"1448\" data-col-size=\"sm\">SC\/UPC-FC\/UPC blindado<\/th>\n<\/tr>\n<\/thead>\n<tbody data-start=\"1477\" data-end=\"1884\">\n<tr data-start=\"1477\" data-end=\"1518\">\n<td data-start=\"1477\" data-end=\"1490\" data-col-size=\"sm\">Tipo de fibra<\/td>\n<td data-start=\"1490\" data-end=\"1518\" data-col-size=\"sm\">OS2 monomodo 9\/125 \u03bcm<\/td>\n<\/tr>\n<tr data-start=\"1519\" data-end=\"1545\">\n<td data-start=\"1519\" data-end=\"1533\" data-col-size=\"sm\">Conector A<\/td>\n<td data-start=\"1533\" data-end=\"1545\" data-col-size=\"sm\">SC \/ UPC<\/td>\n<\/tr>\n<tr data-start=\"1546\" data-end=\"1572\">\n<td data-start=\"1546\" data-end=\"1560\" data-col-size=\"sm\">Conector B<\/td>\n<td data-start=\"1560\" data-end=\"1572\" data-col-size=\"sm\">FC \/ UPC<\/td>\n<\/tr>\n<tr data-start=\"1573\" data-end=\"1619\">\n<td data-start=\"1573\" data-end=\"1587\" data-col-size=\"sm\">Tipo de polon\u00eas<\/td>\n<td data-start=\"1587\" data-end=\"1619\" data-col-size=\"sm\">UPC (Ultra Contato F\u00edsico)<\/td>\n<\/tr>\n<tr data-start=\"1620\" data-end=\"1656\">\n<td data-start=\"1620\" data-end=\"1638\" data-col-size=\"sm\">Estrutura de cabos<\/td>\n<td data-start=\"1638\" data-end=\"1656\" data-col-size=\"sm\">Com armadura de metal<\/td>\n<\/tr>\n<tr data-start=\"1657\" data-end=\"1701\">\n<td data-start=\"1657\" data-end=\"1680\" data-col-size=\"sm\">Comprimento de onda operacional<\/td>\n<td data-start=\"1680\" data-end=\"1701\" data-col-size=\"sm\">1310 nm \/ 1550 nm<\/td>\n<\/tr>\n<tr data-start=\"1702\" data-end=\"1732\">\n<td data-start=\"1702\" data-end=\"1719\" data-col-size=\"sm\">Perda de inser\u00e7\u00e3o<\/td>\n<td data-start=\"1719\" data-end=\"1732\" data-col-size=\"sm\">\u2264 0,30 dB<\/td>\n<\/tr>\n<tr data-start=\"1733\" data-end=\"1758\">\n<td data-start=\"1733\" data-end=\"1747\" data-col-size=\"sm\">Perda de retorno<\/td>\n<td data-start=\"1747\" data-end=\"1758\" data-col-size=\"sm\">\u2265 50 dB<\/td>\n<\/tr>\n<tr data-start=\"1759\" data-end=\"1804\">\n<td data-start=\"1759\" data-end=\"1778\" data-col-size=\"sm\">Resist\u00eancia \u00e0 tra\u00e7\u00e3o<\/td>\n<td data-start=\"1778\" data-end=\"1804\" data-col-size=\"sm\">Alta (design blindado)<\/td>\n<\/tr>\n<tr data-start=\"1805\" data-end=\"1841\">\n<td data-start=\"1805\" data-end=\"1822\" data-col-size=\"sm\">Op\u00e7\u00f5es de jaqueta<\/td>\n<td data-start=\"1822\" data-end=\"1841\" data-col-size=\"sm\">LSZH \/ PE \/ PVC<\/td>\n<\/tr>\n<tr data-start=\"1842\" data-end=\"1884\">\n<td data-start=\"1842\" data-end=\"1855\" data-col-size=\"sm\">Conformidade<\/td>\n<td data-start=\"1855\" data-end=\"1884\" data-col-size=\"sm\">IEC, TIA-568, RoHS, REACH<\/td>\n<\/tr>\n<\/tbody>\n<\/table>\n<\/div>\n<\/div>\n<hr data-start=\"1886\" data-end=\"1889\" \/>\n<h3 data-start=\"1891\" data-end=\"1923\"><strong data-start=\"1895\" data-end=\"1923\">Onde esse cabo \u00e9 usado<\/strong><\/h3>\n<ul data-start=\"1925\" data-end=\"2079\">\n<li data-start=\"1925\" data-end=\"1954\">\n<p data-start=\"1927\" data-end=\"1954\"><strong data-start=\"1927\" data-end=\"1954\">Escrit\u00f3rios centrais de telecomunica\u00e7\u00f5es<\/strong><\/p>\n<\/li>\n<li data-start=\"1955\" data-end=\"1993\">\n<p data-start=\"1957\" data-end=\"1993\"><strong data-start=\"1957\" data-end=\"1993\">Sistemas de teste e medi\u00e7\u00e3o de fibra<\/strong><\/p>\n<\/li>\n<li data-start=\"1994\" data-end=\"2013\">\n<p data-start=\"1996\" data-end=\"2013\"><strong data-start=\"1996\" data-end=\"2013\">Cabe\u00e7alhos de CATV<\/strong><\/p>\n<\/li>\n<li data-start=\"2014\" data-end=\"2046\">\n<p data-start=\"2016\" data-end=\"2046\"><strong data-start=\"2016\" data-end=\"2046\">Comissionamento da rede FTTH<\/strong><\/p>\n<\/li>\n<li data-start=\"2047\" data-end=\"2079\">\n<p data-start=\"2049\" data-end=\"2079\"><strong data-start=\"2049\" data-end=\"2079\">Equipamento de fibra industrial<\/strong><\/p>\n<\/li>\n<\/ul>\n<p data-start=\"2081\" data-end=\"2218\">Ele \u00e9 amplamente utilizado por:<br \/>\n<strong data-start=\"2106\" data-end=\"2217\">integradores de sistemas, empreiteiros de telecomunica\u00e7\u00f5es, distribuidores, parceiros OEM, exportadores e atacadistas de fibra \u00f3ptica<\/strong>.<\/p>\n<hr data-start=\"2220\" data-end=\"2223\" \/>\n<h3 data-start=\"2225\" data-end=\"2268\"><strong data-start=\"2229\" data-end=\"2268\">Criado para aquisi\u00e7\u00e3o em n\u00edvel de projeto<\/strong><\/h3>\n<p data-start=\"2270\" data-end=\"2281\">N\u00f3s apoiamos:<\/p>\n<ul data-start=\"2282\" data-end=\"2451\">\n<li data-start=\"2282\" data-end=\"2318\">\n<p data-start=\"2284\" data-end=\"2318\"><strong data-start=\"2284\" data-end=\"2318\">Pedidos em massa e fornecimento de longo prazo<\/strong><\/p>\n<\/li>\n<li data-start=\"2319\" data-end=\"2343\">\n<p data-start=\"2321\" data-end=\"2343\"><strong data-start=\"2321\" data-end=\"2343\">MOQ baixo e flex\u00edvel<\/strong><\/p>\n<\/li>\n<li data-start=\"2344\" data-end=\"2373\">\n<p data-start=\"2346\" data-end=\"2373\"><strong data-start=\"2346\" data-end=\"2373\">Personaliza\u00e7\u00e3o OEM \/ ODM<\/strong><\/p>\n<\/li>\n<li data-start=\"2374\" data-end=\"2422\">\n<p data-start=\"2376\" data-end=\"2422\"><strong data-start=\"2376\" data-end=\"2422\">Comprimentos, tipos de revestimento e etiquetagem personalizados<\/strong><\/p>\n<\/li>\n<li data-start=\"2423\" data-end=\"2451\">\n<p data-start=\"2425\" data-end=\"2451\"><strong data-start=\"2425\" data-end=\"2451\">Pre\u00e7os diretos da f\u00e1brica<\/strong><\/p>\n<\/li>\n<\/ul>\n<p data-start=\"2453\" data-end=\"2588\">Isso torna o patch cord blindado SC\/UPC-FC\/UPC ideal para <strong data-start=\"2512\" data-end=\"2587\">implanta\u00e7\u00e3o de redes, contratos de manuten\u00e7\u00e3o e programas de fornecimento global<\/strong>.<\/p>\n<hr data-start=\"2590\" data-end=\"2593\" \/>\n<h2 data-start=\"2595\" data-end=\"2618\"><strong data-start=\"2598\" data-end=\"2618\">Perguntas frequentes profissionais<\/strong><\/h2>\n<p data-start=\"2620\" data-end=\"2776\"><strong data-start=\"2620\" data-end=\"2671\">P1: Por que usar FC em vez de LC ou SC em um lado?<\/strong><br data-start=\"2671\" data-end=\"2674\" \/>O FC fornece <strong data-start=\"2686\" data-end=\"2734\">estabilidade com trava de parafuso e alinhamento preciso<\/strong>, ideal para <strong data-start=\"2746\" data-end=\"2775\">equipamentos de teste e lasers<\/strong>.<\/p>\n<p data-start=\"2778\" data-end=\"2942\"><strong data-start=\"2778\" data-end=\"2823\">Q2: O UPC \u00e9 adequado para telecomunica\u00e7\u00f5es e FTTH?<\/strong><br data-start=\"2823\" data-end=\"2826\" \/>Sim. A UPC oferece <strong data-start=\"2842\" data-end=\"2885\">baixa perda de inser\u00e7\u00e3o e boa perda de retorno<\/strong>, tornando-o amplamente utilizado em <strong data-start=\"2912\" data-end=\"2941\">redes de telecomunica\u00e7\u00f5es e dados<\/strong>.<\/p>\n<p data-start=\"2944\" data-end=\"3060\"><strong data-start=\"2944\" data-end=\"2994\">P3: A blindagem afeta o desempenho \u00f3ptico?<\/strong><br data-start=\"2994\" data-end=\"2997\" \/>N\u00e3o. Apenas melhora <strong data-start=\"3018\" data-end=\"3041\">resist\u00eancia mec\u00e2nica<\/strong>, e n\u00e3o a perda \u00f3ptica.<\/p>","protected":false},"excerpt":{"rendered":"<p data-start=\"66\" data-end=\"339\">O <strong data-start=\"70\" data-end=\"107\">Cabo de conex\u00e3o blindado SC\/UPC-FC\/UPC<\/strong> \u00e9 um <strong data-start=\"113\" data-end=\"158\">jumper \u00f3ptico monomodo de alta estabilidade<\/strong> projetado para <strong data-start=\"174\" data-end=\"255\">centrais de telecomunica\u00e7\u00f5es, sistemas de teste, headends de CATV e redes de fibra industrial<\/strong> onde <strong data-start=\"262\" data-end=\"323\">travamento seguro do conector e forte prote\u00e7\u00e3o mec\u00e2nica<\/strong> s\u00e3o necess\u00e1rios.<\/p>\n<p data-start=\"341\" data-end=\"589\">Ele combina um <strong data-start=\"355\" data-end=\"385\">Conector push-pull SC\/UPC<\/strong> com um <strong data-start=\"393\" data-end=\"422\">Conector FC\/UPC com rosca<\/strong>, oferecendo aos instaladores a flexibilidade de vincular <strong data-start=\"466\" data-end=\"527\">quadros de distribui\u00e7\u00e3o modernos para equipamentos \u00f3pticos de precis\u00e3o<\/strong>-todos protegidos por um <strong data-start=\"547\" data-end=\"588\">estrutura robusta de cabos com armadura de metal<\/strong>.<\/p>\n<p data-start=\"591\" data-end=\"760\">Como um <strong data-start=\"596\" data-end=\"666\">Fabricante de fibra \u00f3ptica, exportador atacadista e fornecedor OEM\/ODM<\/strong>, fornecemos <strong data-start=\"679\" data-end=\"741\">fornecimento a granel, rotulagem privada e suporte de fornecimento global<\/strong> para clientes B2B.<\/p>","protected":false},"featured_media":720,"comment_status":"open","ping_status":"closed","template":"","meta":[],"product_brand":[],"product_cat":[44],"product_tag":[],"class_list":{"0":"post-719","1":"product","2":"type-product","3":"status-publish","4":"has-post-thumbnail","6":"product_cat-multimode-fiber-optic-patch-cord","8":"first","9":"instock","10":"shipping-taxable","11":"product-type-simple"},"_links":{"self":[{"href":"https:\/\/www.fenxifiber.com\/pt\/wp-json\/wp\/v2\/product\/719","targetHints":{"allow":["GET"]}}],"collection":[{"href":"https:\/\/www.fenxifiber.com\/pt\/wp-json\/wp\/v2\/product"}],"about":[{"href":"https:\/\/www.fenxifiber.com\/pt\/wp-json\/wp\/v2\/types\/product"}],"replies":[{"embeddable":true,"href":"https:\/\/www.fenxifiber.com\/pt\/wp-json\/wp\/v2\/comments?post=719"}],"wp:featuredmedia":[{"embeddable":true,"href":"https:\/\/www.fenxifiber.com\/pt\/wp-json\/wp\/v2\/media\/720"}],"wp:attachment":[{"href":"https:\/\/www.fenxifiber.com\/pt\/wp-json\/wp\/v2\/media?parent=719"}],"wp:term":[{"taxonomy":"product_brand","embeddable":true,"href":"https:\/\/www.fenxifiber.com\/pt\/wp-json\/wp\/v2\/product_brand?post=719"},{"taxonomy":"product_cat","embeddable":true,"href":"https:\/\/www.fenxifiber.com\/pt\/wp-json\/wp\/v2\/product_cat?post=719"},{"taxonomy":"product_tag","embeddable":true,"href":"https:\/\/www.fenxifiber.com\/pt\/wp-json\/wp\/v2\/product_tag?post=719"}],"curies":[{"name":"wp","href":"https:\/\/api.w.org\/{rel}","templated":true}]}}