{"id":721,"date":"2026-02-03T07:37:48","date_gmt":"2026-02-03T07:37:48","guid":{"rendered":"https:\/\/www.fenxifiber.com\/?post_type=product&#038;p=721"},"modified":"2026-02-04T01:41:56","modified_gmt":"2026-02-04T01:41:56","slug":"diagrama-da-estrutura-do-cabo-optico-blindado","status":"publish","type":"product","link":"https:\/\/www.fenxifiber.com\/pt\/product\/structure-diagram-of-armored-opticalcable\/","title":{"rendered":"Diagrama da estrutura do cabo \u00f3ptico blindado"},"content":{"rendered":"<h2 data-start=\"528\" data-end=\"574\"><strong data-start=\"531\" data-end=\"574\">Estrutura t\u00edpica de um cabo \u00f3ptico blindado<\/strong><\/h2>\n<p data-start=\"576\" data-end=\"672\">De dentro para fora, um cabo \u00f3ptico blindado \u00e9 constru\u00eddo como um <strong data-start=\"638\" data-end=\"671\">sistema de prote\u00e7\u00e3o multicamadas<\/strong>:<\/p>\n<div class=\"TyagGW_tableContainer\">\n<div class=\"group TyagGW_tableWrapper flex flex-col-reverse w-fit\" tabindex=\"-1\">\n<table class=\"w-fit min-w-(--thread-content-width)\" data-start=\"674\" data-end=\"1134\">\n<thead data-start=\"674\" data-end=\"694\">\n<tr data-start=\"674\" data-end=\"694\">\n<th class=\"\" data-start=\"674\" data-end=\"682\" data-col-size=\"sm\">Camada<\/th>\n<th class=\"\" data-start=\"682\" data-end=\"694\" data-col-size=\"sm\">Fun\u00e7\u00e3o<\/th>\n<\/tr>\n<\/thead>\n<tbody data-start=\"713\" data-end=\"1134\">\n<tr data-start=\"713\" data-end=\"781\">\n<td data-start=\"713\" data-end=\"754\" data-col-size=\"sm\"><strong data-start=\"715\" data-end=\"753\">Fibra \u00f3ptica (9\/125 ou 50\/125 \u03bcm)<\/strong><\/td>\n<td data-start=\"754\" data-end=\"781\" data-col-size=\"sm\">Transmite sinais de luz<\/td>\n<\/tr>\n<tr data-start=\"782\" data-end=\"841\">\n<td data-start=\"782\" data-end=\"804\" data-col-size=\"sm\"><strong data-start=\"784\" data-end=\"803\">Revestimento prim\u00e1rio<\/strong><\/td>\n<td data-start=\"804\" data-end=\"841\" data-col-size=\"sm\">Protege a fibra contra microfissuras<\/td>\n<\/tr>\n<tr data-start=\"842\" data-end=\"908\">\n<td data-start=\"842\" data-end=\"884\" data-col-size=\"sm\"><strong data-start=\"844\" data-end=\"883\">Tamp\u00e3o apertado (900 \u03bcm) ou tubo solto<\/strong><\/td>\n<td data-start=\"884\" data-end=\"908\" data-col-size=\"sm\">Estabilidade mec\u00e2nica<\/td>\n<\/tr>\n<tr data-start=\"909\" data-end=\"956\">\n<td data-start=\"909\" data-end=\"936\" data-col-size=\"sm\"><strong data-start=\"911\" data-end=\"935\">Fio de aramida (Kevlar)<\/strong><\/td>\n<td data-start=\"936\" data-end=\"956\" data-col-size=\"sm\">Resist\u00eancia \u00e0 tra\u00e7\u00e3o<\/td>\n<\/tr>\n<tr data-start=\"957\" data-end=\"1024\">\n<td data-start=\"957\" data-end=\"995\" data-col-size=\"sm\"><strong data-start=\"959\" data-end=\"994\">Armadura de metal (a\u00e7o ou alum\u00ednio)<\/strong><\/td>\n<td data-start=\"995\" data-end=\"1024\" data-col-size=\"sm\">Prote\u00e7\u00e3o contra esmagamento e roedores<\/td>\n<\/tr>\n<tr data-start=\"1025\" data-end=\"1068\">\n<td data-start=\"1025\" data-end=\"1044\" data-col-size=\"sm\"><strong data-start=\"1027\" data-end=\"1043\">Bainha interna<\/strong><\/td>\n<td data-start=\"1044\" data-end=\"1068\" data-col-size=\"sm\">Mant\u00e9m a armadura no lugar<\/td>\n<\/tr>\n<tr data-start=\"1069\" data-end=\"1134\">\n<td data-start=\"1069\" data-end=\"1106\" data-col-size=\"sm\"><strong data-start=\"1071\" data-end=\"1105\">Revestimento externo (LSZH \/ PE \/ PVC)<\/strong><\/td>\n<td data-start=\"1106\" data-end=\"1134\" data-col-size=\"sm\">Prote\u00e7\u00e3o ambiental<\/td>\n<\/tr>\n<\/tbody>\n<\/table>\n<\/div>\n<\/div>\n<p data-start=\"1136\" data-end=\"1300\">Essa estrutura permite que o cabo seja <strong data-start=\"1174\" data-end=\"1203\">instalado sem condu\u00edte<\/strong>, conseguiu <strong data-start=\"1220\" data-end=\"1259\">pisos, gabinetes e dutos externos<\/strong>, e usado em <strong data-start=\"1273\" data-end=\"1299\">ambientes de alto risco<\/strong>.<\/p>\n<hr data-start=\"1302\" data-end=\"1305\" \/>\n<h2 data-start=\"1307\" data-end=\"1363\"><strong data-start=\"1310\" data-end=\"1363\">Por que os cabos de fibra blindados s\u00e3o usados em projetos B2B<\/strong><\/h2>\n<p data-start=\"1365\" data-end=\"1439\">Os patch cords padr\u00e3o s\u00e3o fr\u00e1geis. Os cabos \u00f3pticos blindados s\u00e3o projetados para:<\/p>\n<ul data-start=\"1441\" data-end=\"1617\">\n<li data-start=\"1441\" data-end=\"1470\">\n<p data-start=\"1443\" data-end=\"1470\"><strong data-start=\"1443\" data-end=\"1470\">Escrit\u00f3rios centrais de telecomunica\u00e7\u00f5es<\/strong><\/p>\n<\/li>\n<li data-start=\"1471\" data-end=\"1500\">\n<p data-start=\"1473\" data-end=\"1500\"><strong data-start=\"1473\" data-end=\"1500\">Implanta\u00e7\u00f5es de FTTH e FTTx<\/strong><\/p>\n<\/li>\n<li data-start=\"1501\" data-end=\"1528\">\n<p data-start=\"1503\" data-end=\"1528\"><strong data-start=\"1503\" data-end=\"1528\">Automa\u00e7\u00e3o industrial<\/strong><\/p>\n<\/li>\n<li data-start=\"1529\" data-end=\"1551\">\n<p data-start=\"1531\" data-end=\"1551\"><strong data-start=\"1531\" data-end=\"1551\">Arm\u00e1rios externos<\/strong><\/p>\n<\/li>\n<li data-start=\"1552\" data-end=\"1584\">\n<p data-start=\"1554\" data-end=\"1584\"><strong data-start=\"1554\" data-end=\"1584\">Redes ferrovi\u00e1rias e de servi\u00e7os p\u00fablicos<\/strong><\/p>\n<\/li>\n<li data-start=\"1585\" data-end=\"1617\">\n<p data-start=\"1587\" data-end=\"1617\"><strong data-start=\"1587\" data-end=\"1617\">Conex\u00f5es cruzadas de data center<\/strong><\/p>\n<\/li>\n<\/ul>\n<p data-start=\"1619\" data-end=\"1766\">Eles s\u00e3o amplamente obtidos por:<br \/>\n<strong data-start=\"1647\" data-end=\"1765\">operadoras de telecomunica\u00e7\u00f5es, integradores de sistemas, distribuidores, f\u00e1bricas de OEM, exportadores e empreiteiros de rede em larga escala<\/strong>.<\/p>\n<hr data-start=\"1768\" data-end=\"1771\" \/>\n<h2 data-start=\"1773\" data-end=\"1822\"><strong data-start=\"1776\" data-end=\"1822\">Desempenho mec\u00e2nico e \u00f3ptico (t\u00edpico)<\/strong><\/h2>\n<div class=\"TyagGW_tableContainer\">\n<div class=\"group TyagGW_tableWrapper flex flex-col-reverse w-fit\" tabindex=\"-1\">\n<table class=\"w-fit min-w-(--thread-content-width)\" data-start=\"1824\" data-end=\"2147\">\n<thead data-start=\"1824\" data-end=\"1879\">\n<tr data-start=\"1824\" data-end=\"1879\">\n<th class=\"\" data-start=\"1824\" data-end=\"1835\" data-col-size=\"sm\">Propriedade<\/th>\n<th class=\"\" data-start=\"1835\" data-end=\"1857\" data-col-size=\"sm\">Cabo de conex\u00e3o padr\u00e3o<\/th>\n<th class=\"\" data-start=\"1857\" data-end=\"1879\" data-col-size=\"sm\">Patch Cord blindado<\/th>\n<\/tr>\n<\/thead>\n<tbody data-start=\"1930\" data-end=\"2147\">\n<tr data-start=\"1930\" data-end=\"1963\">\n<td data-start=\"1930\" data-end=\"1949\" data-col-size=\"sm\">Resist\u00eancia ao esmagamento<\/td>\n<td data-start=\"1949\" data-end=\"1955\" data-col-size=\"sm\">Baixa<\/td>\n<td data-start=\"1955\" data-end=\"1963\" data-col-size=\"sm\">Alta<\/td>\n<\/tr>\n<tr data-start=\"1964\" data-end=\"2004\">\n<td data-start=\"1964\" data-end=\"1984\" data-col-size=\"sm\">Resist\u00eancia de roedores<\/td>\n<td data-col-size=\"sm\" data-start=\"1984\" data-end=\"1991\">Nenhum<\/td>\n<td data-col-size=\"sm\" data-start=\"1991\" data-end=\"2004\">Excelente<\/td>\n<\/tr>\n<tr data-start=\"2005\" data-end=\"2049\">\n<td data-start=\"2005\" data-end=\"2024\" data-col-size=\"sm\">Resist\u00eancia \u00e0 tra\u00e7\u00e3o<\/td>\n<td data-start=\"2024\" data-end=\"2033\" data-col-size=\"sm\">~100 N<\/td>\n<td data-start=\"2033\" data-end=\"2049\" data-col-size=\"sm\">At\u00e9 800 N+<\/td>\n<\/tr>\n<tr data-start=\"2050\" data-end=\"2106\">\n<td data-start=\"2050\" data-end=\"2072\" data-col-size=\"sm\">Seguran\u00e7a na instala\u00e7\u00e3o<\/td>\n<td data-start=\"2072\" data-end=\"2086\" data-col-size=\"sm\">Somente em ambientes internos<\/td>\n<td data-start=\"2086\" data-end=\"2106\" data-col-size=\"sm\">Interno e externo<\/td>\n<\/tr>\n<tr data-start=\"2107\" data-end=\"2147\">\n<td data-start=\"2107\" data-end=\"2122\" data-col-size=\"sm\">Vida \u00fatil<\/td>\n<td data-start=\"2122\" data-end=\"2132\" data-col-size=\"sm\">Mais curto<\/td>\n<td data-start=\"2132\" data-end=\"2147\" data-col-size=\"sm\">Muito mais tempo<\/td>\n<\/tr>\n<\/tbody>\n<\/table>\n<\/div>\n<\/div>\n<p data-start=\"2149\" data-end=\"2279\">A fibra blindada mant\u00e9m <strong data-start=\"2173\" data-end=\"2205\">o mesmo desempenho \u00f3ptico<\/strong> como fibra padr\u00e3o, al\u00e9m de fornecer <strong data-start=\"2241\" data-end=\"2278\">confiabilidade mec\u00e2nica muito maior<\/strong>.<\/p>\n<hr data-start=\"2281\" data-end=\"2284\" \/>\n<h2 data-start=\"2286\" data-end=\"2332\"><strong data-start=\"2289\" data-end=\"2332\">Por que os compradores globais especificam a fibra blindada<\/strong><\/h2>\n<p data-start=\"2334\" data-end=\"2405\">De um <strong data-start=\"2341\" data-end=\"2381\">perspectiva de sourcing e aquisi\u00e7\u00e3o<\/strong>, Os cabos blindados reduzem:<\/p>\n<ul data-start=\"2406\" data-end=\"2487\">\n<li data-start=\"2406\" data-end=\"2428\">\n<p data-start=\"2408\" data-end=\"2428\">Falha na instala\u00e7\u00e3o<\/p>\n<\/li>\n<li data-start=\"2429\" data-end=\"2447\">\n<p data-start=\"2431\" data-end=\"2447\">Custo de manuten\u00e7\u00e3o<\/p>\n<\/li>\n<li data-start=\"2448\" data-end=\"2466\">\n<p data-start=\"2450\" data-end=\"2466\">Tempo de inatividade da rede<\/p>\n<\/li>\n<li data-start=\"2467\" data-end=\"2487\">\n<p data-start=\"2469\" data-end=\"2487\">Ciclos de substitui\u00e7\u00e3o<\/p>\n<\/li>\n<\/ul>\n<p data-start=\"2489\" data-end=\"2564\">\u00c9 por isso que eles s\u00e3o os <strong data-start=\"2514\" data-end=\"2563\">escolha padr\u00e3o para projetos de fibra em larga escala<\/strong>.<\/p>\n<p data-start=\"2566\" data-end=\"2600\">Fornecemos cabos de fibra blindados como:<\/p>\n<ul data-start=\"2601\" data-end=\"2753\">\n<li data-start=\"2601\" data-end=\"2621\">\n<p data-start=\"2603\" data-end=\"2621\"><strong data-start=\"2603\" data-end=\"2621\">Direto da f\u00e1brica<\/strong><\/p>\n<\/li>\n<li data-start=\"2622\" data-end=\"2637\">\n<p data-start=\"2624\" data-end=\"2637\"><strong data-start=\"2624\" data-end=\"2637\">OEM \/ ODM<\/strong><\/p>\n<\/li>\n<li data-start=\"2638\" data-end=\"2655\">\n<p data-start=\"2640\" data-end=\"2655\"><strong data-start=\"2640\" data-end=\"2655\">Pedidos em massa<\/strong><\/p>\n<\/li>\n<li data-start=\"2656\" data-end=\"2695\">\n<p data-start=\"2658\" data-end=\"2695\"><strong data-start=\"2658\" data-end=\"2695\">Fornecimento para distribuidores e integradores<\/strong><\/p>\n<\/li>\n<li data-start=\"2696\" data-end=\"2718\">\n<p data-start=\"2698\" data-end=\"2718\"><strong data-start=\"2698\" data-end=\"2718\">Embalagem para exporta\u00e7\u00e3o<\/strong><\/p>\n<\/li>\n<li data-start=\"2719\" data-end=\"2753\">\n<p data-start=\"2721\" data-end=\"2753\"><strong data-start=\"2721\" data-end=\"2753\">Marca e rotulagem personalizadas<\/strong><\/p>\n<\/li>\n<\/ul>\n<hr data-start=\"2755\" data-end=\"2758\" \/>\n<h2 data-start=\"2760\" data-end=\"2783\"><strong data-start=\"2763\" data-end=\"2783\">Perguntas frequentes profissionais<\/strong><\/h2>\n<p data-start=\"2785\" data-end=\"2938\"><strong data-start=\"2785\" data-end=\"2836\">P1: A blindagem de metal afeta a qualidade do sinal?<\/strong><br data-start=\"2836\" data-end=\"2839\" \/>N\u00e3o. A blindagem fornece apenas <strong data-start=\"2867\" data-end=\"2892\">prote\u00e7\u00e3o mec\u00e2nica<\/strong> e n\u00e3o afeta <strong data-start=\"2913\" data-end=\"2937\">transmiss\u00e3o \u00f3ptica<\/strong>.<\/p>\n<p data-start=\"2940\" data-end=\"3088\"><strong data-start=\"2940\" data-end=\"2981\">Q2: Que tipo de armadura met\u00e1lica \u00e9 usada?<\/strong><br data-start=\"2981\" data-end=\"2984\" \/>Tipicamente <strong data-start=\"2994\" data-end=\"3031\">tubo corrugado de a\u00e7o ou alum\u00ednio<\/strong>, dependendo da flexibilidade e do n\u00edvel de prote\u00e7\u00e3o necess\u00e1rio.<\/p>\n<p data-start=\"3090\" data-end=\"3233\"><strong data-start=\"3090\" data-end=\"3140\">P3: A fibra blindada pode ser usada em data centers?<\/strong><br data-start=\"3140\" data-end=\"3143\" \/>Sim. \u00c9 comumente usado para <strong data-start=\"3172\" data-end=\"3232\">conex\u00f5es cruzadas, risers verticais e roteamento sob o piso<\/strong>.<\/p>\n<p data-start=\"3235\" data-end=\"3377\"><strong data-start=\"3235\" data-end=\"3292\">P4: A fibra blindada \u00e9 adequada para quedas externas de FTTH?<\/strong><br data-start=\"3292\" data-end=\"3295\" \/>Sim. Ele oferece <strong data-start=\"3310\" data-end=\"3376\">resist\u00eancia a roedores, prote\u00e7\u00e3o contra esmagamento e confiabilidade de longo prazo<\/strong>.<\/p>\n<p data-start=\"3379\" data-end=\"3521\"><strong data-start=\"3379\" data-end=\"3426\">P5: Os patch cords blindados podem ser feitos sob medida?<\/strong><br data-start=\"3426\" data-end=\"3429\" \/>Sim. <strong data-start=\"3434\" data-end=\"3498\">Comprimento, tipo de revestimento, conectores, marca OEM e embalagem<\/strong> podem ser personalizados.<\/p>\n<p data-start=\"3523\" data-end=\"3673\"><strong data-start=\"3523\" data-end=\"3574\">Q6: Quem geralmente compra cabos de fibra blindados?<\/strong><br data-start=\"3574\" data-end=\"3577\" \/><strong data-start=\"3577\" data-end=\"3672\">Operadoras de telecomunica\u00e7\u00f5es, integradores de fibra, atacadistas, exportadores e empreiteiros de grandes projetos<\/strong>.<\/p>","protected":false},"excerpt":{"rendered":"<p data-start=\"94\" data-end=\"340\">O <strong data-start=\"98\" data-end=\"147\">Diagrama de estrutura de um cabo \u00f3ptico blindado<\/strong> ilustra como a moderna <strong data-start=\"171\" data-end=\"226\">patch cords de fibra blindados e cabos de fibra para uso externo<\/strong> s\u00e3o projetados para sobreviver <strong data-start=\"253\" data-end=\"337\">estresse mec\u00e2nico, condi\u00e7\u00f5es severas de instala\u00e7\u00e3o e implanta\u00e7\u00e3o de longo prazo em campo<\/strong>.<\/p>\n<p data-start=\"342\" data-end=\"521\">Essa constru\u00e7\u00e3o em camadas \u00e9 a base de todos os <strong data-start=\"397\" data-end=\"433\">cabos de conex\u00e3o de fibra \u00f3ptica blindados<\/strong> usado em <strong data-start=\"442\" data-end=\"520\">telecomunica\u00e7\u00f5es, FTTH, data centers, redes industriais e rotas de fibra externas<\/strong>.<\/p>","protected":false},"featured_media":722,"comment_status":"open","ping_status":"closed","template":"","meta":[],"product_brand":[],"product_cat":[44],"product_tag":[],"class_list":{"0":"post-721","1":"product","2":"type-product","3":"status-publish","4":"has-post-thumbnail","6":"product_cat-multimode-fiber-optic-patch-cord","8":"first","9":"instock","10":"shipping-taxable","11":"product-type-simple"},"_links":{"self":[{"href":"https:\/\/www.fenxifiber.com\/pt\/wp-json\/wp\/v2\/product\/721","targetHints":{"allow":["GET"]}}],"collection":[{"href":"https:\/\/www.fenxifiber.com\/pt\/wp-json\/wp\/v2\/product"}],"about":[{"href":"https:\/\/www.fenxifiber.com\/pt\/wp-json\/wp\/v2\/types\/product"}],"replies":[{"embeddable":true,"href":"https:\/\/www.fenxifiber.com\/pt\/wp-json\/wp\/v2\/comments?post=721"}],"wp:featuredmedia":[{"embeddable":true,"href":"https:\/\/www.fenxifiber.com\/pt\/wp-json\/wp\/v2\/media\/722"}],"wp:attachment":[{"href":"https:\/\/www.fenxifiber.com\/pt\/wp-json\/wp\/v2\/media?parent=721"}],"wp:term":[{"taxonomy":"product_brand","embeddable":true,"href":"https:\/\/www.fenxifiber.com\/pt\/wp-json\/wp\/v2\/product_brand?post=721"},{"taxonomy":"product_cat","embeddable":true,"href":"https:\/\/www.fenxifiber.com\/pt\/wp-json\/wp\/v2\/product_cat?post=721"},{"taxonomy":"product_tag","embeddable":true,"href":"https:\/\/www.fenxifiber.com\/pt\/wp-json\/wp\/v2\/product_tag?post=721"}],"curies":[{"name":"wp","href":"https:\/\/api.w.org\/{rel}","templated":true}]}}