{"id":723,"date":"2026-02-03T07:40:28","date_gmt":"2026-02-03T07:40:28","guid":{"rendered":"https:\/\/www.fenxifiber.com\/?post_type=product&#038;p=723"},"modified":"2026-02-04T01:42:24","modified_gmt":"2026-02-04T01:42:24","slug":"sc-upc-sc-upc-blindado","status":"publish","type":"product","link":"https:\/\/www.fenxifiber.com\/pt\/product\/sc-upc-sc-upc-armoured\/","title":{"rendered":"Cabo de conex\u00e3o de fibra \u00f3ptica monomodo blindado SC\/UPC-SC\/UPC"},"content":{"rendered":"<h3 data-start=\"745\" data-end=\"797\"><strong data-start=\"749\" data-end=\"797\">Por que escolher SC\/UPC com constru\u00e7\u00e3o blindada<\/strong><\/h3>\n<p data-start=\"799\" data-end=\"1027\">Os conectores SC s\u00e3o os <strong data-start=\"821\" data-end=\"897\">interface padr\u00e3o para ODFs, patch panels, caixas FTTH e racks de telecomunica\u00e7\u00f5es<\/strong>.<br data-start=\"898\" data-end=\"901\" \/>O <strong data-start=\"905\" data-end=\"919\">Polimento UPC<\/strong> garante <strong data-start=\"928\" data-end=\"971\">baixa perda de inser\u00e7\u00e3o e alta perda de retorno<\/strong>, o que o torna ideal para <strong data-start=\"993\" data-end=\"1026\">telecomunica\u00e7\u00f5es e transmiss\u00e3o de dados<\/strong>.<\/p>\n<p data-start=\"1029\" data-end=\"1105\">O <strong data-start=\"1033\" data-end=\"1057\">camada de cabo blindado<\/strong> permite que esse jumper seja roteado com seguran\u00e7a:<\/p>\n<ul data-start=\"1106\" data-end=\"1191\">\n<li data-start=\"1106\" data-end=\"1121\">\n<p data-start=\"1108\" data-end=\"1121\">Dutos de piso<\/p>\n<\/li>\n<li data-start=\"1122\" data-end=\"1137\">\n<p data-start=\"1124\" data-end=\"1137\">Bandejas de cabos<\/p>\n<\/li>\n<li data-start=\"1138\" data-end=\"1158\">\n<p data-start=\"1140\" data-end=\"1158\">Arm\u00e1rios externos<\/p>\n<\/li>\n<li data-start=\"1159\" data-end=\"1191\">\n<p data-start=\"1161\" data-end=\"1191\">Salas de equipamentos de alto tr\u00e1fego<\/p>\n<\/li>\n<\/ul>\n<p data-start=\"1193\" data-end=\"1224\">sem correr o risco de quebrar a fibra.<\/p>\n<hr data-start=\"1226\" data-end=\"1229\" \/>\n<h3 data-start=\"1231\" data-end=\"1263\"><strong data-start=\"1235\" data-end=\"1263\">Especifica\u00e7\u00f5es t\u00e9cnicas<\/strong><\/h3>\n<div class=\"TyagGW_tableContainer\">\n<div class=\"group TyagGW_tableWrapper flex flex-col-reverse w-fit\" tabindex=\"-1\">\n<table class=\"w-fit min-w-(--thread-content-width)\" data-start=\"1265\" data-end=\"1680\">\n<thead data-start=\"1265\" data-end=\"1303\">\n<tr data-start=\"1265\" data-end=\"1303\">\n<th class=\"\" data-start=\"1265\" data-end=\"1277\" data-col-size=\"sm\">Par\u00e2metro<\/th>\n<th class=\"\" data-start=\"1277\" data-end=\"1303\" data-col-size=\"sm\">SC\/UPC-SC\/UPC blindado<\/th>\n<\/tr>\n<\/thead>\n<tbody data-start=\"1332\" data-end=\"1680\">\n<tr data-start=\"1332\" data-end=\"1373\">\n<td data-start=\"1332\" data-end=\"1345\" data-col-size=\"sm\">Tipo de fibra<\/td>\n<td data-start=\"1345\" data-end=\"1373\" data-col-size=\"sm\">OS2 monomodo 9\/125 \u03bcm<\/td>\n<\/tr>\n<tr data-start=\"1374\" data-end=\"1415\">\n<td data-start=\"1374\" data-end=\"1391\" data-col-size=\"sm\">Tipo de conector<\/td>\n<td data-start=\"1391\" data-end=\"1415\" data-col-size=\"sm\">SC \/ UPC para SC \/ UPC<\/td>\n<\/tr>\n<tr data-start=\"1416\" data-end=\"1452\">\n<td data-start=\"1416\" data-end=\"1434\" data-col-size=\"sm\">Estrutura de cabos<\/td>\n<td data-start=\"1434\" data-end=\"1452\" data-col-size=\"sm\">Com armadura de metal<\/td>\n<\/tr>\n<tr data-start=\"1453\" data-end=\"1497\">\n<td data-start=\"1453\" data-end=\"1476\" data-col-size=\"sm\">Comprimento de onda operacional<\/td>\n<td data-start=\"1476\" data-end=\"1497\" data-col-size=\"sm\">1310 nm \/ 1550 nm<\/td>\n<\/tr>\n<tr data-start=\"1498\" data-end=\"1528\">\n<td data-start=\"1498\" data-end=\"1515\" data-col-size=\"sm\">Perda de inser\u00e7\u00e3o<\/td>\n<td data-start=\"1515\" data-end=\"1528\" data-col-size=\"sm\">\u2264 0,30 dB<\/td>\n<\/tr>\n<tr data-start=\"1529\" data-end=\"1554\">\n<td data-start=\"1529\" data-end=\"1543\" data-col-size=\"sm\">Perda de retorno<\/td>\n<td data-start=\"1543\" data-end=\"1554\" data-col-size=\"sm\">\u2265 50 dB<\/td>\n<\/tr>\n<tr data-start=\"1555\" data-end=\"1600\">\n<td data-start=\"1555\" data-end=\"1574\" data-col-size=\"sm\">Resist\u00eancia \u00e0 tra\u00e7\u00e3o<\/td>\n<td data-start=\"1574\" data-end=\"1600\" data-col-size=\"sm\">Alta (design blindado)<\/td>\n<\/tr>\n<tr data-start=\"1601\" data-end=\"1637\">\n<td data-start=\"1601\" data-end=\"1618\" data-col-size=\"sm\">Op\u00e7\u00f5es de jaqueta<\/td>\n<td data-start=\"1618\" data-end=\"1637\" data-col-size=\"sm\">LSZH \/ PE \/ PVC<\/td>\n<\/tr>\n<tr data-start=\"1638\" data-end=\"1680\">\n<td data-start=\"1638\" data-end=\"1651\" data-col-size=\"sm\">Conformidade<\/td>\n<td data-start=\"1651\" data-end=\"1680\" data-col-size=\"sm\">IEC, TIA-568, RoHS, REACH<\/td>\n<\/tr>\n<\/tbody>\n<\/table>\n<\/div>\n<\/div>\n<hr data-start=\"1682\" data-end=\"1685\" \/>\n<h3 data-start=\"1687\" data-end=\"1707\"><strong data-start=\"1691\" data-end=\"1707\">Aplicativos<\/strong><\/h3>\n<ul data-start=\"1709\" data-end=\"1861\">\n<li data-start=\"1709\" data-end=\"1735\">\n<p data-start=\"1711\" data-end=\"1735\"><strong data-start=\"1711\" data-end=\"1735\">Redes FTTH e FTTx<\/strong><\/p>\n<\/li>\n<li data-start=\"1736\" data-end=\"1765\">\n<p data-start=\"1738\" data-end=\"1765\"><strong data-start=\"1738\" data-end=\"1765\">Quadros de troca de telecomunica\u00e7\u00f5es<\/strong><\/p>\n<\/li>\n<li data-start=\"1766\" data-end=\"1799\">\n<p data-start=\"1768\" data-end=\"1799\"><strong data-start=\"1768\" data-end=\"1799\">Gabinetes de distribui\u00e7\u00e3o de fibra<\/strong><\/p>\n<\/li>\n<li data-start=\"1800\" data-end=\"1832\">\n<p data-start=\"1802\" data-end=\"1832\"><strong data-start=\"1802\" data-end=\"1832\">Conex\u00f5es cruzadas de data center<\/strong><\/p>\n<\/li>\n<li data-start=\"1833\" data-end=\"1861\">\n<p data-start=\"1835\" data-end=\"1861\"><strong data-start=\"1835\" data-end=\"1861\">Links de fibra industrial<\/strong><\/p>\n<\/li>\n<\/ul>\n<p data-start=\"1863\" data-end=\"1995\">Esse modelo \u00e9 amplamente utilizado por:<br \/>\n<strong data-start=\"1896\" data-end=\"1994\">operadoras de telecomunica\u00e7\u00f5es, integradores de rede, distribuidores, atacadistas, parceiros OEM e exportadores<\/strong>.<\/p>\n<hr data-start=\"1997\" data-end=\"2000\" \/>\n<h3 data-start=\"2002\" data-end=\"2049\"><strong data-start=\"2006\" data-end=\"2049\">Projetado para fornecimento por atacado e para projetos<\/strong><\/h3>\n<p data-start=\"2051\" data-end=\"2060\">Oferecemos:<\/p>\n<ul data-start=\"2061\" data-end=\"2211\">\n<li data-start=\"2061\" data-end=\"2085\">\n<p data-start=\"2063\" data-end=\"2085\"><strong data-start=\"2063\" data-end=\"2085\">Pre\u00e7os para pedidos em massa<\/strong><\/p>\n<\/li>\n<li data-start=\"2086\" data-end=\"2104\">\n<p data-start=\"2088\" data-end=\"2104\"><strong data-start=\"2088\" data-end=\"2104\">MOQ flex\u00edvel<\/strong><\/p>\n<\/li>\n<li data-start=\"2105\" data-end=\"2131\">\n<p data-start=\"2107\" data-end=\"2131\"><strong data-start=\"2107\" data-end=\"2131\">Produ\u00e7\u00e3o OEM \/ ODM<\/strong><\/p>\n<\/li>\n<li data-start=\"2132\" data-end=\"2173\">\n<p data-start=\"2134\" data-end=\"2173\"><strong data-start=\"2134\" data-end=\"2173\">Rotulagem privada e embalagem personalizada<\/strong><\/p>\n<\/li>\n<li data-start=\"2174\" data-end=\"2211\">\n<p data-start=\"2176\" data-end=\"2211\"><strong data-start=\"2176\" data-end=\"2211\">Fornecimento est\u00e1vel e de longo prazo da f\u00e1brica<\/strong><\/p>\n<\/li>\n<\/ul>\n<p data-start=\"2213\" data-end=\"2364\">Isso torna o patch cord blindado SC\/UPC-SC\/UPC ideal para <strong data-start=\"2272\" data-end=\"2363\">projetos de implanta\u00e7\u00e3o de rede, contratos de manuten\u00e7\u00e3o e programas de fornecimento internacional<\/strong>.<\/p>","protected":false},"excerpt":{"rendered":"<p data-start=\"66\" data-end=\"324\">O <strong data-start=\"70\" data-end=\"107\">Cabo de conex\u00e3o blindado SC\/UPC-SC\/UPC<\/strong> \u00e9 um <strong data-start=\"113\" data-end=\"154\">jumper \u00f3ptico de modo \u00fanico para servi\u00e7o pesado<\/strong> projetado para <strong data-start=\"170\" data-end=\"251\">salas de telecomunica\u00e7\u00f5es, distribui\u00e7\u00e3o de FTTH, data centers e redes de fibra industrial<\/strong> onde ambos <strong data-start=\"263\" data-end=\"310\">precis\u00e3o \u00f3ptica e prote\u00e7\u00e3o mec\u00e2nica<\/strong> s\u00e3o necess\u00e1rios.<\/p>\n<p data-start=\"326\" data-end=\"553\">Ao combinar <strong data-start=\"339\" data-end=\"364\">dois conectores SC\/UPC<\/strong> com um <strong data-start=\"372\" data-end=\"406\">estrutura de cabos com blindagem met\u00e1lica<\/strong>, esse modelo oferece <strong data-start=\"428\" data-end=\"458\">desempenho \u00f3ptico est\u00e1vel<\/strong> enquanto protege a fibra de <strong data-start=\"491\" data-end=\"552\">esmagamento, flex\u00e3o, danos causados por roedores e estresse na instala\u00e7\u00e3o<\/strong>.<\/p>\n<p data-start=\"555\" data-end=\"738\">Como um <strong data-start=\"560\" data-end=\"645\">Fabricante de fibra \u00f3ptica direto da f\u00e1brica, exportador por atacado e fornecedor OEM\/ODM<\/strong>, apoiamos <strong data-start=\"658\" data-end=\"737\">pedidos em massa, distribuidores, integradores de sistemas e parceiros de fornecimento global<\/strong>.<\/p>","protected":false},"featured_media":725,"comment_status":"open","ping_status":"closed","template":"","meta":[],"product_brand":[],"product_cat":[44],"product_tag":[],"class_list":{"0":"post-723","1":"product","2":"type-product","3":"status-publish","4":"has-post-thumbnail","6":"product_cat-multimode-fiber-optic-patch-cord","8":"first","9":"instock","10":"shipping-taxable","11":"product-type-simple"},"_links":{"self":[{"href":"https:\/\/www.fenxifiber.com\/pt\/wp-json\/wp\/v2\/product\/723","targetHints":{"allow":["GET"]}}],"collection":[{"href":"https:\/\/www.fenxifiber.com\/pt\/wp-json\/wp\/v2\/product"}],"about":[{"href":"https:\/\/www.fenxifiber.com\/pt\/wp-json\/wp\/v2\/types\/product"}],"replies":[{"embeddable":true,"href":"https:\/\/www.fenxifiber.com\/pt\/wp-json\/wp\/v2\/comments?post=723"}],"wp:featuredmedia":[{"embeddable":true,"href":"https:\/\/www.fenxifiber.com\/pt\/wp-json\/wp\/v2\/media\/725"}],"wp:attachment":[{"href":"https:\/\/www.fenxifiber.com\/pt\/wp-json\/wp\/v2\/media?parent=723"}],"wp:term":[{"taxonomy":"product_brand","embeddable":true,"href":"https:\/\/www.fenxifiber.com\/pt\/wp-json\/wp\/v2\/product_brand?post=723"},{"taxonomy":"product_cat","embeddable":true,"href":"https:\/\/www.fenxifiber.com\/pt\/wp-json\/wp\/v2\/product_cat?post=723"},{"taxonomy":"product_tag","embeddable":true,"href":"https:\/\/www.fenxifiber.com\/pt\/wp-json\/wp\/v2\/product_tag?post=723"}],"curies":[{"name":"wp","href":"https:\/\/api.w.org\/{rel}","templated":true}]}}