{"id":740,"date":"2026-02-04T00:51:28","date_gmt":"2026-02-04T00:51:28","guid":{"rendered":"https:\/\/www.fenxifiber.com\/?post_type=product&#038;p=740"},"modified":"2026-02-04T01:55:54","modified_gmt":"2026-02-04T01:55:54","slug":"lc-apc-lc-apc-sm-sx","status":"publish","type":"product","link":"https:\/\/www.fenxifiber.com\/pt\/product\/lc-apc-lc-apc-sm-sx\/","title":{"rendered":"Cabo de conex\u00e3o de fibra Simplex de modo \u00fanico LC\/APC para LC\/APC"},"content":{"rendered":"<h3 data-path-to-node=\"5\">O poder do conector LC verde<\/h3>\n<p data-path-to-node=\"6\">O conector \u201cLC\u201d revolucionou a rede ao reduzir pela metade o espa\u00e7o necess\u00e1rio em compara\u00e7\u00e3o com os conectores SC mais antigos. Quando voc\u00ea adiciona o <b data-path-to-node=\"6\" data-index-in-node=\"125\">APC (Contato F\u00edsico Angular)<\/b> identific\u00e1vel por seu inv\u00f3lucro verde, voc\u00ea obt\u00e9m uma conex\u00e3o que praticamente elimina a retrorreflex\u00e3o, o que \u00e9 vital para a estabilidade das fontes de laser de alta pot\u00eancia.<\/p>\n<hr data-path-to-node=\"7\" \/>\n<h3 data-path-to-node=\"8\">Dados t\u00e9cnicos de desempenho<\/h3>\n<p data-path-to-node=\"9\">Nossos jumpers LC\/APC s\u00e3o constru\u00eddos com fibra G.652.D\/G.657.A1 insens\u00edvel \u00e0 curvatura para garantir o desempenho mesmo em ambientes de roteamento apertados.<\/p>\n<table data-path-to-node=\"10\">\n<thead>\n<tr>\n<td><strong>Par\u00e2metro<\/strong><\/td>\n<td><strong>Especifica\u00e7\u00e3o<\/strong><\/td>\n<td><strong>Impacto no desempenho<\/strong><\/td>\n<\/tr>\n<\/thead>\n<tbody>\n<tr>\n<td><span data-path-to-node=\"10,1,0,0\"><b data-path-to-node=\"10,1,0,0\" data-index-in-node=\"0\">Tipo de conector<\/b><\/span><\/td>\n<td><span data-path-to-node=\"10,1,1,0\">LC\/APC para LC\/APC<\/span><\/td>\n<td><span data-path-to-node=\"10,1,2,0\">Design de encaixe de alta densidade<\/span><\/td>\n<\/tr>\n<tr>\n<td><span data-path-to-node=\"10,2,0,0\"><b data-path-to-node=\"10,2,0,0\" data-index-in-node=\"0\">Modo de fibra<\/b><\/span><\/td>\n<td><span data-path-to-node=\"10,2,1,0\">Modo \u00fanico (OS2)<\/span><\/td>\n<td><span data-path-to-node=\"10,2,2,0\">Suporte a 1310\/1550nm de longo alcance<\/span><\/td>\n<\/tr>\n<tr>\n<td><span data-path-to-node=\"10,3,0,0\"><b data-path-to-node=\"10,3,0,0\" data-index-in-node=\"0\">Perda de inser\u00e7\u00e3o<\/b><\/span><\/td>\n<td><span data-path-to-node=\"10,3,1,0\"><span class=\"math-inline\" data-math=\"\\leq 0.25 \\text{ dB}\" data-index-in-node=\"0\">$\\leq 0,25 \\text{ dB}$<\/span><\/span><\/td>\n<td><span data-path-to-node=\"10,3,2,0\">Baixa atenua\u00e7\u00e3o l\u00edder do setor<\/span><\/td>\n<\/tr>\n<tr>\n<td><span data-path-to-node=\"10,4,0,0\"><b data-path-to-node=\"10,4,0,0\" data-index-in-node=\"0\">Perda de retorno<\/b><\/span><\/td>\n<td><span data-path-to-node=\"10,4,1,0\"><span class=\"math-inline\" data-math=\"\\geq 65 \\text{ dB}\" data-index-in-node=\"0\">$\\geq 65 \\text{ dB}$<\/span><\/span><\/td>\n<td><span data-path-to-node=\"10,4,2,0\">M\u00e1xima pureza de sinal<\/span><\/td>\n<\/tr>\n<tr>\n<td><span data-path-to-node=\"10,5,0,0\"><b data-path-to-node=\"10,5,0,0\" data-index-in-node=\"0\">Di\u00e2metro do cabo<\/b><\/span><\/td>\n<td><span data-path-to-node=\"10,5,1,0\">2,0 mm \/ 3,0 mm<\/span><\/td>\n<td><span data-path-to-node=\"10,5,2,0\">Flex\u00edvel e f\u00e1cil de gerenciar<\/span><\/td>\n<\/tr>\n<tr>\n<td><span data-path-to-node=\"10,6,0,0\"><b data-path-to-node=\"10,6,0,0\" data-index-in-node=\"0\">Classifica\u00e7\u00e3o da jaqueta<\/b><\/span><\/td>\n<td><span data-path-to-node=\"10,6,1,0\">LSZH (amarelo)<\/span><\/td>\n<td><span data-path-to-node=\"10,6,2,0\">Seguro para espa\u00e7os internos\/fechados<\/span><\/td>\n<\/tr>\n<\/tbody>\n<\/table>\n<hr data-path-to-node=\"11\" \/>\n<h3 data-path-to-node=\"12\">Por que o LC\/APC-LC\/APC-SM-SX \u00e9 essencial<\/h3>\n<ul data-path-to-node=\"13\">\n<li>\n<p data-path-to-node=\"13,0,0\"><b data-path-to-node=\"13,0,0\" data-index-in-node=\"0\">Dobrar a densidade:<\/b> O ferrolho de cer\u00e2mica de 1,25 mm do conector LC permite que os engenheiros de rede encaixem o dobro de conex\u00f5es em um patch panel de 1U em compara\u00e7\u00e3o com os conectores SC ou FC.<\/p>\n<\/li>\n<li>\n<p data-path-to-node=\"13,1,0\"><b data-path-to-node=\"13,1,0\" data-index-in-node=\"0\">Perda de retorno superior:<\/b> Com uma perda de retorno que muitas vezes excede <b data-path-to-node=\"13,1,0\" data-index-in-node=\"57\">65dB<\/b>, Os cabos LC\/APC s\u00e3o obrigat\u00f3rios para aplica\u00e7\u00f5es sens\u00edveis, como GPON, transmiss\u00e3o de v\u00eddeo (CATV) e sistemas DWDM de longa dist\u00e2ncia.<\/p>\n<\/li>\n<li>\n<p data-path-to-node=\"13,2,0\"><b data-path-to-node=\"13,2,0\" data-index-in-node=\"0\">Trava de f\u00e1cil utiliza\u00e7\u00e3o:<\/b> O mecanismo de travamento do tipo \u201cpush-pull\u201d no estilo RJ45 proporciona um clique aud\u00edvel, garantindo que o conector esteja totalmente encaixado e seguro.<\/p>\n<\/li>\n<li>\n<p data-path-to-node=\"13,3,0\"><b data-path-to-node=\"13,3,0\" data-index-in-node=\"0\">100% Teste de geometria:<\/b> Cada cabo \u00e9 inspecionado na f\u00e1brica quanto \u00e0 concentricidade entre n\u00facleo e revestimento, garantindo que os min\u00fasculos n\u00facleos de 9\u03bcm se alinhem com precis\u00e3o microsc\u00f3pica.<\/p>\n<\/li>\n<\/ul>\n<hr data-path-to-node=\"14\" \/>\n<h3 data-path-to-node=\"15\">Perguntas e respostas de especialistas: Insights profissionais<\/h3>\n<p data-path-to-node=\"16\"><b data-path-to-node=\"16\" data-index-in-node=\"0\">P1: Posso usar um cabo LC\/APC com um transceptor LC\/UPC (azul) padr\u00e3o?<\/b><\/p>\n<p data-path-to-node=\"16\"><b data-path-to-node=\"16\" data-index-in-node=\"73\">A:<\/b> N\u00e3o. Essa \u00e9 a causa mais comum de falha na rede. O \u00e2ngulo de 8 graus do APC n\u00e3o fica nivelado com uma face plana do UPC, o que resulta em um <b data-path-to-node=\"16\" data-index-in-node=\"214\">Perda de -15dB a -20dB<\/b> e poss\u00edveis danos ao hardware. Sempre combine verde com verde.<\/p>\n<p data-path-to-node=\"17\"><b data-path-to-node=\"17\" data-index-in-node=\"0\">P2: Qual \u00e9 a vantagem do Simplex (SX) em rela\u00e7\u00e3o ao Duplex (DX) para LC?<\/b><\/p>\n<p data-path-to-node=\"17\"><b data-path-to-node=\"17\" data-index-in-node=\"65\">A:<\/b> Os cabos Simplex s\u00e3o ideais para <b data-path-to-node=\"17\" data-index-in-node=\"97\">BiDi (bidirecional)<\/b> transceptores, que enviam e recebem dados em um \u00fanico fio de fibra usando diferentes comprimentos de onda. Isso economiza espa\u00e7o e reduz a quantidade de cabeamento exigida pelo 50%.<\/p>\n<p data-path-to-node=\"18\"><b data-path-to-node=\"18\" data-index-in-node=\"0\">P3: Como a jaqueta \u201cLSZH\u201d lida com curvas apertadas em um rack?<\/b><\/p>\n<p data-path-to-node=\"18\"><b data-path-to-node=\"18\" data-index-in-node=\"61\">A:<\/b> Nossas jaquetas LSZH s\u00e3o projetadas para oferecer flexibilidade. No entanto, para cantos extremamente apertados, recomendamos nossas jaquetas <b data-path-to-node=\"18\" data-index-in-node=\"166\">G.657.A1 \u201cInsens\u00edvel a dobras\u201d<\/b> desse jumper LC\/APC, que mant\u00e9m a integridade do sinal mesmo com um raio de curvatura de 10 mm.<\/p>\n<p data-path-to-node=\"19\"><b data-path-to-node=\"19\" data-index-in-node=\"0\">Q4: Esse cabo \u00e9 compat\u00edvel com redes 400G?<\/b><\/p>\n<p data-path-to-node=\"19\"><b data-path-to-node=\"19\" data-index-in-node=\"49\">A:<\/b> Sim. Embora o 400G geralmente use conectores MPO\/MTP, o jumper de modo \u00fanico LC\/APC-LC\/APC \u00e9 usado com frequ\u00eancia em configura\u00e7\u00f5es de breakout ou para conectar transceptores 400G-FR4 que usam portas LC duplex\/simplex padr\u00e3o.<\/p>","protected":false},"excerpt":{"rendered":"<p data-path-to-node=\"4\">\u00c0 medida que as redes avan\u00e7am em dire\u00e7\u00e3o a densidades mais altas e velocidades mais r\u00e1pidas, o <b data-path-to-node=\"4\" data-index-in-node=\"64\">LC\/APC para LC\/APC Simplex de modo \u00fanico (SM SX)<\/b> tornou-se o link mais confi\u00e1vel do setor. Conhecido por seu \u201cSmall Form Factor\u201d (SFF) compacto e pela precis\u00e3o de seu polimento angular, esse cabo \u00e9 a principal escolha para conectar transceptores de alta velocidade, ODFs e pontos de distribui\u00e7\u00e3o FTTH.<\/p>\n<h3 data-path-to-node=\"5\"><\/h3>","protected":false},"featured_media":741,"comment_status":"open","ping_status":"closed","template":"","meta":[],"product_brand":[],"product_cat":[45],"product_tag":[],"class_list":{"0":"post-740","1":"product","2":"type-product","3":"status-publish","4":"has-post-thumbnail","6":"product_cat-single-mode-fiber-optic-patch-cord","8":"first","9":"instock","10":"shipping-taxable","11":"product-type-simple"},"_links":{"self":[{"href":"https:\/\/www.fenxifiber.com\/pt\/wp-json\/wp\/v2\/product\/740","targetHints":{"allow":["GET"]}}],"collection":[{"href":"https:\/\/www.fenxifiber.com\/pt\/wp-json\/wp\/v2\/product"}],"about":[{"href":"https:\/\/www.fenxifiber.com\/pt\/wp-json\/wp\/v2\/types\/product"}],"replies":[{"embeddable":true,"href":"https:\/\/www.fenxifiber.com\/pt\/wp-json\/wp\/v2\/comments?post=740"}],"wp:featuredmedia":[{"embeddable":true,"href":"https:\/\/www.fenxifiber.com\/pt\/wp-json\/wp\/v2\/media\/741"}],"wp:attachment":[{"href":"https:\/\/www.fenxifiber.com\/pt\/wp-json\/wp\/v2\/media?parent=740"}],"wp:term":[{"taxonomy":"product_brand","embeddable":true,"href":"https:\/\/www.fenxifiber.com\/pt\/wp-json\/wp\/v2\/product_brand?post=740"},{"taxonomy":"product_cat","embeddable":true,"href":"https:\/\/www.fenxifiber.com\/pt\/wp-json\/wp\/v2\/product_cat?post=740"},{"taxonomy":"product_tag","embeddable":true,"href":"https:\/\/www.fenxifiber.com\/pt\/wp-json\/wp\/v2\/product_tag?post=740"}],"curies":[{"name":"wp","href":"https:\/\/api.w.org\/{rel}","templated":true}]}}