{"id":748,"date":"2026-02-04T00:58:03","date_gmt":"2026-02-04T00:58:03","guid":{"rendered":"https:\/\/www.fenxifiber.com\/?post_type=product&#038;p=748"},"modified":"2026-02-04T01:42:57","modified_gmt":"2026-02-04T01:42:57","slug":"lc-upc-sc-upc-sm-sx","status":"publish","type":"product","link":"https:\/\/www.fenxifiber.com\/pt\/product\/lc-upc-sc-upc-sm-sx\/","title":{"rendered":"Cabo de conex\u00e3o de fibra \u00f3ptica monomodo LC\/UPC-SC\/UPC-SM-SX"},"content":{"rendered":"<h3 data-start=\"656\" data-end=\"708\"><strong data-start=\"660\" data-end=\"708\">Por que o LC para SC Simplex ainda est\u00e1 em alta demanda<\/strong><\/h3>\n<p data-start=\"710\" data-end=\"1041\">Os switches, roteadores e transceptores \u00f3pticos modernos usam <strong data-start=\"765\" data-end=\"777\">Portas LC<\/strong> para maximizar a densidade da porta, enquanto <strong data-start=\"810\" data-end=\"827\">Conectores SC<\/strong> permanecem padr\u00e3o em <strong data-start=\"847\" data-end=\"893\">pain\u00e9is de patch, caixas FTTH e ODFs de telecomunica\u00e7\u00f5es<\/strong>.<br data-start=\"894\" data-end=\"897\" \/>O <strong data-start=\"901\" data-end=\"925\">Projeto simplex LC-SC<\/strong> fornece um <strong data-start=\"937\" data-end=\"970\">caminho \u00f3ptico direto e de baixa perda<\/strong> sem adaptadores, reduzindo tanto o <strong data-start=\"1003\" data-end=\"1040\">perda de sinal e custo de instala\u00e7\u00e3o<\/strong>.<\/p>\n<hr data-start=\"1043\" data-end=\"1046\" \/>\n<h3 data-start=\"1048\" data-end=\"1080\"><strong data-start=\"1052\" data-end=\"1080\">Especifica\u00e7\u00f5es t\u00e9cnicas<\/strong><\/h3>\n<div class=\"TyagGW_tableContainer\">\n<div class=\"group TyagGW_tableWrapper flex flex-col-reverse w-fit\" tabindex=\"-1\">\n<table class=\"w-fit min-w-(--thread-content-width)\" data-start=\"1082\" data-end=\"1464\">\n<thead data-start=\"1082\" data-end=\"1117\">\n<tr data-start=\"1082\" data-end=\"1117\">\n<th class=\"\" data-start=\"1082\" data-end=\"1094\" data-col-size=\"sm\">Par\u00e2metro<\/th>\n<th class=\"\" data-start=\"1094\" data-end=\"1117\" data-col-size=\"sm\">LC\/UPC-SC\/UPC-SM-SX<\/th>\n<\/tr>\n<\/thead>\n<tbody data-start=\"1146\" data-end=\"1464\">\n<tr data-start=\"1146\" data-end=\"1187\">\n<td data-start=\"1146\" data-end=\"1159\" data-col-size=\"sm\">Tipo de fibra<\/td>\n<td data-start=\"1159\" data-end=\"1187\" data-col-size=\"sm\">OS2 monomodo 9\/125 \u03bcm<\/td>\n<\/tr>\n<tr data-start=\"1188\" data-end=\"1234\">\n<td data-start=\"1188\" data-end=\"1204\" data-col-size=\"sm\">Configura\u00e7\u00e3o<\/td>\n<td data-start=\"1204\" data-end=\"1234\" data-col-size=\"sm\">Simplex (SX, fibra \u00fanica)<\/td>\n<\/tr>\n<tr data-start=\"1235\" data-end=\"1261\">\n<td data-start=\"1235\" data-end=\"1249\" data-col-size=\"sm\">Conector A<\/td>\n<td data-start=\"1249\" data-end=\"1261\" data-col-size=\"sm\">LC \/ UPC<\/td>\n<\/tr>\n<tr data-start=\"1262\" data-end=\"1288\">\n<td data-start=\"1262\" data-end=\"1276\" data-col-size=\"sm\">Conector B<\/td>\n<td data-start=\"1276\" data-end=\"1288\" data-col-size=\"sm\">SC \/ UPC<\/td>\n<\/tr>\n<tr data-start=\"1289\" data-end=\"1333\">\n<td data-start=\"1289\" data-end=\"1312\" data-col-size=\"sm\">Comprimento de onda operacional<\/td>\n<td data-start=\"1312\" data-end=\"1333\" data-col-size=\"sm\">1310 nm \/ 1550 nm<\/td>\n<\/tr>\n<tr data-start=\"1334\" data-end=\"1364\">\n<td data-start=\"1334\" data-end=\"1351\" data-col-size=\"sm\">Perda de inser\u00e7\u00e3o<\/td>\n<td data-start=\"1351\" data-end=\"1364\" data-col-size=\"sm\">\u2264 0,30 dB<\/td>\n<\/tr>\n<tr data-start=\"1365\" data-end=\"1390\">\n<td data-start=\"1365\" data-end=\"1379\" data-col-size=\"sm\">Perda de retorno<\/td>\n<td data-start=\"1379\" data-end=\"1390\" data-col-size=\"sm\">\u2265 50 dB<\/td>\n<\/tr>\n<tr data-start=\"1391\" data-end=\"1422\">\n<td data-start=\"1391\" data-end=\"1408\" data-col-size=\"sm\">Op\u00e7\u00f5es de jaqueta<\/td>\n<td data-start=\"1408\" data-end=\"1422\" data-col-size=\"sm\">LSZH \/ PVC<\/td>\n<\/tr>\n<tr data-start=\"1423\" data-end=\"1464\">\n<td data-start=\"1423\" data-end=\"1435\" data-col-size=\"sm\">Padr\u00f5es<\/td>\n<td data-start=\"1435\" data-end=\"1464\" data-col-size=\"sm\">IEC, TIA-568, RoHS, REACH<\/td>\n<\/tr>\n<\/tbody>\n<\/table>\n<\/div>\n<\/div>\n<hr data-start=\"1466\" data-end=\"1469\" \/>\n<h3 data-start=\"1471\" data-end=\"1499\"><strong data-start=\"1475\" data-end=\"1499\">Aplica\u00e7\u00f5es t\u00edpicas<\/strong><\/h3>\n<ul data-start=\"1501\" data-end=\"1674\">\n<li data-start=\"1501\" data-end=\"1534\">\n<p data-start=\"1503\" data-end=\"1534\"><strong data-start=\"1503\" data-end=\"1534\">Redes de acesso FTTH e FTTx<\/strong><\/p>\n<\/li>\n<li data-start=\"1535\" data-end=\"1568\">\n<p data-start=\"1537\" data-end=\"1568\"><strong data-start=\"1537\" data-end=\"1568\">Quadros de distribui\u00e7\u00e3o de telecomunica\u00e7\u00f5es<\/strong><\/p>\n<\/li>\n<li data-start=\"1569\" data-end=\"1601\">\n<p data-start=\"1571\" data-end=\"1601\"><strong data-start=\"1571\" data-end=\"1601\">M\u00f3dulos \u00f3pticos SFP \/ SFP+<\/strong><\/p>\n<\/li>\n<li data-start=\"1602\" data-end=\"1643\">\n<p data-start=\"1604\" data-end=\"1643\"><strong data-start=\"1604\" data-end=\"1643\">Tomadas de parede de fibra e pain\u00e9is de conex\u00e3o<\/strong><\/p>\n<\/li>\n<li data-start=\"1644\" data-end=\"1674\">\n<p data-start=\"1646\" data-end=\"1674\"><strong data-start=\"1646\" data-end=\"1674\">Links de acesso ao data center<\/strong><\/p>\n<\/li>\n<\/ul>\n<p data-start=\"1676\" data-end=\"1815\">Esse modelo \u00e9 frequentemente comprado por:<br \/>\n<strong data-start=\"1715\" data-end=\"1814\">distribuidores de fibra, integradores de sistemas, empreiteiros de FTTH, f\u00e1bricas OEM e atacadistas de exporta\u00e7\u00e3o<\/strong>.<\/p>\n<hr data-start=\"1817\" data-end=\"1820\" \/>\n<h3 data-start=\"1822\" data-end=\"1869\"><strong data-start=\"1826\" data-end=\"1869\">Otimizado para fornecimento B2B e projetos OEM<\/strong><\/h3>\n<p data-start=\"1871\" data-end=\"1882\">N\u00f3s apoiamos:<\/p>\n<ul data-start=\"1883\" data-end=\"2058\">\n<li data-start=\"1883\" data-end=\"1900\">\n<p data-start=\"1885\" data-end=\"1900\"><strong data-start=\"1885\" data-end=\"1900\">Pedidos em massa<\/strong><\/p>\n<\/li>\n<li data-start=\"1901\" data-end=\"1919\">\n<p data-start=\"1903\" data-end=\"1919\"><strong data-start=\"1903\" data-end=\"1919\">MOQ flex\u00edvel<\/strong><\/p>\n<\/li>\n<li data-start=\"1920\" data-end=\"1949\">\n<p data-start=\"1922\" data-end=\"1949\"><strong data-start=\"1922\" data-end=\"1949\">Fabrica\u00e7\u00e3o OEM \/ ODM<\/strong><\/p>\n<\/li>\n<li data-start=\"1950\" data-end=\"1984\">\n<p data-start=\"1952\" data-end=\"1984\"><strong data-start=\"1952\" data-end=\"1984\">Embalagem e rotulagem privada<\/strong><\/p>\n<\/li>\n<li data-start=\"1985\" data-end=\"2028\">\n<p data-start=\"1987\" data-end=\"2028\"><strong data-start=\"1987\" data-end=\"2028\">Comprimentos de cabo e tipos de revestimento personalizados<\/strong><\/p>\n<\/li>\n<li data-start=\"2029\" data-end=\"2058\">\n<p data-start=\"2031\" data-end=\"2058\"><strong data-start=\"2031\" data-end=\"2058\">Fornecimento est\u00e1vel a longo prazo<\/strong><\/p>\n<\/li>\n<\/ul>\n<p data-start=\"2060\" data-end=\"2161\">Isso torna o LC\/UPC-SC\/UPC-SM-SX a escolha ideal para <strong data-start=\"2111\" data-end=\"2160\">aquisi\u00e7\u00e3o baseada em projetos e sourcing global<\/strong>.<\/p>\n<hr data-start=\"2163\" data-end=\"2166\" \/>\n<h2 data-start=\"2168\" data-end=\"2191\"><strong data-start=\"2171\" data-end=\"2191\">Perguntas frequentes profissionais<\/strong><\/h2>\n<p data-start=\"2193\" data-end=\"2324\"><strong data-start=\"2193\" data-end=\"2233\">P1: O que significa SX nesse modelo?<\/strong><br data-start=\"2233\" data-end=\"2236\" \/>SX significa <strong data-start=\"2250\" data-end=\"2261\">simplex<\/strong>, o que significa que o cabo tem <strong data-start=\"2285\" data-end=\"2298\">uma fibra<\/strong> em vez de um par duplex.<\/p>\n<p data-start=\"2326\" data-end=\"2490\"><strong data-start=\"2326\" data-end=\"2390\">P2: Esse cabo \u00e9 compat\u00edvel com redes FTTH e de telecomunica\u00e7\u00f5es?<\/strong><br data-start=\"2390\" data-end=\"2393\" \/>Sim. Ele usa <strong data-start=\"2406\" data-end=\"2431\">Fibra monomodo OS2<\/strong>, totalmente compat\u00edvel com <strong data-start=\"2455\" data-end=\"2489\">sistemas de telecomunica\u00e7\u00f5es, FTTH e PON<\/strong>.<\/p>\n<p data-start=\"2492\" data-end=\"2640\"><strong data-start=\"2492\" data-end=\"2542\">P3: Por que usar LC em uma extremidade e SC na outra?<\/strong><br data-start=\"2542\" data-end=\"2545\" \/>LC se encaixa <strong data-start=\"2553\" data-end=\"2582\">transceptores de alta densidade<\/strong>, enquanto o SC se conecta a <strong data-start=\"2605\" data-end=\"2639\">ODFs padr\u00e3o e tomadas de parede<\/strong>.<\/p>\n<p data-start=\"2642\" data-end=\"2763\"><strong data-start=\"2642\" data-end=\"2705\">Q4: Isso pode ser fornecido em embalagens OEM ou de marca pr\u00f3pria?<\/strong><br data-start=\"2705\" data-end=\"2708\" \/>Sim. N\u00f3s fornecemos <strong data-start=\"2724\" data-end=\"2762\">Marca de OEM, ODM e distribuidor<\/strong>.<\/p>\n<p data-start=\"2765\" data-end=\"2917\"><strong data-start=\"2765\" data-end=\"2821\">Q5: Ele \u00e9 adequado para transmiss\u00e3o de longa dist\u00e2ncia?<\/strong><br data-start=\"2821\" data-end=\"2824\" \/>Sim. A fibra monomodo OS2 suporta <strong data-start=\"2860\" data-end=\"2916\">quil\u00f4metros de transmiss\u00e3o com atenua\u00e7\u00e3o muito baixa<\/strong>.<\/p>\n<p data-start=\"2919\" data-end=\"3042\"><strong data-start=\"2919\" data-end=\"2957\">Q6: Quem normalmente compra esse modelo?<\/strong><br data-start=\"2957\" data-end=\"2960\" \/><strong data-start=\"2960\" data-end=\"3041\">Operadoras de telecomunica\u00e7\u00f5es, instaladores de FTTH, integradores de sistemas e atacadistas de fibra<\/strong>.<\/p>","protected":false},"excerpt":{"rendered":"<p data-start=\"63\" data-end=\"466\">O <strong data-start=\"67\" data-end=\"90\">LC\/UPC-SC\/UPC-SM-SX<\/strong> O patch cord \u00e9 um <strong data-start=\"107\" data-end=\"155\">jumper de modo \u00fanico simplex (SX) de fibra \u00fanica<\/strong> projetado para <strong data-start=\"169\" data-end=\"249\">FTTH, racks de telecomunica\u00e7\u00f5es, m\u00f3dulos \u00f3pticos e sistemas compactos de distribui\u00e7\u00e3o de fibra<\/strong>. Ele combina um <strong data-start=\"265\" data-end=\"298\">conector LC\/UPC de alta densidade<\/strong> em uma extremidade com um <strong data-start=\"317\" data-end=\"346\">conector SC\/UPC padr\u00e3o<\/strong> por outro, permitindo uma interconex\u00e3o perfeita entre <strong data-start=\"403\" data-end=\"465\">Equipamentos baseados em SFP e ODFs com termina\u00e7\u00e3o SC ou tomadas de parede<\/strong>.<\/p>\n<p data-start=\"468\" data-end=\"649\">Essa configura\u00e7\u00e3o \u00e9 amplamente usada por <strong data-start=\"505\" data-end=\"588\">integradores de sistemas, operadoras de telecomunica\u00e7\u00f5es, atacadistas e fabricantes de fibra OEM<\/strong> para <strong data-start=\"593\" data-end=\"648\">implementa\u00e7\u00f5es de rede econ\u00f4micas e com economia de espa\u00e7o<\/strong>.<\/p>","protected":false},"featured_media":749,"comment_status":"open","ping_status":"closed","template":"","meta":[],"product_brand":[],"product_cat":[44],"product_tag":[],"class_list":{"0":"post-748","1":"product","2":"type-product","3":"status-publish","4":"has-post-thumbnail","6":"product_cat-multimode-fiber-optic-patch-cord","8":"first","9":"instock","10":"shipping-taxable","11":"product-type-simple"},"_links":{"self":[{"href":"https:\/\/www.fenxifiber.com\/pt\/wp-json\/wp\/v2\/product\/748","targetHints":{"allow":["GET"]}}],"collection":[{"href":"https:\/\/www.fenxifiber.com\/pt\/wp-json\/wp\/v2\/product"}],"about":[{"href":"https:\/\/www.fenxifiber.com\/pt\/wp-json\/wp\/v2\/types\/product"}],"replies":[{"embeddable":true,"href":"https:\/\/www.fenxifiber.com\/pt\/wp-json\/wp\/v2\/comments?post=748"}],"wp:featuredmedia":[{"embeddable":true,"href":"https:\/\/www.fenxifiber.com\/pt\/wp-json\/wp\/v2\/media\/749"}],"wp:attachment":[{"href":"https:\/\/www.fenxifiber.com\/pt\/wp-json\/wp\/v2\/media?parent=748"}],"wp:term":[{"taxonomy":"product_brand","embeddable":true,"href":"https:\/\/www.fenxifiber.com\/pt\/wp-json\/wp\/v2\/product_brand?post=748"},{"taxonomy":"product_cat","embeddable":true,"href":"https:\/\/www.fenxifiber.com\/pt\/wp-json\/wp\/v2\/product_cat?post=748"},{"taxonomy":"product_tag","embeddable":true,"href":"https:\/\/www.fenxifiber.com\/pt\/wp-json\/wp\/v2\/product_tag?post=748"}],"curies":[{"name":"wp","href":"https:\/\/api.w.org\/{rel}","templated":true}]}}