{"id":759,"date":"2026-02-04T01:08:06","date_gmt":"2026-02-04T01:08:06","guid":{"rendered":"https:\/\/www.fenxifiber.com\/?post_type=product&#038;p=759"},"modified":"2026-02-04T02:11:09","modified_gmt":"2026-02-04T02:11:09","slug":"fc-upc-st-upc-sm-sx","status":"publish","type":"product","link":"https:\/\/www.fenxifiber.com\/pt\/product\/fc-upc-st-upc-sm-sx\/","title":{"rendered":"Confiabilidade garantida: Patch Cord de modo \u00fanico FC\/UPC para ST\/UPC"},"content":{"rendered":"<h2 data-path-to-node=\"6\">O hardware: Por que FC e ST?<\/h2>\n<ul data-path-to-node=\"7\">\n<li>\n<p data-path-to-node=\"7,0,0\"><b data-path-to-node=\"7,0,0\" data-index-in-node=\"0\">FC\/UPC (O Parafuso):<\/b> Originalmente projetado para telecomunica\u00e7\u00f5es, o conector FC usa um inv\u00f3lucro met\u00e1lico rosqueado. Uma vez aparafusado, ele n\u00e3o vai a lugar algum. \u00c9 a escolha preferida para equipamentos de teste sens\u00edveis e redes a bordo de navios.<\/p>\n<\/li>\n<li>\n<p data-path-to-node=\"7,1,0\"><b data-path-to-node=\"7,1,0\" data-index-in-node=\"0\">ST\/UPC (A baioneta):<\/b> O conector \u201cStraight Tip\u201d usa um mecanismo de trava de tor\u00e7\u00e3o no estilo BNC. Ele \u00e9 famoso por sua facilidade de uso em plantas industriais e backbones de campus, onde \u00e9 necess\u00e1ria uma conex\u00e3o robusta e com mola.<\/p>\n<\/li>\n<li>\n<p data-path-to-node=\"7,2,0\"><b data-path-to-node=\"7,2,0\" data-index-in-node=\"0\">UPC (Ultra Physical Contact):<\/b> Ambas as extremidades apresentam o cl\u00e1ssico <b data-path-to-node=\"7,2,0\" data-index-in-node=\"60\">Azul<\/b> Polimento UPC, garantindo um acabamento vidro a vidro de alta qualidade para a transmiss\u00e3o de dados digitais.<\/p>\n<\/li>\n<\/ul>\n<hr data-path-to-node=\"8\" \/>\n<h2 data-path-to-node=\"9\">Perfil de desempenho t\u00e9cnico<\/h2>\n<p data-path-to-node=\"10\">Mesmo com seu exterior robusto, o desempenho interno \u00e9 de vidro monomodo OS2 de alta precis\u00e3o.<\/p>\n<table data-path-to-node=\"11\">\n<thead>\n<tr>\n<td><strong>M\u00e9trico<\/strong><\/td>\n<td><strong>Especifica\u00e7\u00e3o<\/strong><\/td>\n<td><strong>Valor de engenharia<\/strong><\/td>\n<\/tr>\n<\/thead>\n<tbody>\n<tr>\n<td><span data-path-to-node=\"11,1,0,0\"><b data-path-to-node=\"11,1,0,0\" data-index-in-node=\"0\">Tipo de fibra<\/b><\/span><\/td>\n<td><span data-path-to-node=\"11,1,1,0\">Modo \u00fanico (OS2) 9\/125\u03bcm<\/span><\/td>\n<td><span data-path-to-node=\"11,1,2,0\">Capacidade para longas dist\u00e2ncias<\/span><\/td>\n<\/tr>\n<tr>\n<td><span data-path-to-node=\"11,2,0,0\"><b data-path-to-node=\"11,2,0,0\" data-index-in-node=\"0\">Perda de inser\u00e7\u00e3o<\/b><\/span><\/td>\n<td><span data-path-to-node=\"11,2,1,0\"><span class=\"math-inline\" data-math=\"\\leq 0.3 \\text{ dB}\" data-index-in-node=\"0\">$\\leq 0,3 \\text{ dB}$<\/span><\/span><\/td>\n<td><span data-path-to-node=\"11,2,2,0\">Atenua\u00e7\u00e3o m\u00ednima do sinal<\/span><\/td>\n<\/tr>\n<tr>\n<td><span data-path-to-node=\"11,3,0,0\"><b data-path-to-node=\"11,3,0,0\" data-index-in-node=\"0\">Perda de retorno<\/b><\/span><\/td>\n<td><span data-path-to-node=\"11,3,1,0\"><span class=\"math-inline\" data-math=\"\\geq 50 \\text{ dB}\" data-index-in-node=\"0\">$\\geq 50 \\text{ dB}$<\/span><\/span><\/td>\n<td><span data-path-to-node=\"11,3,2,0\">Otimizado para a pureza do sinal digital<\/span><\/td>\n<\/tr>\n<tr>\n<td><span data-path-to-node=\"11,4,0,0\"><b data-path-to-node=\"11,4,0,0\" data-index-in-node=\"0\">Material do conector<\/b><\/span><\/td>\n<td><span data-path-to-node=\"11,4,1,0\">Metal niquelado<\/span><\/td>\n<td><span data-path-to-node=\"11,4,2,0\">M\u00e1xima resist\u00eancia \u00e0 corros\u00e3o<\/span><\/td>\n<\/tr>\n<tr>\n<td><span data-path-to-node=\"11,5,0,0\"><b data-path-to-node=\"11,5,0,0\" data-index-in-node=\"0\">Tipo de jaqueta<\/b><\/span><\/td>\n<td><span data-path-to-node=\"11,5,1,0\">2,0 mm \/ 3,0 mm LSZH<\/span><\/td>\n<td><span data-path-to-node=\"11,5,2,0\">Classifica\u00e7\u00e3o de seguran\u00e7a para uso interno<\/span><\/td>\n<\/tr>\n<tr>\n<td><span data-path-to-node=\"11,6,0,0\"><b data-path-to-node=\"11,6,0,0\" data-index-in-node=\"0\">Durabilidade do acoplamento<\/b><\/span><\/td>\n<td><span data-path-to-node=\"11,6,1,0\"><span class=\"math-inline\" data-math=\"&gt; 1000\" data-index-in-node=\"0\">$&gt; 1000$<\/span> Ciclos<\/span><\/td>\n<td><span data-path-to-node=\"11,6,2,0\">Criado para ser repetidamente \u201cplug-and-play\u201d<\/span><\/td>\n<\/tr>\n<\/tbody>\n<\/table>\n<hr data-path-to-node=\"12\" \/>\n<h2 data-path-to-node=\"13\">Por que esse cabo supera as alternativas de pl\u00e1stico<\/h2>\n<h3 data-path-to-node=\"14\">1. Imunidade \u00e0 vibra\u00e7\u00e3o<\/h3>\n<p data-path-to-node=\"15\">Em ambientes como f\u00e1bricas ou data centers localizados perto de maquin\u00e1rio pesado, os clipes de pl\u00e1stico podem sofrer fadiga ou vibrar. A natureza met\u00e1lica e de travamento dos conectores FC e ST garante que o n\u00facleo da fibra permane\u00e7a perfeitamente centralizado.<\/p>\n<h3 data-path-to-node=\"16\">2. Anilhas de 2,5 mm de alta precis\u00e3o<\/h3>\n<p data-path-to-node=\"17\">Tanto a extremidade FC quanto a ST utilizam a ponteira de cer\u00e2mica maior, de 2,5 mm. Isso acrescenta \u00e1rea de superf\u00edcie f\u00edsica \u00e0 conex\u00e3o, tornando-a mais robusta do que as min\u00fasculas ponteiras de 1,25 mm encontradas nos conectores LC.<\/p>\n<h3 data-path-to-node=\"18\">3. O \u201cpadr\u00e3o\u201d para equipamentos de teste<\/h3>\n<p data-path-to-node=\"19\">A maioria dos OTDRs (Reflect\u00f4metros \u00f3pticos de dom\u00ednio de tempo) e fontes de luz de ponta utiliza uma interface FC devido \u00e0 sua repetibilidade. Esse cabo \u00e9 o \u201claunch lead\u201d perfeito para conectar esse equipamento a um painel de distribui\u00e7\u00e3o baseado em ST.<\/p>\n<hr data-path-to-node=\"20\" \/>\n<h2 data-path-to-node=\"21\">Perguntas e respostas de especialistas: Dicas profissionais<\/h2>\n<p data-path-to-node=\"22\"><b data-path-to-node=\"22\" data-index-in-node=\"0\">P: O conector ST estar\u00e1 \u201cdesatualizado\u201d em 2026?<\/b><\/p>\n<p data-path-to-node=\"22\"><b data-path-to-node=\"22\" data-index-in-node=\"43\">A:<\/b> De forma alguma. Embora o LC seja usado para <i data-path-to-node=\"22\" data-index-in-node=\"79\">densidade<\/i>, O ST \u00e9 usado para <i data-path-to-node=\"22\" data-index-in-node=\"103\">durabilidade<\/i>. Voc\u00ea ainda encontrar\u00e1 conectores ST como padr\u00e3o em sistemas de seguran\u00e7a, usinas de energia e aplica\u00e7\u00f5es militares porque a trava de tor\u00e7\u00e3o n\u00e3o quebra como as travas de pl\u00e1stico.<\/p>\n<p data-path-to-node=\"23\"><b data-path-to-node=\"23\" data-index-in-node=\"0\">P: Posso usar esse cabo monomodo (amarelo) com meu sistema multimodo (laranja\/aqua)?<\/b><\/p>\n<p data-path-to-node=\"23\"><b data-path-to-node=\"23\" data-index-in-node=\"85\">A:<\/b> <b data-path-to-node=\"23\" data-index-in-node=\"88\">N\u00e3o.<\/b> Voc\u00ea nunca deve misturar tipos de fibra. Um n\u00facleo monomodo (9\u03bcm) \u00e9 muito menor do que um n\u00facleo multimodo (50\u03bcm ou 62,5\u03bcm). O uso desse cabo em um sistema multimodo causar\u00e1 perda extrema de sinal (at\u00e9 90%).<\/p>\n<p data-path-to-node=\"24\"><b data-path-to-node=\"24\" data-index-in-node=\"0\">P: Qual \u00e9 a vantagem do design \u201cSimplex\u201d aqui?<\/b><\/p>\n<p data-path-to-node=\"24\"><b data-path-to-node=\"24\" data-index-in-node=\"53\">A:<\/b> Simplex (SX) \u00e9 o padr\u00e3o para dados de sensores unidirecionais ou comunica\u00e7\u00e3o BiDi (bidirecional). Ele torna o cabo mais leve e mais f\u00e1cil de passar por condu\u00edtes apertados em compara\u00e7\u00e3o com um volumoso cabo duplex com z\u00edper.<\/p>\n<p data-path-to-node=\"25\"><b data-path-to-node=\"25\" data-index-in-node=\"0\">P: O polimento \u201cUPC\u201d funciona com portas \u201cAPC\u201d?<\/b><\/p>\n<p data-path-to-node=\"25\"><b data-path-to-node=\"25\" data-index-in-node=\"48\">A:<\/b> <b data-path-to-node=\"25\" data-index-in-node=\"51\">Nunca.<\/b> A conex\u00e3o de um conector azul (UPC) em uma porta verde (APC) resultar\u00e1 em um espa\u00e7o de ar que reflete a luz de volta para o laser, podendo danificar o equipamento. Sempre combine azul com azul.<\/p>","protected":false},"excerpt":{"rendered":"<p data-path-to-node=\"4\">No campo da fibra \u00f3ptica, algumas conex\u00f5es exigem mais do que apenas um \u201cclique\u201d - elas exigem uma trava mec\u00e2nica. O <b data-path-to-node=\"4\" data-index-in-node=\"116\">FC\/UPC para ST\/UPC-SM-SX<\/b> \u00e9 uma solu\u00e7\u00e3o h\u00edbrida projetada para unir dois dos tipos de conectores mais seguros fisicamente j\u00e1 projetados.<\/p>\n<p data-path-to-node=\"5\">Ao combinar o <b data-path-to-node=\"5\" data-index-in-node=\"17\">FC rosqueado com rosca<\/b> com o <b data-path-to-node=\"5\" data-index-in-node=\"47\">trava de tor\u00e7\u00e3o tipo baioneta ST<\/b>, Com o cabo de fibra \u00f3ptica, esse cabo fornece um caminho de luz ultraest\u00e1vel para redes monomodo que est\u00e3o sujeitas a movimento, vibra\u00e7\u00e3o ou manuseio frequente.<\/p>","protected":false},"featured_media":761,"comment_status":"open","ping_status":"closed","template":"","meta":[],"product_brand":[],"product_cat":[45],"product_tag":[],"class_list":{"0":"post-759","1":"product","2":"type-product","3":"status-publish","4":"has-post-thumbnail","6":"product_cat-single-mode-fiber-optic-patch-cord","8":"first","9":"instock","10":"shipping-taxable","11":"product-type-simple"},"_links":{"self":[{"href":"https:\/\/www.fenxifiber.com\/pt\/wp-json\/wp\/v2\/product\/759","targetHints":{"allow":["GET"]}}],"collection":[{"href":"https:\/\/www.fenxifiber.com\/pt\/wp-json\/wp\/v2\/product"}],"about":[{"href":"https:\/\/www.fenxifiber.com\/pt\/wp-json\/wp\/v2\/types\/product"}],"replies":[{"embeddable":true,"href":"https:\/\/www.fenxifiber.com\/pt\/wp-json\/wp\/v2\/comments?post=759"}],"wp:featuredmedia":[{"embeddable":true,"href":"https:\/\/www.fenxifiber.com\/pt\/wp-json\/wp\/v2\/media\/761"}],"wp:attachment":[{"href":"https:\/\/www.fenxifiber.com\/pt\/wp-json\/wp\/v2\/media?parent=759"}],"wp:term":[{"taxonomy":"product_brand","embeddable":true,"href":"https:\/\/www.fenxifiber.com\/pt\/wp-json\/wp\/v2\/product_brand?post=759"},{"taxonomy":"product_cat","embeddable":true,"href":"https:\/\/www.fenxifiber.com\/pt\/wp-json\/wp\/v2\/product_cat?post=759"},{"taxonomy":"product_tag","embeddable":true,"href":"https:\/\/www.fenxifiber.com\/pt\/wp-json\/wp\/v2\/product_tag?post=759"}],"curies":[{"name":"wp","href":"https:\/\/api.w.org\/{rel}","templated":true}]}}