{"id":767,"date":"2026-02-04T01:20:47","date_gmt":"2026-02-04T01:20:47","guid":{"rendered":"https:\/\/www.fenxifiber.com\/?post_type=product&#038;p=767"},"modified":"2026-02-04T02:12:09","modified_gmt":"2026-02-04T02:12:09","slug":"fc-upc-fc-apc-sm-sx","status":"publish","type":"product","link":"https:\/\/www.fenxifiber.com\/pt\/product\/fc-upc-fc-apc-sm-sx\/","title":{"rendered":"Cabo de conex\u00e3o de fibra simplex de modo \u00fanico FC\/UPC para FC\/APC"},"content":{"rendered":"<h2 data-path-to-node=\"5\">Por que o FC-FC Hybrid?<\/h2>\n<p data-path-to-node=\"6\">Embora o setor tenha visto um aumento nos conectores de pl\u00e1stico, o <b data-path-to-node=\"6\" data-index-in-node=\"62\">FC (conector de ponteira)<\/b> continua sendo o rei da estabilidade. Seu acoplamento met\u00e1lico do tipo parafuso garante que a conex\u00e3o seja praticamente imune \u00e0 vibra\u00e7\u00e3o, tornando-o o padr\u00e3o para:<\/p>\n<ul data-path-to-node=\"7\">\n<li>\n<p data-path-to-node=\"7,0,0\"><b data-path-to-node=\"7,0,0\" data-index-in-node=\"0\">Teste e medi\u00e7\u00e3o:<\/b> Conex\u00e3o de OTDRs a redes baseadas em APC.<\/p>\n<\/li>\n<li>\n<p data-path-to-node=\"7,1,0\"><b data-path-to-node=\"7,1,0\" data-index-in-node=\"0\">Automa\u00e7\u00e3o industrial:<\/b> Ambientes de alta vibra\u00e7\u00e3o onde os clipes podem falhar.<\/p>\n<\/li>\n<li>\n<p data-path-to-node=\"7,2,0\"><b data-path-to-node=\"7,2,0\" data-index-in-node=\"0\">Mar\u00edtimo e aeroespacial:<\/b> Quando o travamento mec\u00e2nico for um requisito de seguran\u00e7a.<\/p>\n<\/li>\n<\/ul>\n<hr data-path-to-node=\"8\" \/>\n<h2 data-path-to-node=\"9\">Especifica\u00e7\u00f5es t\u00e9cnicas de desempenho<\/h2>\n<p data-path-to-node=\"10\">Operando na refer\u00eancia 2026 do setor, esse jumper monomodo OS2 foi criado para oferecer precis\u00e3o.<\/p>\n<table data-path-to-node=\"11\">\n<thead>\n<tr>\n<td><strong>Par\u00e2metro<\/strong><\/td>\n<td><strong>Lado FC\/UPC (azul)<\/strong><\/td>\n<td><strong>Lado FC\/APC (verde)<\/strong><\/td>\n<td><strong>Benef\u00edcio t\u00e9cnico<\/strong><\/td>\n<\/tr>\n<\/thead>\n<tbody>\n<tr>\n<td><span data-path-to-node=\"11,1,0,0\"><b data-path-to-node=\"11,1,0,0\" data-index-in-node=\"0\">Tipo de polon\u00eas<\/b><\/span><\/td>\n<td><span data-path-to-node=\"11,1,1,0\">Contato ultraf\u00edsico<\/span><\/td>\n<td><span data-path-to-node=\"11,1,2,0\">Contato f\u00edsico com \u00e2ngulo de 8\u00b0<\/span><\/td>\n<td><span data-path-to-node=\"11,1,3,0\">Pontes de portas de perda padr\u00e3o e de alto retorno<\/span><\/td>\n<\/tr>\n<tr>\n<td><span data-path-to-node=\"11,2,0,0\"><b data-path-to-node=\"11,2,0,0\" data-index-in-node=\"0\">Perda de retorno<\/b><\/span><\/td>\n<td><span data-path-to-node=\"11,2,1,0\"><span class=\"math-inline\" data-math=\"\\geq 50 \\text{ dB}\" data-index-in-node=\"0\">$\\geq 50 \\text{ dB}$<\/span><\/span><\/td>\n<td><span data-path-to-node=\"11,2,2,0\"><span class=\"math-inline\" data-math=\"\\geq 60 \\text{ dB}\" data-index-in-node=\"0\">$\\geq 60 \\text{ dB}$<\/span><\/span><\/td>\n<td><span data-path-to-node=\"11,2,3,0\">Protege lasers sens\u00edveis contra a reflex\u00e3o traseira<\/span><\/td>\n<\/tr>\n<tr>\n<td><span data-path-to-node=\"11,3,0,0\"><b data-path-to-node=\"11,3,0,0\" data-index-in-node=\"0\">Perda de inser\u00e7\u00e3o<\/b><\/span><\/td>\n<td><span data-path-to-node=\"11,3,1,0\"><span class=\"math-inline\" data-math=\"\\leq 0.3 \\text{ dB}\" data-index-in-node=\"0\">$\\leq 0,3 \\text{ dB}$<\/span><\/span><\/td>\n<td><span data-path-to-node=\"11,3,2,0\"><span class=\"math-inline\" data-math=\"\\leq 0.3 \\text{ dB}\" data-index-in-node=\"0\">$\\leq 0,3 \\text{ dB}$<\/span><\/span><\/td>\n<td><span data-path-to-node=\"11,3,3,0\">Garante a intensidade m\u00e1xima do sinal<\/span><\/td>\n<\/tr>\n<tr>\n<td><span data-path-to-node=\"11,4,0,0\"><b data-path-to-node=\"11,4,0,0\" data-index-in-node=\"0\">N\u00facleo de fibra<\/b><\/span><\/td>\n<td><span data-path-to-node=\"11,4,1,0\">9\/125\u03bcm (OS2)<\/span><\/td>\n<td><span data-path-to-node=\"11,4,2,0\">9\/125\u03bcm (OS2)<\/span><\/td>\n<td><span data-path-to-node=\"11,4,3,0\">Desempenho consistente em modo \u00fanico<\/span><\/td>\n<\/tr>\n<tr>\n<td><span data-path-to-node=\"11,5,0,0\"><b data-path-to-node=\"11,5,0,0\" data-index-in-node=\"0\">Alojamento<\/b><\/span><\/td>\n<td><span data-path-to-node=\"11,5,1,0\">Metal niquelado<\/span><\/td>\n<td><span data-path-to-node=\"11,5,2,0\">Metal niquelado<\/span><\/td>\n<td><span data-path-to-node=\"11,5,3,0\">M\u00e1xima durabilidade mec\u00e2nica<\/span><\/td>\n<\/tr>\n<tr>\n<td><span data-path-to-node=\"11,6,0,0\"><b data-path-to-node=\"11,6,0,0\" data-index-in-node=\"0\">Jaqueta<\/b><\/span><\/td>\n<td><span data-path-to-node=\"11,6,1,0\">2,0 mm\/3,0 mm LSZH<\/span><\/td>\n<td><span data-path-to-node=\"11,6,2,0\">2,0 mm\/3,0 mm LSZH<\/span><\/td>\n<td><span data-path-to-node=\"11,6,3,0\">Flex\u00edvel e \u00e0 prova de fogo<\/span><\/td>\n<\/tr>\n<\/tbody>\n<\/table>\n<hr data-path-to-node=\"12\" \/>\n<h2 data-path-to-node=\"13\">Principais vantagens do produto<\/h2>\n<h3 data-path-to-node=\"14\">1. Seguran\u00e7a \u00e0 prova de vibra\u00e7\u00e3o<\/h3>\n<p data-path-to-node=\"15\">Diferentemente dos conectores push-pull (SC ou LC), a porca rosqueada do FC fornece uma press\u00e3o constante e travada na ponteira de cer\u00e2mica de 2,5 mm. Isso garante que o n\u00facleo da fibra de 9 m\u00edcrons permane\u00e7a perfeitamente alinhado, mesmo em ambientes adversos.<\/p>\n<h3 data-path-to-node=\"16\">2. O escudo \u201cBack-Reflection<\/h3>\n<p data-path-to-node=\"17\">Ao fornecer um <b data-path-to-node=\"17\" data-index-in-node=\"16\">APC (Verde)<\/b> Na extremidade, esse cabo permite que voc\u00ea se conecte a transmissores de alta pot\u00eancia que exigem um <span class=\"math-inline\" data-math=\"&gt;60\\text{dB}\" data-index-in-node=\"108\">$&gt;60\\text{dB}$<\/span> perda de retorno para evitar danos ao laser e, ao mesmo tempo, fazer interface com o padr\u00e3o <b data-path-to-node=\"17\" data-index-in-node=\"196\">UPC (azul)<\/b> equipamento na outra extremidade.<\/p>\n<h3 data-path-to-node=\"18\">3. N\u00facleo de fibra G.652.D \/ G.657.A1<\/h3>\n<p data-path-to-node=\"19\">Usamos fibra monomodo premium que suporta todos os comprimentos de onda padr\u00e3o (<span class=\"math-inline\" data-math=\"1310\\text{nm}\" data-index-in-node=\"73\">$1310\\text{nm}$<\/span>, <span class=\"math-inline\" data-math=\"1490\\text{nm}\" data-index-in-node=\"88\">$1490\\text{nm}$<\/span>, <span class=\"math-inline\" data-math=\"1550\\text{nm}\" data-index-in-node=\"103\">$1550\\text{nm}$<\/span>), tornando-o preparado para o futuro para transmiss\u00e3o de dados e v\u00eddeo em alta velocidade.<\/p>\n<hr data-path-to-node=\"20\" \/>\n<h2 data-path-to-node=\"21\">Perguntas e respostas profissionais: Insights do campo<\/h2>\n<p data-path-to-node=\"22\"><b data-path-to-node=\"22\" data-index-in-node=\"0\">P1: Posso usar esse cabo para conectar meu patch panel FC azul a um medidor de energia FC verde?<\/b><\/p>\n<p data-path-to-node=\"22\"><b data-path-to-node=\"22\" data-index-in-node=\"86\">A:<\/b> Sim, \u00e9 exatamente para isso que esse cabo foi projetado. Ele garante que o lado \u201cazul\u201d da sua rede possa se comunicar com o lado \u201cverde\u201d do seu equipamento de teste ou hardware de alta sensibilidade sem causar um espa\u00e7o de ar.<\/p>\n<p data-path-to-node=\"23\"><b data-path-to-node=\"23\" data-index-in-node=\"0\">P2: O que acontece se eu usar um cabo FC\/UPC-FC\/UPC padr\u00e3o?<\/b><\/p>\n<p data-path-to-node=\"23\"><b data-path-to-node=\"23\" data-index-in-node=\"66\">A:<\/b> Se voc\u00ea conectar um conector UPC (azul) em uma porta APC (verde), a extremidade plana atingir\u00e1 a extremidade angular em um \u00fanico ponto, criando um grande espa\u00e7o de ar. Isso resulta em <b data-path-to-node=\"23\" data-index-in-node=\"238\">alta perda de inser\u00e7\u00e3o<\/b> e enorme reflex\u00e3o traseira, que pode interromper seu sinal ou danificar o hardware.<\/p>\n<p data-path-to-node=\"24\"><b data-path-to-node=\"24\" data-index-in-node=\"0\">P3: A vers\u00e3o \u201cSimplex\u201d (SX) \u00e9 dur\u00e1vel o suficiente para uso industrial?<\/b><\/p>\n<p data-path-to-node=\"24\"><b data-path-to-node=\"24\" data-index-in-node=\"69\">A:<\/b> Com certeza. Como as duas extremidades s\u00e3o conectores FC met\u00e1licos e o revestimento \u00e9 normalmente <b data-path-to-node=\"24\" data-index-in-node=\"155\">3,0 mm LSZH<\/b>, O jumper LC duplex \u00e9 muito mais resistente do que um jumper LC duplex padr\u00e3o. Ele foi desenvolvido para suportar o manuseio repetido e o estresse mec\u00e2nico.<\/p>\n<p data-path-to-node=\"25\"><b data-path-to-node=\"25\" data-index-in-node=\"0\">Q4: Como fa\u00e7o para manter esses conectores met\u00e1licos?<\/b><\/p>\n<p data-path-to-node=\"25\"><b data-path-to-node=\"25\" data-index-in-node=\"49\">A:<\/b> Como eles s\u00e3o aparafusados, certifique-se de n\u00e3o apert\u00e1-los demais. O aperto manual \u00e9 suficiente. Al\u00e9m disso, como as ponteiras FC ficam expostas quando desconectadas, sempre use as tampas contra poeira fornecidas para evitar arranh\u00f5es nas pontas de cer\u00e2mica.<\/p>","protected":false},"excerpt":{"rendered":"<p data-path-to-node=\"4\">No mundo da fibra de alto desempenho, nem todas as portas \u201cverdes\u201d funcionam bem com as portas \u201cazuis\u201d. A porta <b data-path-to-node=\"4\" data-index-in-node=\"94\">FC\/UPC-FC\/APC-SM-SX<\/b> \u00e9 um cabo de convers\u00e3o especializado que resolve o problema da \u201cincompatibilidade de polon\u00eas\u201d. Apresentando uma rosca met\u00e1lica <b data-path-to-node=\"4\" data-index-in-node=\"222\">FC\/UPC (azul)<\/b> em uma extremidade e um conector <b data-path-to-node=\"4\" data-index-in-node=\"264\">FC\/APC (verde)<\/b> por outro, esse jumper permite uma conex\u00e3o direta e de baixa perda entre diferentes padr\u00f5es \u00f3pticos sem a necessidade de adaptadores de degrada\u00e7\u00e3o de sinal.<\/p>\n<h2 data-path-to-node=\"5\"><\/h2>","protected":false},"featured_media":768,"comment_status":"open","ping_status":"closed","template":"","meta":[],"product_brand":[],"product_cat":[45],"product_tag":[],"class_list":{"0":"post-767","1":"product","2":"type-product","3":"status-publish","4":"has-post-thumbnail","6":"product_cat-single-mode-fiber-optic-patch-cord","8":"first","9":"instock","10":"shipping-taxable","11":"product-type-simple"},"_links":{"self":[{"href":"https:\/\/www.fenxifiber.com\/pt\/wp-json\/wp\/v2\/product\/767","targetHints":{"allow":["GET"]}}],"collection":[{"href":"https:\/\/www.fenxifiber.com\/pt\/wp-json\/wp\/v2\/product"}],"about":[{"href":"https:\/\/www.fenxifiber.com\/pt\/wp-json\/wp\/v2\/types\/product"}],"replies":[{"embeddable":true,"href":"https:\/\/www.fenxifiber.com\/pt\/wp-json\/wp\/v2\/comments?post=767"}],"wp:featuredmedia":[{"embeddable":true,"href":"https:\/\/www.fenxifiber.com\/pt\/wp-json\/wp\/v2\/media\/768"}],"wp:attachment":[{"href":"https:\/\/www.fenxifiber.com\/pt\/wp-json\/wp\/v2\/media?parent=767"}],"wp:term":[{"taxonomy":"product_brand","embeddable":true,"href":"https:\/\/www.fenxifiber.com\/pt\/wp-json\/wp\/v2\/product_brand?post=767"},{"taxonomy":"product_cat","embeddable":true,"href":"https:\/\/www.fenxifiber.com\/pt\/wp-json\/wp\/v2\/product_cat?post=767"},{"taxonomy":"product_tag","embeddable":true,"href":"https:\/\/www.fenxifiber.com\/pt\/wp-json\/wp\/v2\/product_tag?post=767"}],"curies":[{"name":"wp","href":"https:\/\/api.w.org\/{rel}","templated":true}]}}