{"id":769,"date":"2026-02-04T01:24:01","date_gmt":"2026-02-04T01:24:01","guid":{"rendered":"https:\/\/www.fenxifiber.com\/?post_type=product&#038;p=769"},"modified":"2026-02-04T02:12:43","modified_gmt":"2026-02-04T02:12:43","slug":"sc-upc-sc-apc-sm-sx","status":"publish","type":"product","link":"https:\/\/www.fenxifiber.com\/pt\/product\/sc-upc-sc-apc-sm-sx\/","title":{"rendered":"Cabo de conex\u00e3o de fibra simplex de modo \u00fanico SC\/UPC para SC\/APC"},"content":{"rendered":"<h2 data-path-to-node=\"6\">A l\u00f3gica h\u00edbrida: O azul encontra o verde<\/h2>\n<ul data-path-to-node=\"7\">\n<li>\n<p data-path-to-node=\"7,0,0\"><b data-path-to-node=\"7,0,0\" data-index-in-node=\"0\">SC\/UPC (azul):<\/b> A extremidade \u201cUltra Physical Contact\u201d. \u00c9 o padr\u00e3o para transmiss\u00e3o geral de dados digitais e LANs corporativas em que um polimento plano e de alta precis\u00e3o \u00e9 suficiente.<\/p>\n<\/li>\n<li>\n<p data-path-to-node=\"7,1,0\"><b data-path-to-node=\"7,1,0\" data-index-in-node=\"0\">SC\/APC (Verde):<\/b> A extremidade \u201cAngled Physical Contact\u201d (contato f\u00edsico angular). Com uma inclina\u00e7\u00e3o de 8 graus, \u00e9 obrigat\u00f3ria para CATV, GPON e sistemas de alta taxa de bits para eliminar a reflex\u00e3o traseira.<\/p>\n<\/li>\n<li>\n<p data-path-to-node=\"7,2,0\"><b data-path-to-node=\"7,2,0\" data-index-in-node=\"0\">SM SX (Simplex de modo \u00fanico):<\/b> Um \u00fanico fio de fibra OS2 de 9\/125\u03bcm que suporta comunica\u00e7\u00e3o de longa dist\u00e2ncia com capacidade de largura de banda quase infinita.<\/p>\n<\/li>\n<\/ul>\n<hr data-path-to-node=\"8\" \/>\n<h2 data-path-to-node=\"9\">Detalhamento do desempenho t\u00e9cnico<\/h2>\n<p data-path-to-node=\"10\">Para um link confi\u00e1vel, a transi\u00e7\u00e3o entre UPC e APC deve ser perfeita. Nossos cabos atendem aos seguintes padr\u00f5es de refer\u00eancia do setor para 2026:<\/p>\n<table data-path-to-node=\"11\">\n<thead>\n<tr>\n<td><strong>Especifica\u00e7\u00e3o<\/strong><\/td>\n<td><strong>Lado SC\/UPC<\/strong><\/td>\n<td><strong>Lado SC\/APC<\/strong><\/td>\n<td><strong>Benef\u00edcio profissional<\/strong><\/td>\n<\/tr>\n<\/thead>\n<tbody>\n<tr>\n<td><span data-path-to-node=\"11,1,0,0\"><b data-path-to-node=\"11,1,0,0\" data-index-in-node=\"0\">Cor do conector<\/b><\/span><\/td>\n<td><span data-path-to-node=\"11,1,1,0\">Azul<\/span><\/td>\n<td><span data-path-to-node=\"11,1,2,0\">Verde<\/span><\/td>\n<td><span data-path-to-node=\"11,1,3,0\">Correspond\u00eancia visual instant\u00e2nea de portas<\/span><\/td>\n<\/tr>\n<tr>\n<td><span data-path-to-node=\"11,2,0,0\"><b data-path-to-node=\"11,2,0,0\" data-index-in-node=\"0\">Perda de retorno<\/b><\/span><\/td>\n<td><span data-path-to-node=\"11,2,1,0\"><span class=\"math-inline\" data-math=\"\\geq 50 \\text{ dB}\" data-index-in-node=\"0\">$\\geq 50 \\text{ dB}$<\/span><\/span><\/td>\n<td><span data-path-to-node=\"11,2,2,0\"><span class=\"math-inline\" data-math=\"\\geq 65 \\text{ dB}\" data-index-in-node=\"0\">$\\geq 65 \\text{ dB}$<\/span><\/span><\/td>\n<td><span data-path-to-node=\"11,2,3,0\">Protege os lasers da fonte contra ru\u00eddos<\/span><\/td>\n<\/tr>\n<tr>\n<td><span data-path-to-node=\"11,3,0,0\"><b data-path-to-node=\"11,3,0,0\" data-index-in-node=\"0\">Perda de inser\u00e7\u00e3o<\/b><\/span><\/td>\n<td><span data-path-to-node=\"11,3,1,0\"><span class=\"math-inline\" data-math=\"\\leq 0.3 \\text{ dB}\" data-index-in-node=\"0\">$\\leq 0,3 \\text{ dB}$<\/span><\/span><\/td>\n<td><span data-path-to-node=\"11,3,2,0\"><span class=\"math-inline\" data-math=\"\\leq 0.3 \\text{ dB}\" data-index-in-node=\"0\">$\\leq 0,3 \\text{ dB}$<\/span><\/span><\/td>\n<td><span data-path-to-node=\"11,3,3,0\">Atenua\u00e7\u00e3o m\u00ednima do sinal de luz<\/span><\/td>\n<\/tr>\n<tr>\n<td><span data-path-to-node=\"11,4,0,0\"><b data-path-to-node=\"11,4,0,0\" data-index-in-node=\"0\">Grau de fibra<\/b><\/span><\/td>\n<td><span data-path-to-node=\"11,4,1,0\">OS2 (9\/125\u03bcm)<\/span><\/td>\n<td><span data-path-to-node=\"11,4,2,0\">OS2 (9\/125\u03bcm)<\/span><\/td>\n<td><span data-path-to-node=\"11,4,3,0\">Compat\u00edvel com G.652.D\/G.657.A1<\/span><\/td>\n<\/tr>\n<tr>\n<td><span data-path-to-node=\"11,5,0,0\"><b data-path-to-node=\"11,5,0,0\" data-index-in-node=\"0\">Material da jaqueta<\/b><\/span><\/td>\n<td><span data-path-to-node=\"11,5,1,0\">LSZH (amarelo)<\/span><\/td>\n<td><span data-path-to-node=\"11,5,2,0\">LSZH (amarelo)<\/span><\/td>\n<td><span data-path-to-node=\"11,5,3,0\">Seguro contra inc\u00eandios e pronto para o c\u00f3digo de constru\u00e7\u00e3o<\/span><\/td>\n<\/tr>\n<tr>\n<td><span data-path-to-node=\"11,6,0,0\"><b data-path-to-node=\"11,6,0,0\" data-index-in-node=\"0\">Ciclos de acasalamento<\/b><\/span><\/td>\n<td><span data-path-to-node=\"11,6,1,0\"><span class=\"math-inline\" data-math=\"&gt;1000\" data-index-in-node=\"0\">$&gt;1000$<\/span> vezes<\/span><\/td>\n<td><span data-path-to-node=\"11,6,2,0\"><span class=\"math-inline\" data-math=\"&gt;1000\" data-index-in-node=\"0\">$&gt;1000$<\/span> vezes<\/span><\/td>\n<td><span data-path-to-node=\"11,6,3,0\">Dur\u00e1vel para remendos frequentes<\/span><\/td>\n<\/tr>\n<\/tbody>\n<\/table>\n<hr data-path-to-node=\"12\" \/>\n<h2 data-path-to-node=\"13\">Por que esse jumper \u00e9 essencial para as redes modernas<\/h2>\n<h3 data-path-to-node=\"14\">1. Interoperabilidade cont\u00ednua<\/h3>\n<p data-path-to-node=\"15\">\u00c0 medida que as redes ISP s\u00e3o atualizadas para XGS-PON ou 50G-PON, a \u201c\u00faltima milha\u201d geralmente usa conectores APC. No entanto, o backbone existente ainda pode ser UPC. Esse cabo fornece o caminho direto para conectar esses dois mundos sem substituir pain\u00e9is de patch inteiros.<\/p>\n<h3 data-path-to-node=\"16\">2. Prote\u00e7\u00e3o contra reflexo traseiro<\/h3>\n<p data-path-to-node=\"17\">Ao usar o <b data-path-to-node=\"17\" data-index-in-node=\"13\">APC (Verde)<\/b> em seu transmissor sens\u00edvel (como um laser CATV ou um EDFA), voc\u00ea garante que a luz refletida seja direcionada para o revestimento da fibra, mantendo uma alta perda de retorno de <b data-path-to-node=\"17\" data-index-in-node=\"198\"><span class=\"math-inline\" data-math=\"\\geq 65\\text{dB}\" data-index-in-node=\"198\">$\\geq 65\\text{dB}$<\/span><\/b> mesmo que a outra extremidade seja um UPC padr\u00e3o.<\/p>\n<h3 data-path-to-node=\"18\">3. Projeto Simplex com efici\u00eancia de espa\u00e7o<\/h3>\n<p data-path-to-node=\"19\">Para <b data-path-to-node=\"19\" data-index-in-node=\"4\">BiDi (bidirecional)<\/b> Por que usar duas fibras quando uma \u00e9 suficiente? O design Simplex (SX) reduz o volume de cabos nas bandejas e \u00e9 mais f\u00e1cil de gerenciar em gabinetes ODF (Optical Distribution Frame) apertados.<\/p>\n<hr data-path-to-node=\"20\" \/>\n<h2 data-path-to-node=\"21\">Perguntas e respostas de especialistas: Insights de campo<\/h2>\n<p data-path-to-node=\"22\"><b data-path-to-node=\"22\" data-index-in-node=\"0\">P: Posso conectar a extremidade azul em uma porta verde apenas para um teste r\u00e1pido?<\/b><\/p>\n<p data-path-to-node=\"22\"><b data-path-to-node=\"22\" data-index-in-node=\"68\">A:<\/b> <b data-path-to-node=\"22\" data-index-in-node=\"71\">N\u00e3o.<\/b> Essa \u00e9 a maneira mais r\u00e1pida de arruinar uma conex\u00e3o. Uma extremidade UPC \u00e9 plana e uma porta APC \u00e9 angular. Ao conect\u00e1-las, cria-se um \u201cponto de contato\u201d f\u00edsico que pode arranhar as duas ponteiras de cer\u00e2mica e, com certeza, causar\u00e1 um espa\u00e7o de ar com grande perda de sinal.<\/p>\n<p data-path-to-node=\"23\"><b data-path-to-node=\"23\" data-index-in-node=\"0\">P: Por que a perda de retorno \u00e9 diferente em cada extremidade?<\/b><\/p>\n<p data-path-to-node=\"23\"><b data-path-to-node=\"23\" data-index-in-node=\"49\">A:<\/b> A perda de retorno \u00e9 uma propriedade do polimento do conector. O \u00e2ngulo de 8 graus no conector <b data-path-to-node=\"23\" data-index-in-node=\"131\">APC (Verde)<\/b> \u00e9 matematicamente projetada para reduzir a reflex\u00e3o de forma mais eficaz do que a extremidade plana <b data-path-to-node=\"23\" data-index-in-node=\"226\">UPC (azul)<\/b> e \u00e9 por isso que ele tem uma classifica\u00e7\u00e3o mais alta (65 dB vs. 50 dB).<\/p>\n<p data-path-to-node=\"24\"><b data-path-to-node=\"24\" data-index-in-node=\"0\">P: Esse cabo \u00e9 compat\u00edvel com velocidades de 100G?<\/b><\/p>\n<p data-path-to-node=\"24\"><b data-path-to-node=\"24\" data-index-in-node=\"46\">A:<\/b> Com certeza. Os <b data-path-to-node=\"24\" data-index-in-node=\"65\">OS2<\/b> O n\u00facleo de fibra monomodo \u00e9 mais do que capaz de lidar com taxas de dados de 100G, 400G e at\u00e9 800G, desde que seus transceptores e equipamentos de rede sejam classificados para essas velocidades.<\/p>\n<p data-path-to-node=\"25\"><b data-path-to-node=\"25\" data-index-in-node=\"0\">P: Como fa\u00e7o para identificar esse cabo em um rack lotado?<\/b><\/p>\n<p data-path-to-node=\"25\"><b data-path-to-node=\"25\" data-index-in-node=\"51\">A:<\/b> Basta observar os conectores e os alojamentos. Uma extremidade ser\u00e1 <b data-path-to-node=\"25\" data-index-in-node=\"119\">Azul<\/b> e o outro ser\u00e1 <b data-path-to-node=\"25\" data-index-in-node=\"146\">Verde<\/b>. Esse c\u00f3digo de cores \u00e9 um padr\u00e3o internacional para evitar que os t\u00e9cnicos fa\u00e7am conex\u00f5es incorretas.<\/p>","protected":false},"excerpt":{"rendered":"<p data-path-to-node=\"4\">Em muitas implementa\u00e7\u00f5es de fibra, voc\u00ea encontrar\u00e1 um \u201cchoque de cores\u201d: seu painel de distribui\u00e7\u00e3o \u00e9 <b data-path-to-node=\"4\" data-index-in-node=\"90\">Azul (UPC)<\/b>, mas seu novo equipamento de alta velocidade exige <b data-path-to-node=\"4\" data-index-in-node=\"145\">Verde (APC)<\/b>. O <b data-path-to-node=\"4\" data-index-in-node=\"162\">SC\/UPC-SC\/APC-SM-SX<\/b> \u00e9 a solu\u00e7\u00e3o projetada para esse problema.<\/p>\n<p data-path-to-node=\"5\">Esse patch cord h\u00edbrido apresenta um conector SC\/UPC padr\u00e3o em uma extremidade e um conector SC\/APC com \u00e2ngulo de precis\u00e3o na outra. Ele permite que os engenheiros de rede integrem a infraestrutura monomodo legada com hardware moderno e de alta sensibilidade sem a degrada\u00e7\u00e3o do sinal causada por adaptadores aut\u00f4nomos.<\/p>","protected":false},"featured_media":772,"comment_status":"open","ping_status":"closed","template":"","meta":[],"product_brand":[],"product_cat":[45],"product_tag":[],"class_list":{"0":"post-769","1":"product","2":"type-product","3":"status-publish","4":"has-post-thumbnail","6":"product_cat-single-mode-fiber-optic-patch-cord","8":"first","9":"instock","10":"shipping-taxable","11":"product-type-simple"},"_links":{"self":[{"href":"https:\/\/www.fenxifiber.com\/pt\/wp-json\/wp\/v2\/product\/769","targetHints":{"allow":["GET"]}}],"collection":[{"href":"https:\/\/www.fenxifiber.com\/pt\/wp-json\/wp\/v2\/product"}],"about":[{"href":"https:\/\/www.fenxifiber.com\/pt\/wp-json\/wp\/v2\/types\/product"}],"replies":[{"embeddable":true,"href":"https:\/\/www.fenxifiber.com\/pt\/wp-json\/wp\/v2\/comments?post=769"}],"wp:featuredmedia":[{"embeddable":true,"href":"https:\/\/www.fenxifiber.com\/pt\/wp-json\/wp\/v2\/media\/772"}],"wp:attachment":[{"href":"https:\/\/www.fenxifiber.com\/pt\/wp-json\/wp\/v2\/media?parent=769"}],"wp:term":[{"taxonomy":"product_brand","embeddable":true,"href":"https:\/\/www.fenxifiber.com\/pt\/wp-json\/wp\/v2\/product_brand?post=769"},{"taxonomy":"product_cat","embeddable":true,"href":"https:\/\/www.fenxifiber.com\/pt\/wp-json\/wp\/v2\/product_cat?post=769"},{"taxonomy":"product_tag","embeddable":true,"href":"https:\/\/www.fenxifiber.com\/pt\/wp-json\/wp\/v2\/product_tag?post=769"}],"curies":[{"name":"wp","href":"https:\/\/api.w.org\/{rel}","templated":true}]}}