{"id":781,"date":"2026-02-04T01:30:07","date_gmt":"2026-02-04T01:30:07","guid":{"rendered":"https:\/\/www.fenxifiber.com\/?post_type=product&#038;p=781"},"modified":"2026-02-04T02:17:28","modified_gmt":"2026-02-04T02:17:28","slug":"st-upc-lc-upc-sm-sx","status":"publish","type":"product","link":"https:\/\/www.fenxifiber.com\/pt\/product\/st-upc-lc-upc-sm-sx\/","title":{"rendered":"Cabo de conex\u00e3o de fibra simplex de modo \u00fanico profissional ST\/UPC para LC\/UPC"},"content":{"rendered":"<h2 data-path-to-node=\"6\">Especifica\u00e7\u00f5es de desempenho orientadas por dados<\/h2>\n<p data-path-to-node=\"7\">Cada patch cord \u00e9 fabricado para atender rigorosamente aos seguintes par\u00e2metros t\u00e9cnicos:<\/p>\n<table data-path-to-node=\"8\">\n<thead>\n<tr>\n<td><strong>Recurso<\/strong><\/td>\n<td><strong>Especifica\u00e7\u00e3o t\u00e9cnica<\/strong><\/td>\n<td><strong>Vantagem do Procurement B2B<\/strong><\/td>\n<\/tr>\n<\/thead>\n<tbody>\n<tr>\n<td><span data-path-to-node=\"8,1,0,0\"><b data-path-to-node=\"8,1,0,0\" data-index-in-node=\"0\">Tipo de conector<\/b><\/span><\/td>\n<td><span data-path-to-node=\"8,1,1,0\">ST\/UPC para LC\/UPC<\/span><\/td>\n<td><span data-path-to-node=\"8,1,2,0\">Convers\u00e3o de Industrial para Alta Densidade<\/span><\/td>\n<\/tr>\n<tr>\n<td><span data-path-to-node=\"8,2,0,0\"><b data-path-to-node=\"8,2,0,0\" data-index-in-node=\"0\">Categoria de fibra<\/b><\/span><\/td>\n<td><span data-path-to-node=\"8,2,1,0\">Modo \u00fanico (SM\/SX)<\/span><\/td>\n<td><span data-path-to-node=\"8,2,2,0\">Otimizado para links OS2 de longa dist\u00e2ncia<\/span><\/td>\n<\/tr>\n<tr>\n<td><span data-path-to-node=\"8,3,0,0\"><b data-path-to-node=\"8,3,0,0\" data-index-in-node=\"0\">Perda de inser\u00e7\u00e3o<\/b><\/span><\/td>\n<td><span data-path-to-node=\"8,3,1,0\"><span class=\"math-inline\" data-math=\"&lt; 0.3 \\text{ dB}\" data-index-in-node=\"0\">$&lt; 0,3 \\text{ dB}$<\/span><\/span><\/td>\n<td><span data-path-to-node=\"8,3,2,0\">Alta efici\u00eancia de transmiss\u00e3o de sinal<\/span><\/td>\n<\/tr>\n<tr>\n<td><span data-path-to-node=\"8,4,0,0\"><b data-path-to-node=\"8,4,0,0\" data-index-in-node=\"0\">Perda de retorno<\/b><\/span><\/td>\n<td><span data-path-to-node=\"8,4,1,0\"><span class=\"math-inline\" data-math=\"\\geq 50 \\text{ dB}\" data-index-in-node=\"0\">$\\geq 50 \\text{ dB}$<\/span> (UPC)<\/span><\/td>\n<td><span data-path-to-node=\"8,4,2,0\">Reflex\u00e3o traseira minimizada para dados digitais<\/span><\/td>\n<\/tr>\n<tr>\n<td><span data-path-to-node=\"8,5,0,0\"><b data-path-to-node=\"8,5,0,0\" data-index-in-node=\"0\">Comprimento de onda<\/b><\/span><\/td>\n<td><span data-path-to-node=\"8,5,1,0\">1310nm \/ 1490nm \/ 1550nm<\/span><\/td>\n<td><span data-path-to-node=\"8,5,2,0\">Compatibilidade total com a \u00f3ptica SM padr\u00e3o<\/span><\/td>\n<\/tr>\n<tr>\n<td><span data-path-to-node=\"8,6,0,0\"><b data-path-to-node=\"8,6,0,0\" data-index-in-node=\"0\">Largura de banda<\/b><\/span><\/td>\n<td><span data-path-to-node=\"8,6,1,0\"><span class=\"math-inline\" data-math=\"\\pm 40\\text{nm}\" data-index-in-node=\"0\">$\\pm 40\\text{nm}$<\/span><\/span><\/td>\n<td><span data-path-to-node=\"8,6,2,0\">Desempenho est\u00e1vel em v\u00e1rias faixas espectrais<\/span><\/td>\n<\/tr>\n<tr>\n<td><span data-path-to-node=\"8,7,0,0\"><b data-path-to-node=\"8,7,0,0\" data-index-in-node=\"0\">Resist\u00eancia \u00e0 tens\u00e3o<\/b><\/span><\/td>\n<td><span data-path-to-node=\"8,7,1,0\"><span class=\"math-inline\" data-math=\"\\geq 200 \\text{ N}\" data-index-in-node=\"0\">$\\geq 200 \\text{ N}$<\/span><\/span><\/td>\n<td><span data-path-to-node=\"8,7,2,0\">Alta durabilidade mec\u00e2nica durante a instala\u00e7\u00e3o<\/span><\/td>\n<\/tr>\n<tr>\n<td><span data-path-to-node=\"8,8,0,0\"><b data-path-to-node=\"8,8,0,0\" data-index-in-node=\"0\">Durabilidade<\/b><\/span><\/td>\n<td><span data-path-to-node=\"8,8,1,0\"><span class=\"math-inline\" data-math=\"\\geq 1000\" data-index-in-node=\"0\">$\\geq 1000$<\/span> vezes<\/span><\/td>\n<td><span data-path-to-node=\"8,8,2,0\">Confi\u00e1vel para a atualiza\u00e7\u00e3o frequente de hardware<\/span><\/td>\n<\/tr>\n<tr>\n<td><span data-path-to-node=\"8,9,0,0\"><b data-path-to-node=\"8,9,0,0\" data-index-in-node=\"0\">Material<\/b><\/span><\/td>\n<td><span data-path-to-node=\"8,9,1,0\">LSZH (amarelo)<\/span><\/td>\n<td><span data-path-to-node=\"8,9,2,0\">Jaqueta \u00e0 prova de fogo, com baixa emiss\u00e3o de fuma\u00e7a e sem halog\u00eanio<\/span><\/td>\n<\/tr>\n<\/tbody>\n<\/table>\n<hr data-path-to-node=\"9\" \/>\n<h2 data-path-to-node=\"10\">Por que essa configura\u00e7\u00e3o h\u00edbrida \u00e9 essencial<\/h2>\n<h3 data-path-to-node=\"11\">1. Estabilidade mec\u00e2nica robusta<\/h3>\n<p data-path-to-node=\"12\">O <b data-path-to-node=\"12\" data-index-in-node=\"4\">ST\/UPC<\/b> A extremidade apresenta uma trava met\u00e1lica tipo baioneta niquelada, garantindo uma conex\u00e3o \u00e0 prova de vibra\u00e7\u00e3o. Isso \u00e9 combinado com o moderno <b data-path-to-node=\"12\" data-index-in-node=\"145\">LC\/UPC<\/b> que oferece uma trava no estilo RJ45 para um encaixe r\u00e1pido e seguro em switches de alta densidade.<\/p>\n<h3 data-path-to-node=\"13\">2. Integridade \u00f3ptica l\u00edder do setor<\/h3>\n<p data-path-to-node=\"14\">Com uma perda de inser\u00e7\u00e3o inferior a <b data-path-to-node=\"14\" data-index-in-node=\"36\">0,3 dB<\/b> e uma perda de retorno superior a <b data-path-to-node=\"14\" data-index-in-node=\"70\">50dB<\/b>, Esse cabo minimiza a degrada\u00e7\u00e3o do sinal. Essas m\u00e9tricas s\u00e3o cruciais para manter o or\u00e7amento de energia em caminhos de fibra cr\u00edticos.<\/p>\n<h3 data-path-to-node=\"15\">3. Seguran\u00e7a e conformidade<\/h3>\n<p data-path-to-node=\"16\">Projetado para os padr\u00f5es modernos de seguran\u00e7a de constru\u00e7\u00e3o, o <b data-path-to-node=\"16\" data-index-in-node=\"51\">LSZH (baixa fuma\u00e7a e zero halog\u00eanio)<\/b> A jaqueta garante que, em caso de inc\u00eandio, o cabo produza o m\u00ednimo de fuma\u00e7a e n\u00e3o produza gases hal\u00f3genos t\u00f3xicos. Isso o torna uma escolha obrigat\u00f3ria para data centers e espa\u00e7os de escrit\u00f3rios comerciais.<\/p>\n<h3 data-path-to-node=\"17\">4. Desempenho robusto<\/h3>\n<p data-path-to-node=\"18\">Com uma for\u00e7a de tens\u00e3o de <b data-path-to-node=\"18\" data-index-in-node=\"27\"><span class=\"math-inline\" data-math=\"\\geq 200\\text{N}\" data-index-in-node=\"27\">$\\geq 200\\text{N}$<\/span><\/b>, Al\u00e9m disso, esses jumpers foram desenvolvidos para suportar o estresse f\u00edsico do roteamento atrav\u00e9s de bandejas de cabos densas e condu\u00edtes verticais sem comprometer o n\u00facleo da fibra.<\/p>\n<hr data-path-to-node=\"19\" \/>\n<h2 data-path-to-node=\"20\">Aquisi\u00e7\u00e3o e suporte B2B<\/h2>\n<p data-path-to-node=\"21\"><b data-path-to-node=\"21\" data-index-in-node=\"0\">P: Esses cabos s\u00e3o adequados para ambientes industriais de alta vibra\u00e7\u00e3o?<\/b> <b data-path-to-node=\"21\" data-index-in-node=\"69\">A:<\/b> Sim. A trava de tor\u00e7\u00e3o met\u00e1lica do conector ST foi projetada especificamente para ambientes em que as travas de pl\u00e1stico padr\u00e3o podem falhar devido \u00e0 vibra\u00e7\u00e3o mec\u00e2nica.<\/p>\n<p data-path-to-node=\"22\"><b data-path-to-node=\"22\" data-index-in-node=\"0\">P: Qual \u00e9 a vantagem do design \u201cSimplex\u201d para usu\u00e1rios corporativos?<\/b> <b data-path-to-node=\"22\" data-index-in-node=\"69\">A:<\/b> Simplex (SX) \u00e9 o padr\u00e3o para redes bidirecionais (BiDi). O uso de um \u00fanico fio para TX e RX permite dobrar a capacidade da sua planta de fibra e, ao mesmo tempo, reduzir o volume de cabos nos quadros de distribui\u00e7\u00e3o.<\/p>\n<p data-path-to-node=\"23\"><b data-path-to-node=\"23\" data-index-in-node=\"0\">Q: Voc\u00eas oferecem relat\u00f3rios de testes em massa para pedidos grandes?<\/b> <b data-path-to-node=\"23\" data-index-in-node=\"55\">A:<\/b> Cada patch cord \u00e9 100% testado na f\u00e1brica para IL e RL. Como um parceiro B2B profissional, podemos fornecer registros de testes detalhados e relat\u00f3rios de interferometria 3D para remessas de alto volume no atacado, a fim de garantir total garantia de qualidade.<\/p>","protected":false},"excerpt":{"rendered":"<p data-path-to-node=\"4\">O <b data-path-to-node=\"4\" data-index-in-node=\"4\">ST\/UPC para LC\/UPC Simplex de modo \u00fanico (SM SX)<\/b> \u00e9 uma solu\u00e7\u00e3o h\u00edbrida essencial para redes corporativas. Ele preenche a lacuna entre as portas robustas e industriais padr\u00e3o ST e as interfaces LC de fator de forma pequeno (SFF) encontradas nos transceptores SFP\/SFP+ modernos.<\/p>\n<p data-path-to-node=\"5\">Projetado para infraestrutura de n\u00edvel 2026, esse jumper fornece uma conex\u00e3o segura e de baixa perda para transmiss\u00e3o de dados de longa dist\u00e2ncia em telecomunica\u00e7\u00f5es, automa\u00e7\u00e3o industrial e backbones de campus.<\/p>","protected":false},"featured_media":782,"comment_status":"open","ping_status":"closed","template":"","meta":[],"product_brand":[],"product_cat":[45],"product_tag":[],"class_list":{"0":"post-781","1":"product","2":"type-product","3":"status-publish","4":"has-post-thumbnail","6":"product_cat-single-mode-fiber-optic-patch-cord","8":"first","9":"instock","10":"shipping-taxable","11":"product-type-simple"},"_links":{"self":[{"href":"https:\/\/www.fenxifiber.com\/pt\/wp-json\/wp\/v2\/product\/781","targetHints":{"allow":["GET"]}}],"collection":[{"href":"https:\/\/www.fenxifiber.com\/pt\/wp-json\/wp\/v2\/product"}],"about":[{"href":"https:\/\/www.fenxifiber.com\/pt\/wp-json\/wp\/v2\/types\/product"}],"replies":[{"embeddable":true,"href":"https:\/\/www.fenxifiber.com\/pt\/wp-json\/wp\/v2\/comments?post=781"}],"wp:featuredmedia":[{"embeddable":true,"href":"https:\/\/www.fenxifiber.com\/pt\/wp-json\/wp\/v2\/media\/782"}],"wp:attachment":[{"href":"https:\/\/www.fenxifiber.com\/pt\/wp-json\/wp\/v2\/media?parent=781"}],"wp:term":[{"taxonomy":"product_brand","embeddable":true,"href":"https:\/\/www.fenxifiber.com\/pt\/wp-json\/wp\/v2\/product_brand?post=781"},{"taxonomy":"product_cat","embeddable":true,"href":"https:\/\/www.fenxifiber.com\/pt\/wp-json\/wp\/v2\/product_cat?post=781"},{"taxonomy":"product_tag","embeddable":true,"href":"https:\/\/www.fenxifiber.com\/pt\/wp-json\/wp\/v2\/product_tag?post=781"}],"curies":[{"name":"wp","href":"https:\/\/api.w.org\/{rel}","templated":true}]}}