{"id":783,"date":"2026-02-04T01:32:13","date_gmt":"2026-02-04T01:32:13","guid":{"rendered":"https:\/\/www.fenxifiber.com\/?post_type=product&#038;p=783"},"modified":"2026-02-04T02:18:05","modified_gmt":"2026-02-04T02:18:05","slug":"st-upc-sc-upc-sm-sx","status":"publish","type":"product","link":"https:\/\/www.fenxifiber.com\/pt\/product\/st-upc-sc-upc-sm-sx\/","title":{"rendered":"Cabo de conex\u00e3o de fibra simplex de modo \u00fanico ST\/UPC para SC\/UPC"},"content":{"rendered":"<h2 data-path-to-node=\"6\">Especifica\u00e7\u00f5es t\u00e9cnicas orientadas por dados<\/h2>\n<p data-path-to-node=\"7\">Nosso processo de fabrica\u00e7\u00e3o garante que cada jumper atenda aos rigorosos padr\u00f5es de desempenho a seguir:<\/p>\n<table data-path-to-node=\"8\">\n<thead>\n<tr>\n<td><strong>Recurso<\/strong><\/td>\n<td><strong>Especifica\u00e7\u00e3o industrial<\/strong><\/td>\n<td><strong>Vantagem comercial<\/strong><\/td>\n<\/tr>\n<\/thead>\n<tbody>\n<tr>\n<td><span data-path-to-node=\"8,1,0,0\"><b data-path-to-node=\"8,1,0,0\" data-index-in-node=\"0\">Tipo de conector<\/b><\/span><\/td>\n<td><span data-path-to-node=\"8,1,1,0\">ST\/UPC para SC\/UPC<\/span><\/td>\n<td><span data-path-to-node=\"8,1,2,0\">Link h\u00edbrido metal-pl\u00e1stico seguro<\/span><\/td>\n<\/tr>\n<tr>\n<td><span data-path-to-node=\"8,2,0,0\"><b data-path-to-node=\"8,2,0,0\" data-index-in-node=\"0\">Categoria de fibra<\/b><\/span><\/td>\n<td><span data-path-to-node=\"8,2,1,0\">Modo \u00fanico (SM\/SX)<\/span><\/td>\n<td><span data-path-to-node=\"8,2,2,0\">Otimizado para estabilidade OS2 de longa dist\u00e2ncia<\/span><\/td>\n<\/tr>\n<tr>\n<td><span data-path-to-node=\"8,3,0,0\"><b data-path-to-node=\"8,3,0,0\" data-index-in-node=\"0\">Perda de inser\u00e7\u00e3o<\/b><\/span><\/td>\n<td><span data-path-to-node=\"8,3,1,0\"><span class=\"math-inline\" data-math=\"&lt; 0.3 \\text{ dB}\" data-index-in-node=\"0\">$&lt; 0,3 \\text{ dB}$<\/span><\/span><\/td>\n<td><span data-path-to-node=\"8,3,2,0\">Atenua\u00e7\u00e3o m\u00ednima do sinal para caminhos longos<\/span><\/td>\n<\/tr>\n<tr>\n<td><span data-path-to-node=\"8,4,0,0\"><b data-path-to-node=\"8,4,0,0\" data-index-in-node=\"0\">Perda de retorno<\/b><\/span><\/td>\n<td><span data-path-to-node=\"8,4,1,0\"><span class=\"math-inline\" data-math=\"\\geq 50 \\text{ dB}\" data-index-in-node=\"0\">$\\geq 50 \\text{ dB}$<\/span> (UPC)<\/span><\/td>\n<td><span data-path-to-node=\"8,4,2,0\">Garante alta integridade do sinal digital<\/span><\/td>\n<\/tr>\n<tr>\n<td><span data-path-to-node=\"8,5,0,0\"><b data-path-to-node=\"8,5,0,0\" data-index-in-node=\"0\">Comprimento de onda<\/b><\/span><\/td>\n<td><span data-path-to-node=\"8,5,1,0\">1310nm \/ 1490nm \/ 1550nm<\/span><\/td>\n<td><span data-path-to-node=\"8,5,2,0\">Compatibilidade de espectro total para \u00f3ptica SM<\/span><\/td>\n<\/tr>\n<tr>\n<td><span data-path-to-node=\"8,6,0,0\"><b data-path-to-node=\"8,6,0,0\" data-index-in-node=\"0\">Largura de banda<\/b><\/span><\/td>\n<td><span data-path-to-node=\"8,6,1,0\"><span class=\"math-inline\" data-math=\"\\pm 40\\text{nm}\" data-index-in-node=\"0\">$\\pm 40\\text{nm}$<\/span><\/span><\/td>\n<td><span data-path-to-node=\"8,6,2,0\">Desempenho est\u00e1vel em todas as mudan\u00e7as espectrais<\/span><\/td>\n<\/tr>\n<tr>\n<td><span data-path-to-node=\"8,7,0,0\"><b data-path-to-node=\"8,7,0,0\" data-index-in-node=\"0\">Resist\u00eancia \u00e0 tens\u00e3o<\/b><\/span><\/td>\n<td><span data-path-to-node=\"8,7,1,0\"><span class=\"math-inline\" data-math=\"\\geq 200 \\text{ N}\" data-index-in-node=\"0\">$\\geq 200 \\text{ N}$<\/span><\/span><\/td>\n<td><span data-path-to-node=\"8,7,2,0\">Durabilidade superior para roteamento vertical<\/span><\/td>\n<\/tr>\n<tr>\n<td><span data-path-to-node=\"8,8,0,0\"><b data-path-to-node=\"8,8,0,0\" data-index-in-node=\"0\">Durabilidade<\/b><\/span><\/td>\n<td><span data-path-to-node=\"8,8,1,0\"><span class=\"math-inline\" data-math=\"\\geq 1000\" data-index-in-node=\"0\">$\\geq 1000$<\/span> vezes<\/span><\/td>\n<td><span data-path-to-node=\"8,8,2,0\">Constru\u00eddo para uso industrial repetido<\/span><\/td>\n<\/tr>\n<tr>\n<td><span data-path-to-node=\"8,9,0,0\"><b data-path-to-node=\"8,9,0,0\" data-index-in-node=\"0\">Material da jaqueta<\/b><\/span><\/td>\n<td><span data-path-to-node=\"8,9,1,0\">LSZH (baixa fuma\u00e7a e zero halog\u00eanio)<\/span><\/td>\n<td><span data-path-to-node=\"8,9,2,0\">Em conformidade com os c\u00f3digos globais de seguran\u00e7a contra inc\u00eandio<\/span><\/td>\n<\/tr>\n<\/tbody>\n<\/table>\n<hr data-path-to-node=\"9\" \/>\n<h2 data-path-to-node=\"10\">Por que esse modelo h\u00edbrido \u00e9 a escolha B2B<\/h2>\n<h3 data-path-to-node=\"11\">1. Conectividade industrial robusta<\/h3>\n<p data-path-to-node=\"12\">O <b data-path-to-node=\"12\" data-index-in-node=\"4\">ST\/UPC<\/b> A extremidade apresenta uma carca\u00e7a met\u00e1lica niquelada com uma trava de tor\u00e7\u00e3o acionada por mola, oferecendo resist\u00eancia m\u00e1xima \u00e0 vibra\u00e7\u00e3o mec\u00e2nica. Isso \u00e9 combinado com o <b data-path-to-node=\"12\" data-index-in-node=\"167\">SC\/UPC<\/b> conhecido por seu mecanismo push-pull f\u00e1cil de usar, que oferece uma interface est\u00e1vel e confi\u00e1vel para hardware de rede padr\u00e3o.<\/p>\n<h3 data-path-to-node=\"13\">2. Precis\u00e3o \u00f3ptica verificada<\/h3>\n<p data-path-to-node=\"14\">Com uma perda de inser\u00e7\u00e3o testada de menos de <b data-path-to-node=\"14\" data-index-in-node=\"42\">0,3 dB<\/b> e perda de retorno superior a <b data-path-to-node=\"14\" data-index-in-node=\"74\">50dB<\/b>, Se o cabo for de alta pot\u00eancia, ele manter\u00e1 o alto or\u00e7amento de energia necess\u00e1rio para links de dados cr\u00edticos de 10G\/40G. Cada unidade \u00e9 100% testada na f\u00e1brica para garantir a entrega sem defeitos para projetos de grande escala.<\/p>\n<h3 data-path-to-node=\"15\">3. Infraestrutura que prioriza a seguran\u00e7a<\/h3>\n<p data-path-to-node=\"16\">A seguran\u00e7a \u00e9 uma prioridade para as compras da B2B. Nossos coletes amarelos s\u00e3o feitos de <b data-path-to-node=\"16\" data-index-in-node=\"73\">LSZH<\/b> que emite pouca fuma\u00e7a e nenhum halog\u00eanio t\u00f3xico durante um inc\u00eandio, protegendo o seu pessoal e os seus equipamentos eletr\u00f4nicos de ponta contra danos corrosivos.<\/p>\n<h3 data-path-to-node=\"17\">4. Durabilidade extrema<\/h3>\n<p data-path-to-node=\"18\">Com uma for\u00e7a de tens\u00e3o de <b data-path-to-node=\"18\" data-index-in-node=\"27\"><span class=\"math-inline\" data-math=\"\\geq 200\\text{N}\" data-index-in-node=\"27\">$\\geq 200\\text{N}$<\/span><\/b> e uma durabilidade de acoplamento de <b data-path-to-node=\"18\" data-index-in-node=\"71\">Mais de 1000 ciclos<\/b>, Esses jumpers foram projetados para resistir ao estresse f\u00edsico da instala\u00e7\u00e3o em condu\u00edtes densos e \u00e0 frequente recomposi\u00e7\u00e3o de conex\u00f5es em ambientes industriais.<\/p>\n<hr data-path-to-node=\"19\" \/>\n<h2 data-path-to-node=\"20\">Perguntas frequentes sobre compras B2B<\/h2>\n<ul data-path-to-node=\"21\">\n<li>\n<p data-path-to-node=\"21,0,0\"><b data-path-to-node=\"21,0,0\" data-index-in-node=\"0\">P: Esse cabo ST\/UPC \u201cazul\u201d \u00e9 compat\u00edvel com as portas APC \u201cverdes\u201d?<\/b><\/p>\n<ul data-path-to-node=\"21,0,1\">\n<li>\n<p data-path-to-node=\"21,0,1,0,0\"><b data-path-to-node=\"21,0,1,0,0\" data-index-in-node=\"0\">A<\/b>: N\u00e3o, as extremidades UPC e APC t\u00eam geometrias diferentes. Mistur\u00e1-las cria um espa\u00e7o de ar que resulta em alta perda de sinal. Sempre combine portas azuis (UPC) com portas azuis.<\/p>\n<\/li>\n<\/ul>\n<\/li>\n<li>\n<p data-path-to-node=\"21,1,0\"><b data-path-to-node=\"21,1,0\" data-index-in-node=\"0\">P: Voc\u00eas podem fornecer relat\u00f3rios de interferometria 3D para pedidos em massa?<\/b><\/p>\n<ul data-path-to-node=\"21,1,1\">\n<li>\n<p data-path-to-node=\"21,1,1,0,0\"><b data-path-to-node=\"21,1,1,0,0\" data-index-in-node=\"0\">A<\/b>: Sim, como um parceiro B2B profissional, fornecemos relat\u00f3rios de teste abrangentes, incluindo IL, RL e verifica\u00e7\u00e3o de geometria 3D, para garantir que todas as remessas no atacado atendam aos altos padr\u00f5es do seu projeto.<\/p>\n<\/li>\n<\/ul>\n<\/li>\n<li>\n<p data-path-to-node=\"21,2,0\"><b data-path-to-node=\"21,2,0\" data-index-in-node=\"0\">P: Qual \u00e9 a vantagem do material LSZH para uso empresarial?<\/b><\/p>\n<ul data-path-to-node=\"21,2,1\">\n<li>\n<p data-path-to-node=\"21,2,1,0,0\"><b data-path-to-node=\"21,2,1,0,0\" data-index-in-node=\"0\">A<\/b>: O LSZH \u00e9 obrigat\u00f3rio para muitos c\u00f3digos de constru\u00e7\u00e3o modernos. Ele garante que, em caso de inc\u00eandio, n\u00e3o sejam liberados vapores t\u00f3xicos, o que o torna a escolha padr\u00e3o para data centers, hospitais e pr\u00e9dios de escrit\u00f3rios.<\/p>\n<\/li>\n<\/ul>\n<\/li>\n<\/ul>","protected":false},"excerpt":{"rendered":"<p data-path-to-node=\"4\">O <b data-path-to-node=\"4\" data-index-in-node=\"4\">ST\/UPC para SC\/UPC Simplex de modo \u00fanico (SM SX)<\/b> \u00e9 uma solu\u00e7\u00e3o h\u00edbrida robusta projetada para conectar hardware de n\u00edvel industrial com portas de telecomunica\u00e7\u00f5es padr\u00e3o. Esse jumper \u201cBlue-to-Blue\u201d \u00e9 essencial para conectar as interfaces ST antigas, no estilo baioneta, ao moderno padr\u00e3o SC push-pull, amplamente usado em patch panels e ODFs.<\/p>\n<p data-path-to-node=\"5\">Projetado para confiabilidade no n\u00edvel 2026, esse cabo \u00e9 a principal op\u00e7\u00e3o para integradores de sistemas em automa\u00e7\u00e3o industrial, vigil\u00e2ncia de seguran\u00e7a e infraestrutura empresarial.<\/p>","protected":false},"featured_media":784,"comment_status":"open","ping_status":"closed","template":"","meta":[],"product_brand":[],"product_cat":[45],"product_tag":[],"class_list":{"0":"post-783","1":"product","2":"type-product","3":"status-publish","4":"has-post-thumbnail","6":"product_cat-single-mode-fiber-optic-patch-cord","8":"first","9":"instock","10":"shipping-taxable","11":"product-type-simple"},"_links":{"self":[{"href":"https:\/\/www.fenxifiber.com\/pt\/wp-json\/wp\/v2\/product\/783","targetHints":{"allow":["GET"]}}],"collection":[{"href":"https:\/\/www.fenxifiber.com\/pt\/wp-json\/wp\/v2\/product"}],"about":[{"href":"https:\/\/www.fenxifiber.com\/pt\/wp-json\/wp\/v2\/types\/product"}],"replies":[{"embeddable":true,"href":"https:\/\/www.fenxifiber.com\/pt\/wp-json\/wp\/v2\/comments?post=783"}],"wp:featuredmedia":[{"embeddable":true,"href":"https:\/\/www.fenxifiber.com\/pt\/wp-json\/wp\/v2\/media\/784"}],"wp:attachment":[{"href":"https:\/\/www.fenxifiber.com\/pt\/wp-json\/wp\/v2\/media?parent=783"}],"wp:term":[{"taxonomy":"product_brand","embeddable":true,"href":"https:\/\/www.fenxifiber.com\/pt\/wp-json\/wp\/v2\/product_brand?post=783"},{"taxonomy":"product_cat","embeddable":true,"href":"https:\/\/www.fenxifiber.com\/pt\/wp-json\/wp\/v2\/product_cat?post=783"},{"taxonomy":"product_tag","embeddable":true,"href":"https:\/\/www.fenxifiber.com\/pt\/wp-json\/wp\/v2\/product_tag?post=783"}],"curies":[{"name":"wp","href":"https:\/\/api.w.org\/{rel}","templated":true}]}}