{"id":785,"date":"2026-02-04T01:33:33","date_gmt":"2026-02-04T01:33:33","guid":{"rendered":"https:\/\/www.fenxifiber.com\/?post_type=product&#038;p=785"},"modified":"2026-02-04T02:18:43","modified_gmt":"2026-02-04T02:18:43","slug":"fc-upc-sc-upc-sm-sx","status":"publish","type":"product","link":"https:\/\/www.fenxifiber.com\/pt\/product\/fc-upc-sc-upc-sm-sx\/","title":{"rendered":"Cabo de conex\u00e3o de fibra simplex de modo \u00fanico FC\/UPC para SC\/UPC"},"content":{"rendered":"<h2 data-path-to-node=\"6\">Especifica\u00e7\u00f5es t\u00e9cnicas orientadas por dados<\/h2>\n<p data-path-to-node=\"7\">Nosso processo de fabrica\u00e7\u00e3o garante que cada jumper atenda aos rigorosos padr\u00f5es de desempenho a seguir:<\/p>\n<table data-path-to-node=\"8\">\n<thead>\n<tr>\n<td><strong>Recurso<\/strong><\/td>\n<td><strong>Especifica\u00e7\u00e3o industrial<\/strong><\/td>\n<td><strong>Proposta de valor B2B<\/strong><\/td>\n<\/tr>\n<\/thead>\n<tbody>\n<tr>\n<td><span data-path-to-node=\"8,1,0,0\"><b data-path-to-node=\"8,1,0,0\" data-index-in-node=\"0\">Tipo de conector<\/b><\/span><\/td>\n<td><span data-path-to-node=\"8,1,1,0\">FC\/UPC para SC\/UPC<\/span><\/td>\n<td><span data-path-to-node=\"8,1,2,0\">Conex\u00e3o rosqueada segura para o link h\u00edbrido push-pull<\/span><\/td>\n<\/tr>\n<tr>\n<td><span data-path-to-node=\"8,2,0,0\"><b data-path-to-node=\"8,2,0,0\" data-index-in-node=\"0\">Categoria de fibra<\/b><\/span><\/td>\n<td><span data-path-to-node=\"8,2,1,0\">Modo \u00fanico (SM\/SX)<\/span><\/td>\n<td><span data-path-to-node=\"8,2,2,0\">Otimizado para estabilidade OS2 de longa dist\u00e2ncia<\/span><\/td>\n<\/tr>\n<tr>\n<td><span data-path-to-node=\"8,3,0,0\"><b data-path-to-node=\"8,3,0,0\" data-index-in-node=\"0\">Perda de inser\u00e7\u00e3o<\/b><\/span><\/td>\n<td><span data-path-to-node=\"8,3,1,0\"><span class=\"math-inline\" data-math=\"&lt; 0.3 \\text{ dB}\" data-index-in-node=\"0\">$&lt; 0,3 \\text{ dB}$<\/span><\/span><\/td>\n<td><span data-path-to-node=\"8,3,2,0\">Atenua\u00e7\u00e3o m\u00ednima de sinal para caminhos cr\u00edticos<\/span><\/td>\n<\/tr>\n<tr>\n<td><span data-path-to-node=\"8,4,0,0\"><b data-path-to-node=\"8,4,0,0\" data-index-in-node=\"0\">Perda de retorno<\/b><\/span><\/td>\n<td><span data-path-to-node=\"8,4,1,0\"><span class=\"math-inline\" data-math=\"\\geq 50 \\text{ dB}\" data-index-in-node=\"0\">$\\geq 50 \\text{ dB}$<\/span> (UPC)<\/span><\/td>\n<td><span data-path-to-node=\"8,4,2,0\">Garante alta integridade do sinal digital<\/span><\/td>\n<\/tr>\n<tr>\n<td><span data-path-to-node=\"8,5,0,0\"><b data-path-to-node=\"8,5,0,0\" data-index-in-node=\"0\">Comprimento de onda<\/b><\/span><\/td>\n<td><span data-path-to-node=\"8,5,1,0\">1310nm \/ 1490nm \/ 1550nm<\/span><\/td>\n<td><span data-path-to-node=\"8,5,2,0\">Compatibilidade de espectro total para \u00f3ptica SM<\/span><\/td>\n<\/tr>\n<tr>\n<td><span data-path-to-node=\"8,6,0,0\"><b data-path-to-node=\"8,6,0,0\" data-index-in-node=\"0\">Largura de banda<\/b><\/span><\/td>\n<td><span data-path-to-node=\"8,6,1,0\"><span class=\"math-inline\" data-math=\"\\pm 40\\text{nm}\" data-index-in-node=\"0\">$\\pm 40\\text{nm}$<\/span><\/span><\/td>\n<td><span data-path-to-node=\"8,6,2,0\">Desempenho est\u00e1vel em todas as mudan\u00e7as espectrais<\/span><\/td>\n<\/tr>\n<tr>\n<td><span data-path-to-node=\"8,7,0,0\"><b data-path-to-node=\"8,7,0,0\" data-index-in-node=\"0\">Resist\u00eancia \u00e0 tens\u00e3o<\/b><\/span><\/td>\n<td><span data-path-to-node=\"8,7,1,0\"><span class=\"math-inline\" data-math=\"\\geq 200 \\text{ N}\" data-index-in-node=\"0\">$\\geq 200 \\text{ N}$<\/span><\/span><\/td>\n<td><span data-path-to-node=\"8,7,2,0\">Durabilidade superior para instala\u00e7\u00f5es exigentes<\/span><\/td>\n<\/tr>\n<tr>\n<td><span data-path-to-node=\"8,8,0,0\"><b data-path-to-node=\"8,8,0,0\" data-index-in-node=\"0\">Durabilidade<\/b><\/span><\/td>\n<td><span data-path-to-node=\"8,8,1,0\"><span class=\"math-inline\" data-math=\"\\geq 1000\" data-index-in-node=\"0\">$\\geq 1000$<\/span> vezes<\/span><\/td>\n<td><span data-path-to-node=\"8,8,2,0\">Constru\u00eddo para uso industrial e laboratorial repetido<\/span><\/td>\n<\/tr>\n<tr>\n<td><span data-path-to-node=\"8,9,0,0\"><b data-path-to-node=\"8,9,0,0\" data-index-in-node=\"0\">Material da jaqueta<\/b><\/span><\/td>\n<td><span data-path-to-node=\"8,9,1,0\">LSZH (baixa fuma\u00e7a e zero halog\u00eanio)<\/span><\/td>\n<td><span data-path-to-node=\"8,9,2,0\">Em conformidade com os c\u00f3digos globais de seguran\u00e7a contra inc\u00eandio<\/span><\/td>\n<\/tr>\n<\/tbody>\n<\/table>\n<hr data-path-to-node=\"9\" \/>\n<h2 data-path-to-node=\"10\">Por que esse modelo h\u00edbrido \u00e9 a escolha B2B<\/h2>\n<h3 data-path-to-node=\"11\">1. Confiabilidade mec\u00e2nica e versatilidade<\/h3>\n<ul data-path-to-node=\"12\">\n<li>\n<p data-path-to-node=\"12,0,0\"><b data-path-to-node=\"12,0,0\" data-index-in-node=\"0\">FC\/UPC End:<\/b> Apresenta um inv\u00f3lucro met\u00e1lico aparafusado niquelado que proporciona uma conex\u00e3o constante e \u00e0 prova de vibra\u00e7\u00e3o.<\/p>\n<\/li>\n<li>\n<p data-path-to-node=\"12,1,0\"><b data-path-to-node=\"12,1,0\" data-index-in-node=\"0\">SC\/UPC Fim:<\/b> Utiliza o mecanismo push-pull quadrado padr\u00e3o do setor para implanta\u00e7\u00e3o r\u00e1pida e segura em patch panels e ODFs.<\/p>\n<\/li>\n<\/ul>\n<h3 data-path-to-node=\"13\">2. Precis\u00e3o \u00f3ptica verificada<\/h3>\n<ul data-path-to-node=\"14\">\n<li>\n<p data-path-to-node=\"14,0,0\"><b data-path-to-node=\"14,0,0\" data-index-in-node=\"0\">Baixa perda:<\/b> A perda de inser\u00e7\u00e3o testada \u00e9 mantida estritamente sob <b data-path-to-node=\"14,0,0\" data-index-in-node=\"61\">0,3 dB<\/b>, maximizando o or\u00e7amento de energia de sua rede.<\/p>\n<\/li>\n<li>\n<p data-path-to-node=\"14,1,0\"><b data-path-to-node=\"14,1,0\" data-index-in-node=\"0\">Qualidade do sinal:<\/b> O polimento UPC em ambas as extremidades garante uma perda de retorno de pelo menos <b data-path-to-node=\"14,1,0\" data-index-in-node=\"78\">50dB<\/b>, minimizando a reflex\u00e3o traseira em links digitais de alta velocidade.<\/p>\n<\/li>\n<\/ul>\n<h3 data-path-to-node=\"15\">3. Durabilidade de n\u00edvel industrial<\/h3>\n<ul data-path-to-node=\"16\">\n<li>\n<p data-path-to-node=\"16,0,0\"><b data-path-to-node=\"16,0,0\" data-index-in-node=\"0\">Alta Tens\u00e3o:<\/b> Com uma classifica\u00e7\u00e3o de resist\u00eancia \u00e0 tens\u00e3o de <b data-path-to-node=\"16,0,0\" data-index-in-node=\"48\"><span class=\"math-inline\" data-math=\"\\geq 200\\text{N}\" data-index-in-node=\"48\">$\\geq 200\\text{N}$<\/span><\/b>, Al\u00e9m disso, esses jumpers suportam o estresse f\u00edsico do roteamento por condu\u00edtes congestionados e bandejas de cabos verticais.<\/p>\n<\/li>\n<li>\n<p data-path-to-node=\"16,1,0\"><b data-path-to-node=\"16,1,0\" data-index-in-node=\"0\">Longevidade:<\/b> Classificado para mais de <b data-path-to-node=\"16,1,0\" data-index-in-node=\"26\">1000 ciclos de acasalamento<\/b>, garantindo confiabilidade a longo prazo, mesmo em ambientes de teste em que os cabos s\u00e3o reconectados com frequ\u00eancia.<\/p>\n<\/li>\n<\/ul>\n<h3 data-path-to-node=\"17\">4. Conformidade de seguran\u00e7a certificada<\/h3>\n<ul data-path-to-node=\"18\">\n<li>\n<p data-path-to-node=\"18,0,0\"><b data-path-to-node=\"18,0,0\" data-index-in-node=\"0\">Jaqueta LSZH:<\/b> Nossas jaquetas amarelas s\u00e3o feitas de <b data-path-to-node=\"18,0,0\" data-index-in-node=\"44\">Baixa fuma\u00e7a e zero halog\u00eanio<\/b> um requisito obrigat\u00f3rio dos modernos c\u00f3digos de constru\u00e7\u00e3o comercial para proteger o pessoal e os equipamentos sens\u00edveis de vapores t\u00f3xicos em caso de inc\u00eandio.<\/p>\n<\/li>\n<\/ul>\n<hr data-path-to-node=\"19\" \/>\n<h2 data-path-to-node=\"20\">Perguntas frequentes sobre compras B2B<\/h2>\n<ul data-path-to-node=\"21\">\n<li>\n<p data-path-to-node=\"21,0,0\"><b data-path-to-node=\"21,0,0\" data-index-in-node=\"0\">P: Esse conector FC\/UPC (azul) \u00e9 compat\u00edvel com as portas FC\/APC (verde)?<\/b><\/p>\n<ul data-path-to-node=\"21,0,1\">\n<li>\n<p data-path-to-node=\"21,0,1,0,0\"><b data-path-to-node=\"21,0,1,0,0\" data-index-in-node=\"0\">A<\/b>: N\u00e3o. O UPC e o APC t\u00eam geometrias de extremidade diferentes. Mistur\u00e1-los cria um espa\u00e7o de ar que resulta em alta perda de sinal e poss\u00edveis danos ao ferrolho. Sempre combine portas azuis (UPC) com portas azuis.<\/p>\n<\/li>\n<\/ul>\n<\/li>\n<li>\n<p data-path-to-node=\"21,1,0\"><b data-path-to-node=\"21,1,0\" data-index-in-node=\"0\">P: Qual \u00e9 o benef\u00edcio do <span class=\"math-inline\" data-math=\"\\pm 40\\text{nm}\" data-index-in-node=\"30\">$\\pm 40\\text{nm}$<\/span> classifica\u00e7\u00e3o da largura de banda?<\/b><\/p>\n<ul data-path-to-node=\"21,1,1\">\n<li>\n<p data-path-to-node=\"21,1,1,0,0\"><b data-path-to-node=\"21,1,1,0,0\" data-index-in-node=\"0\">A<\/b>: Garante que o jumper de fibra mantenha um desempenho \u00f3ptico est\u00e1vel, mesmo que o comprimento de onda operacional mude ligeiramente, o que \u00e9 comum em ambientes externos variados ou em equipamentos a laser mais antigos.<\/p>\n<\/li>\n<\/ul>\n<\/li>\n<li>\n<p data-path-to-node=\"21,2,0\"><b data-path-to-node=\"21,2,0\" data-index-in-node=\"0\">P: Voc\u00eas podem oferecer suporte para atacado em massa?<\/b><\/p>\n<ul data-path-to-node=\"21,2,1\">\n<li>\n<p data-path-to-node=\"21,2,1,0,0\"><b data-path-to-node=\"21,2,1,0,0\" data-index-in-node=\"0\">A<\/b>: Como um fornecedor B2B dedicado, fornecemos cabos 100% testados em f\u00e1brica com relat\u00f3rios de teste opcionais (IL\/RL) para pedidos de grande volume, garantindo qualidade consistente para implementa\u00e7\u00f5es de rede em larga escala.<\/p>\n<\/li>\n<\/ul>\n<\/li>\n<\/ul>","protected":false},"excerpt":{"rendered":"<p data-path-to-node=\"4\">O <b data-path-to-node=\"4\" data-index-in-node=\"4\">FC\/UPC para SC\/UPC Simplex de modo \u00fanico (SM SX)<\/b> \u00e9 um jumper h\u00edbrido de alto desempenho projetado para aplica\u00e7\u00f5es industriais e de telecomunica\u00e7\u00f5es cr\u00edticas. Esse cabo \u201cBlue-to-Blue\u201d fornece uma ponte confi\u00e1vel entre a interface FC rosqueada e resistente a altas vibra\u00e7\u00f5es e o padr\u00e3o SC push-pull amplamente adotado.<\/p>\n<p data-path-to-node=\"5\">Como um elemento b\u00e1sico da infraestrutura de 2026, esse jumper foi projetado para oferecer desempenho est\u00e1vel e de baixa atenua\u00e7\u00e3o em ambientes que variam de escrit\u00f3rios centrais de telecomunica\u00e7\u00f5es a pisos robustos de automa\u00e7\u00e3o industrial.<\/p>","protected":false},"featured_media":787,"comment_status":"open","ping_status":"closed","template":"","meta":[],"product_brand":[],"product_cat":[45],"product_tag":[],"class_list":{"0":"post-785","1":"product","2":"type-product","3":"status-publish","4":"has-post-thumbnail","6":"product_cat-single-mode-fiber-optic-patch-cord","8":"first","9":"instock","10":"shipping-taxable","11":"product-type-simple"},"_links":{"self":[{"href":"https:\/\/www.fenxifiber.com\/pt\/wp-json\/wp\/v2\/product\/785","targetHints":{"allow":["GET"]}}],"collection":[{"href":"https:\/\/www.fenxifiber.com\/pt\/wp-json\/wp\/v2\/product"}],"about":[{"href":"https:\/\/www.fenxifiber.com\/pt\/wp-json\/wp\/v2\/types\/product"}],"replies":[{"embeddable":true,"href":"https:\/\/www.fenxifiber.com\/pt\/wp-json\/wp\/v2\/comments?post=785"}],"wp:featuredmedia":[{"embeddable":true,"href":"https:\/\/www.fenxifiber.com\/pt\/wp-json\/wp\/v2\/media\/787"}],"wp:attachment":[{"href":"https:\/\/www.fenxifiber.com\/pt\/wp-json\/wp\/v2\/media?parent=785"}],"wp:term":[{"taxonomy":"product_brand","embeddable":true,"href":"https:\/\/www.fenxifiber.com\/pt\/wp-json\/wp\/v2\/product_brand?post=785"},{"taxonomy":"product_cat","embeddable":true,"href":"https:\/\/www.fenxifiber.com\/pt\/wp-json\/wp\/v2\/product_cat?post=785"},{"taxonomy":"product_tag","embeddable":true,"href":"https:\/\/www.fenxifiber.com\/pt\/wp-json\/wp\/v2\/product_tag?post=785"}],"curies":[{"name":"wp","href":"https:\/\/api.w.org\/{rel}","templated":true}]}}