{"id":788,"date":"2026-02-04T01:34:58","date_gmt":"2026-02-04T01:34:58","guid":{"rendered":"https:\/\/www.fenxifiber.com\/?post_type=product&#038;p=788"},"modified":"2026-02-04T02:20:17","modified_gmt":"2026-02-04T02:20:17","slug":"sc-apc-fc-apc-sm-sx","status":"publish","type":"product","link":"https:\/\/www.fenxifiber.com\/pt\/product\/sc-apc-fc-apc-sm-sx\/","title":{"rendered":"Jumper de fibra simplex de modo \u00fanico SC\/APC para FC\/APC de alta precis\u00e3o"},"content":{"rendered":"<p data-path-to-node=\"5\">Projetado para telecomunica\u00e7\u00f5es de n\u00edvel 2026 e padr\u00f5es laboratoriais, esse cabo \u00e9 um elemento b\u00e1sico para <b data-path-to-node=\"5\" data-index-in-node=\"98\">GPON, XGS-PON, CATV<\/b>, e aplica\u00e7\u00f5es de sensoriamento de precis\u00e3o.<\/p>\n<h2 data-path-to-node=\"6\">Especifica\u00e7\u00f5es t\u00e9cnicas (padr\u00e3o de conformidade B2B)<\/h2>\n<p data-path-to-node=\"7\">Todos os jumpers s\u00e3o fabricados em ambientes livres de poeira e passam por testes de interferometria 3D 100% para garantir os seguintes par\u00e2metros:<\/p>\n<table data-path-to-node=\"8\">\n<thead>\n<tr>\n<td><strong>M\u00e9trico<\/strong><\/td>\n<td><strong>Especifica\u00e7\u00e3o<\/strong><\/td>\n<td><strong>Valor B2B<\/strong><\/td>\n<\/tr>\n<\/thead>\n<tbody>\n<tr>\n<td><span data-path-to-node=\"8,1,0,0\"><b data-path-to-node=\"8,1,0,0\" data-index-in-node=\"0\">Tipo de conector<\/b><\/span><\/td>\n<td><span data-path-to-node=\"8,1,1,0\">SC\/APC para FC\/APC<\/span><\/td>\n<td><span data-path-to-node=\"8,1,2,0\">Travamento h\u00edbrido push-pull e de rosca<\/span><\/td>\n<\/tr>\n<tr>\n<td><span data-path-to-node=\"8,2,0,0\"><b data-path-to-node=\"8,2,0,0\" data-index-in-node=\"0\">Categoria de fibra<\/b><\/span><\/td>\n<td><span data-path-to-node=\"8,2,1,0\">Modo \u00fanico (SM\/SX)<\/span><\/td>\n<td><span data-path-to-node=\"8,2,2,0\">Otimizado para links de longa dist\u00e2ncia OS2<\/span><\/td>\n<\/tr>\n<tr>\n<td><span data-path-to-node=\"8,3,0,0\"><b data-path-to-node=\"8,3,0,0\" data-index-in-node=\"0\">Perda de inser\u00e7\u00e3o<\/b><\/span><\/td>\n<td><span data-path-to-node=\"8,3,1,0\"><b data-path-to-node=\"8,3,1,0\" data-index-in-node=\"0\"><span class=\"math-inline\" data-math=\"&lt; 0.3 \\text{ dB}\" data-index-in-node=\"0\">$&lt; 0,3 \\text{ dB}$<\/span><\/b><\/span><\/td>\n<td><span data-path-to-node=\"8,3,2,0\">Atenua\u00e7\u00e3o m\u00ednima de pot\u00eancia<\/span><\/td>\n<\/tr>\n<tr>\n<td><span data-path-to-node=\"8,4,0,0\"><b data-path-to-node=\"8,4,0,0\" data-index-in-node=\"0\">Perda de retorno<\/b><\/span><\/td>\n<td><span data-path-to-node=\"8,4,1,0\"><b data-path-to-node=\"8,4,1,0\" data-index-in-node=\"0\"><span class=\"math-inline\" data-math=\"\\geq 60 \\text{ dB}\" data-index-in-node=\"0\">$\\geq 60 \\text{ dB}$<\/span> (APC)<\/b><\/span><\/td>\n<td><span data-path-to-node=\"8,4,2,0\">Gerenciamento superior de reflexos<\/span><\/td>\n<\/tr>\n<tr>\n<td><span data-path-to-node=\"8,5,0,0\"><b data-path-to-node=\"8,5,0,0\" data-index-in-node=\"0\">Comprimento de onda de trabalho<\/b><\/span><\/td>\n<td><span data-path-to-node=\"8,5,1,0\">1310nm \/ 1490nm \/ 1550nm<\/span><\/td>\n<td><span data-path-to-node=\"8,5,2,0\">Compatibilidade com SM de espectro total<\/span><\/td>\n<\/tr>\n<tr>\n<td><span data-path-to-node=\"8,6,0,0\"><b data-path-to-node=\"8,6,0,0\" data-index-in-node=\"0\">Resist\u00eancia \u00e0 tens\u00e3o<\/b><\/span><\/td>\n<td><span data-path-to-node=\"8,6,1,0\"><b data-path-to-node=\"8,6,1,0\" data-index-in-node=\"0\"><span class=\"math-inline\" data-math=\"\\geq 200 \\text{ N}\" data-index-in-node=\"0\">$\\geq 200 \\text{ N}$<\/span><\/b><\/span><\/td>\n<td><span data-path-to-node=\"8,6,2,0\">Robusto para roteamento vertical<\/span><\/td>\n<\/tr>\n<tr>\n<td><span data-path-to-node=\"8,7,0,0\"><b data-path-to-node=\"8,7,0,0\" data-index-in-node=\"0\">Durabilidade<\/b><\/span><\/td>\n<td><span data-path-to-node=\"8,7,1,0\"><span class=\"math-inline\" data-math=\"\\geq 1000\" data-index-in-node=\"0\">$\\geq 1000$<\/span> vezes<\/span><\/td>\n<td><span data-path-to-node=\"8,7,2,0\">Virolas de cer\u00e2mica de alta precis\u00e3o<\/span><\/td>\n<\/tr>\n<tr>\n<td><span data-path-to-node=\"8,8,0,0\"><b data-path-to-node=\"8,8,0,0\" data-index-in-node=\"0\">Largura de banda<\/b><\/span><\/td>\n<td><span data-path-to-node=\"8,8,1,0\"><span class=\"math-inline\" data-math=\"\\pm 40\\text{nm}\" data-index-in-node=\"0\">$\\pm 40\\text{nm}$<\/span><\/span><\/td>\n<td><span data-path-to-node=\"8,8,2,0\">Est\u00e1vel em ambientes flutuantes<\/span><\/td>\n<\/tr>\n<tr>\n<td><span data-path-to-node=\"8,9,0,0\"><b data-path-to-node=\"8,9,0,0\" data-index-in-node=\"0\">Material da jaqueta<\/b><\/span><\/td>\n<td><span data-path-to-node=\"8,9,1,0\"><b data-path-to-node=\"8,9,1,0\" data-index-in-node=\"0\">LSZH (amarelo)<\/b><\/span><\/td>\n<td><span data-path-to-node=\"8,9,2,0\">Seguran\u00e7a com baixa fuma\u00e7a e sem halog\u00eanio<\/span><\/td>\n<\/tr>\n<\/tbody>\n<\/table>\n<hr data-path-to-node=\"9\" \/>\n<h2 data-path-to-node=\"10\">Por que este jumper h\u00edbrido da APC \u00e9 a escolha profissional<\/h2>\n<h3 data-path-to-node=\"11\">1. Gerenciamento de reflex\u00e3o de elite (<span class=\"math-inline\" data-math=\"\\geq 60\\text{dB}\" data-index-in-node=\"32\">$\\geq 60\\text{dB}$<\/span>)<\/h3>\n<p data-path-to-node=\"12\">Os conectores APC \u201cverdes\u201d apresentam um polimento angular de 8 graus. Esse design reflete a luz no revestimento da fibra em vez de voltar para o transmissor. Para clientes B2B no setor de <b data-path-to-node=\"12\" data-index-in-node=\"177\">CATV ou setores de dados de alta velocidade<\/b>, Isso \u00e9 obrigat\u00f3rio para evitar ru\u00eddo de sinal e danos ao laser.<\/p>\n<h3 data-path-to-node=\"13\">2. Fun\u00e7\u00f5es especializadas de conectividade<\/h3>\n<ul data-path-to-node=\"14\">\n<li>\n<p data-path-to-node=\"14,0,0\"><b data-path-to-node=\"14,0,0\" data-index-in-node=\"0\">FC\/APC Fim:<\/b> O conector tipo parafuso de metal niquelado proporciona contato f\u00edsico constante, o que o torna a escolha preferida para ambientes industriais e equipamentos de teste de alta vibra\u00e7\u00e3o.<\/p>\n<\/li>\n<li>\n<p data-path-to-node=\"14,1,0\"><b data-path-to-node=\"14,1,0\" data-index-in-node=\"0\">SC\/APC Fim:<\/b> O design quadrado push-pull permite a implementa\u00e7\u00e3o r\u00e1pida e de alta densidade em quadros de distribui\u00e7\u00e3o \u00f3ptica (ODF) padr\u00e3o.<\/p>\n<\/li>\n<\/ul>\n<h3 data-path-to-node=\"15\">3. Resist\u00eancia \u00e0 tra\u00e7\u00e3o de grau de engenharia<\/h3>\n<p data-path-to-node=\"16\">Com uma classifica\u00e7\u00e3o de tens\u00e3o de <b data-path-to-node=\"16\" data-index-in-node=\"25\"><span class=\"math-inline\" data-math=\"\\geq 200\\text{N}\" data-index-in-node=\"25\">$\\geq 200\\text{N}$<\/span><\/b>, Al\u00e9m disso, esses cabos s\u00e3o constru\u00eddos para sobreviver ao estresse f\u00edsico de serem puxados atrav\u00e9s de condu\u00edtes densos e po\u00e7os verticais, garantindo que o n\u00facleo de vidro interno permane\u00e7a intacto durante a instala\u00e7\u00e3o.<\/p>\n<h3 data-path-to-node=\"17\">4. Conformidade de seguran\u00e7a global (LSZH)<\/h3>\n<p data-path-to-node=\"18\">A seguran\u00e7a \u00e9 um requisito essencial para projetos empresariais. A <b data-path-to-node=\"18\" data-index-in-node=\"58\">LSZH<\/b> A jaqueta garante que, em caso de inc\u00eandio, o cabo n\u00e3o emitir\u00e1 gases hal\u00f3genos t\u00f3xicos ou fuma\u00e7a pesada, atendendo aos c\u00f3digos internacionais de seguran\u00e7a contra inc\u00eandio para edif\u00edcios comerciais e data centers.<\/p>\n<hr data-path-to-node=\"19\" \/>\n<h2 data-path-to-node=\"20\">Perguntas frequentes sobre compras B2B<\/h2>\n<ul data-path-to-node=\"21\">\n<li>\n<p data-path-to-node=\"21,0,0\"><b data-path-to-node=\"21,0,0\" data-index-in-node=\"0\">P: Por que escolher <span class=\"math-inline\" data-math=\"\\geq 60\\text{dB}\" data-index-in-node=\"14\">$\\geq 60\\text{dB}$<\/span> Perda de retorno?<\/b><\/p>\n<ul data-path-to-node=\"21,0,1\">\n<li>\n<p data-path-to-node=\"21,0,1,0,0\"><b data-path-to-node=\"21,0,1,0,0\" data-index-in-node=\"0\">A:<\/b> Os sistemas \u00f3pticos de alta pot\u00eancia s\u00e3o sens\u00edveis \u00e0 retrorreflex\u00e3o. Nosso polimento APC garante a mais alta rela\u00e7\u00e3o sinal-ru\u00eddo, protegendo seus investimentos em infraestrutura.<\/p>\n<\/li>\n<\/ul>\n<\/li>\n<li>\n<p data-path-to-node=\"21,1,0\"><b data-path-to-node=\"21,1,0\" data-index-in-node=\"0\">P: Voc\u00eas oferecem comprimentos e di\u00e2metros personalizados?<\/b><\/p>\n<ul data-path-to-node=\"21,1,1\">\n<li>\n<p data-path-to-node=\"21,1,1,0,0\"><b data-path-to-node=\"21,1,1,0,0\" data-index-in-node=\"0\">A:<\/b> Sim. Como fornecedor B2B, fornecemos comprimentos personalizados (de 0,5 m a mais de 100 m) e espessuras de revestimento (2,0 mm ou 3,0 mm) para se adequar ao espa\u00e7o espec\u00edfico do seu gabinete.<\/p>\n<\/li>\n<\/ul>\n<\/li>\n<li>\n<p data-path-to-node=\"21,2,0\"><b data-path-to-node=\"21,2,0\" data-index-in-node=\"0\">P: Os relat\u00f3rios de teste est\u00e3o inclu\u00eddos nas remessas por atacado?<\/b><\/p>\n<ul data-path-to-node=\"21,2,1\">\n<li>\n<p data-path-to-node=\"21,2,1,0,0\"><b data-path-to-node=\"21,2,1,0,0\" data-index-in-node=\"0\">A:<\/b> Cada lote inclui testes detalhados de perda de inser\u00e7\u00e3o (IL) e perda de retorno (RL). Os relat\u00f3rios de interferometria 3D est\u00e3o dispon\u00edveis mediante solicita\u00e7\u00e3o para garantia de qualidade.<\/p>\n<\/li>\n<\/ul>\n<\/li>\n<\/ul>","protected":false},"excerpt":{"rendered":"<p data-path-to-node=\"4\"><span class=\"\">Em redes \u00f3pticas modernas de alta capacidade,<\/span><span class=\"\"> O gerenciamento da reflex\u00e3o traseira \u00e9 fundamental para proteger fontes de laser caras.<\/span><span class=\"\"> O <\/span><b class=\"\" data-path-to-node=\"4\" data-index-in-node=\"123\">SC\/APC para FC\/APC Simplex de modo \u00fanico (SM SX)<\/b><span class=\"\"> O patch cord \u00e9 uma solu\u00e7\u00e3o especializada que apresenta um contato f\u00edsico angular (APC) de 8 graus em ambas as extremidades.<\/span><span class=\"\"> Esse jumper h\u00edbrido preenche a lacuna entre as portas SC de f\u00e1cil acesso e a alta estabilidade,<\/span><span class=\"\"> interfaces FC com rosca.<\/span><\/p>\n<p data-path-to-node=\"5\">","protected":false},"featured_media":789,"comment_status":"open","ping_status":"closed","template":"","meta":[],"product_brand":[],"product_cat":[45],"product_tag":[],"class_list":{"0":"post-788","1":"product","2":"type-product","3":"status-publish","4":"has-post-thumbnail","6":"product_cat-single-mode-fiber-optic-patch-cord","8":"first","9":"instock","10":"shipping-taxable","11":"product-type-simple"},"_links":{"self":[{"href":"https:\/\/www.fenxifiber.com\/pt\/wp-json\/wp\/v2\/product\/788","targetHints":{"allow":["GET"]}}],"collection":[{"href":"https:\/\/www.fenxifiber.com\/pt\/wp-json\/wp\/v2\/product"}],"about":[{"href":"https:\/\/www.fenxifiber.com\/pt\/wp-json\/wp\/v2\/types\/product"}],"replies":[{"embeddable":true,"href":"https:\/\/www.fenxifiber.com\/pt\/wp-json\/wp\/v2\/comments?post=788"}],"wp:featuredmedia":[{"embeddable":true,"href":"https:\/\/www.fenxifiber.com\/pt\/wp-json\/wp\/v2\/media\/789"}],"wp:attachment":[{"href":"https:\/\/www.fenxifiber.com\/pt\/wp-json\/wp\/v2\/media?parent=788"}],"wp:term":[{"taxonomy":"product_brand","embeddable":true,"href":"https:\/\/www.fenxifiber.com\/pt\/wp-json\/wp\/v2\/product_brand?post=788"},{"taxonomy":"product_cat","embeddable":true,"href":"https:\/\/www.fenxifiber.com\/pt\/wp-json\/wp\/v2\/product_cat?post=788"},{"taxonomy":"product_tag","embeddable":true,"href":"https:\/\/www.fenxifiber.com\/pt\/wp-json\/wp\/v2\/product_tag?post=788"}],"curies":[{"name":"wp","href":"https:\/\/api.w.org\/{rel}","templated":true}]}}