{"id":790,"date":"2026-02-04T01:36:20","date_gmt":"2026-02-04T01:36:20","guid":{"rendered":"https:\/\/www.fenxifiber.com\/?post_type=product&#038;p=790"},"modified":"2026-02-04T02:20:52","modified_gmt":"2026-02-04T02:20:52","slug":"sc-upc-fc-apc-sm-sx","status":"publish","type":"product","link":"https:\/\/www.fenxifiber.com\/pt\/product\/sc-upc-fc-apc-sm-sx\/","title":{"rendered":"Cabo de conex\u00e3o SC\/UPC para FC\/APC Simplex de modo \u00fanico (SM SX)"},"content":{"rendered":"<h2 data-path-to-node=\"3\">Matriz de desempenho t\u00e9cnico<\/h2>\n<p data-path-to-node=\"4\">Nosso processo de fabrica\u00e7\u00e3o garante que cada jumper atenda aos seguintes padr\u00f5es rigorosos do setor 2026:<\/p>\n<table data-path-to-node=\"5\">\n<thead>\n<tr>\n<td><strong>Par\u00e2metro<\/strong><\/td>\n<td><strong>Especifica\u00e7\u00e3o<\/strong><\/td>\n<td><strong>Proposta de valor B2B<\/strong><\/td>\n<\/tr>\n<\/thead>\n<tbody>\n<tr>\n<td><span data-path-to-node=\"5,1,0,0\"><b data-path-to-node=\"5,1,0,0\" data-index-in-node=\"0\">Tipo de conector<\/b><\/span><\/td>\n<td><span data-path-to-node=\"5,1,1,0\">SC\/UPC para FC\/APC<\/span><\/td>\n<td><span data-path-to-node=\"5,1,2,0\">H\u00edbrido push-pull para rosca rosqueada<\/span><\/td>\n<\/tr>\n<tr>\n<td><span data-path-to-node=\"5,2,0,0\"><b data-path-to-node=\"5,2,0,0\" data-index-in-node=\"0\">Categoria de fibra<\/b><\/span><\/td>\n<td><span data-path-to-node=\"5,2,1,0\">Modo \u00fanico (SM\/SX)<\/span><\/td>\n<td><span data-path-to-node=\"5,2,2,0\">Otimizado para estabilidade de longa dist\u00e2ncia do OS2<\/span><\/td>\n<\/tr>\n<tr>\n<td><span data-path-to-node=\"5,3,0,0\"><b data-path-to-node=\"5,3,0,0\" data-index-in-node=\"0\">Perda de inser\u00e7\u00e3o<\/b><\/span><\/td>\n<td><span data-path-to-node=\"5,3,1,0\"><b data-path-to-node=\"5,3,1,0\" data-index-in-node=\"0\"><span class=\"math-inline\" data-math=\"&lt; 0.3 \\text{ dB}\" data-index-in-node=\"0\">$&lt; 0,3 \\text{ dB}$<\/span><\/b><\/span><\/td>\n<td><span data-path-to-node=\"5,3,2,0\">Atenua\u00e7\u00e3o m\u00ednima de pot\u00eancia para o link<\/span><\/td>\n<\/tr>\n<tr>\n<td><span data-path-to-node=\"5,4,0,0\"><b data-path-to-node=\"5,4,0,0\" data-index-in-node=\"0\">Perda de retorno (APC)<\/b><\/span><\/td>\n<td><span data-path-to-node=\"5,4,1,0\"><b data-path-to-node=\"5,4,1,0\" data-index-in-node=\"0\"><span class=\"math-inline\" data-math=\"\\geq 60 \\text{ dB}\" data-index-in-node=\"0\">$\\geq 60 \\text{ dB}$<\/span><\/b><\/span><\/td>\n<td><span data-path-to-node=\"5,4,2,0\">M\u00e1xima prote\u00e7\u00e3o contra retro-reflex\u00e3o<\/span><\/td>\n<\/tr>\n<tr>\n<td><span data-path-to-node=\"5,5,0,0\"><b data-path-to-node=\"5,5,0,0\" data-index-in-node=\"0\">Perda de retorno (UPC)<\/b><\/span><\/td>\n<td><span data-path-to-node=\"5,5,1,0\"><b data-path-to-node=\"5,5,1,0\" data-index-in-node=\"0\"><span class=\"math-inline\" data-math=\"\\geq 50 \\text{ dB}\" data-index-in-node=\"0\">$\\geq 50 \\text{ dB}$<\/span><\/b><\/span><\/td>\n<td><span data-path-to-node=\"5,5,2,0\">Integridade de sinal digital confi\u00e1vel<\/span><\/td>\n<\/tr>\n<tr>\n<td><span data-path-to-node=\"5,6,0,0\"><b data-path-to-node=\"5,6,0,0\" data-index-in-node=\"0\">Comprimento de onda de trabalho<\/b><\/span><\/td>\n<td><span data-path-to-node=\"5,6,1,0\">1310nm \/ 1490nm \/ 1550nm<\/span><\/td>\n<td><span data-path-to-node=\"5,6,2,0\">Compatibilidade universal de comprimento de onda SM<\/span><\/td>\n<\/tr>\n<tr>\n<td><span data-path-to-node=\"5,7,0,0\"><b data-path-to-node=\"5,7,0,0\" data-index-in-node=\"0\">Resist\u00eancia \u00e0 tens\u00e3o<\/b><\/span><\/td>\n<td><span data-path-to-node=\"5,7,1,0\"><b data-path-to-node=\"5,7,1,0\" data-index-in-node=\"0\"><span class=\"math-inline\" data-math=\"\\geq 200 \\text{ N}\" data-index-in-node=\"0\">$\\geq 200 \\text{ N}$<\/span><\/b><\/span><\/td>\n<td><span data-path-to-node=\"5,7,2,0\">Robusto para instala\u00e7\u00e3o vertical em rack<\/span><\/td>\n<\/tr>\n<tr>\n<td><span data-path-to-node=\"5,8,0,0\"><b data-path-to-node=\"5,8,0,0\" data-index-in-node=\"0\">Durabilidade<\/b><\/span><\/td>\n<td><span data-path-to-node=\"5,8,1,0\"><span class=\"math-inline\" data-math=\"\\geq 1000\" data-index-in-node=\"0\">$\\geq 1000$<\/span> vezes<\/span><\/td>\n<td><span data-path-to-node=\"5,8,2,0\">Longevidade do ferrolho de cer\u00e2mica de alta precis\u00e3o<\/span><\/td>\n<\/tr>\n<tr>\n<td><span data-path-to-node=\"5,9,0,0\"><b data-path-to-node=\"5,9,0,0\" data-index-in-node=\"0\">Material da jaqueta<\/b><\/span><\/td>\n<td><span data-path-to-node=\"5,9,1,0\"><b data-path-to-node=\"5,9,1,0\" data-index-in-node=\"0\">LSZH (amarelo)<\/b><\/span><\/td>\n<td><span data-path-to-node=\"5,9,2,0\">Seguran\u00e7a contra inc\u00eandio, baixa fuma\u00e7a e sem halog\u00eanio<\/span><\/td>\n<\/tr>\n<\/tbody>\n<\/table>\n<hr data-path-to-node=\"6\" \/>\n<h2 data-path-to-node=\"7\">Principais vantagens da infraestrutura profissional<\/h2>\n<h3 data-path-to-node=\"8\">1. Solu\u00e7\u00e3o de conectividade h\u00edbrida<\/h3>\n<p data-path-to-node=\"9\">Esse cabo permite uma transi\u00e7\u00e3o perfeita entre o <b data-path-to-node=\"9\" data-index-in-node=\"53\">SC\/UPC (azul)<\/b> padr\u00e3o final para redes em geral e patch panels - e o <b data-path-to-node=\"9\" data-index-in-node=\"128\">FC\/APC (verde)<\/b> que apresenta um inv\u00f3lucro met\u00e1lico rosqueado projetado para ambientes de alta vibra\u00e7\u00e3o e transmissores \u00f3pticos sens\u00edveis.<\/p>\n<h3 data-path-to-node=\"10\">2. Perda de retorno de APC superior (<span class=\"math-inline\" data-math=\"\\geq 60\\text{dB}\" data-index-in-node=\"29\">$\\geq 60\\text{dB}$<\/span>)<\/h3>\n<p data-path-to-node=\"11\">A extremidade FC\/APC utiliza um polimento angular de 8 graus para garantir que a reflex\u00e3o traseira seja redirecionada para longe da fonte de laser. Isso protege equipamentos caros contra ru\u00eddo de sinal e danos ao hardware, um requisito obrigat\u00f3rio para os padr\u00f5es de dados de alta velocidade de 2026.<\/p>\n<h3 data-path-to-node=\"12\">3. Qualidade de constru\u00e7\u00e3o com grau de engenharia<\/h3>\n<p data-path-to-node=\"13\">Com uma for\u00e7a de tens\u00e3o de <b data-path-to-node=\"13\" data-index-in-node=\"27\"><span class=\"math-inline\" data-math=\"\\geq 200\\text{N}\" data-index-in-node=\"27\">$\\geq 200\\text{N}$<\/span><\/b>, Esses jumpers s\u00e3o constru\u00eddos para suportar o estresse f\u00edsico do cabeamento industrial. Os <b data-path-to-node=\"13\" data-index-in-node=\"131\">LSZH<\/b> A jaqueta garante a conformidade com os c\u00f3digos internacionais de seguran\u00e7a de constru\u00e7\u00e3o, emitindo vapores n\u00e3o t\u00f3xicos em caso de inc\u00eandio.<\/p>\n<h3 data-path-to-node=\"14\">4. Desempenho confi\u00e1vel em banda larga<\/h3>\n<p data-path-to-node=\"15\">Suportando uma largura de banda de <b data-path-to-node=\"15\" data-index-in-node=\"26\"><span class=\"math-inline\" data-math=\"\\pm 40\\text{nm}\" data-index-in-node=\"26\">$\\pm 40\\text{nm}$<\/span><\/b>, Se o jumper for usado, ele permanecer\u00e1 est\u00e1vel mesmo em condi\u00e7\u00f5es ambientais flutuantes ou quando usado com lasers que sofrem pequenas altera\u00e7\u00f5es no comprimento de onda.<\/p>\n<hr data-path-to-node=\"16\" \/>\n<h2 data-path-to-node=\"17\">Perguntas frequentes sobre compras B2B<\/h2>\n<ul data-path-to-node=\"18\">\n<li>\n<p data-path-to-node=\"18,0,0\"><b data-path-to-node=\"18,0,0\" data-index-in-node=\"0\">P: Por que uma extremidade \u00e9 verde e a outra \u00e9 azul?<\/b><\/p>\n<ul data-path-to-node=\"18,0,1\">\n<li>\n<p data-path-to-node=\"18,0,1,0,0\"><b data-path-to-node=\"18,0,1,0,0\" data-index-in-node=\"0\">A:<\/b> Esse c\u00f3digo de cores \u00e9 um padr\u00e3o internacional. Verde indica um <b data-path-to-node=\"18,0,1,0,0\" data-index-in-node=\"70\">APC (em \u00e2ngulo)<\/b> polimento, enquanto o azul indica um <b data-path-to-node=\"18,0,1,0,0\" data-index-in-node=\"114\">UPC (Ultra Contato F\u00edsico)<\/b> polimento. Sempre combine as cores com suas respectivas portas de hardware para evitar grandes perdas de sinal.<\/p>\n<\/li>\n<\/ul>\n<\/li>\n<li>\n<p data-path-to-node=\"18,1,0\"><b data-path-to-node=\"18,1,0\" data-index-in-node=\"0\">P: Podemos solicitar os relat\u00f3rios de teste de f\u00e1brica do 100%?<\/b><\/p>\n<ul data-path-to-node=\"18,1,1\">\n<li>\n<p data-path-to-node=\"18,1,1,0,0\"><b data-path-to-node=\"18,1,1,0,0\" data-index-in-node=\"0\">A:<\/b> Com certeza. Como parceiro profissional B2B, fornecemos dados de teste individuais para perda de inser\u00e7\u00e3o e perda de retorno, mediante solicita\u00e7\u00e3o, para garantir que seu lote atenda aos requisitos de <span class=\"math-inline\" data-math=\"&lt;0.3\\text{dB}\" data-index-in-node=\"157\">$&lt;0.3\\text{dB}$<\/span> padr\u00e3o.<\/p>\n<\/li>\n<\/ul>\n<\/li>\n<li>\n<p data-path-to-node=\"18,2,0\"><b data-path-to-node=\"18,2,0\" data-index-in-node=\"0\">P: Esse cabo est\u00e1 preparado para uso industrial com alta vibra\u00e7\u00e3o?<\/b><\/p>\n<ul data-path-to-node=\"18,2,1\">\n<li>\n<p data-path-to-node=\"18,2,1,0,0\"><b data-path-to-node=\"18,2,1,0,0\" data-index-in-node=\"0\">A:<\/b> Sim. O conector FC met\u00e1lico rosqueado foi projetado especificamente para permanecer seguro em ambientes sujeitos a movimentos mec\u00e2nicos, proporcionando mais estabilidade do que os clipes pl\u00e1sticos padr\u00e3o.<\/p>\n<\/li>\n<\/ul>\n<\/li>\n<\/ul>","protected":false},"excerpt":{"rendered":"<p data-path-to-node=\"0\">Para gerentes de compras B2B e engenheiros de telecomunica\u00e7\u00f5es, o <b data-path-to-node=\"0\" data-index-in-node=\"67\">SC\/UPC para FC\/APC Simplex de modo \u00fanico (SM SX)<\/b> O patch cord \u00e9 um componente h\u00edbrido essencial. Esse jumper atua como uma ponte especializada entre as portas de rede digital padr\u00e3o (SC\/UPC) e as interfaces a laser de alta precis\u00e3o e baixa reflex\u00e3o (FC\/APC).<\/p>\n<p data-path-to-node=\"1\">Com base em suas especifica\u00e7\u00f5es t\u00e9cnicas fornecidas, esse cabo foi projetado para ambientes de alto desempenho, como <b data-path-to-node=\"1\" data-index-in-node=\"113\">CATV, GPON e sistemas de teste de laborat\u00f3rio<\/b>.<\/p>","protected":false},"featured_media":791,"comment_status":"open","ping_status":"closed","template":"","meta":[],"product_brand":[],"product_cat":[45],"product_tag":[],"class_list":{"0":"post-790","1":"product","2":"type-product","3":"status-publish","4":"has-post-thumbnail","6":"product_cat-single-mode-fiber-optic-patch-cord","8":"first","9":"instock","10":"shipping-taxable","11":"product-type-simple"},"_links":{"self":[{"href":"https:\/\/www.fenxifiber.com\/pt\/wp-json\/wp\/v2\/product\/790","targetHints":{"allow":["GET"]}}],"collection":[{"href":"https:\/\/www.fenxifiber.com\/pt\/wp-json\/wp\/v2\/product"}],"about":[{"href":"https:\/\/www.fenxifiber.com\/pt\/wp-json\/wp\/v2\/types\/product"}],"replies":[{"embeddable":true,"href":"https:\/\/www.fenxifiber.com\/pt\/wp-json\/wp\/v2\/comments?post=790"}],"wp:featuredmedia":[{"embeddable":true,"href":"https:\/\/www.fenxifiber.com\/pt\/wp-json\/wp\/v2\/media\/791"}],"wp:attachment":[{"href":"https:\/\/www.fenxifiber.com\/pt\/wp-json\/wp\/v2\/media?parent=790"}],"wp:term":[{"taxonomy":"product_brand","embeddable":true,"href":"https:\/\/www.fenxifiber.com\/pt\/wp-json\/wp\/v2\/product_brand?post=790"},{"taxonomy":"product_cat","embeddable":true,"href":"https:\/\/www.fenxifiber.com\/pt\/wp-json\/wp\/v2\/product_cat?post=790"},{"taxonomy":"product_tag","embeddable":true,"href":"https:\/\/www.fenxifiber.com\/pt\/wp-json\/wp\/v2\/product_tag?post=790"}],"curies":[{"name":"wp","href":"https:\/\/api.w.org\/{rel}","templated":true}]}}