{"id":792,"date":"2026-02-04T01:39:19","date_gmt":"2026-02-04T01:39:19","guid":{"rendered":"https:\/\/www.fenxifiber.com\/?post_type=product&#038;p=792"},"modified":"2026-02-04T02:21:56","modified_gmt":"2026-02-04T02:21:56","slug":"fc-upc-fc-upc-sm-dx","status":"publish","type":"product","link":"https:\/\/www.fenxifiber.com\/pt\/product\/fc-upc-fc-upc-sm-dx\/","title":{"rendered":"Cabo de conex\u00e3o FC\/UPC para FC\/UPC de modo \u00fanico duplex (SM DX)"},"content":{"rendered":"<h2 data-path-to-node=\"3\">Matriz de desempenho t\u00e9cnico<\/h2>\n<p data-path-to-node=\"4\">Nosso processo de produ\u00e7\u00e3o segue rigorosamente os seguintes padr\u00f5es de desempenho para garantir a consist\u00eancia em todo o projeto:<\/p>\n<table data-path-to-node=\"5\">\n<thead>\n<tr>\n<td><strong>M\u00e9trico<\/strong><\/td>\n<td><strong>Especifica\u00e7\u00e3o profissional<\/strong><\/td>\n<td><strong>Vantagem da engenharia<\/strong><\/td>\n<\/tr>\n<\/thead>\n<tbody>\n<tr>\n<td><span data-path-to-node=\"5,1,0,0\"><b data-path-to-node=\"5,1,0,0\" data-index-in-node=\"0\">Tipo de conector<\/b><\/span><\/td>\n<td><span data-path-to-node=\"5,1,1,0\">FC\/UPC para FC\/UPC<\/span><\/td>\n<td><span data-path-to-node=\"5,1,2,0\">Acoplamento met\u00e1lico rosqueado<\/span><\/td>\n<\/tr>\n<tr>\n<td><span data-path-to-node=\"5,2,0,0\"><b data-path-to-node=\"5,2,0,0\" data-index-in-node=\"0\">Categoria de fibra<\/b><\/span><\/td>\n<td><span data-path-to-node=\"5,2,1,0\">Modo \u00fanico duplex (SM DX)<\/span><\/td>\n<td><span data-path-to-node=\"5,2,2,0\">Otimizado para dados bidirecionais de fibra dupla<\/span><\/td>\n<\/tr>\n<tr>\n<td><span data-path-to-node=\"5,3,0,0\"><b data-path-to-node=\"5,3,0,0\" data-index-in-node=\"0\">Perda de inser\u00e7\u00e3o<\/b><\/span><\/td>\n<td><span data-path-to-node=\"5,3,1,0\"><b data-path-to-node=\"5,3,1,0\" data-index-in-node=\"0\"><span class=\"math-inline\" data-math=\"&lt; 0.3 \\text{ dB}\" data-index-in-node=\"0\">$&lt; 0,3 \\text{ dB}$<\/span><\/b><\/span><\/td>\n<td><span data-path-to-node=\"5,3,2,0\">Atenua\u00e7\u00e3o m\u00ednima para links de longa dist\u00e2ncia<\/span><\/td>\n<\/tr>\n<tr>\n<td><span data-path-to-node=\"5,4,0,0\"><b data-path-to-node=\"5,4,0,0\" data-index-in-node=\"0\">Perda de retorno<\/b><\/span><\/td>\n<td><span data-path-to-node=\"5,4,1,0\"><b data-path-to-node=\"5,4,1,0\" data-index-in-node=\"0\"><span class=\"math-inline\" data-math=\"\\geq 50 \\text{ dB}\" data-index-in-node=\"0\">$\\geq 50 \\text{ dB}$<\/span> (UPC)<\/b><\/span><\/td>\n<td><span data-path-to-node=\"5,4,2,0\">Sinal de alta pureza para protocolos digitais<\/span><\/td>\n<\/tr>\n<tr>\n<td><span data-path-to-node=\"5,5,0,0\"><b data-path-to-node=\"5,5,0,0\" data-index-in-node=\"0\">Comprimento de onda<\/b><\/span><\/td>\n<td><span data-path-to-node=\"5,5,1,0\">1310nm \/ 1490nm \/ 1550nm<\/span><\/td>\n<td><span data-path-to-node=\"5,5,2,0\">Compatibilidade universal de comprimento de onda<\/span><\/td>\n<\/tr>\n<tr>\n<td><span data-path-to-node=\"5,6,0,0\"><b data-path-to-node=\"5,6,0,0\" data-index-in-node=\"0\">Resist\u00eancia \u00e0 tens\u00e3o<\/b><\/span><\/td>\n<td><span data-path-to-node=\"5,6,1,0\"><b data-path-to-node=\"5,6,1,0\" data-index-in-node=\"0\"><span class=\"math-inline\" data-math=\"\\geq 200 \\text{ N}\" data-index-in-node=\"0\">$\\geq 200 \\text{ N}$<\/span><\/b><\/span><\/td>\n<td><span data-path-to-node=\"5,6,2,0\">Robusto para roteamento intensivo de cabos<\/span><\/td>\n<\/tr>\n<tr>\n<td><span data-path-to-node=\"5,7,0,0\"><b data-path-to-node=\"5,7,0,0\" data-index-in-node=\"0\">Durabilidade<\/b><\/span><\/td>\n<td><span data-path-to-node=\"5,7,1,0\"><span class=\"math-inline\" data-math=\"\\geq 1000\" data-index-in-node=\"0\">$\\geq 1000$<\/span> vezes<\/span><\/td>\n<td><span data-path-to-node=\"5,7,2,0\">Longevidade do ferrolho de cer\u00e2mica de alta precis\u00e3o<\/span><\/td>\n<\/tr>\n<tr>\n<td><span data-path-to-node=\"5,8,0,0\"><b data-path-to-node=\"5,8,0,0\" data-index-in-node=\"0\">Largura de banda<\/b><\/span><\/td>\n<td><span data-path-to-node=\"5,8,1,0\"><span class=\"math-inline\" data-math=\"\\pm 40\\text{nm}\" data-index-in-node=\"0\">$\\pm 40\\text{nm}$<\/span><\/span><\/td>\n<td><span data-path-to-node=\"5,8,2,0\">Desempenho est\u00e1vel em todas as mudan\u00e7as espectrais<\/span><\/td>\n<\/tr>\n<tr>\n<td><span data-path-to-node=\"5,9,0,0\"><b data-path-to-node=\"5,9,0,0\" data-index-in-node=\"0\">Material da jaqueta<\/b><\/span><\/td>\n<td><span data-path-to-node=\"5,9,1,0\"><b data-path-to-node=\"5,9,1,0\" data-index-in-node=\"0\">LSZH (amarelo)<\/b><\/span><\/td>\n<td><span data-path-to-node=\"5,9,2,0\">Conformidade com seguran\u00e7a contra inc\u00eandio, baixa fuma\u00e7a e zero halog\u00eanio<\/span><\/td>\n<\/tr>\n<\/tbody>\n<\/table>\n<hr data-path-to-node=\"6\" \/>\n<h2 data-path-to-node=\"7\">Vantagens de desempenho para implementa\u00e7\u00e3o em grande escala<\/h2>\n<h3 data-path-to-node=\"8\">1. Mecanismo aparafusado \u00e0 prova de vibra\u00e7\u00e3o<\/h3>\n<p data-path-to-node=\"9\">O <b data-path-to-node=\"9\" data-index-in-node=\"4\">FC (conector de ponteira)<\/b> utiliza um inv\u00f3lucro met\u00e1lico niquelado com um acoplamento rosqueado. Diferentemente das travas de encaixe de pl\u00e1stico, o mecanismo FC garante que as extremidades da fibra permane\u00e7am em contato constante e pressurizado, o que o torna a op\u00e7\u00e3o ideal para ambientes sujeitos a estresse mec\u00e2nico ou expans\u00e3o t\u00e9rmica.<\/p>\n<h3 data-path-to-node=\"10\">2. Efici\u00eancia duplex (DX) para links de alta velocidade<\/h3>\n<p data-path-to-node=\"11\">O <b data-path-to-node=\"11\" data-index-in-node=\"4\">Duplex (DX)<\/b> permite a transmiss\u00e3o simult\u00e2nea e bidirecional de dados. Esse \u00e9 um requisito essencial para as arquiteturas tradicionais de Ethernet 1G, 10G e 40G que dependem de fios separados para transmiss\u00e3o e recep\u00e7\u00e3o, simplificando o gerenciamento de cabos em racks de alta densidade.<\/p>\n<h3 data-path-to-node=\"12\">3. Confiabilidade de tra\u00e7\u00e3o de n\u00edvel industrial<\/h3>\n<p data-path-to-node=\"13\">Com uma classifica\u00e7\u00e3o de resist\u00eancia \u00e0 tens\u00e3o de <b data-path-to-node=\"13\" data-index-in-node=\"34\"><span class=\"math-inline\" data-math=\"\\geq 200\\text{N}\" data-index-in-node=\"34\">$\\geq 200\\text{N}$<\/span><\/b>, Al\u00e9m disso, esses jumpers s\u00e3o constru\u00eddos para sobreviver aos rigores f\u00edsicos de serem puxados atrav\u00e9s de condu\u00edtes industriais e po\u00e7os verticais. Essa durabilidade reduz o risco de quebra do n\u00facleo de vidro durante a fase de instala\u00e7\u00e3o de projetos de grande escala.<\/p>\n<h3 data-path-to-node=\"14\">4. Seguran\u00e7a global e conformidade com LSZH<\/h3>\n<p data-path-to-node=\"15\">Nossas jaquetas amarelas s\u00e3o fabricadas com <b data-path-to-node=\"15\" data-index-in-node=\"41\">Baixa fuma\u00e7a e zero halog\u00eanio (LSZH)<\/b> materiais. Isso garante que o produto atenda \u00e0s normas internacionais de seguran\u00e7a contra inc\u00eandio para edif\u00edcios comerciais e governamentais, pois n\u00e3o emite gases hal\u00f3genos t\u00f3xicos em caso de calor extremo.<\/p>\n<hr data-path-to-node=\"16\" \/>\n<h2 data-path-to-node=\"17\">Aquisi\u00e7\u00e3o e suporte a projetos<\/h2>\n<ul data-path-to-node=\"18\">\n<li>\n<p data-path-to-node=\"18,0,0\"><b data-path-to-node=\"18,0,0\" data-index-in-node=\"0\">Garantia de qualidade:<\/b> Cada patch cord 100% \u00e9 testado na f\u00e1brica quanto \u00e0 perda de inser\u00e7\u00e3o (IL) e perda de retorno (RL). Relat\u00f3rios de testes individuais e verifica\u00e7\u00e3o de interferometria 3D podem ser fornecidos para dar suporte ao seu <b data-path-to-node=\"18,0,0\" data-index-in-node=\"203\">documenta\u00e7\u00e3o de conformidade do projeto<\/b>.<\/p>\n<\/li>\n<li>\n<p data-path-to-node=\"18,1,0\"><b data-path-to-node=\"18,1,0\" data-index-in-node=\"0\">Escalabilidade no atacado:<\/b> Mantemos um estoque consistente de comprimentos padr\u00e3o (1 m, 2 m, 3 m, 5 m) para garantir prazos de entrega r\u00e1pidos para <b data-path-to-node=\"18,1,0\" data-index-in-node=\"126\">aquisi\u00e7\u00e3o de grandes volumes<\/b> e manuten\u00e7\u00e3o urgente da rede.<\/p>\n<\/li>\n<li>\n<p data-path-to-node=\"18,2,0\"><b data-path-to-node=\"18,2,0\" data-index-in-node=\"0\">Configura\u00e7\u00e3o personalizada:<\/b> Oferecemos fabrica\u00e7\u00e3o flex\u00edvel para <b data-path-to-node=\"18,2,0\" data-index-in-node=\"67\">requisitos de atacado<\/b>, incluindo comprimentos personalizados, di\u00e2metros de jaqueta de 2,0 mm\/3,0 mm e rotulagem especializada para a marca da empresa.<\/p>\n<\/li>\n<\/ul>","protected":false},"excerpt":{"rendered":"<p data-path-to-node=\"0\">O <b data-path-to-node=\"0\" data-index-in-node=\"4\">FC\/UPC para FC\/UPC de modo \u00fanico duplex (SM DX)<\/b> \u00e9 uma interconex\u00e3o de alto desempenho projetada para transmiss\u00e3o de fibra dupla em ambientes que exigem m\u00e1xima estabilidade mec\u00e2nica. Apresentando o cl\u00e1ssico acoplamento met\u00e1lico rosqueado, essa configura\u00e7\u00e3o duplex \u00e9 o padr\u00e3o profissional para <b data-path-to-node=\"0\" data-index-in-node=\"296\">sensores de fibra \u00f3ptica, backbones de telecomunica\u00e7\u00f5es e bancos de testes de laborat\u00f3rio<\/b> onde o contato f\u00edsico constante deve ser mantido apesar da vibra\u00e7\u00e3o ou do movimento.<\/p>\n<p data-path-to-node=\"1\">Projetado para atender \u00e0s demandas de infraestrutura de 2026, esse jumper de n\u00facleo duplo \u201cBlue-to-Blue\u201d oferece a confiabilidade necess\u00e1ria para caminhos de dados full-duplex em setores cr\u00edticos da rede.<\/p>","protected":false},"featured_media":793,"comment_status":"open","ping_status":"closed","template":"","meta":[],"product_brand":[],"product_cat":[45],"product_tag":[],"class_list":{"0":"post-792","1":"product","2":"type-product","3":"status-publish","4":"has-post-thumbnail","6":"product_cat-single-mode-fiber-optic-patch-cord","8":"first","9":"instock","10":"shipping-taxable","11":"product-type-simple"},"_links":{"self":[{"href":"https:\/\/www.fenxifiber.com\/pt\/wp-json\/wp\/v2\/product\/792","targetHints":{"allow":["GET"]}}],"collection":[{"href":"https:\/\/www.fenxifiber.com\/pt\/wp-json\/wp\/v2\/product"}],"about":[{"href":"https:\/\/www.fenxifiber.com\/pt\/wp-json\/wp\/v2\/types\/product"}],"replies":[{"embeddable":true,"href":"https:\/\/www.fenxifiber.com\/pt\/wp-json\/wp\/v2\/comments?post=792"}],"wp:featuredmedia":[{"embeddable":true,"href":"https:\/\/www.fenxifiber.com\/pt\/wp-json\/wp\/v2\/media\/793"}],"wp:attachment":[{"href":"https:\/\/www.fenxifiber.com\/pt\/wp-json\/wp\/v2\/media?parent=792"}],"wp:term":[{"taxonomy":"product_brand","embeddable":true,"href":"https:\/\/www.fenxifiber.com\/pt\/wp-json\/wp\/v2\/product_brand?post=792"},{"taxonomy":"product_cat","embeddable":true,"href":"https:\/\/www.fenxifiber.com\/pt\/wp-json\/wp\/v2\/product_cat?post=792"},{"taxonomy":"product_tag","embeddable":true,"href":"https:\/\/www.fenxifiber.com\/pt\/wp-json\/wp\/v2\/product_tag?post=792"}],"curies":[{"name":"wp","href":"https:\/\/api.w.org\/{rel}","templated":true}]}}