{"id":796,"date":"2026-02-04T01:42:04","date_gmt":"2026-02-04T01:42:04","guid":{"rendered":"https:\/\/www.fenxifiber.com\/?post_type=product&#038;p=796"},"modified":"2026-02-04T02:23:46","modified_gmt":"2026-02-04T02:23:46","slug":"lc-apc-lc-apc-sm-dx","status":"publish","type":"product","link":"https:\/\/www.fenxifiber.com\/pt\/product\/lc-apc-lc-apc-sm-dx\/","title":{"rendered":"Cabo de conex\u00e3o LC\/APC para LC\/APC de modo \u00fanico duplex (SM DX)"},"content":{"rendered":"<h2 data-path-to-node=\"3\">Matriz de desempenho t\u00e9cnico<\/h2>\n<p data-path-to-node=\"4\">Nossa produ\u00e7\u00e3o segue os seguintes padr\u00f5es t\u00e9cnicos rigorosos para garantir um desempenho consistente em implementa\u00e7\u00f5es de rede em larga escala:<\/p>\n<table data-path-to-node=\"5\">\n<thead>\n<tr>\n<td><strong>M\u00e9trico<\/strong><\/td>\n<td><strong>Especifica\u00e7\u00e3o profissional<\/strong><\/td>\n<td><strong>Vantagem da engenharia<\/strong><\/td>\n<\/tr>\n<\/thead>\n<tbody>\n<tr>\n<td><span data-path-to-node=\"5,1,0,0\"><b data-path-to-node=\"5,1,0,0\" data-index-in-node=\"0\">Tipo de conector<\/b><\/span><\/td>\n<td><span data-path-to-node=\"5,1,1,0\">LC\/APC para LC\/APC<\/span><\/td>\n<td><span data-path-to-node=\"5,1,2,0\">SFF (Small Form Factor) de alta densidade<\/span><\/td>\n<\/tr>\n<tr>\n<td><span data-path-to-node=\"5,2,0,0\"><b data-path-to-node=\"5,2,0,0\" data-index-in-node=\"0\">Categoria de fibra<\/b><\/span><\/td>\n<td><span data-path-to-node=\"5,2,1,0\">Duplex de modo \u00fanico (SM\/DX)<\/span><\/td>\n<td><span data-path-to-node=\"5,2,2,0\">Suporta dados simult\u00e2neos de fita dupla<\/span><\/td>\n<\/tr>\n<tr>\n<td><span data-path-to-node=\"5,3,0,0\"><b data-path-to-node=\"5,3,0,0\" data-index-in-node=\"0\">Perda de inser\u00e7\u00e3o<\/b><\/span><\/td>\n<td><span data-path-to-node=\"5,3,1,0\"><b data-path-to-node=\"5,3,1,0\" data-index-in-node=\"0\"><span class=\"math-inline\" data-math=\"&lt; 0.3 \\text{ dB}\" data-index-in-node=\"0\">$&lt; 0,3 \\text{ dB}$<\/span><\/b><\/span><\/td>\n<td><span data-path-to-node=\"5,3,2,0\">Otimiza o or\u00e7amento total de energia do link<\/span><\/td>\n<\/tr>\n<tr>\n<td><span data-path-to-node=\"5,4,0,0\"><b data-path-to-node=\"5,4,0,0\" data-index-in-node=\"0\">Perda de retorno<\/b><\/span><\/td>\n<td><span data-path-to-node=\"5,4,1,0\"><b data-path-to-node=\"5,4,1,0\" data-index-in-node=\"0\"><span class=\"math-inline\" data-math=\"\\geq 60 \\text{ dB}\" data-index-in-node=\"0\">$\\geq 60 \\text{ dB}$<\/span> (APC)<\/b><\/span><\/td>\n<td><span data-path-to-node=\"5,4,2,0\">Supress\u00e3o superior de retro-reflex\u00e3o<\/span><\/td>\n<\/tr>\n<tr>\n<td><span data-path-to-node=\"5,5,0,0\"><b data-path-to-node=\"5,5,0,0\" data-index-in-node=\"0\">Comprimento de onda<\/b><\/span><\/td>\n<td><span data-path-to-node=\"5,5,1,0\">1310nm \/ 1490nm \/ 1550nm<\/span><\/td>\n<td><span data-path-to-node=\"5,5,2,0\">Compatibilidade universal de comprimento de onda SM<\/span><\/td>\n<\/tr>\n<tr>\n<td><span data-path-to-node=\"5,6,0,0\"><b data-path-to-node=\"5,6,0,0\" data-index-in-node=\"0\">Largura de banda<\/b><\/span><\/td>\n<td><span data-path-to-node=\"5,6,1,0\"><span class=\"math-inline\" data-math=\"\\pm 40\\text{nm}\" data-index-in-node=\"0\">$\\pm 40\\text{nm}$<\/span><\/span><\/td>\n<td><span data-path-to-node=\"5,6,2,0\">Desempenho est\u00e1vel em todas as mudan\u00e7as espectrais<\/span><\/td>\n<\/tr>\n<tr>\n<td><span data-path-to-node=\"5,7,0,0\"><b data-path-to-node=\"5,7,0,0\" data-index-in-node=\"0\">Resist\u00eancia \u00e0 tens\u00e3o<\/b><\/span><\/td>\n<td><span data-path-to-node=\"5,7,1,0\"><b data-path-to-node=\"5,7,1,0\" data-index-in-node=\"0\"><span class=\"math-inline\" data-math=\"\\geq 200 \\text{ N}\" data-index-in-node=\"0\">$\\geq 200 \\text{ N}$<\/span><\/b><\/span><\/td>\n<td><span data-path-to-node=\"5,7,2,0\">Robusto para roteamento intensivo de condu\u00edtes<\/span><\/td>\n<\/tr>\n<tr>\n<td><span data-path-to-node=\"5,8,0,0\"><b data-path-to-node=\"5,8,0,0\" data-index-in-node=\"0\">Durabilidade<\/b><\/span><\/td>\n<td><span data-path-to-node=\"5,8,1,0\"><span class=\"math-inline\" data-math=\"\\geq 1000\" data-index-in-node=\"0\">$\\geq 1000$<\/span> vezes<\/span><\/td>\n<td><span data-path-to-node=\"5,8,2,0\">Longevidade do ferrolho de cer\u00e2mica de alta precis\u00e3o<\/span><\/td>\n<\/tr>\n<tr>\n<td><span data-path-to-node=\"5,9,0,0\"><b data-path-to-node=\"5,9,0,0\" data-index-in-node=\"0\">Material da jaqueta<\/b><\/span><\/td>\n<td><span data-path-to-node=\"5,9,1,0\"><b data-path-to-node=\"5,9,1,0\" data-index-in-node=\"0\">LSZH (amarelo)<\/b><\/span><\/td>\n<td><span data-path-to-node=\"5,9,2,0\">Seguran\u00e7a contra inc\u00eandio, baixa fuma\u00e7a e sem halog\u00eanio<\/span><\/td>\n<\/tr>\n<\/tbody>\n<\/table>\n<hr data-path-to-node=\"6\" \/>\n<h2 data-path-to-node=\"7\">Vantagens de desempenho para projetos de infraestrutura<\/h2>\n<h3 data-path-to-node=\"8\">1. Design SFF de alta densidade<\/h3>\n<ul data-path-to-node=\"9\">\n<li>\n<p data-path-to-node=\"9,0,0\">O ferrolho compacto de 1,25 mm do conector LC permite o dobro da densidade da fibra em pain\u00e9is de conex\u00e3o padr\u00e3o de 1U em compara\u00e7\u00e3o com os conectores SC.<\/p>\n<\/li>\n<li>\n<p data-path-to-node=\"9,1,0\">Esse Small Form Factor (SFF) \u00e9 essencial para maximizar o espa\u00e7o do rack em data centers de n\u00edvel empresarial.<\/p>\n<\/li>\n<\/ul>\n<h3 data-path-to-node=\"10\">2. Gerenciamento de reflexos de elite (APC - polon\u00eas)<\/h3>\n<ul data-path-to-node=\"11\">\n<li>\n<p data-path-to-node=\"11,0,0\">O contato f\u00edsico angular (APC) de 8 graus garante uma perda de retorno de <b data-path-to-node=\"11,0,0\" data-index-in-node=\"68\"><span class=\"math-inline\" data-math=\"\\geq 60\\text{dB}\" data-index-in-node=\"68\">$\\geq 60\\text{dB}$<\/span><\/b>.<\/p>\n<\/li>\n<li>\n<p data-path-to-node=\"11,1,0\">Isso minimiza a reflex\u00e3o traseira, protegendo fontes de laser de alta pot\u00eancia e mantendo a integridade do sinal em ambientes sens\u00edveis. <b data-path-to-node=\"11,1,0\" data-index-in-node=\"114\">CATV e PON<\/b> redes.<\/p>\n<\/li>\n<\/ul>\n<h3 data-path-to-node=\"12\">3. Confiabilidade \u00e0 tra\u00e7\u00e3o em grau de engenharia<\/h3>\n<ul data-path-to-node=\"13\">\n<li>\n<p data-path-to-node=\"13,0,0\">Avaliado em uma for\u00e7a de tens\u00e3o de <b data-path-to-node=\"13,0,0\" data-index-in-node=\"31\"><span class=\"math-inline\" data-math=\"\\geq 200\\text{N}\" data-index-in-node=\"31\">$\\geq 200\\text{N}$<\/span><\/b>, Esses jumpers foram desenvolvidos para sobreviver aos rigores f\u00edsicos da instala\u00e7\u00e3o em ambientes densos.<\/p>\n<\/li>\n<li>\n<p data-path-to-node=\"13,1,0\">Isso garante confiabilidade a longo prazo, mesmo quando os cabos s\u00e3o roteados atrav\u00e9s de bandejas lotadas ou eixos verticais.<\/p>\n<\/li>\n<\/ul>\n<h3 data-path-to-node=\"14\">4. Conformidade e seguran\u00e7a globais<\/h3>\n<ul data-path-to-node=\"15\">\n<li>\n<p data-path-to-node=\"15,0,0\">Nossas jaquetas amarelas s\u00e3o fabricadas com <b data-path-to-node=\"15,0,0\" data-index-in-node=\"41\">Baixa fuma\u00e7a e zero halog\u00eanio (LSZH)<\/b> material.<\/p>\n<\/li>\n<li>\n<p data-path-to-node=\"15,1,0\">Isso est\u00e1 em conformidade com os c\u00f3digos internacionais de seguran\u00e7a de constru\u00e7\u00e3o, garantindo o m\u00ednimo de fuma\u00e7a e nenhuma emiss\u00e3o t\u00f3xica de halog\u00eanio em caso de inc\u00eandio.<\/p>\n<\/li>\n<\/ul>\n<hr data-path-to-node=\"16\" \/>\n<h2 data-path-to-node=\"17\">Suporte de compras e atacado<\/h2>\n<ul data-path-to-node=\"18\">\n<li>\n<p data-path-to-node=\"18,0,0\"><b data-path-to-node=\"18,0,0\" data-index-in-node=\"0\">Garantia de qualidade<\/b>: Cada patch cord \u00e9 submetido a testes de f\u00e1brica 100% para perda de inser\u00e7\u00e3o (IL) e perda de retorno (RL) para garantir a confiabilidade do projeto.<\/p>\n<\/li>\n<li>\n<p data-path-to-node=\"18,1,0\"><b data-path-to-node=\"18,1,0\" data-index-in-node=\"0\">Documenta\u00e7\u00e3o do projeto<\/b>: Fornecemos relat\u00f3rios de testes individuais e verifica\u00e7\u00e3o de interferometria 3D para atender a rigorosos requisitos de seguran\u00e7a. <b data-path-to-node=\"18,1,0\" data-index-in-node=\"108\">requisitos de conformidade<\/b>.<\/p>\n<\/li>\n<li>\n<p data-path-to-node=\"18,2,0\"><b data-path-to-node=\"18,2,0\" data-index-in-node=\"0\">Escalabilidade no atacado<\/b>: Mantemos um estoque consistente de comprimentos padr\u00e3o para garantir prazos de entrega r\u00e1pidos para <b data-path-to-node=\"18,2,0\" data-index-in-node=\"107\">aquisi\u00e7\u00e3o de grandes volumes<\/b>.<\/p>\n<\/li>\n<li>\n<p data-path-to-node=\"18,3,0\"><b data-path-to-node=\"18,3,0\" data-index-in-node=\"0\">Configura\u00e7\u00e3o personalizada<\/b>: A fabrica\u00e7\u00e3o flex\u00edvel est\u00e1 dispon\u00edvel para comprimentos personalizados, rotulagem especializada e di\u00e2metros de revestimento variados (2,0 mm\/3,0 mm).<\/p>\n<\/li>\n<\/ul>","protected":false},"excerpt":{"rendered":"<p data-path-to-node=\"0\">O <b data-path-to-node=\"0\" data-index-in-node=\"4\">LC\/APC para LC\/APC de modo \u00fanico duplex (SM DX)<\/b> \u00e9 uma solu\u00e7\u00e3o de alta densidade projetada para arquiteturas de rede modernas que exigem alta densidade de portas e gerenciamento superior de reflex\u00e3o. Apresentando o polimento APC (Contato F\u00edsico Angular) \u201cGreen-to-Green\u201d, esse jumper duplex \u00e9 um componente essencial para <b data-path-to-node=\"0\" data-index-in-node=\"315\">FTTH, PON e data center de alta velocidade<\/b> ambientes em que a pureza do sinal \u00e9 fundamental.<\/p>\n<p data-path-to-node=\"1\">Projetado para transmiss\u00e3o de dados bidirecional de alto desempenho, esse cabo de fibra dupla garante efici\u00eancia m\u00e1xima em ambientes de cabeamento congestionados.<\/p>","protected":false},"featured_media":797,"comment_status":"open","ping_status":"closed","template":"","meta":[],"product_brand":[],"product_cat":[45],"product_tag":[],"class_list":{"0":"post-796","1":"product","2":"type-product","3":"status-publish","4":"has-post-thumbnail","6":"product_cat-single-mode-fiber-optic-patch-cord","8":"first","9":"instock","10":"shipping-taxable","11":"product-type-simple"},"_links":{"self":[{"href":"https:\/\/www.fenxifiber.com\/pt\/wp-json\/wp\/v2\/product\/796","targetHints":{"allow":["GET"]}}],"collection":[{"href":"https:\/\/www.fenxifiber.com\/pt\/wp-json\/wp\/v2\/product"}],"about":[{"href":"https:\/\/www.fenxifiber.com\/pt\/wp-json\/wp\/v2\/types\/product"}],"replies":[{"embeddable":true,"href":"https:\/\/www.fenxifiber.com\/pt\/wp-json\/wp\/v2\/comments?post=796"}],"wp:featuredmedia":[{"embeddable":true,"href":"https:\/\/www.fenxifiber.com\/pt\/wp-json\/wp\/v2\/media\/797"}],"wp:attachment":[{"href":"https:\/\/www.fenxifiber.com\/pt\/wp-json\/wp\/v2\/media?parent=796"}],"wp:term":[{"taxonomy":"product_brand","embeddable":true,"href":"https:\/\/www.fenxifiber.com\/pt\/wp-json\/wp\/v2\/product_brand?post=796"},{"taxonomy":"product_cat","embeddable":true,"href":"https:\/\/www.fenxifiber.com\/pt\/wp-json\/wp\/v2\/product_cat?post=796"},{"taxonomy":"product_tag","embeddable":true,"href":"https:\/\/www.fenxifiber.com\/pt\/wp-json\/wp\/v2\/product_tag?post=796"}],"curies":[{"name":"wp","href":"https:\/\/api.w.org\/{rel}","templated":true}]}}