{"id":798,"date":"2026-02-04T01:43:43","date_gmt":"2026-02-04T01:43:43","guid":{"rendered":"https:\/\/www.fenxifiber.com\/?post_type=product&#038;p=798"},"modified":"2026-02-04T02:24:23","modified_gmt":"2026-02-04T02:24:23","slug":"sc-apc-lc-apc-sm-dx","status":"publish","type":"product","link":"https:\/\/www.fenxifiber.com\/pt\/product\/sc-apc-lc-apc-sm-dx\/","title":{"rendered":"Patch Cord de fibra duplex de modo \u00fanico SC\/APC para LC\/APC por atacado | Jumper OS2 de alta densidade"},"content":{"rendered":"<h2 data-path-to-node=\"6\">Matriz de desempenho t\u00e9cnico (n\u00edvel de projeto)<\/h2>\n<p data-path-to-node=\"7\">Nossa produ\u00e7\u00e3o segue rigorosos padr\u00f5es de qualidade para garantir que cada unidade atenda aos seguintes padr\u00f5es de refer\u00eancia:<\/p>\n<table data-path-to-node=\"8\">\n<thead>\n<tr>\n<td><strong>M\u00e9trico<\/strong><\/td>\n<td><strong>Especifica\u00e7\u00e3o profissional<\/strong><\/td>\n<td><strong>Vantagem da engenharia<\/strong><\/td>\n<\/tr>\n<\/thead>\n<tbody>\n<tr>\n<td><span data-path-to-node=\"8,1,0,0\"><b data-path-to-node=\"8,1,0,0\" data-index-in-node=\"0\">Tipo de conector<\/b><\/span><\/td>\n<td><span data-path-to-node=\"8,1,1,0\">SC\/APC para LC\/APC<\/span><\/td>\n<td><span data-path-to-node=\"8,1,2,0\">Interface h\u00edbrida SFF para padr\u00e3o<\/span><\/td>\n<\/tr>\n<tr>\n<td><span data-path-to-node=\"8,2,0,0\"><b data-path-to-node=\"8,2,0,0\" data-index-in-node=\"0\">Categoria de fibra<\/b><\/span><\/td>\n<td><span data-path-to-node=\"8,2,1,0\">Duplex de modo \u00fanico (SM\/DX)<\/span><\/td>\n<td><span data-path-to-node=\"8,2,2,0\">Suporta dados simult\u00e2neos de fita dupla<\/span><\/td>\n<\/tr>\n<tr>\n<td><span data-path-to-node=\"8,3,0,0\"><b data-path-to-node=\"8,3,0,0\" data-index-in-node=\"0\">Perda de inser\u00e7\u00e3o<\/b><\/span><\/td>\n<td><span data-path-to-node=\"8,3,1,0\"><b data-path-to-node=\"8,3,1,0\" data-index-in-node=\"0\"><span class=\"math-inline\" data-math=\"&lt; 0.3 \\text{ dB}\" data-index-in-node=\"0\">$&lt; 0,3 \\text{ dB}$<\/span><\/b><\/span><\/td>\n<td><span data-path-to-node=\"8,3,2,0\">Otimiza o or\u00e7amento total de energia do link<\/span><\/td>\n<\/tr>\n<tr>\n<td><span data-path-to-node=\"8,4,0,0\"><b data-path-to-node=\"8,4,0,0\" data-index-in-node=\"0\">Perda de retorno<\/b><\/span><\/td>\n<td><span data-path-to-node=\"8,4,1,0\"><b data-path-to-node=\"8,4,1,0\" data-index-in-node=\"0\"><span class=\"math-inline\" data-math=\"\\geq 60 \\text{ dB}\" data-index-in-node=\"0\">$\\geq 60 \\text{ dB}$<\/span> (APC)<\/b><\/span><\/td>\n<td><span data-path-to-node=\"8,4,2,0\">Supress\u00e3o superior de retro-reflex\u00e3o<\/span><\/td>\n<\/tr>\n<tr>\n<td><span data-path-to-node=\"8,5,0,0\"><b data-path-to-node=\"8,5,0,0\" data-index-in-node=\"0\">Comprimento de onda<\/b><\/span><\/td>\n<td><span data-path-to-node=\"8,5,1,0\">1310nm \/ 1490nm \/ 1550nm<\/span><\/td>\n<td><span data-path-to-node=\"8,5,2,0\">Compatibilidade universal de comprimento de onda SM<\/span><\/td>\n<\/tr>\n<tr>\n<td><span data-path-to-node=\"8,6,0,0\"><b data-path-to-node=\"8,6,0,0\" data-index-in-node=\"0\">Largura de banda<\/b><\/span><\/td>\n<td><span data-path-to-node=\"8,6,1,0\"><span class=\"math-inline\" data-math=\"\\pm 40\\text{nm}\" data-index-in-node=\"0\">$\\pm 40\\text{nm}$<\/span><\/span><\/td>\n<td><span data-path-to-node=\"8,6,2,0\">Desempenho est\u00e1vel em todas as mudan\u00e7as espectrais<\/span><\/td>\n<\/tr>\n<tr>\n<td><span data-path-to-node=\"8,7,0,0\"><b data-path-to-node=\"8,7,0,0\" data-index-in-node=\"0\">Resist\u00eancia \u00e0 tens\u00e3o<\/b><\/span><\/td>\n<td><span data-path-to-node=\"8,7,1,0\"><b data-path-to-node=\"8,7,1,0\" data-index-in-node=\"0\"><span class=\"math-inline\" data-math=\"\\geq 200 \\text{ N}\" data-index-in-node=\"0\">$\\geq 200 \\text{ N}$<\/span><\/b><\/span><\/td>\n<td><span data-path-to-node=\"8,7,2,0\">Robusto para roteamento intensivo de condu\u00edtes<\/span><\/td>\n<\/tr>\n<tr>\n<td><span data-path-to-node=\"8,8,0,0\"><b data-path-to-node=\"8,8,0,0\" data-index-in-node=\"0\">Durabilidade<\/b><\/span><\/td>\n<td><span data-path-to-node=\"8,8,1,0\"><span class=\"math-inline\" data-math=\"\\geq 1000\" data-index-in-node=\"0\">$\\geq 1000$<\/span> vezes<\/span><\/td>\n<td><span data-path-to-node=\"8,8,2,0\">Longevidade do ferrolho de cer\u00e2mica de alta precis\u00e3o<\/span><\/td>\n<\/tr>\n<tr>\n<td><span data-path-to-node=\"8,9,0,0\"><b data-path-to-node=\"8,9,0,0\" data-index-in-node=\"0\">Material da jaqueta<\/b><\/span><\/td>\n<td><span data-path-to-node=\"8,9,1,0\"><b data-path-to-node=\"8,9,1,0\" data-index-in-node=\"0\">LSZH (amarelo)<\/b><\/span><\/td>\n<td><span data-path-to-node=\"8,9,2,0\">Seguran\u00e7a contra inc\u00eandio, baixa fuma\u00e7a e sem halog\u00eanio<\/span><\/td>\n<\/tr>\n<\/tbody>\n<\/table>\n<hr data-path-to-node=\"9\" \/>\n<h2 data-path-to-node=\"10\">Vantagens estrat\u00e9gicas para a implanta\u00e7\u00e3o de infraestrutura<\/h2>\n<h3 data-path-to-node=\"11\">1. Transi\u00e7\u00e3o de conectividade h\u00edbrida<\/h3>\n<ul data-path-to-node=\"12\">\n<li>\n<p data-path-to-node=\"12,0,0\">O <b data-path-to-node=\"12,0,0\" data-index-in-node=\"4\">SC\/APC<\/b> fornece uma interface segura e comprovada para ODFs e terminais montados na parede.<\/p>\n<\/li>\n<li>\n<p data-path-to-node=\"12,1,0\">O <b data-path-to-node=\"12,1,0\" data-index-in-node=\"4\">LC\/APC<\/b> A tecnologia de ponta utiliza um design SFF (Small Form Factor) para maximizar a densidade da porta em switches e transceptores de alta velocidade.<\/p>\n<\/li>\n<li>\n<p data-path-to-node=\"12,2,0\">Essa configura\u00e7\u00e3o h\u00edbrida \u00e9 ideal para projetos que exigem uma transi\u00e7\u00e3o entre diferentes gera\u00e7\u00f5es de hardware de rede.<\/p>\n<\/li>\n<\/ul>\n<h3 data-path-to-node=\"13\">2. Controle de Reflex\u00e3o (APC) l\u00edder do setor<\/h3>\n<ul data-path-to-node=\"14\">\n<li>\n<p data-path-to-node=\"14,0,0\">Ambos os conectores apresentam um polimento em \u00e2ngulo de 8 graus para garantir uma perda de retorno de <b data-path-to-node=\"14,0,0\" data-index-in-node=\"77\"><span class=\"math-inline\" data-math=\"\\geq 60\\text{dB}\" data-index-in-node=\"77\">$\\geq 60\\text{dB}$<\/span><\/b>.<\/p>\n<\/li>\n<li>\n<p data-path-to-node=\"14,1,0\">Isso evita que a reflex\u00e3o traseira interfira em fontes de laser sens\u00edveis, o que \u00e9 fundamental para <b data-path-to-node=\"14,1,0\" data-index-in-node=\"99\">GPON, XGS-PON e CATV<\/b> aplicativos.<\/p>\n<\/li>\n<\/ul>\n<h3 data-path-to-node=\"15\">3. Confiabilidade mec\u00e2nica de n\u00edvel de engenharia<\/h3>\n<ul data-path-to-node=\"16\">\n<li>\n<p data-path-to-node=\"16,0,0\">Com uma classifica\u00e7\u00e3o de resist\u00eancia \u00e0 tens\u00e3o de <b data-path-to-node=\"16,0,0\" data-index-in-node=\"34\"><span class=\"math-inline\" data-math=\"\\geq 200\\text{N}\" data-index-in-node=\"34\">$\\geq 200\\text{N}$<\/span><\/b>, Esses jumpers foram desenvolvidos para sobreviver aos rigores f\u00edsicos da instala\u00e7\u00e3o em bandejas de cabos congestionadas.<\/p>\n<\/li>\n<li>\n<p data-path-to-node=\"16,1,0\">O design de n\u00facleo duplo (Duplex) garante um fluxo de dados bidirecional eficiente sem a necessidade de cabos simplex separados.<\/p>\n<\/li>\n<\/ul>\n<h3 data-path-to-node=\"17\">4. Seguran\u00e7a e conformidade certificadas<\/h3>\n<ul data-path-to-node=\"18\">\n<li>\n<p data-path-to-node=\"18,0,0\">O <b data-path-to-node=\"18,0,0\" data-index-in-node=\"4\">LSZH<\/b> A jaqueta garante que os cabos atendam \u00e0s normas internacionais de seguran\u00e7a contra inc\u00eandio para ambientes internos e comerciais.<\/p>\n<\/li>\n<li>\n<p data-path-to-node=\"18,1,0\">Em caso de inc\u00eandio, a jaqueta emite o m\u00ednimo de fuma\u00e7a e nenhum g\u00e1s hal\u00f3geno t\u00f3xico, protegendo a infraestrutura e o pessoal cr\u00edticos.<\/p>\n<\/li>\n<\/ul>\n<hr data-path-to-node=\"19\" \/>\n<h2 data-path-to-node=\"20\">Suporte para fornecimento e cota\u00e7\u00e3o de projetos<\/h2>\n<ul data-path-to-node=\"21\">\n<li>\n<p data-path-to-node=\"21,0,0\"><b data-path-to-node=\"21,0,0\" data-index-in-node=\"0\">Garantia de qualidade<\/b>: Cada patch cord \u00e9 submetido a testes de f\u00e1brica 100% para perda de inser\u00e7\u00e3o (IL) e perda de retorno (RL).<\/p>\n<\/li>\n<li>\n<p data-path-to-node=\"21,1,0\"><b data-path-to-node=\"21,1,0\" data-index-in-node=\"0\">Documenta\u00e7\u00e3o de conformidade<\/b>: Fornecemos relat\u00f3rios de testes individuais e verifica\u00e7\u00e3o de interferometria 3D para dar suporte ao seu <b data-path-to-node=\"21,1,0\" data-index-in-node=\"112\">requisitos de conformidade do projeto<\/b>.<\/p>\n<\/li>\n<li>\n<p data-path-to-node=\"21,2,0\"><b data-path-to-node=\"21,2,0\" data-index-in-node=\"0\">Fornecimento de alto volume<\/b>: Mantemos n\u00edveis consistentes de estoque de comprimentos padr\u00e3o para garantir prazos de entrega r\u00e1pidos para <b data-path-to-node=\"21,2,0\" data-index-in-node=\"111\">aquisi\u00e7\u00e3o em larga escala<\/b>.<\/p>\n<\/li>\n<li>\n<p data-path-to-node=\"21,3,0\"><b data-path-to-node=\"21,3,0\" data-index-in-node=\"0\">Servi\u00e7o personalizado de OEM<\/b>: A fabrica\u00e7\u00e3o flex\u00edvel est\u00e1 dispon\u00edvel para comprimentos personalizados, rotulagem especializada e di\u00e2metros de revestimento variados (2,0 mm\/3,0 mm).<\/p>\n<\/li>\n<\/ul>","protected":false},"excerpt":{"rendered":"<p data-path-to-node=\"4\"><span class=\"\">O <\/span><b class=\"\" data-path-to-node=\"4\" data-index-in-node=\"4\">SC\/APC para LC\/APC de modo \u00fanico duplex (SM DX)<\/b><span class=\"\"> \u00e9 uma interconex\u00e3o h\u00edbrida de alto desempenho projetada para conectar diferentes interfaces de fator de forma, mantendo a m\u00e1xima pureza de sinal.<\/span><span class=\"\"> Esse jumper \u201cGreen-to-Green\u201d utiliza um contato f\u00edsico (APC) angular de 8 graus em ambas as extremidades,<\/span><span class=\"\"> tornando-o a escolha profissional para <\/span><b class=\"\" data-path-to-node=\"4\" data-index-in-node=\"326\">Redes FTTH, COs de telecomunica\u00e7\u00f5es e data centers de alta velocidade<\/b><span class=\"\"> que exigem transmiss\u00e3o de fibra dupla (duplex).<\/span><\/p>\n<p data-path-to-node=\"5\"><span class=\"\">Combinando o travamento robusto do conector SC com a \u00e1rea ocupada de alta densidade do conector LC,<\/span><span class=\"\"> Esse modelo oferece a versatilidade necess\u00e1ria para migra\u00e7\u00f5es de rede complexas e aplica\u00e7\u00e3o de patches de alta capacidade.<\/span><\/p>","protected":false},"featured_media":799,"comment_status":"open","ping_status":"closed","template":"","meta":[],"product_brand":[],"product_cat":[45],"product_tag":[],"class_list":{"0":"post-798","1":"product","2":"type-product","3":"status-publish","4":"has-post-thumbnail","6":"product_cat-single-mode-fiber-optic-patch-cord","8":"first","9":"instock","10":"shipping-taxable","11":"product-type-simple"},"_links":{"self":[{"href":"https:\/\/www.fenxifiber.com\/pt\/wp-json\/wp\/v2\/product\/798","targetHints":{"allow":["GET"]}}],"collection":[{"href":"https:\/\/www.fenxifiber.com\/pt\/wp-json\/wp\/v2\/product"}],"about":[{"href":"https:\/\/www.fenxifiber.com\/pt\/wp-json\/wp\/v2\/types\/product"}],"replies":[{"embeddable":true,"href":"https:\/\/www.fenxifiber.com\/pt\/wp-json\/wp\/v2\/comments?post=798"}],"wp:featuredmedia":[{"embeddable":true,"href":"https:\/\/www.fenxifiber.com\/pt\/wp-json\/wp\/v2\/media\/799"}],"wp:attachment":[{"href":"https:\/\/www.fenxifiber.com\/pt\/wp-json\/wp\/v2\/media?parent=798"}],"wp:term":[{"taxonomy":"product_brand","embeddable":true,"href":"https:\/\/www.fenxifiber.com\/pt\/wp-json\/wp\/v2\/product_brand?post=798"},{"taxonomy":"product_cat","embeddable":true,"href":"https:\/\/www.fenxifiber.com\/pt\/wp-json\/wp\/v2\/product_cat?post=798"},{"taxonomy":"product_tag","embeddable":true,"href":"https:\/\/www.fenxifiber.com\/pt\/wp-json\/wp\/v2\/product_tag?post=798"}],"curies":[{"name":"wp","href":"https:\/\/api.w.org\/{rel}","templated":true}]}}