{"id":800,"date":"2026-02-04T01:45:36","date_gmt":"2026-02-04T01:45:36","guid":{"rendered":"https:\/\/www.fenxifiber.com\/?post_type=product&#038;p=800"},"modified":"2026-02-04T02:25:15","modified_gmt":"2026-02-04T02:25:15","slug":"lc-upc-fc-upc-sm-dx","status":"publish","type":"product","link":"https:\/\/www.fenxifiber.com\/pt\/product\/lc-upc-fc-upc-sm-dx\/","title":{"rendered":"Cabo de conex\u00e3o de fibra duplex de modo \u00fanico LC\/UPC para SC\/UPC | Jumper de rede OS2"},"content":{"rendered":"<h2 data-path-to-node=\"4\">Matriz de desempenho t\u00e9cnico<\/h2>\n<p data-path-to-node=\"5\">Nosso processo de fabrica\u00e7\u00e3o \u00e9 otimizado para atender aos seguintes padr\u00f5es de refer\u00eancia do setor, garantindo a consist\u00eancia em todas as unidades:<\/p>\n<table data-path-to-node=\"6\">\n<thead>\n<tr>\n<td><strong>Par\u00e2metro<\/strong><\/td>\n<td><strong>Especifica\u00e7\u00e3o<\/strong><\/td>\n<td><strong>Vantagem da rede<\/strong><\/td>\n<\/tr>\n<\/thead>\n<tbody>\n<tr>\n<td><span data-path-to-node=\"6,1,0,0\"><b data-path-to-node=\"6,1,0,0\" data-index-in-node=\"0\">Tipo de conector<\/b><\/span><\/td>\n<td><span data-path-to-node=\"6,1,1,0\">LC\/UPC para SC\/UPC<\/span><\/td>\n<td><span data-path-to-node=\"6,1,2,0\">Design h\u00edbrido de SFF para padr\u00e3o<\/span><\/td>\n<\/tr>\n<tr>\n<td><span data-path-to-node=\"6,2,0,0\"><b data-path-to-node=\"6,2,0,0\" data-index-in-node=\"0\">Categoria de fibra<\/b><\/span><\/td>\n<td><span data-path-to-node=\"6,2,1,0\">Duplex de modo \u00fanico (SM\/DX)<\/span><\/td>\n<td><span data-path-to-node=\"6,2,2,0\">Suporte bidirecional full-duplex<\/span><\/td>\n<\/tr>\n<tr>\n<td><span data-path-to-node=\"6,3,0,0\"><b data-path-to-node=\"6,3,0,0\" data-index-in-node=\"0\">Perda de inser\u00e7\u00e3o<\/b><\/span><\/td>\n<td><span data-path-to-node=\"6,3,1,0\"><b data-path-to-node=\"6,3,1,0\" data-index-in-node=\"0\"><span class=\"math-inline\" data-math=\"&lt; 0.3 \\text{ dB}\" data-index-in-node=\"0\">$&lt; 0,3 \\text{ dB}$<\/span><\/b><\/span><\/td>\n<td><span data-path-to-node=\"6,3,2,0\">Perda m\u00ednima de energia para o link de fibra<\/span><\/td>\n<\/tr>\n<tr>\n<td><span data-path-to-node=\"6,4,0,0\"><b data-path-to-node=\"6,4,0,0\" data-index-in-node=\"0\">Perda de retorno<\/b><\/span><\/td>\n<td><span data-path-to-node=\"6,4,1,0\"><b data-path-to-node=\"6,4,1,0\" data-index-in-node=\"0\"><span class=\"math-inline\" data-math=\"\\geq 50 \\text{ dB}\" data-index-in-node=\"0\">$\\geq 50 \\text{ dB}$<\/span> (UPC)<\/b><\/span><\/td>\n<td><span data-path-to-node=\"6,4,2,0\">Excelente clareza de sinal para dados digitais<\/span><\/td>\n<\/tr>\n<tr>\n<td><span data-path-to-node=\"6,5,0,0\"><b data-path-to-node=\"6,5,0,0\" data-index-in-node=\"0\">Comprimento de onda<\/b><\/span><\/td>\n<td><span data-path-to-node=\"6,5,1,0\">1310nm \/ 1490nm \/ 1550nm<\/span><\/td>\n<td><span data-path-to-node=\"6,5,2,0\">Suporte universal ao modo \u00fanico OS2<\/span><\/td>\n<\/tr>\n<tr>\n<td><span data-path-to-node=\"6,6,0,0\"><b data-path-to-node=\"6,6,0,0\" data-index-in-node=\"0\">Largura de banda<\/b><\/span><\/td>\n<td><span data-path-to-node=\"6,6,1,0\"><span class=\"math-inline\" data-math=\"\\pm 40\\text{nm}\" data-index-in-node=\"0\">$\\pm 40\\text{nm}$<\/span><\/span><\/td>\n<td><span data-path-to-node=\"6,6,2,0\">Desempenho est\u00e1vel em todos os comprimentos de onda<\/span><\/td>\n<\/tr>\n<tr>\n<td><span data-path-to-node=\"6,7,0,0\"><b data-path-to-node=\"6,7,0,0\" data-index-in-node=\"0\">Resist\u00eancia \u00e0 tens\u00e3o<\/b><\/span><\/td>\n<td><span data-path-to-node=\"6,7,1,0\"><b data-path-to-node=\"6,7,1,0\" data-index-in-node=\"0\"><span class=\"math-inline\" data-math=\"\\geq 200 \\text{ N}\" data-index-in-node=\"0\">$\\geq 200 \\text{ N}$<\/span><\/b><\/span><\/td>\n<td><span data-path-to-node=\"6,7,2,0\">Constru\u00e7\u00e3o robusta para instala\u00e7\u00e3o intensiva<\/span><\/td>\n<\/tr>\n<tr>\n<td><span data-path-to-node=\"6,8,0,0\"><b data-path-to-node=\"6,8,0,0\" data-index-in-node=\"0\">Durabilidade<\/b><\/span><\/td>\n<td><span data-path-to-node=\"6,8,1,0\"><span class=\"math-inline\" data-math=\"\\geq 1000\" data-index-in-node=\"0\">$\\geq 1000$<\/span> vezes<\/span><\/td>\n<td><span data-path-to-node=\"6,8,2,0\">Ciclo de vida longo para aplica\u00e7\u00e3o repetitiva de patches<\/span><\/td>\n<\/tr>\n<tr>\n<td><span data-path-to-node=\"6,9,0,0\"><b data-path-to-node=\"6,9,0,0\" data-index-in-node=\"0\">Material da jaqueta<\/b><\/span><\/td>\n<td><span data-path-to-node=\"6,9,1,0\"><b data-path-to-node=\"6,9,1,0\" data-index-in-node=\"0\">LSZH (amarelo)<\/b><\/span><\/td>\n<td><span data-path-to-node=\"6,9,2,0\">Retardante de fogo e seguro contra fuma\u00e7a<\/span><\/td>\n<\/tr>\n<\/tbody>\n<\/table>\n<hr data-path-to-node=\"7\" \/>\n<h2 data-path-to-node=\"8\">Principais benef\u00edcios para a infraestrutura de rede<\/h2>\n<h3 data-path-to-node=\"9\">1. Flexibilidade da interface h\u00edbrida<\/h3>\n<p data-path-to-node=\"10\">Esse cabo fornece uma transi\u00e7\u00e3o essencial entre o <b data-path-to-node=\"10\" data-index-in-node=\"56\">LC de fator de forma pequeno (SFF)<\/b> ideal para switches de alta densidade, e o conector <b data-path-to-node=\"10\" data-index-in-node=\"135\">SC<\/b> que \u00e9 preferido por seu robusto mecanismo push-pull em equipamentos terminais e tomadas de parede.<\/p>\n<h3 data-path-to-node=\"11\">2. Taxa de transfer\u00eancia de dados full duplex<\/h3>\n<p data-path-to-node=\"12\">O <b data-path-to-node=\"12\" data-index-in-node=\"4\">Duplex (DX)<\/b> A configura\u00e7\u00e3o do cabo de fibra de 10G\/40G consiste em dois fios de fibra com c\u00f3digo de cores, permitindo a comunica\u00e7\u00e3o bidirecional simult\u00e2nea. Esse design simplifica o roteamento de cabos para aplicativos Ethernet 10G\/40G que exigem caminhos dedicados de transmiss\u00e3o (TX) e recep\u00e7\u00e3o (RX).<\/p>\n<h3 data-path-to-node=\"13\">3. Resili\u00eancia mec\u00e2nica<\/h3>\n<p data-path-to-node=\"14\">Com uma classifica\u00e7\u00e3o de resist\u00eancia \u00e0 tra\u00e7\u00e3o de <b data-path-to-node=\"14\" data-index-in-node=\"31\"><span class=\"math-inline\" data-math=\"\\geq 200\\text{N}\" data-index-in-node=\"31\">$\\geq 200\\text{N}$<\/span><\/b>, Esses jumpers s\u00e3o projetados para suportar o esfor\u00e7o f\u00edsico de serem roteados atrav\u00e9s de condu\u00edtes verticais e bandejas de cabos lotadas, sem o risco de microdobras ou fraturas no n\u00facleo.<\/p>\n<h3 data-path-to-node=\"15\">4. Conformidade com a seguran\u00e7a internacional<\/h3>\n<p data-path-to-node=\"16\">O <b data-path-to-node=\"16\" data-index-in-node=\"4\">LSZH (baixa fuma\u00e7a e zero halog\u00eanio)<\/b> \u00e9 obrigat\u00f3rio para instala\u00e7\u00f5es internas. Em caso de calor extremo, ela garante o m\u00ednimo de fuma\u00e7a e nenhuma emiss\u00e3o t\u00f3xica de halog\u00eanio, protegendo o hardware cr\u00edtico e o pessoal do local.<\/p>\n<hr data-path-to-node=\"17\" \/>\n<h2 data-path-to-node=\"18\">Garantia de qualidade e log\u00edstica<\/h2>\n<ul data-path-to-node=\"19\">\n<li>\n<p data-path-to-node=\"19,0,0\"><b data-path-to-node=\"19,0,0\" data-index-in-node=\"0\">100% Testado em f\u00e1brica<\/b>: Cada cabo \u00e9 verificado individualmente quanto \u00e0 perda de inser\u00e7\u00e3o (IL) e perda de retorno (RL) antes de ser embalado.<\/p>\n<\/li>\n<li>\n<p data-path-to-node=\"19,1,0\"><b data-path-to-node=\"19,1,0\" data-index-in-node=\"0\">Conformidade com os padr\u00f5es<\/b>: Atende aos padr\u00f5es internacionais de fibra \u00f3ptica Telecordia GR-326-CORE e IEC.<\/p>\n<\/li>\n<li>\n<p data-path-to-node=\"19,2,0\"><b data-path-to-node=\"19,2,0\" data-index-in-node=\"0\">Invent\u00e1rio e prazos de entrega<\/b>: Mantemos um estoque substancial de comprimentos comuns (1 m a 30 m) para garantir o r\u00e1pido atendimento de suas necessidades. <b data-path-to-node=\"19,2,0\" data-index-in-node=\"113\">pedidos baseados em projetos<\/b>.<\/p>\n<\/li>\n<li>\n<p data-path-to-node=\"19,3,0\"><b data-path-to-node=\"19,3,0\" data-index-in-node=\"0\">Personaliza\u00e7\u00e3o OEM<\/b>: Dispon\u00edvel em comprimentos personalizados, di\u00e2metros de revestimento de 2,0 mm ou 3,0 mm e rotulagem personalizada para atender a necessidades espec\u00edficas. <b data-path-to-node=\"19,3,0\" data-index-in-node=\"124\">Requisitos do contratante<\/b>.<\/p>\n<\/li>\n<\/ul>","protected":false},"excerpt":{"rendered":"<p data-path-to-node=\"1\">O <b data-path-to-node=\"1\" data-index-in-node=\"4\">LC\/UPC para SC\/UPC monomodo duplex (SM DX)<\/b> \u00e9 um cabo de fibra h\u00edbrida amplamente utilizado que faz a ponte entre interfaces LC de alta densidade e portas de rede SC padr\u00e3o. Esse jumper de n\u00facleo duplo \u201cBlue-to-Blue\u201d \u00e9 um elemento b\u00e1sico para conectar <b data-path-to-node=\"1\" data-index-in-node=\"227\">Transceptores SFP\/SFP<\/b> para <b data-path-to-node=\"1\" data-index-in-node=\"252\">Quadros de distribui\u00e7\u00e3o \u00f3ptica (ODF)<\/b> e <b data-path-to-node=\"1\" data-index-in-node=\"290\">pain\u00e9is de conex\u00e3o<\/b>.<\/p>\n<p data-path-to-node=\"2\">Projetado para integra\u00e7\u00e3o perfeita em redes de campus e data centers comerciais, esse cabo fornece a alta largura de banda e a baixa atenua\u00e7\u00e3o necess\u00e1rias para links monomodo OS2 confi\u00e1veis e de longa dist\u00e2ncia.<\/p>","protected":false},"featured_media":801,"comment_status":"open","ping_status":"closed","template":"","meta":[],"product_brand":[],"product_cat":[45],"product_tag":[],"class_list":{"0":"post-800","1":"product","2":"type-product","3":"status-publish","4":"has-post-thumbnail","6":"product_cat-single-mode-fiber-optic-patch-cord","8":"first","9":"instock","10":"shipping-taxable","11":"product-type-simple"},"_links":{"self":[{"href":"https:\/\/www.fenxifiber.com\/pt\/wp-json\/wp\/v2\/product\/800","targetHints":{"allow":["GET"]}}],"collection":[{"href":"https:\/\/www.fenxifiber.com\/pt\/wp-json\/wp\/v2\/product"}],"about":[{"href":"https:\/\/www.fenxifiber.com\/pt\/wp-json\/wp\/v2\/types\/product"}],"replies":[{"embeddable":true,"href":"https:\/\/www.fenxifiber.com\/pt\/wp-json\/wp\/v2\/comments?post=800"}],"wp:featuredmedia":[{"embeddable":true,"href":"https:\/\/www.fenxifiber.com\/pt\/wp-json\/wp\/v2\/media\/801"}],"wp:attachment":[{"href":"https:\/\/www.fenxifiber.com\/pt\/wp-json\/wp\/v2\/media?parent=800"}],"wp:term":[{"taxonomy":"product_brand","embeddable":true,"href":"https:\/\/www.fenxifiber.com\/pt\/wp-json\/wp\/v2\/product_brand?post=800"},{"taxonomy":"product_cat","embeddable":true,"href":"https:\/\/www.fenxifiber.com\/pt\/wp-json\/wp\/v2\/product_cat?post=800"},{"taxonomy":"product_tag","embeddable":true,"href":"https:\/\/www.fenxifiber.com\/pt\/wp-json\/wp\/v2\/product_tag?post=800"}],"curies":[{"name":"wp","href":"https:\/\/api.w.org\/{rel}","templated":true}]}}