{"id":802,"date":"2026-02-04T01:47:23","date_gmt":"2026-02-04T01:47:23","guid":{"rendered":"https:\/\/www.fenxifiber.com\/?post_type=product&#038;p=802"},"modified":"2026-02-04T02:38:39","modified_gmt":"2026-02-04T02:38:39","slug":"lc-upc-lc-upc-sm-dx","status":"publish","type":"product","link":"https:\/\/www.fenxifiber.com\/pt\/product\/lc-upc-lc-upc-sm-dx\/","title":{"rendered":"Patch Cord de fibra duplex monomodo LC\/UPC para LC\/UPC - Premium Manufacturer Direct"},"content":{"rendered":"<h2 data-path-to-node=\"4\">Matriz de desempenho t\u00e9cnico (padr\u00f5es internacionais)<\/h2>\n<table style=\"width: 100%; border-collapse: collapse; margin: 20px 0; font-family: Arial, sans-serif; border: 1px solid #ddd; font-size: 14px;\">\n<thead>\n<tr style=\"background-color: #f8f9fa; text-align: left;\">\n<th style=\"padding: 12px; border: 1px solid #ddd; color: #333;\">M\u00e9trica t\u00e9cnica<\/th>\n<th style=\"padding: 12px; border: 1px solid #ddd; color: #333;\">Especifica\u00e7\u00e3o profissional<\/th>\n<th style=\"padding: 12px; border: 1px solid #ddd; color: #333;\">Conformidade e testes<\/th>\n<\/tr>\n<\/thead>\n<tbody>\n<tr>\n<td style=\"padding: 12px; border: 1px solid #ddd;\"><strong>Tipo de conector<\/strong><\/td>\n<td style=\"padding: 12px; border: 1px solid #ddd;\">LC\/UPC para LC\/UPC<\/td>\n<td style=\"padding: 12px; border: 1px solid #ddd;\">Norma IEC 61754-20<\/td>\n<\/tr>\n<tr style=\"background-color: #fdfdfd;\">\n<td style=\"padding: 12px; border: 1px solid #ddd;\"><strong>Tipo de fibra<\/strong><\/td>\n<td style=\"padding: 12px; border: 1px solid #ddd;\">Modo \u00fanico duplex (OS2)<\/td>\n<td style=\"padding: 12px; border: 1px solid #ddd;\">ITU-T G.652.D \/ G.657.A1<\/td>\n<\/tr>\n<tr>\n<td style=\"padding: 12px; border: 1px solid #ddd;\"><strong>Perda de inser\u00e7\u00e3o<\/strong><\/td>\n<td style=\"padding: 12px; border: 1px solid #ddd;\">\u2264 0,25 dB (t\u00edpico)<\/td>\n<td style=\"padding: 12px; border: 1px solid #ddd;\">100% Verificado pela f\u00e1brica IL<\/td>\n<\/tr>\n<tr style=\"background-color: #fdfdfd;\">\n<td style=\"padding: 12px; border: 1px solid #ddd;\"><strong>Perda de retorno<\/strong><\/td>\n<td style=\"padding: 12px; border: 1px solid #ddd;\">\u2265 50 dB<\/td>\n<td style=\"padding: 12px; border: 1px solid #ddd;\">Interferometria 3D testada<\/td>\n<\/tr>\n<tr>\n<td style=\"padding: 12px; border: 1px solid #ddd;\"><strong>Classifica\u00e7\u00e3o da jaqueta<\/strong><\/td>\n<td style=\"padding: 12px; border: 1px solid #ddd;\">LSZH (baixa fuma\u00e7a e zero halog\u00eanio)<\/td>\n<td style=\"padding: 12px; border: 1px solid #ddd;\">Conformidade com RoHS, REACH e CPR<\/td>\n<\/tr>\n<tr style=\"background-color: #fdfdfd;\">\n<td style=\"padding: 12px; border: 1px solid #ddd;\"><strong>Vida mec\u00e2nica<\/strong><\/td>\n<td style=\"padding: 12px; border: 1px solid #ddd;\">&gt; 1000 acasalamentos<\/td>\n<td style=\"padding: 12px; border: 1px solid #ddd;\">Ponteira de precis\u00e3o em Circonia<\/td>\n<\/tr>\n<\/tbody>\n<\/table>\n<h2 data-path-to-node=\"8\">Vantagens da fabrica\u00e7\u00e3o direta<\/h2>\n<h3 data-path-to-node=\"9\">1. Engenharia SFF de alta densidade<\/h3>\n<p data-path-to-node=\"10\">A pegada compacta da ponteira de 1,25 mm do conector LC dobra a densidade dos espa\u00e7os de rack de 1U em compara\u00e7\u00e3o com os conectores SC. Isso \u00e9 essencial para <b data-path-to-node=\"10\" data-index-in-node=\"139\">Centros de dados de n\u00edvel 1<\/b> onde a otimiza\u00e7\u00e3o do espa\u00e7o se traduz diretamente em custos operacionais mais baixos.<\/p>\n<h3 data-path-to-node=\"11\">2. Controle de qualidade da f\u00e1brica para o cliente<\/h3>\n<p data-path-to-node=\"12\">Ao adquirir diretamente da <b data-path-to-node=\"12\" data-index-in-node=\"28\">Fabricante<\/b>, Com o jumper, voc\u00ea evita a variabilidade dos revendedores do mercado intermedi\u00e1rio. Cada jumper \u00e9 serializado e submetido a testes \u00f3pticos 100% (perda de inser\u00e7\u00e3o e perda de retorno) usando equipamentos de diagn\u00f3stico de \u00faltima gera\u00e7\u00e3o, garantindo a confiabilidade imediata.<\/p>\n<h3 data-path-to-node=\"13\">3. Constru\u00e7\u00e3o LSZH com seguran\u00e7a em primeiro lugar<\/h3>\n<p data-path-to-node=\"14\">Nossas jaquetas externas amarelas s\u00e3o extrudadas usando materiais de alta qualidade <b data-path-to-node=\"14\" data-index-in-node=\"55\">Baixa fuma\u00e7a e zero halog\u00eanio<\/b> materiais. Em caso de calor extremo ou inc\u00eandio, nossos cabos n\u00e3o liberam gases hal\u00f3genos corrosivos e liberam o m\u00ednimo de fuma\u00e7a, protegendo tanto o seu pessoal quanto os equipamentos eletr\u00f4nicos sens\u00edveis em salas de servidores confinadas.<\/p>\n<h3 data-path-to-node=\"15\">4. Conformidade global certificada<\/h3>\n<p data-path-to-node=\"16\">Garantimos que cada lote esteja em total conformidade com <b data-path-to-node=\"16\" data-index-in-node=\"51\">RoHS<\/b> (Restri\u00e7\u00e3o de Subst\u00e2ncias Perigosas) e <b data-path-to-node=\"16\" data-index-in-node=\"98\">REACH<\/b> padr\u00f5es. Isso garante que seus <b data-path-to-node=\"16\" data-index-in-node=\"141\">Pedidos em massa<\/b> passar\u00e1 pela alf\u00e2ndega internacional sem problemas, atendendo aos requisitos de sua cadeia de suprimentos global.<\/p>\n<hr data-path-to-node=\"17\" \/>\n<h2 data-path-to-node=\"18\">Atacado e suporte a projetos<\/h2>\n<ul data-path-to-node=\"19\">\n<li>\n<p data-path-to-node=\"19,0,0\"><b data-path-to-node=\"19,0,0\" data-index-in-node=\"0\">Personaliza\u00e7\u00e3o flex\u00edvel<\/b>: Como uma f\u00e1brica direta, oferecemos servi\u00e7os de OEM, incluindo comprimentos personalizados (de 0,5 m a mais de 100 m), cores de jaqueta especializadas e rotulagem privada para grandes volumes <b data-path-to-node=\"19,0,0\" data-index-in-node=\"173\">Integradores<\/b>.<\/p>\n<\/li>\n<li>\n<p data-path-to-node=\"19,1,0\"><b data-path-to-node=\"19,1,0\" data-index-in-node=\"0\">Atendimento r\u00e1pido<\/b>: Mantemos um grande estoque de jumpers duplex padr\u00e3o OS2 LC-LC para garantir prazos de entrega superiores aos da concorr\u00eancia.<\/p>\n<\/li>\n<li>\n<p data-path-to-node=\"19,2,0\"><b data-path-to-node=\"19,2,0\" data-index-in-node=\"0\">Transpar\u00eancia na auditoria<\/b>: Folhas de dados t\u00e9cnicos completos e relat\u00f3rios de interferometria 3D est\u00e3o dispon\u00edveis mediante solicita\u00e7\u00e3o para qualquer <b data-path-to-node=\"19,2,0\" data-index-in-node=\"112\">Agente<\/b> ou <b data-path-to-node=\"19,2,0\" data-index-in-node=\"121\">Fornecimento<\/b> oficial.<\/p>\n<\/li>\n<\/ul>","protected":false},"excerpt":{"rendered":"<p data-path-to-node=\"1\"><span class=\"\">O <\/span><b class=\"\" data-path-to-node=\"1\" data-index-in-node=\"4\">LC\/UPC para LC\/UPC de modo \u00fanico duplex (SM DX)<\/b><span class=\"\"> \u00e9 a interconex\u00e3o mais importante na rede moderna de alta densidade.<\/span><span class=\"\"> Utilizando a precis\u00e3o 1.<\/span><span class=\"\">Design de fator de forma pequeno (SFF) com ponteira de cer\u00e2mica de 25 mm,<\/span><span class=\"\"> Esse moletom \u201cBlue-to-Blue\u201d \u00e9 a refer\u00eancia global para <\/span><b class=\"\" data-path-to-node=\"1\" data-index-in-node=\"258\">transceptores de alta velocidade (SFP\/SFP+), patch panels ultradensos e infraestrutura fronthaul\/backhaul 5G<\/b><span class=\"\">.<\/span><\/p>\n<p data-path-to-node=\"2\"><span class=\"\">Como um <\/span><b class=\"\" data-path-to-node=\"2\" data-index-in-node=\"5\">Direto do fabricante<\/b><span class=\"\"> produto,<\/span><span class=\"\"> priorizamos a pureza \u00f3ptica do n\u00facleo de vidro OS2 e a durabilidade mec\u00e2nica da caixa de travamento,<\/span><span class=\"\"> garantindo que sua rede mantenha o desempenho m\u00e1ximo em milhares de ciclos de acasalamento.<\/span><\/p>","protected":false},"featured_media":803,"comment_status":"open","ping_status":"closed","template":"","meta":[],"product_brand":[],"product_cat":[45],"product_tag":[],"class_list":{"0":"post-802","1":"product","2":"type-product","3":"status-publish","4":"has-post-thumbnail","6":"product_cat-single-mode-fiber-optic-patch-cord","8":"first","9":"instock","10":"shipping-taxable","11":"product-type-simple"},"_links":{"self":[{"href":"https:\/\/www.fenxifiber.com\/pt\/wp-json\/wp\/v2\/product\/802","targetHints":{"allow":["GET"]}}],"collection":[{"href":"https:\/\/www.fenxifiber.com\/pt\/wp-json\/wp\/v2\/product"}],"about":[{"href":"https:\/\/www.fenxifiber.com\/pt\/wp-json\/wp\/v2\/types\/product"}],"replies":[{"embeddable":true,"href":"https:\/\/www.fenxifiber.com\/pt\/wp-json\/wp\/v2\/comments?post=802"}],"wp:featuredmedia":[{"embeddable":true,"href":"https:\/\/www.fenxifiber.com\/pt\/wp-json\/wp\/v2\/media\/803"}],"wp:attachment":[{"href":"https:\/\/www.fenxifiber.com\/pt\/wp-json\/wp\/v2\/media?parent=802"}],"wp:term":[{"taxonomy":"product_brand","embeddable":true,"href":"https:\/\/www.fenxifiber.com\/pt\/wp-json\/wp\/v2\/product_brand?post=802"},{"taxonomy":"product_cat","embeddable":true,"href":"https:\/\/www.fenxifiber.com\/pt\/wp-json\/wp\/v2\/product_cat?post=802"},{"taxonomy":"product_tag","embeddable":true,"href":"https:\/\/www.fenxifiber.com\/pt\/wp-json\/wp\/v2\/product_tag?post=802"}],"curies":[{"name":"wp","href":"https:\/\/api.w.org\/{rel}","templated":true}]}}