{"id":804,"date":"2026-02-04T01:48:56","date_gmt":"2026-02-04T01:48:56","guid":{"rendered":"https:\/\/www.fenxifiber.com\/?post_type=product&#038;p=804"},"modified":"2026-02-04T02:26:22","modified_gmt":"2026-02-04T02:26:22","slug":"sc-upc-lc-upc-sm-dx","status":"publish","type":"product","link":"https:\/\/www.fenxifiber.com\/pt\/product\/sc-upc-lc-upc-sm-dx\/","title":{"rendered":"Patch Cord de fibra duplex de modo \u00fanico SC\/UPC para LC\/UPC | Solu\u00e7\u00f5es OEM\\ODM"},"content":{"rendered":"<h2 class=\"\" data-path-to-node=\"4\">Matriz de desempenho t\u00e9cnico<\/h2>\n<p data-path-to-node=\"5\"><span class=\"\">Cada unidade \u00e9 fabricada sob um rigoroso processo de controle de qualidade para garantir a conformidade com os seguintes padr\u00f5es t\u00e9cnicos:<\/span><\/p>\n<table data-path-to-node=\"6\">\n<thead>\n<tr>\n<td><strong>Par\u00e2metro<\/strong><\/td>\n<td><strong>Especifica\u00e7\u00e3o profissional<\/strong><\/td>\n<td><strong>Vantagem da engenharia<\/strong><\/td>\n<\/tr>\n<\/thead>\n<tbody>\n<tr>\n<td><span data-path-to-node=\"6,1,0,0\"><b data-path-to-node=\"6,1,0,0\" data-index-in-node=\"0\">Tipo de conector<\/b><\/span><\/td>\n<td><span data-path-to-node=\"6,1,1,0\">SC\/UPC para LC\/UPC<\/span><\/td>\n<td><span data-path-to-node=\"6,1,2,0\">Interface h\u00edbrida SFF-para-padr\u00e3o<\/span><\/td>\n<\/tr>\n<tr>\n<td><span data-path-to-node=\"6,2,0,0\"><b data-path-to-node=\"6,2,0,0\" data-index-in-node=\"0\">Categoria de fibra<\/b><\/span><\/td>\n<td><span data-path-to-node=\"6,2,1,0\">Duplex de modo \u00fanico (SM\/DX)<\/span><\/td>\n<td><span data-path-to-node=\"6,2,2,0\">Caminho de dados bidirecional de fibra dupla<\/span><\/td>\n<\/tr>\n<tr>\n<td><span data-path-to-node=\"6,3,0,0\"><b data-path-to-node=\"6,3,0,0\" data-index-in-node=\"0\">Perda de inser\u00e7\u00e3o<\/b><\/span><\/td>\n<td><span data-path-to-node=\"6,3,1,0\"><b data-path-to-node=\"6,3,1,0\" data-index-in-node=\"0\"><span class=\"math-inline\" data-math=\"&lt; 0.3 \\text{ dB}\" data-index-in-node=\"0\">$&lt; 0,3 \\text{ dB}$<\/span><\/b><\/span><\/td>\n<td><span data-path-to-node=\"6,3,2,0\">Otimiza o or\u00e7amento total de energia do link<\/span><\/td>\n<\/tr>\n<tr>\n<td><span data-path-to-node=\"6,4,0,0\"><b data-path-to-node=\"6,4,0,0\" data-index-in-node=\"0\">Perda de retorno<\/b><\/span><\/td>\n<td><span data-path-to-node=\"6,4,1,0\"><b data-path-to-node=\"6,4,1,0\" data-index-in-node=\"0\"><span class=\"math-inline\" data-math=\"\\geq 50 \\text{ dB}\" data-index-in-node=\"0\">$\\geq 50 \\text{ dB}$<\/span> (UPC)<\/b><\/span><\/td>\n<td><span data-path-to-node=\"6,4,2,0\">Mant\u00e9m a pureza superior do sinal digital<\/span><\/td>\n<\/tr>\n<tr>\n<td><span data-path-to-node=\"6,5,0,0\"><b data-path-to-node=\"6,5,0,0\" data-index-in-node=\"0\">Comprimento de onda<\/b><\/span><\/td>\n<td><span data-path-to-node=\"6,5,1,0\">1310nm \/ 1490nm \/ 1550nm<\/span><\/td>\n<td><span data-path-to-node=\"6,5,2,0\">Compatibilidade universal com o modo \u00fanico OS2<\/span><\/td>\n<\/tr>\n<tr>\n<td><span data-path-to-node=\"6,6,0,0\"><b data-path-to-node=\"6,6,0,0\" data-index-in-node=\"0\">Largura de banda<\/b><\/span><\/td>\n<td><span data-path-to-node=\"6,6,1,0\"><span class=\"math-inline\" data-math=\"\\pm 40\\text{nm}\" data-index-in-node=\"0\">$\\pm 40\\text{nm}$<\/span><\/span><\/td>\n<td><span data-path-to-node=\"6,6,2,0\">Desempenho est\u00e1vel em todas as mudan\u00e7as espectrais<\/span><\/td>\n<\/tr>\n<tr>\n<td><span data-path-to-node=\"6,7,0,0\"><b data-path-to-node=\"6,7,0,0\" data-index-in-node=\"0\">Resist\u00eancia \u00e0 tens\u00e3o<\/b><\/span><\/td>\n<td><span data-path-to-node=\"6,7,1,0\"><b data-path-to-node=\"6,7,1,0\" data-index-in-node=\"0\"><span class=\"math-inline\" data-math=\"\\geq 200 \\text{ N}\" data-index-in-node=\"0\">$\\geq 200 \\text{ N}$<\/span><\/b><\/span><\/td>\n<td><span data-path-to-node=\"6,7,2,0\">Robusto para instala\u00e7\u00f5es de alto estresse<\/span><\/td>\n<\/tr>\n<tr>\n<td><span data-path-to-node=\"6,8,0,0\"><b data-path-to-node=\"6,8,0,0\" data-index-in-node=\"0\">Durabilidade<\/b><\/span><\/td>\n<td><span data-path-to-node=\"6,8,1,0\"><span class=\"math-inline\" data-math=\"\\geq 1000\" data-index-in-node=\"0\">$\\geq 1000$<\/span> vezes<\/span><\/td>\n<td><span data-path-to-node=\"6,8,2,0\">Longevidade do ferrolho de cer\u00e2mica de alta precis\u00e3o<\/span><\/td>\n<\/tr>\n<tr>\n<td><span data-path-to-node=\"6,9,0,0\"><b data-path-to-node=\"6,9,0,0\" data-index-in-node=\"0\">Material da jaqueta<\/b><\/span><\/td>\n<td><span data-path-to-node=\"6,9,1,0\"><b data-path-to-node=\"6,9,1,0\" data-index-in-node=\"0\">LSZH (amarelo)<\/b><\/span><\/td>\n<td><span data-path-to-node=\"6,9,2,0\">\u00c0 prova de fogo, baixa fuma\u00e7a e sem halog\u00eanio<\/span><\/td>\n<\/tr>\n<\/tbody>\n<\/table>\n<hr class=\"\" data-path-to-node=\"7\" \/>\n<h2 class=\"\" data-path-to-node=\"8\">Vantagens estrat\u00e9gicas para a implanta\u00e7\u00e3o do sistema<\/h2>\n<h3 class=\"\" data-path-to-node=\"9\">1. Versatilidade da interface h\u00edbrida<\/h3>\n<p data-path-to-node=\"10\"><span class=\"\">Esse jumper preenche a lacuna entre o robusto <\/span><b class=\"\" data-path-to-node=\"10\" data-index-in-node=\"47\">SC<\/b><span class=\"\"> favorecido por seu mecanismo push-pull est\u00e1vel em equipamentos terminais - e o conector <\/span><b class=\"\" data-path-to-node=\"10\" data-index-in-node=\"133\">LC de fator de forma pequeno (SFF)<\/b><span class=\"\"> conector,<\/span><span class=\"\"> o que \u00e9 essencial para maximizar a densidade de portas em switches e roteadores modernos de alta velocidade.<\/span><\/p>\n<h3 class=\"\" data-path-to-node=\"11\">2. Conectividade Full-Duplex<\/h3>\n<p data-path-to-node=\"12\"><span class=\"\">O <\/span><b class=\"\" data-path-to-node=\"12\" data-index-in-node=\"4\">Duplex (DX)<\/b><span class=\"\"> fornece dois fios de fibra dedicados,<\/span><span class=\"\"> permitindo a comunica\u00e7\u00e3o bidirecional simult\u00e2nea.<\/span><span class=\"\"> Isso \u00e9 fundamental para as redes Ethernet corporativas que exigem caminhos de transmiss\u00e3o (TX) e recep\u00e7\u00e3o (RX) sincronizados para rendimento de 10G e 40G.<\/span><\/p>\n<h3 class=\"\" data-path-to-node=\"13\">3. Confiabilidade de tra\u00e7\u00e3o de n\u00edvel industrial<\/h3>\n<p data-path-to-node=\"14\"><span class=\"\">Avaliado em uma for\u00e7a de tens\u00e3o de <\/span><b class=\"\" data-path-to-node=\"14\" data-index-in-node=\"31\"><span class=\"math-inline\" data-math=\"\\geq 200\\text{N}\" data-index-in-node=\"31\">$\\geq 200\\text{N}$<\/span><\/b><span class=\"\">,<\/span><span class=\"\"> Esses cabos s\u00e3o constru\u00eddos para sobreviver ao estresse f\u00edsico de serem roteados por condu\u00edtes congestionados e po\u00e7os verticais.<\/span><span class=\"\"> Essa durabilidade reduz o risco de rompimento da fibra durante implementa\u00e7\u00f5es de rede em larga escala.<\/span><\/p>\n<h3 class=\"\" data-path-to-node=\"15\">4. Conformidade de seguran\u00e7a certificada<\/h3>\n<p data-path-to-node=\"16\"><span class=\"\">O <\/span><b class=\"\" data-path-to-node=\"16\" data-index-in-node=\"4\">LSZH (baixa fuma\u00e7a e zero halog\u00eanio)<\/b><span class=\"\"> A jaqueta \u00e9 o padr\u00e3o profissional para instala\u00e7\u00f5es internas.<\/span><span class=\"\"> Em caso de inc\u00eandio,<\/span><span class=\"\"> ele garante uma densidade m\u00ednima de fuma\u00e7a e zero emiss\u00f5es t\u00f3xicas de halog\u00eanio,<\/span><span class=\"\"> proteger o hardware e a equipe essenciais em ambientes de data center.<\/span><\/p>\n<hr class=\"\" data-path-to-node=\"17\" \/>\n<h2 class=\"\" data-path-to-node=\"18\">Atendimento de pedidos e suporte t\u00e9cnico<\/h2>\n<ul data-path-to-node=\"19\">\n<li>\n<p data-path-to-node=\"19,0,0\"><b class=\"\" data-path-to-node=\"19,0,0\" data-index-in-node=\"0\">100% Verifica\u00e7\u00e3o de f\u00e1brica<\/b><span class=\"\">:<\/span><span class=\"\"> Cada patch cord \u00e9 testado individualmente quanto \u00e0 perda de inser\u00e7\u00e3o (IL) e perda de retorno (RL) antes do envio para garantir uma entrega sem defeitos.<\/span><\/p>\n<\/li>\n<li>\n<p data-path-to-node=\"19,1,0\"><b class=\"\" data-path-to-node=\"19,1,0\" data-index-in-node=\"0\">Disponibilidade no atacado<\/b>: Mantemos um estoque robusto de comprimentos padr\u00e3o (1m, 2m, 3m, 5m, 10m) para <b data-path-to-node=\"19,1,0\" data-index-in-node=\"101\">Pedidos em massa<\/b> e o r\u00e1pido cumprimento do projeto.<\/p>\n<\/li>\n<li>\n<p data-path-to-node=\"19,2,0\"><b data-path-to-node=\"19,2,0\" data-index-in-node=\"0\">Personaliza\u00e7\u00e3o flex\u00edvel<\/b>: Por meio de nossa <b data-path-to-node=\"19,2,0\" data-index-in-node=\"36\">OEM\\ODM<\/b> oferecemos comprimentos de cabos personalizados, rotulagem especializada e di\u00e2metros de revestimento variados (2,0 mm\/3,0 mm) para atender \u00e0s especifica\u00e7\u00f5es espec\u00edficas do projeto.<\/p>\n<\/li>\n<li>\n<p data-path-to-node=\"19,3,0\"><b data-path-to-node=\"19,3,0\" data-index-in-node=\"0\">Documenta\u00e7\u00e3o de conformidade<\/b>: Relat\u00f3rios de teste detalhados e verifica\u00e7\u00e3o de interferometria 3D est\u00e3o dispon\u00edveis para dar suporte ao seu <b data-path-to-node=\"19,3,0\" data-index-in-node=\"113\">Fornecimento<\/b> e requisitos de auditoria.<\/p>\n<\/li>\n<\/ul>","protected":false},"excerpt":{"rendered":"<p data-path-to-node=\"1\"><span class=\"\">O <\/span><b class=\"\" data-path-to-node=\"1\" data-index-in-node=\"4\">SC\/UPC para LC\/UPC monomodo duplex (SM DX)<\/b><span class=\"\"> \u00e9 um jumper h\u00edbrido de alto desempenho projetado para facilitar as transi\u00e7\u00f5es perfeitas entre a infraestrutura padr\u00e3o baseada em SC e os equipamentos de rede LC de alta densidade.<\/span><span class=\"\"> Esse cabo dual-core \u201cBlue-to-Blue\u201d \u00e9 a solu\u00e7\u00e3o padr\u00e3o do setor para conectar <\/span><b class=\"\" data-path-to-node=\"1\" data-index-in-node=\"296\">Transceptores SFP\/SFP<\/b><span class=\"\"> para <\/span><b class=\"\" data-path-to-node=\"1\" data-index-in-node=\"321\">Quadros de distribui\u00e7\u00e3o \u00f3ptica (ODF)<\/b><span class=\"\"> e switches principais.<\/span><\/p>\n<p data-path-to-node=\"2\"><span class=\"\">Otimizado para desempenho de modo \u00fanico OS2,<\/span><span class=\"\"> Esse cabo h\u00edbrido garante atenua\u00e7\u00e3o m\u00ednima do sinal e m\u00e1xima confiabilidade mec\u00e2nica para caminhos de dados de miss\u00e3o cr\u00edtica.<\/span><\/p>","protected":false},"featured_media":805,"comment_status":"open","ping_status":"closed","template":"","meta":[],"product_brand":[],"product_cat":[45],"product_tag":[],"class_list":{"0":"post-804","1":"product","2":"type-product","3":"status-publish","4":"has-post-thumbnail","6":"product_cat-single-mode-fiber-optic-patch-cord","8":"first","9":"instock","10":"shipping-taxable","11":"product-type-simple"},"_links":{"self":[{"href":"https:\/\/www.fenxifiber.com\/pt\/wp-json\/wp\/v2\/product\/804","targetHints":{"allow":["GET"]}}],"collection":[{"href":"https:\/\/www.fenxifiber.com\/pt\/wp-json\/wp\/v2\/product"}],"about":[{"href":"https:\/\/www.fenxifiber.com\/pt\/wp-json\/wp\/v2\/types\/product"}],"replies":[{"embeddable":true,"href":"https:\/\/www.fenxifiber.com\/pt\/wp-json\/wp\/v2\/comments?post=804"}],"wp:featuredmedia":[{"embeddable":true,"href":"https:\/\/www.fenxifiber.com\/pt\/wp-json\/wp\/v2\/media\/805"}],"wp:attachment":[{"href":"https:\/\/www.fenxifiber.com\/pt\/wp-json\/wp\/v2\/media?parent=804"}],"wp:term":[{"taxonomy":"product_brand","embeddable":true,"href":"https:\/\/www.fenxifiber.com\/pt\/wp-json\/wp\/v2\/product_brand?post=804"},{"taxonomy":"product_cat","embeddable":true,"href":"https:\/\/www.fenxifiber.com\/pt\/wp-json\/wp\/v2\/product_cat?post=804"},{"taxonomy":"product_tag","embeddable":true,"href":"https:\/\/www.fenxifiber.com\/pt\/wp-json\/wp\/v2\/product_tag?post=804"}],"curies":[{"name":"wp","href":"https:\/\/api.w.org\/{rel}","templated":true}]}}