{"id":806,"date":"2026-02-04T01:50:12","date_gmt":"2026-02-04T01:50:12","guid":{"rendered":"https:\/\/www.fenxifiber.com\/?post_type=product&#038;p=806"},"modified":"2026-02-04T02:27:41","modified_gmt":"2026-02-04T02:27:41","slug":"fc-apc-sc-apc-sm-dx","status":"publish","type":"product","link":"https:\/\/www.fenxifiber.com\/pt\/product\/fc-apc-sc-apc-sm-dx\/","title":{"rendered":"Cabo de conex\u00e3o de fibra duplex de modo \u00fanico FC\/APC para SC\/APC - Fornecimento direto ao fabricante"},"content":{"rendered":"<h2 data-path-to-node=\"4\">Matriz de desempenho t\u00e9cnico<\/h2>\n<p data-path-to-node=\"5\">Nossa linha de produ\u00e7\u00e3o opera sob rigorosos protocolos de qualidade para garantir que cada unidade atenda ou exceda os seguintes padr\u00f5es t\u00e9cnicos:<\/p>\n<table data-path-to-node=\"6\">\n<thead>\n<tr>\n<td><strong>M\u00e9trico<\/strong><\/td>\n<td><strong>Especifica\u00e7\u00e3o profissional<\/strong><\/td>\n<td><strong>Vantagem da engenharia<\/strong><\/td>\n<\/tr>\n<\/thead>\n<tbody>\n<tr>\n<td><span data-path-to-node=\"6,1,0,0\"><b data-path-to-node=\"6,1,0,0\" data-index-in-node=\"0\">Tipo de conector<\/b><\/span><\/td>\n<td><span data-path-to-node=\"6,1,1,0\">FC\/APC para SC\/APC<\/span><\/td>\n<td><span data-path-to-node=\"6,1,2,0\">Interface h\u00edbrida rosqueada para push-pull<\/span><\/td>\n<\/tr>\n<tr>\n<td><span data-path-to-node=\"6,2,0,0\"><b data-path-to-node=\"6,2,0,0\" data-index-in-node=\"0\">Categoria de fibra<\/b><\/span><\/td>\n<td><span data-path-to-node=\"6,2,1,0\">Duplex de modo \u00fanico (SM\/DX)<\/span><\/td>\n<td><span data-path-to-node=\"6,2,2,0\">Caminho de dados simult\u00e2neo de fita dupla<\/span><\/td>\n<\/tr>\n<tr>\n<td><span data-path-to-node=\"6,3,0,0\"><b data-path-to-node=\"6,3,0,0\" data-index-in-node=\"0\">Perda de inser\u00e7\u00e3o<\/b><\/span><\/td>\n<td><span data-path-to-node=\"6,3,1,0\"><b data-path-to-node=\"6,3,1,0\" data-index-in-node=\"0\"><span class=\"math-inline\" data-math=\"&lt; 0.3 \\text{ dB}\" data-index-in-node=\"0\">$&lt; 0,3 \\text{ dB}$<\/span><\/b><\/span><\/td>\n<td><span data-path-to-node=\"6,3,2,0\">Otimiza o or\u00e7amento total de energia do link<\/span><\/td>\n<\/tr>\n<tr>\n<td><span data-path-to-node=\"6,4,0,0\"><b data-path-to-node=\"6,4,0,0\" data-index-in-node=\"0\">Perda de retorno<\/b><\/span><\/td>\n<td><span data-path-to-node=\"6,4,1,0\"><b data-path-to-node=\"6,4,1,0\" data-index-in-node=\"0\"><span class=\"math-inline\" data-math=\"\\geq 60 \\text{ dB}\" data-index-in-node=\"0\">$\\geq 60 \\text{ dB}$<\/span> (APC)<\/b><\/span><\/td>\n<td><span data-path-to-node=\"6,4,2,0\">Supress\u00e3o superior de retro-reflex\u00e3o<\/span><\/td>\n<\/tr>\n<tr>\n<td><span data-path-to-node=\"6,5,0,0\"><b data-path-to-node=\"6,5,0,0\" data-index-in-node=\"0\">Comprimento de onda<\/b><\/span><\/td>\n<td><span data-path-to-node=\"6,5,1,0\">1310nm \/ 1490nm \/ 1550nm<\/span><\/td>\n<td><span data-path-to-node=\"6,5,2,0\">Compatibilidade universal com o modo \u00fanico OS2<\/span><\/td>\n<\/tr>\n<tr>\n<td><span data-path-to-node=\"6,6,0,0\"><b data-path-to-node=\"6,6,0,0\" data-index-in-node=\"0\">Largura de banda<\/b><\/span><\/td>\n<td><span data-path-to-node=\"6,6,1,0\"><span class=\"math-inline\" data-math=\"\\pm 40\\text{nm}\" data-index-in-node=\"0\">$\\pm 40\\text{nm}$<\/span><\/span><\/td>\n<td><span data-path-to-node=\"6,6,2,0\">Desempenho est\u00e1vel em todas as mudan\u00e7as espectrais<\/span><\/td>\n<\/tr>\n<tr>\n<td><span data-path-to-node=\"6,7,0,0\"><b data-path-to-node=\"6,7,0,0\" data-index-in-node=\"0\">Resist\u00eancia \u00e0 tens\u00e3o<\/b><\/span><\/td>\n<td><span data-path-to-node=\"6,7,1,0\"><b data-path-to-node=\"6,7,1,0\" data-index-in-node=\"0\"><span class=\"math-inline\" data-math=\"\\geq 200 \\text{ N}\" data-index-in-node=\"0\">$\\geq 200 \\text{ N}$<\/span><\/b><\/span><\/td>\n<td><span data-path-to-node=\"6,7,2,0\">Robusto para roteamento de condu\u00edtes de alta tens\u00e3o<\/span><\/td>\n<\/tr>\n<tr>\n<td><span data-path-to-node=\"6,8,0,0\"><b data-path-to-node=\"6,8,0,0\" data-index-in-node=\"0\">Durabilidade<\/b><\/span><\/td>\n<td><span data-path-to-node=\"6,8,1,0\"><span class=\"math-inline\" data-math=\"\\geq 1000\" data-index-in-node=\"0\">$\\geq 1000$<\/span> vezes<\/span><\/td>\n<td><span data-path-to-node=\"6,8,2,0\">Longevidade do ferrolho de cer\u00e2mica de alta precis\u00e3o<\/span><\/td>\n<\/tr>\n<tr>\n<td><span data-path-to-node=\"6,9,0,0\"><b data-path-to-node=\"6,9,0,0\" data-index-in-node=\"0\">Material da jaqueta<\/b><\/span><\/td>\n<td><span data-path-to-node=\"6,9,1,0\"><b data-path-to-node=\"6,9,1,0\" data-index-in-node=\"0\">LSZH (amarelo)<\/b><\/span><\/td>\n<td><span data-path-to-node=\"6,9,2,0\">Seguran\u00e7a contra inc\u00eandio, baixa fuma\u00e7a e sem halog\u00eanio<\/span><\/td>\n<\/tr>\n<\/tbody>\n<\/table>\n<hr data-path-to-node=\"7\" \/>\n<h2 data-path-to-node=\"8\">Vantagens estrat\u00e9gicas para a infraestrutura de rede<\/h2>\n<h3 data-path-to-node=\"9\">1. Flexibilidade da interface h\u00edbrida<\/h3>\n<ul data-path-to-node=\"10\">\n<li>\n<p data-path-to-node=\"10,0,0\"><b data-path-to-node=\"10,0,0\" data-index-in-node=\"0\">FC\/APC Fim:<\/b> O inv\u00f3lucro met\u00e1lico aparafusado niquelado oferece uma trava \u00e0 prova de vibra\u00e7\u00e3o, ideal para ambientes industriais e equipamentos de teste de laborat\u00f3rio.<\/p>\n<\/li>\n<li>\n<p data-path-to-node=\"10,1,0\"><b data-path-to-node=\"10,1,0\" data-index-in-node=\"0\">SC\/APC Fim:<\/b> O mecanismo push-pull padr\u00e3o permite uma implementa\u00e7\u00e3o r\u00e1pida e segura em Optical Distribution Frames (ODF) e terminais de assinantes.<\/p>\n<\/li>\n<\/ul>\n<h3 data-path-to-node=\"11\">2. Gerenciamento de reflex\u00e3o de APCs de elite<\/h3>\n<ul data-path-to-node=\"12\">\n<li>\n<p data-path-to-node=\"12,0,0\">Ambas as extremidades apresentam um polimento angular de 8 graus de precis\u00e3o, proporcionando uma perda de retorno de <b data-path-to-node=\"12,0,0\" data-index-in-node=\"82\"><span class=\"math-inline\" data-math=\"\\geq 60\\text{dB}\" data-index-in-node=\"82\">$\\geq 60\\text{dB}$<\/span><\/b>.<\/p>\n<\/li>\n<li>\n<p data-path-to-node=\"12,1,0\">Esse design redireciona a reflex\u00e3o de retorno para o revestimento da fibra, o que \u00e9 essencial para proteger fontes de laser caras em <b data-path-to-node=\"12,1,0\" data-index-in-node=\"124\">XGS-PON e v\u00eddeo anal\u00f3gico<\/b> sistemas.<\/p>\n<\/li>\n<\/ul>\n<h3 data-path-to-node=\"13\">3. Confiabilidade \u00e0 tra\u00e7\u00e3o em grau de engenharia<\/h3>\n<ul data-path-to-node=\"14\">\n<li>\n<p data-path-to-node=\"14,0,0\">Com uma classifica\u00e7\u00e3o de resist\u00eancia \u00e0 tens\u00e3o de <b data-path-to-node=\"14,0,0\" data-index-in-node=\"34\"><span class=\"math-inline\" data-math=\"\\geq 200\\text{N}\" data-index-in-node=\"34\">$\\geq 200\\text{N}$<\/span><\/b>, Esses jumpers s\u00e3o constru\u00eddos para resistir ao estresse f\u00edsico da instala\u00e7\u00e3o em bandejas de cabos congestionadas e eixos verticais.<\/p>\n<\/li>\n<li>\n<p data-path-to-node=\"14,1,0\">A configura\u00e7\u00e3o duplex (DX) integra dois fios de fibra, simplificando o gerenciamento de cabos para links de dados bidirecionais.<\/p>\n<\/li>\n<\/ul>\n<h3 data-path-to-node=\"15\">4. Seguran\u00e7a global e conformidade com LSZH<\/h3>\n<ul data-path-to-node=\"16\">\n<li>\n<p data-path-to-node=\"16,0,0\">Nossas jaquetas amarelas s\u00e3o fabricadas com <b data-path-to-node=\"16,0,0\" data-index-in-node=\"41\">Baixa fuma\u00e7a e zero halog\u00eanio (LSZH)<\/b> material, em conformidade com os c\u00f3digos internacionais de seguran\u00e7a de constru\u00e7\u00e3o.<\/p>\n<\/li>\n<li>\n<p data-path-to-node=\"16,1,0\">Em caso de calor extremo, a jaqueta emite o m\u00ednimo de fuma\u00e7a e nenhum g\u00e1s hal\u00f3geno t\u00f3xico, garantindo a seguran\u00e7a do pessoal e do hardware cr\u00edtico.<\/p>\n<\/li>\n<\/ul>\n<hr data-path-to-node=\"17\" \/>\n<h2 data-path-to-node=\"18\">Aquisi\u00e7\u00e3o e suporte a projetos<\/h2>\n<ul data-path-to-node=\"19\">\n<li>\n<p data-path-to-node=\"19,0,0\"><b data-path-to-node=\"19,0,0\" data-index-in-node=\"0\">100% Verifica\u00e7\u00e3o de f\u00e1brica<\/b>: Cada patch cord \u00e9 testado individualmente quanto \u00e0 perda de inser\u00e7\u00e3o (IL) e perda de retorno (RL) para garantir a confiabilidade do projeto.<\/p>\n<\/li>\n<li>\n<p data-path-to-node=\"19,1,0\"><b data-path-to-node=\"19,1,0\" data-index-in-node=\"0\">Escalabilidade no atacado<\/b>: Como um <b data-path-to-node=\"19,1,0\" data-index-in-node=\"28\">Fabricante<\/b>, Para facilitar, mantemos um estoque robusto de comprimentos padr\u00e3o <b data-path-to-node=\"19,1,0\" data-index-in-node=\"107\">Pedidos em massa<\/b> com prazos de entrega r\u00e1pidos.<\/p>\n<\/li>\n<li>\n<p data-path-to-node=\"19,2,0\"><b data-path-to-node=\"19,2,0\" data-index-in-node=\"0\">Servi\u00e7o personalizado de OEM<\/b>: Oferecemos fabrica\u00e7\u00e3o flex\u00edvel para comprimentos de cabo sob medida, rotulagem especializada e di\u00e2metros de revestimento variados (2,0 mm\/3,0 mm).<\/p>\n<\/li>\n<li>\n<p data-path-to-node=\"19,3,0\"><b data-path-to-node=\"19,3,0\" data-index-in-node=\"0\">Documenta\u00e7\u00e3o de conformidade<\/b>: Relat\u00f3rios de testes individuais e dados de verifica\u00e7\u00e3o de interferometria 3D est\u00e3o dispon\u00edveis para dar suporte ao seu <b data-path-to-node=\"19,3,0\" data-index-in-node=\"120\">Fornecimento<\/b> e requisitos de auditoria.<\/p>\n<\/li>\n<\/ul>","protected":false},"excerpt":{"rendered":"<p data-path-to-node=\"1\">O <b data-path-to-node=\"1\" data-index-in-node=\"4\">FC\/APC para SC\/APC Duplex de modo \u00fanico (SM DX)<\/b> \u00e9 um jumper h\u00edbrido de alta precis\u00e3o projetado para sistemas de fibra dupla que exigem gerenciamento de reflex\u00e3o de elite e estabilidade mec\u00e2nica. Com o exclusivo polimento APC (Contato F\u00edsico Angular) \u201cGreen-to-Green\u201d, esse cabo preenche a lacuna entre as interfaces FC rosqueadas e as portas SC push-pull. \u00c9 um componente essencial para <b data-path-to-node=\"1\" data-index-in-node=\"372\">FTTH, XGS-PON e distribui\u00e7\u00e3o de CATV de alta pot\u00eancia<\/b> onde a reflex\u00e3o traseira deve ser minimizada para proteger transmissores sens\u00edveis.<\/p>\n<p data-path-to-node=\"2\">Otimizado para transmiss\u00e3o de dados de caminho duplo, esse conjunto duplex garante integridade de sinal de alta fidelidade para redes \u00f3pticas de miss\u00e3o cr\u00edtica.<\/p>","protected":false},"featured_media":807,"comment_status":"open","ping_status":"closed","template":"","meta":[],"product_brand":[],"product_cat":[45],"product_tag":[],"class_list":{"0":"post-806","1":"product","2":"type-product","3":"status-publish","4":"has-post-thumbnail","6":"product_cat-single-mode-fiber-optic-patch-cord","8":"first","9":"instock","10":"shipping-taxable","11":"product-type-simple"},"_links":{"self":[{"href":"https:\/\/www.fenxifiber.com\/pt\/wp-json\/wp\/v2\/product\/806","targetHints":{"allow":["GET"]}}],"collection":[{"href":"https:\/\/www.fenxifiber.com\/pt\/wp-json\/wp\/v2\/product"}],"about":[{"href":"https:\/\/www.fenxifiber.com\/pt\/wp-json\/wp\/v2\/types\/product"}],"replies":[{"embeddable":true,"href":"https:\/\/www.fenxifiber.com\/pt\/wp-json\/wp\/v2\/comments?post=806"}],"wp:featuredmedia":[{"embeddable":true,"href":"https:\/\/www.fenxifiber.com\/pt\/wp-json\/wp\/v2\/media\/807"}],"wp:attachment":[{"href":"https:\/\/www.fenxifiber.com\/pt\/wp-json\/wp\/v2\/media?parent=806"}],"wp:term":[{"taxonomy":"product_brand","embeddable":true,"href":"https:\/\/www.fenxifiber.com\/pt\/wp-json\/wp\/v2\/product_brand?post=806"},{"taxonomy":"product_cat","embeddable":true,"href":"https:\/\/www.fenxifiber.com\/pt\/wp-json\/wp\/v2\/product_cat?post=806"},{"taxonomy":"product_tag","embeddable":true,"href":"https:\/\/www.fenxifiber.com\/pt\/wp-json\/wp\/v2\/product_tag?post=806"}],"curies":[{"name":"wp","href":"https:\/\/api.w.org\/{rel}","templated":true}]}}